{"id":407,"date":"2020-06-16T14:02:48","date_gmt":"2020-06-16T12:02:48","guid":{"rendered":"https:\/\/semmelweis.hu\/gyermekklinika1\/?page_id=407"},"modified":"2024-11-25T14:25:40","modified_gmt":"2024-11-25T13:25:40","slug":"ekg-laboratorium","status":"publish","type":"page","link":"https:\/\/semmelweis.hu\/bokayklinika\/betegellatas\/diagnosztikai-egysegeink\/ekg-laboratorium\/","title":{"rendered":"EKG Laborat\u00f3rium"},"content":{"rendered":"<div class=\"keretes\">\n<div style=\"text-align: left\">\n<p style=\"text-align: justify\"><strong>Gyermekgy\u00f3gy\u00e1szati Klinika <\/strong>(B\u00f3kay utcai r\u00e9szleg)<strong> EKG Laborat\u00f3rium<\/strong><br \/>\n<strong>Telefonsz\u00e1m: <\/strong>+36 (1) 334-3186 (52666 mell\u00e9k)<br \/>\n<strong>Vezet\u0151: <\/strong>Dr. T\u00f6lgyesi Andrea<\/p>\n<\/div>\n<p><strong>NEAK k\u00f3d:<\/strong> 01H72G406<\/p>\n<\/div>\n<p style=\"text-align: justify\">Az <strong>EKG-vizsg\u00e1lat<\/strong> a sz\u00edvm\u0171k\u00f6d\u00e9st k\u00eds\u00e9r\u0151 elektromos tev\u00e9kenys\u00e9gr\u0151l, annak v\u00e1ltoz\u00e1sair\u00f3l ad k\u00e9pet. Az EKG-g\u00f6rb\u00e9t azonnal egy monitoron jelen\u00edti meg a k\u00e9sz\u00fcl\u00e9k. A sz\u00edv izomzata minden dobban\u00e1sn\u00e1l \u00f6sszeh\u00faz\u00f3dik \u00e9s elektromos jeleket bocs\u00e1t ki. Ezek a jelek a test adott pontjaira helyezett elektr\u00f3d\u00e1kkal pontosan felfoghat\u00f3k. A vizsg\u00e1lat sor\u00e1n kirajzol\u00f3d\u00f3 EKG-g\u00f6rbe (elektrokardiogram) alakja, kiugr\u00e1sai vagy \u00e9pp ellaposod\u00e1sai alapj\u00e1n\u00a0k\u00f6vetkeztet a kardiol\u00f3gus szakorvos bizonyos betegs\u00e9gek megl\u00e9t\u00e9re.<\/p>\n<p>&nbsp;<\/p>\n<figure id=\"attachment_408\" aria-describedby=\"caption-attachment-408\" style=\"width: 176px\" class=\"wp-caption alignleft\"><img loading=\"lazy\" decoding=\"async\" class=\"wp-image-408\" src=\"https:\/\/semmelweis.hu\/bokayklinika\/files\/2020\/06\/Sziman_Janosne-150x150.jpg\" alt=\"Szim\u00e1n J\u00e1nosn\u00e9 szakasszisztens\" width=\"176\" height=\"176\" \/><figcaption id=\"caption-attachment-408\" class=\"wp-caption-text\">Szim\u00e1n J\u00e1nosn\u00e9 szakasszisztens<\/figcaption><\/figure>\n","protected":false},"excerpt":{"rendered":"<p>Gyermekgy\u00f3gy\u00e1szati Klinika (B\u00f3kay utcai r\u00e9szleg) EKG Laborat\u00f3rium Telefonsz\u00e1m: +36 (1) 334-3186 (52666 mell\u00e9k) Vezet\u0151: Dr. T\u00f6lgyesi Andrea NEAK k\u00f3d: 01H72G406 Az EKG-vizsg\u00e1lat a sz\u00edvm\u0171k\u00f6d\u00e9st k\u00eds\u00e9r\u0151 elektromos tev\u00e9kenys\u00e9gr\u0151l, annak v\u00e1ltoz\u00e1sair\u00f3l ad k\u00e9pet. Az EKG-g\u00f6rb\u00e9t azonnal egy monitoron jelen\u00edti meg a k\u00e9sz\u00fcl\u00e9k. A sz\u00edv izomzata minden dobban\u00e1sn\u00e1l \u00f6sszeh\u00faz\u00f3dik \u00e9s elektromos jeleket bocs\u00e1t ki. Ezek a jelek a &hellip;<\/p>\n","protected":false},"author":101739,"featured_media":0,"parent":97,"menu_order":5,"comment_status":"closed","ping_status":"closed","template":"","meta":{"_acf_changed":false,"footnotes":""},"categories":[],"tags":[],"class_list":["post-407","page","type-page","status-publish","hentry"],"acf":[],"_links":{"self":[{"href":"https:\/\/semmelweis.hu\/bokayklinika\/wp-json\/wp\/v2\/pages\/407","targetHints":{"allow":["GET"]}}],"collection":[{"href":"https:\/\/semmelweis.hu\/bokayklinika\/wp-json\/wp\/v2\/pages"}],"about":[{"href":"https:\/\/semmelweis.hu\/bokayklinika\/wp-json\/wp\/v2\/types\/page"}],"author":[{"embeddable":true,"href":"https:\/\/semmelweis.hu\/bokayklinika\/wp-json\/wp\/v2\/users\/101739"}],"replies":[{"embeddable":true,"href":"https:\/\/semmelweis.hu\/bokayklinika\/wp-json\/wp\/v2\/comments?post=407"}],"version-history":[{"count":11,"href":"https:\/\/semmelweis.hu\/bokayklinika\/wp-json\/wp\/v2\/pages\/407\/revisions"}],"predecessor-version":[{"id":6304,"href":"https:\/\/semmelweis.hu\/bokayklinika\/wp-json\/wp\/v2\/pages\/407\/revisions\/6304"}],"up":[{"embeddable":true,"href":"https:\/\/semmelweis.hu\/bokayklinika\/wp-json\/wp\/v2\/pages\/97"}],"wp:attachment":[{"href":"https:\/\/semmelweis.hu\/bokayklinika\/wp-json\/wp\/v2\/media?parent=407"}],"wp:term":[{"taxonomy":"category","embeddable":true,"href":"https:\/\/semmelweis.hu\/bokayklinika\/wp-json\/wp\/v2\/categories?post=407"},{"taxonomy":"post_tag","embeddable":true,"href":"https:\/\/semmelweis.hu\/bokayklinika\/wp-json\/wp\/v2\/tags?post=407"}],"curies":[{"name":"wp","href":"https:\/\/api.w.org\/{rel}","templated":true}]}}