{"id":403,"date":"2020-06-16T13:56:57","date_gmt":"2020-06-16T11:56:57","guid":{"rendered":"https:\/\/semmelweis.hu\/gyermekklinika1\/?page_id=403"},"modified":"2024-11-22T11:15:25","modified_gmt":"2024-11-22T10:15:25","slug":"eeg-laboratorium","status":"publish","type":"page","link":"https:\/\/semmelweis.hu\/bokayklinika\/betegellatas\/diagnosztikai-egysegeink\/eeg-laboratorium\/","title":{"rendered":"EEG Laborat\u00f3rium"},"content":{"rendered":"<div class=\"keretes\">\n<div style=\"text-align: left\">\n<p><strong>Gyermekgy\u00f3gy\u00e1szati Klinika<\/strong> (B\u00f3kay utcai r\u00e9szleg) <strong>EEG Laborat\u00f3rium<\/strong><br \/>\n<strong>Telefonsz\u00e1m:<\/strong>+36 (1) 334-3186 (52675 mell\u00e9k)<br \/>\n<strong>Vezet\u0151: <\/strong>Dr. Farkas Viktor tudom\u00e1nyos f\u0151munkat\u00e1rs, PhD<\/p>\n<\/div>\n<p><strong>NEAK k\u00f3d:<\/strong> 01H72G096<\/p>\n<\/div>\n<div style=\"text-align: justify\">Az <strong>EEG olyan elektrofiziol\u00f3giai m\u00e9r\u0151eszk\u00f6z<\/strong>, amellyel az idegsejtek elektromos aktivit\u00e1s\u00e1t val\u00f3s id\u0151ben lehet regisztr\u00e1lni. Az EEG vizsg\u00e1lat seg\u00edts\u00e9g\u00e9vel kimutathat\u00f3ak bizonyos betegs\u00e9gekre jellemz\u0151 agyi m\u0171k\u00f6d\u00e9szavarok, az agy elektromos tev\u00e9kenys\u00e9g\u00e9t vizsg\u00e1lja a fejb\u0151rre helyezett elektr\u00f3d\u00e1kon kereszt\u00fcl. Az epilepszia mellett a vizsg\u00e1lat alkalmaz\u00e1s\u00e1val t\u00f6bb neurol\u00f3giai betegs\u00e9g is diagnosztiz\u00e1lhat\u00f3, felm\u00e9rhet\u0151 s\u00falyoss\u00e1guk \u00e9s felt\u00e9rk\u00e9pezhet\u0151 az is, hogy a zavarok mely agyter\u00fcleteket \u00e9rintik.<\/div>\n","protected":false},"excerpt":{"rendered":"<p>Gyermekgy\u00f3gy\u00e1szati Klinika (B\u00f3kay utcai r\u00e9szleg) EEG Laborat\u00f3rium Telefonsz\u00e1m:+36 (1) 334-3186 (52675 mell\u00e9k) Vezet\u0151: Dr. Farkas Viktor tudom\u00e1nyos f\u0151munkat\u00e1rs, PhD NEAK k\u00f3d: 01H72G096 Az EEG olyan elektrofiziol\u00f3giai m\u00e9r\u0151eszk\u00f6z, amellyel az idegsejtek elektromos aktivit\u00e1s\u00e1t val\u00f3s id\u0151ben lehet regisztr\u00e1lni. Az EEG vizsg\u00e1lat seg\u00edts\u00e9g\u00e9vel kimutathat\u00f3ak bizonyos betegs\u00e9gekre jellemz\u0151 agyi m\u0171k\u00f6d\u00e9szavarok, az agy elektromos tev\u00e9kenys\u00e9g\u00e9t vizsg\u00e1lja a fejb\u0151rre helyezett elektr\u00f3d\u00e1kon &hellip;<\/p>\n","protected":false},"author":101739,"featured_media":0,"parent":97,"menu_order":4,"comment_status":"closed","ping_status":"closed","template":"","meta":{"_acf_changed":false,"footnotes":""},"categories":[],"tags":[],"class_list":["post-403","page","type-page","status-publish","hentry"],"acf":[],"_links":{"self":[{"href":"https:\/\/semmelweis.hu\/bokayklinika\/wp-json\/wp\/v2\/pages\/403","targetHints":{"allow":["GET"]}}],"collection":[{"href":"https:\/\/semmelweis.hu\/bokayklinika\/wp-json\/wp\/v2\/pages"}],"about":[{"href":"https:\/\/semmelweis.hu\/bokayklinika\/wp-json\/wp\/v2\/types\/page"}],"author":[{"embeddable":true,"href":"https:\/\/semmelweis.hu\/bokayklinika\/wp-json\/wp\/v2\/users\/101739"}],"replies":[{"embeddable":true,"href":"https:\/\/semmelweis.hu\/bokayklinika\/wp-json\/wp\/v2\/comments?post=403"}],"version-history":[{"count":10,"href":"https:\/\/semmelweis.hu\/bokayklinika\/wp-json\/wp\/v2\/pages\/403\/revisions"}],"predecessor-version":[{"id":6265,"href":"https:\/\/semmelweis.hu\/bokayklinika\/wp-json\/wp\/v2\/pages\/403\/revisions\/6265"}],"up":[{"embeddable":true,"href":"https:\/\/semmelweis.hu\/bokayklinika\/wp-json\/wp\/v2\/pages\/97"}],"wp:attachment":[{"href":"https:\/\/semmelweis.hu\/bokayklinika\/wp-json\/wp\/v2\/media?parent=403"}],"wp:term":[{"taxonomy":"category","embeddable":true,"href":"https:\/\/semmelweis.hu\/bokayklinika\/wp-json\/wp\/v2\/categories?post=403"},{"taxonomy":"post_tag","embeddable":true,"href":"https:\/\/semmelweis.hu\/bokayklinika\/wp-json\/wp\/v2\/tags?post=403"}],"curies":[{"name":"wp","href":"https:\/\/api.w.org\/{rel}","templated":true}]}}