{"id":391,"date":"2020-06-16T13:27:13","date_gmt":"2020-06-16T11:27:13","guid":{"rendered":"https:\/\/semmelweis.hu\/gyermekklinika1\/?page_id=391"},"modified":"2024-11-25T14:31:19","modified_gmt":"2024-11-25T13:31:19","slug":"broncho-fiberoszkopos-vizsgalat","status":"publish","type":"page","link":"https:\/\/semmelweis.hu\/bokayklinika\/betegellatas\/diagnosztikai-egysegeink\/broncho-fiberoszkopos-vizsgalat\/","title":{"rendered":"Broncho-fiberoszk\u00f3pos vizsg\u00e1lat"},"content":{"rendered":"<div class=\"keretes\">\n<div style=\"text-align: left\">\n<p style=\"text-align: justify\"><strong>Gyermekgy\u00f3gy\u00e1szati Klinika<\/strong> (B\u00f3kay utcai r\u00e9szleg) <strong>Bronco-fiberoszk\u00f3pos vizsg\u00e1lat<\/strong><br \/>\n<strong>Telefonsz\u00e1m: <\/strong>+36 (1) 334-3186 (52736 mell\u00e9k)<br \/>\n<strong>Vezet\u0151: <\/strong>Dr. Kov\u00e1cs Lajos egyetemi adjunktus<\/p>\n<\/div>\n<div><strong>NEAK k\u00f3d:<\/strong> 01H72G196<\/div>\n<\/div>\n<div style=\"text-align: justify\">A <strong>broncho-fiberoszk\u00f3p<\/strong> egy hossz\u00fa sz\u00e1loptik\u00e1s eszk\u00f6z, mely seg\u00edts\u00e9g\u00e9vel az orron kereszt\u00fcl eg\u00e9szen a hangszalagokig v\u00e9gig lehet tekinteni a kritikus r\u00e9szeket.<\/div>\n","protected":false},"excerpt":{"rendered":"<p>Gyermekgy\u00f3gy\u00e1szati Klinika (B\u00f3kay utcai r\u00e9szleg) Bronco-fiberoszk\u00f3pos vizsg\u00e1lat<br \/>\nTelefonsz\u00e1m: +36 (1) 334-3186 (52736 mell\u00e9k)<br \/>\nVezet\u0151: Dr. Kov\u00e1cs Lajos egyetemi adjunktus<\/p>\n<p>NEAK k\u00f3d: 01H72G196<\/p>\n<p>A broncho-fiberoszk\u00f3p egy hossz\u00fa sz\u00e1loptik\u00e1s eszk\u00f6z, mely seg\u00edts\u00e9g\u00e9vel az orron kereszt\u00fcl eg\u00e9szen a hangszalagokig v\u00e9gig lehet tekinteni a kritikus r\u00e9szeket.<\/p>\n","protected":false},"author":101739,"featured_media":0,"parent":97,"menu_order":3,"comment_status":"closed","ping_status":"closed","template":"","meta":{"_acf_changed":false,"footnotes":""},"categories":[],"tags":[],"class_list":["post-391","page","type-page","status-publish","hentry"],"acf":[],"_links":{"self":[{"href":"https:\/\/semmelweis.hu\/bokayklinika\/wp-json\/wp\/v2\/pages\/391","targetHints":{"allow":["GET"]}}],"collection":[{"href":"https:\/\/semmelweis.hu\/bokayklinika\/wp-json\/wp\/v2\/pages"}],"about":[{"href":"https:\/\/semmelweis.hu\/bokayklinika\/wp-json\/wp\/v2\/types\/page"}],"author":[{"embeddable":true,"href":"https:\/\/semmelweis.hu\/bokayklinika\/wp-json\/wp\/v2\/users\/101739"}],"replies":[{"embeddable":true,"href":"https:\/\/semmelweis.hu\/bokayklinika\/wp-json\/wp\/v2\/comments?post=391"}],"version-history":[{"count":10,"href":"https:\/\/semmelweis.hu\/bokayklinika\/wp-json\/wp\/v2\/pages\/391\/revisions"}],"predecessor-version":[{"id":6306,"href":"https:\/\/semmelweis.hu\/bokayklinika\/wp-json\/wp\/v2\/pages\/391\/revisions\/6306"}],"up":[{"embeddable":true,"href":"https:\/\/semmelweis.hu\/bokayklinika\/wp-json\/wp\/v2\/pages\/97"}],"wp:attachment":[{"href":"https:\/\/semmelweis.hu\/bokayklinika\/wp-json\/wp\/v2\/media?parent=391"}],"wp:term":[{"taxonomy":"category","embeddable":true,"href":"https:\/\/semmelweis.hu\/bokayklinika\/wp-json\/wp\/v2\/categories?post=391"},{"taxonomy":"post_tag","embeddable":true,"href":"https:\/\/semmelweis.hu\/bokayklinika\/wp-json\/wp\/v2\/tags?post=391"}],"curies":[{"name":"wp","href":"https:\/\/api.w.org\/{rel}","templated":true}]}}