{"id":358,"date":"2020-06-16T12:44:45","date_gmt":"2020-06-16T10:44:45","guid":{"rendered":"https:\/\/semmelweis.hu\/gyermekklinika1\/?page_id=358"},"modified":"2025-07-10T09:45:59","modified_gmt":"2025-07-10T07:45:59","slug":"alvasambulancia","status":"publish","type":"page","link":"https:\/\/semmelweis.hu\/bokayklinika\/betegellatas\/jarobeteg-ellatas\/alvasambulancia\/","title":{"rendered":"Alv\u00e1sambulancia"},"content":{"rendered":"<div class=\"keretes\" style=\"text-align: left\">\n<p class=\"Normal_0020_0028Web_0029\" style=\"text-align: justify\"><strong><span class=\"Strong__Char\">Vezet\u0151:<\/span><\/strong><span class=\"Normal_0020_0028Web_0029__Char\"><strong>\u00a0<\/strong><br \/>\nDr. Szab\u00f3 Attila egyetemi tan\u00e1r, MTA Doktora,\u00a0<br \/>\nDr. Cz\u00f6vek Dorottya egyetemi adjunktus, Ph.D<\/span><\/p>\n<p class=\"Normal_0020_0028Web_0029\" style=\"text-align: justify\"><strong><span class=\"Strong__Char\">Rendel\u00e9s:<\/span><\/strong><span class=\"Normal_0020_0028Web_0029__Char\">\u00a0<br \/>\nAlv\u00e1sambulancia: <\/span><span style=\"font-size: 15.0pt;color: #1e2326\">1083 Budapest, B\u00f3kay J\u00e1nos u. 54. f\u00f6ldszint, felv\u00e9teli pultn\u00e1l be kell jelentkezni<\/span><\/p>\n<p class=\"Normal_0020_0028Web_0029\" style=\"text-align: justify\"><strong><span class=\"Strong__Char\">Rendel\u00e9si id\u0151:<\/span><\/strong><span class=\"Normal_0020_0028Web_0029__Char\"><strong>\u00a0<\/strong><br \/>\nAlv\u00e1sambulancia: kedd 9-13 \u00f3r\u00e1ig<\/span><\/p>\n<p style=\"text-align: justify\"><strong><span class=\"Strong__Char\">Orvosok:\u00a0<\/span><\/strong><span class=\"Normal_0020_0028Web_0029__Char\"><strong>\u00a0<\/strong><br \/>\nDr. Kelemen Judit<br \/>\n<span class=\"NormalTextRun SCXW253970984 BCX0\">c<\/span><span class=\"NormalTextRun SCXW253970984 BCX0\">secsem\u0151 \u00e9s gyerekgy\u00f3gy\u00e1sz szakorvos, lakt\u00e1ci\u00f3s <\/span><span class=\"NormalTextRun SCXW253970984 BCX0\">szaktan\u00e1csad\u00f3<\/span><\/span><\/p>\n<p style=\"text-align: justify\"><span class=\"Normal_0020_0028Web_0029__Char\"><span class=\"NormalTextRun SCXW29930065 BCX0\">Dr. <\/span><span class=\"NormalTextRun SpellingErrorV2Themed SCXW29930065 BCX0\">Bots<\/span><span class=\"NormalTextRun SCXW29930065 BCX0\"> Bianka<br \/>\n<span class=\"NormalTextRun SCXW152857944 BCX0\">csecsem\u0151 \u00e9s gyerekgy\u00f3gy\u00e1sz szakorvosjel\u00f6lt, <\/span><span class=\"NormalTextRun SCXW152857944 BCX0\">integr\u00e1lt <\/span><span class=\"NormalTextRun SCXW152857944 BCX0\">sz\u00fcl\u0151<\/span><span class=\"NormalTextRun SCXW152857944 BCX0\">&#8211;<\/span><span class=\"NormalTextRun SCXW152857944 BCX0\">csecsem\u0151 konzulens<\/span><\/span><br \/>\n<\/span><\/p>\n<\/div>\n<p style=\"text-align: justify\"><strong><u>Alv\u00e1sambulancia:<\/u><\/strong><\/p>\n<p style=\"text-align: justify\"><strong><span class=\"TextRun SCXW149223010 BCX0\" lang=\"HU-HU\" xml:lang=\"HU-HU\" data-contrast=\"auto\"><span class=\"NormalTextRun SCXW149223010 BCX0\">Id\u0151pontk\u00e9r\u00e9s<\/span><span class=\"NormalTextRun SCXW149223010 BCX0\"> csak<\/span><\/span> <span class=\"TextRun SCXW149223010 BCX0\" lang=\"HU-HU\" xml:lang=\"HU-HU\" data-contrast=\"auto\"><span class=\"NormalTextRun SCXW149223010 BCX0\">online<\/span><\/span><\/strong><span class=\"TextRun SCXW149223010 BCX0\" lang=\"HU-HU\" xml:lang=\"HU-HU\" data-contrast=\"auto\"><span class=\"NormalTextRun SCXW149223010 BCX0\"> lehets\u00e9ges<\/span><\/span>: <a href=\"https:\/\/elojegyzes.meditime.hu\/14\" target=\"_blank\" rel=\"noopener\"><strong>https:\/\/elojegyzes.meditime.hu\/14<\/strong><\/a><\/p>\n<p style=\"text-align: justify\"><span class=\"NormalTextRun SCXW91241797 BCX0\">Ambulanci\u00e1nkon<\/span><span class=\"NormalTextRun SCXW91241797 BCX0\"> komplex szeml\u00e9lettel foglalkozunk gyermekek alv\u00e1szavar\u00e1val eg\u00e9szen \u00fajsz\u00fcl\u00f6ttkort\u00f3l serd\u00fcl\u0151korig.\u00a0<\/span> <span class=\"NormalTextRun SCXW91241797 BCX0\">Az ambulanci\u00e1n a panaszok felm\u00e9r\u00e9se \u00e9s egy szakorvosi vizsg\u00e1lat t\u00f6rt\u00e9nik, amennyiben a panaszok indokolj\u00e1k alv\u00e1svizsg\u00e1lat elv\u00e9gz\u00e9s\u00e9t, a rendel\u00e9sen adunk id\u0151pontot.<\/span><\/p>\n<p style=\"text-align: justify\"><em><strong><span class=\"TextRun SCXW242994933 BCX0\" lang=\"HU-HU\" xml:lang=\"HU-HU\" data-contrast=\"auto\"><span class=\"NormalTextRun SCXW242994933 BCX0\">H\u00e1ziorvosi beutal\u00f3 sz\u00fcks\u00e9ges.<\/span><\/span><\/strong><\/em><\/p>\n<p style=\"text-align: justify\"><strong><u><span class=\"NormalTextRun SCXW189690344 BCX0\">Gyermek a<\/span><span class=\"NormalTextRun SCXW189690344 BCX0\">lv\u00e1s<\/span><span class=\"NormalTextRun SCXW189690344 BCX0\">vizsg\u00e1lat<\/span><span class=\"NormalTextRun SCXW189690344 BCX0\">:<\/span><\/u><\/strong><\/p>\n<p style=\"text-align: justify\"><strong><span class=\"TextRun SCXW143061488 BCX0\" lang=\"HU-HU\" xml:lang=\"HU-HU\" data-contrast=\"auto\"><span class=\"NormalTextRun SCXW143061488 BCX0\">Szakorvosi<\/span>\u00a0<span class=\"NormalTextRun SCXW143061488 BCX0\">(f\u00fcl-orr-g\u00e9g\u00e9szeti, pulmonol\u00f3giai<\/span><span class=\"NormalTextRun SCXW143061488 BCX0\">, neurol\u00f3giai<\/span><span class=\"NormalTextRun SCXW143061488 BCX0\"> vagy alv\u00e1szavar szakrendel\u00e9s \u00e1ltal ki\u00e1ll\u00edtott) beutal\u00f3 sz\u00fcks\u00e9ges.<\/span><\/span><\/strong><\/p>\n<p style=\"text-align: justify\"><strong>Id\u0151pontk\u00e9r\u00e9s:<br \/>\n<\/strong>els\u0151sorban e-mailben az al\u00e1bbi c\u00edmen: <strong><a class=\"cursor-pointer\" rel=\"noopener\">alvaslabor@gyerekklinika.com<\/a><br \/>\n<\/strong>vagy telefonon a <strong>+36 30 877 2870 <\/strong>sz\u00e1mon <strong>(h\u00edvhat\u00f3: munkanapokon 9-11 \u00f3ra k\u00f6z\u00f6tt)<\/strong><\/p>\n<p style=\"text-align: justify\"><strong>Mit vizsg\u00e1lunk?<\/strong><br \/>\n<span class=\"NormalTextRun SCXW63955013 BCX0\">Nem minden t\u00edpus\u00fa alv\u00e1szavar eset\u00e9n sz\u00fcks\u00e9ges alv\u00e1svizsg\u00e1lat. <\/span><span class=\"NormalTextRun SCXW63955013 BCX0\">A<\/span><span class=\"NormalTextRun SCXW63955013 BCX0\">z egy \u00e9jszak\u00e1s<\/span><span class=\"NormalTextRun SCXW63955013 BCX0\"> poligr\u00e1fos vagy <\/span><span class=\"NormalTextRun SpellingErrorV2Themed SCXW63955013 BCX0\">poliszomnogr\u00e1fos<\/span><span class=\"NormalTextRun SCXW63955013 BCX0\"> vizsg\u00e1lattal els\u0151sorban az<\/span><span class=\"NormalTextRun SCXW63955013 BCX0\"> alv\u00e1s alatti l\u00e9gz\u00e9szavarokat<\/span> <span class=\"NormalTextRun SCXW63955013 BCX0\">tudjuk <\/span><span class=\"NormalTextRun SCXW63955013 BCX0\">vizsg\u00e1l<\/span><span class=\"NormalTextRun SCXW63955013 BCX0\">juk.<\/span><\/p>\n<p style=\"text-align: justify\"><span class=\"TextRun SCXW54211754 BCX0\" lang=\"HU-HU\" xml:lang=\"HU-HU\" data-contrast=\"auto\"><span class=\"NormalTextRun SCXW54211754 BCX0\">A\u202f<\/span><\/span><strong><span class=\"TextRun SCXW54211754 BCX0\" lang=\"HU-HU\" xml:lang=\"HU-HU\" data-contrast=\"auto\"><span class=\"NormalTextRun SpellingErrorV2Themed SCXW54211754 BCX0\">poliszomnogr\u00e1fi<\/span><span class=\"NormalTextRun SpellingErrorV2Themed SCXW54211754 BCX0\">a<\/span><\/span><\/strong><span class=\"TextRun SCXW54211754 BCX0\" lang=\"HU-HU\" xml:lang=\"HU-HU\" data-contrast=\"auto\"><span class=\"NormalTextRun SCXW54211754 BCX0\">\u202fa Klinika Alv\u00e1slaborat\u00f3rium\u00e1ban zajlik. <\/span><span class=\"NormalTextRun SCXW54211754 BCX0\">A vizsg\u00e1lat sor\u00e1n \u00e9rz\u00e9kel\u0151ket helyez\u00fcnk a b\u0151rre, mely teljesen f\u00e1jdalommentes. <\/span><span class=\"NormalTextRun SCXW54211754 BCX0\">Alv\u00e1s alatt <\/span><span class=\"NormalTextRun SpellingErrorV2Themed SCXW54211754 BCX0\">monitorozzuk<\/span><span class=\"NormalTextRun SCXW54211754 BCX0\"> az agy elektromos aktivit\u00e1s\u00e1t<\/span><span class=\"NormalTextRun SCXW54211754 BCX0\">, a sz\u00edvritmust, az oxig\u00e9n \u00e9s a sz\u00e9n-dioxid szinteket, a mellkasi \u00e9s hasi l\u00e9gz\u0151mozg\u00e1sokat \u00e9s a<\/span><span class=\"NormalTextRun SCXW54211754 BCX0\"> leveg\u0151\u00e1raml\u00e1st az orron<\/span><span class=\"NormalTextRun SCXW54211754 BCX0\"> \u00e9s a sz\u00e1jon<\/span><span class=\"NormalTextRun SCXW54211754 BCX0\"> kereszt\u00fcl<\/span><span class=\"NormalTextRun SCXW54211754 BCX0\">. <\/span><span class=\"NormalTextRun SCXW54211754 BCX0\">A vizsg\u00e1lat idej\u00e9re egy k\u00eds\u00e9r\u0151 a gyermek mellett lehet.<\/span><\/span><\/p>\n<p style=\"text-align: justify\"><span class=\"TextRun SCXW37600168 BCX0\" lang=\"HU-HU\" xml:lang=\"HU-HU\" data-contrast=\"auto\"><span class=\"NormalTextRun SCXW37600168 BCX0\">A\u202f<\/span><\/span><strong><span class=\"TextRun SCXW37600168 BCX0\" lang=\"HU-HU\" xml:lang=\"HU-HU\" data-contrast=\"auto\"><span class=\"NormalTextRun SpellingErrorV2Themed SCXW37600168 BCX0\">poligr\u00e1fia<\/span><\/span><\/strong><span class=\"TextRun SCXW37600168 BCX0\" lang=\"HU-HU\" xml:lang=\"HU-HU\" data-contrast=\"auto\"><span class=\"NormalTextRun SCXW37600168 BCX0\">\u202fa gyermek otthon\u00e1ban <\/span><span class=\"NormalTextRun SCXW37600168 BCX0\">t\u00f6rt\u00e9nik<\/span><span class=\"NormalTextRun SCXW37600168 BCX0\">. Sz\u00fcl\u0151t betan\u00edtjuk a g\u00e9p megfelel\u0151 felhelyez\u00e9s\u00e9re<\/span><span class=\"NormalTextRun SCXW37600168 BCX0\">, mely figyeli \u00e9jszaka a gyermek l\u00e9gz\u00e9s\u00e9t \u00e9s v\u00e9roxig\u00e9n szintj\u00e9t. <\/span><span class=\"NormalTextRun SCXW37600168 BCX0\">Az otthoni alv\u00e1svizsg\u00e1lat 2-2,5 \u00e9ves kort\u00f3l v\u00e9gezhet\u0151.<\/span><\/span><\/p>\n","protected":false},"excerpt":{"rendered":"<p>Vezet\u0151:\u00a0 Dr. Szab\u00f3 Attila egyetemi tan\u00e1r, MTA Doktora,\u00a0 Dr. Cz\u00f6vek Dorottya egyetemi adjunktus, Ph.D Rendel\u00e9s:\u00a0 Alv\u00e1sambulancia: 1083 Budapest, B\u00f3kay J\u00e1nos u. 54. f\u00f6ldszint, felv\u00e9teli pultn\u00e1l be kell jelentkezni Rendel\u00e9si id\u0151:\u00a0 Alv\u00e1sambulancia: kedd 9-13 \u00f3r\u00e1ig Orvosok:\u00a0\u00a0 Dr. Kelemen Judit csecsem\u0151 \u00e9s gyerekgy\u00f3gy\u00e1sz szakorvos, lakt\u00e1ci\u00f3s szaktan\u00e1csad\u00f3 Dr. Bots Bianka csecsem\u0151 \u00e9s gyerekgy\u00f3gy\u00e1sz szakorvosjel\u00f6lt, integr\u00e1lt sz\u00fcl\u0151&#8211;csecsem\u0151 konzulens Alv\u00e1sambulancia: &hellip;<\/p>\n","protected":false},"author":101739,"featured_media":0,"parent":94,"menu_order":1,"comment_status":"closed","ping_status":"closed","template":"","meta":{"_acf_changed":false,"footnotes":""},"categories":[],"tags":[],"class_list":["post-358","page","type-page","status-publish","hentry"],"acf":[],"_links":{"self":[{"href":"https:\/\/semmelweis.hu\/bokayklinika\/wp-json\/wp\/v2\/pages\/358","targetHints":{"allow":["GET"]}}],"collection":[{"href":"https:\/\/semmelweis.hu\/bokayklinika\/wp-json\/wp\/v2\/pages"}],"about":[{"href":"https:\/\/semmelweis.hu\/bokayklinika\/wp-json\/wp\/v2\/types\/page"}],"author":[{"embeddable":true,"href":"https:\/\/semmelweis.hu\/bokayklinika\/wp-json\/wp\/v2\/users\/101739"}],"replies":[{"embeddable":true,"href":"https:\/\/semmelweis.hu\/bokayklinika\/wp-json\/wp\/v2\/comments?post=358"}],"version-history":[{"count":11,"href":"https:\/\/semmelweis.hu\/bokayklinika\/wp-json\/wp\/v2\/pages\/358\/revisions"}],"predecessor-version":[{"id":7289,"href":"https:\/\/semmelweis.hu\/bokayklinika\/wp-json\/wp\/v2\/pages\/358\/revisions\/7289"}],"up":[{"embeddable":true,"href":"https:\/\/semmelweis.hu\/bokayklinika\/wp-json\/wp\/v2\/pages\/94"}],"wp:attachment":[{"href":"https:\/\/semmelweis.hu\/bokayklinika\/wp-json\/wp\/v2\/media?parent=358"}],"wp:term":[{"taxonomy":"category","embeddable":true,"href":"https:\/\/semmelweis.hu\/bokayklinika\/wp-json\/wp\/v2\/categories?post=358"},{"taxonomy":"post_tag","embeddable":true,"href":"https:\/\/semmelweis.hu\/bokayklinika\/wp-json\/wp\/v2\/tags?post=358"}],"curies":[{"name":"wp","href":"https:\/\/api.w.org\/{rel}","templated":true}]}}