{"id":3478,"date":"2022-04-07T08:46:29","date_gmt":"2022-04-07T06:46:29","guid":{"rendered":"https:\/\/semmelweis.hu\/gyermekklinika1\/?page_id=3478"},"modified":"2026-01-13T14:57:12","modified_gmt":"2026-01-13T13:57:12","slug":"lezajlott-akkreditalt-tanfolyamaink","status":"publish","type":"page","link":"https:\/\/semmelweis.hu\/bokayklinika\/lezajlott-akkreditalt-tanfolyamaink\/","title":{"rendered":"Lezajlott akkredit\u00e1lt tanfolyamaink"},"content":{"rendered":"<div id=\"GroupWiseSection_1649233573000_olle.viktoria@med.semmelweis-univ.hu_D9F19981181100009E78000000000000_\" class=\"GroupWiseMessageBody active\">\n<ol>\n<li><a href=\"https:\/\/ementinplus.hu\/course\/view\/a-covid-19-gyermekgyogyaszati-vonatkozasai\" target=\"_blank\" rel=\"noopener\">COVID-19 gyermekgy\u00f3gy\u00e1szati vonatkoz\u00e1sai <em>&#8211; <\/em>akkredit\u00e1lt el\u0151ad\u00e1ssorozat (online)<\/a><\/li>\n<li><a href=\"https:\/\/semmelweis.hu\/bokayklinika\/files\/2021\/09\/OFTEX_ajak-szajpadhasadek_kurzus_flyer-1.pdf\" target=\"_blank\" rel=\"noopener\">Az ajak- \u00e9s sz\u00e1jpadhasad\u00e9kos p\u00e1ciensek modern multidiszciplin\u00e1ris ell\u00e1t\u00e1sa<\/a><\/li>\n<li><a href=\"https:\/\/semmelweis.hu\/bokayklinika\/files\/2021\/09\/OFTEX_3D_kurzus_flyer_3D-.pdf\" target=\"_blank\" rel=\"noopener\">3D virtu\u00e1lis m\u0171t\u00e9ttani tervez\u00e9s alkalmaz\u00e1sa a maxillofacialis deformit\u00e1sok kezel\u00e9s\u00e9ben<\/a><\/li>\n<li><a href=\"https:\/\/oftex.hu\/project_o\/actual_prg\/system\/launch.php?pg=.\/oftex\/TANF_Adatlap.php?msgid=79275&amp;tableid=0&amp;retcode=tanflist\" target=\"_blank\" rel=\"noopener\"><span style=\"font-size: 1rem\">K\u00e9palkot\u00f3 diagnosztika gyermekkorban &#8211; Mellkas (akkredit\u00e1lt tov\u00e1bbk\u00e9pz\u00e9s, szem\u00e9lyesen \u00e9s online kapcsol\u00f3d\u00e1ssal)<\/span><\/a><\/li>\n<li><a href=\"https:\/\/ementinplus.hu\/course\/view\/a-menekultek-egeszsegugyi-ellatasanak-kihivasai\" target=\"_blank\" rel=\"noopener\">Menek\u00fcltek eg\u00e9szs\u00e9g\u00fcgyi ell\u00e1t\u00e1s\u00e1nak kih\u00edv\u00e1sai &#8211; akkredit\u00e1lt el\u0151ad\u00e1ssorozat (online)<\/a><\/li>\n<li><a href=\"https:\/\/ementinplus.hu\/course\/view\/a-covid-19-kesoi-hatasai-gyermekkorban\" target=\"_blank\" rel=\"noopener\">A COVID-19 k\u00e9s\u0151 hat\u00e1sai gyermekkorban &#8211; akkredit\u00e1lt el\u0151ad\u00e1ssorozat (online)<\/a><\/li>\n<li>\n<div><a href=\"https:\/\/oftex.hu\/project_o\/actual_prg\/system\/launch.php?pg=.\/oftex\/TANF_Adatlap.php?msgid=80768&amp;tableid=0&amp;retcode=tanflist\" target=\"_blank\" rel=\"noopener\">M\u00e9regkever\u0151k Klubja (M\u00e9h-, dar\u00e1zsm\u00e9reg allergia ell\u00e1t\u00e1sa)<\/a>\u00a0<\/div>\n<\/li>\n<li>\n<div><a href=\"https:\/\/oftex.hu\/project_o\/actual_prg\/system\/launch.php?pg=.\/oftex\/TANF_Adatlap.php?msgid=80369&amp;tableid=0&amp;retcode=tanflist\" target=\"_blank\" rel=\"noopener\">Gyermekgy\u00f3gy\u00e1sz k\u00f6telez\u0151 szintentart\u00f3 tanfolyam<\/a> \u00a0<\/div>\n<\/li>\n<li>\n<div><span style=\"font-size: 1rem\">\u00dajsz\u00fcl\u00f6tt-gyermekseb\u00e9szet k\u00f6telez\u0151 szinten tart\u00f3 tanfolyam 2023. 01.23-25.<\/span><\/div>\n<\/li>\n<li>\n<div><span style=\"font-size: 1rem\">\u00dajsz\u00fcl\u00f6tt- \u00e9s gyermekseb\u00e9szet szabadon v\u00e1laszthat\u00f3 tanfolyam 2023. 01.23-25.<\/span><\/div>\n<\/li>\n<li>\n<div><span style=\"font-size: 1rem\">B\u00f3kay Akad\u00e9mia (2023. m\u00e1rcius 2. A F\u00c9NY \u2013 Szem\u00e9szet; 2023. \u00e1prilis 13. A PILLANAT \u2013 Radiol\u00f3gia; 2023. m\u00e1jus 4. A CSEND &#8211; f\u00fcl-orr-g\u00e9g\u00e9szet)<\/span><\/div>\n<\/li>\n<li>\n<div><span style=\"font-size: 1rem\">K\u00e9palkot\u00f3 diagnosztika gyermekkorban &#8211; Neuroradiol\u00f3gia 2023.04.20.<\/span><\/div>\n<\/li>\n<li>\n<div>B\u00f3kay Akad\u00e9mia &#8211; <span style=\"color: #000000\">2023. okt. 5. A H\u00c1L\u00d3 &#8211; neurol\u00f3gia; 2023. nov. 9. A SEB &#8211; seb\u00e9szet; 2023. dec. 7. A RECEPT &#8211; gy\u00f3gyszer\u00e9szet<\/span><\/div>\n<\/li>\n<li>\n<div>Anafilaxia, m\u00e9h- \u00e9s dar\u00e1zsm\u00e9reg allergia ell\u00e1t\u00e1sa (M\u00e9regkever\u0151k tanfolyama) &#8211; <span style=\"color: #008000\"><span style=\"color: #000000\">2023.10.14.<\/span> <\/span><\/div>\n<\/li>\n<li>Gyermekgy\u00f3gy\u00e1szat szakvizsga el\u0151k\u00e9sz\u00edt\u0151 tanfolyam (SE-TK\/2024.I.\/00009) &#8211; 2024.01.31. \u2013 02.02.<\/li>\n<li><span style=\"font-size: 1rem\">Gyermek ultrahangvizsg\u00e1latok szakk\u00e9pz\u00e9si tanfolyam\u00a0(SE-TK\/2024.I.\/00010) &#8211; 2024.04.26.\u00a0\u00a0<\/span><\/li>\n<li>B\u00f3kay Akad\u00e9mia SE-SZTOK\/2024.I.\/00205 \u2013 tavasz (2024. m\u00e1rc. 7. \u2013 A RUHA, 2024. \u00e1pr. 4. A KAPU, 2024. m\u00e1j. 9. A M\u00c9REG)<\/li>\n<li><a href=\"https:\/\/oftex.hu\/project_o\/actual_prg\/system\/launch.php?pg=.\/oftex\/szakkepzesTanfolyam\/ReziTanf_Adatlap.php?msgid=89185&amp;tableid=0&amp;retcode=rezitanflist\" target=\"_blank\" rel=\"noopener\">\u00dajsz\u00fcl\u00f6ttseb\u00e9szeti szakk\u00e9pz\u00e9si tanfolyam<\/a> (SE-SZTOK\/2025.I.\/00007) &#8211; 2025.01.27-29.<\/li>\n<li><a href=\"https:\/\/oftex.hu\/project_o\/actual_prg\/system\/launch.php?pg=.\/oftex\/szakkepzesTanfolyam\/ReziTanf_Adatlap.php?msgid=89166&amp;tableid=0&amp;retcode=rezitanflist\" target=\"_blank\" rel=\"noopener\">Gyermekgy\u00f3gy\u00e1szat szakvizsga el\u0151k\u00e9sz\u00edt\u0151 tanfolyam<\/a> (SE-SZTOK\/2025.I.\/00008) &#8211; 2025.02.05-07.<\/li>\n<li><a href=\"https:\/\/oftex.hu\/project_o\/actual_prg\/system\/launch.php?pg=.\/oftex\/szakkepzesTanfolyam\/ReziTanf_Adatlap.php?msgid=89186&amp;tableid=0&amp;retcode=rezitanflist\" target=\"_blank\" rel=\"noopener\">Gyermekt\u00fcd\u0151gy\u00f3gy\u00e1sz szakk\u00e9pz\u00e9si tanfolyam<\/a> (SE-SZTOK\/2025.I.\/00010) &#8211; 2025.02.12-15.<\/li>\n<li><a href=\"https:\/\/oftex.hu\/project_o\/actual_prg\/system\/launch.php?pg=.\/oftex\/szakkepzesTanfolyam\/ReziTanf_Adatlap.php?msgid=89264&amp;tableid=0&amp;retcode=rezitanflist\" target=\"_blank\" rel=\"noopener\">K\u00e9palkot\u00f3 diagnosztika gyermekkorban \u2013 HAS szakk\u00e9pz\u00e9si tanfolyam<\/a> (SE-SZTOK\/2025.I.\/00013) &#8211; 2025.04.24-25.<\/li>\n<li><a href=\"https:\/\/oftex.hu\/project_o\/actual_prg\/system\/launch.php?pg=.\/oftex\/TANF_Adatlap.php?msgid=89174&amp;tableid=0&amp;retcode=tanflist\" target=\"_blank\" rel=\"noopener\">B\u00f3kay Akad\u00e9mia SE-SZTOK\/2025.I.\/00211 &#8211; tavasz (2025. m\u00e1rc. 6. A TERMET &#8211; ; 2025. \u00e1pr. 3. A F\u00c9SZEK &#8211; ; 2025. m\u00e1j.8. AZ EG\u00c9SZ)<\/a><\/li>\n<\/ol>\n<\/div>\n","protected":false},"excerpt":{"rendered":"<p><a href=\"https:\/\/ementinplus.hu\/course\/view\/a-covid-19-gyermekgyogyaszati-vonatkozasai\" target=\"_blank\" rel=\"noopener\">COVID-19 gyermekgy\u00f3gy\u00e1szati vonatkoz\u00e1sai &#8211; akkredit\u00e1lt el\u0151ad\u00e1ssorozat (online)<\/a> <a href=\"https:\/\/semmelweis.hu\/bokayklinika\/files\/2021\/09\/OFTEX_ajak-szajpadhasadek_kurzus_flyer-1.pdf\" target=\"_blank\" rel=\"noopener\">Az ajak- \u00e9s sz\u00e1jpadhasad\u00e9kos p\u00e1ciensek modern multidiszciplin\u00e1ris ell\u00e1t\u00e1sa<\/a> <a href=\"https:\/\/semmelweis.hu\/bokayklinika\/files\/2021\/09\/OFTEX_3D_kurzus_flyer_3D-.pdf\" target=\"_blank\" rel=\"noopener\">3D virtu\u00e1lis m\u0171t\u00e9ttani tervez\u00e9s alkalmaz\u00e1sa a maxillofacialis deformit\u00e1sok kezel\u00e9s\u00e9ben<\/a> <a href=\"https:\/\/oftex.hu\/project_o\/actual_prg\/system\/launch.php?pg=.\/oftex\/TANF_Adatlap.php?msgid=79275&amp;tableid=0&amp;retcode=tanflist\" target=\"_blank\" rel=\"noopener\">K\u00e9palkot\u00f3 diagnosztika gyermekkorban &#8211; Mellkas (akkredit\u00e1lt tov\u00e1bbk\u00e9pz\u00e9s, szem\u00e9lyesen \u00e9s online kapcsol\u00f3d\u00e1ssal)<\/a> <a href=\"https:\/\/ementinplus.hu\/course\/view\/a-menekultek-egeszsegugyi-ellatasanak-kihivasai\" target=\"_blank\" rel=\"noopener\">Menek\u00fcltek eg\u00e9szs\u00e9g\u00fcgyi ell\u00e1t\u00e1s\u00e1nak kih\u00edv\u00e1sai &#8211; akkredit\u00e1lt el\u0151ad\u00e1ssorozat (online)<\/a> <a href=\"https:\/\/ementinplus.hu\/course\/view\/a-covid-19-kesoi-hatasai-gyermekkorban\" target=\"_blank\" rel=\"noopener\">A COVID-19 k\u00e9s\u0151 hat\u00e1sai gyermekkorban &#8211; akkredit\u00e1lt el\u0151ad\u00e1ssorozat (online)<\/a> <a href=\"https:\/\/oftex.hu\/project_o\/actual_prg\/system\/launch.php?pg=.\/oftex\/TANF_Adatlap.php?msgid=80768&amp;tableid=0&amp;retcode=tanflist\" target=\"_blank\" rel=\"noopener\">M\u00e9regkever\u0151k Klubja (M\u00e9h-, dar\u00e1zsm\u00e9reg allergia ell\u00e1t\u00e1sa)<\/a> \u00a0 <a href=\"https:\/\/oftex.hu\/project_o\/actual_prg\/system\/launch.php?pg=.\/oftex\/TANF_Adatlap.php?msgid=80369&amp;tableid=0&amp;retcode=tanflist\" target=\"_blank\" rel=\"noopener\">Gyermekgy\u00f3gy\u00e1sz k\u00f6telez\u0151 szintentart\u00f3 tanfolyam<\/a> \u00a0 \u00dajsz\u00fcl\u00f6tt-gyermekseb\u00e9szet k\u00f6telez\u0151 szinten tart\u00f3 tanfolyam 2023. 01.23-25. \u00dajsz\u00fcl\u00f6tt- \u00e9s gyermekseb\u00e9szet szabadon v\u00e1laszthat\u00f3 tanfolyam 2023. 01.23-25. B\u00f3kay Akad\u00e9mia (2023. m\u00e1rcius 2. A F\u00c9NY \u2013 Szem\u00e9szet; 2023. \u00e1prilis 13. A PILLANAT \u2013 Radiol\u00f3gia; 2023. m\u00e1jus 4. A CSEND &#8211; f\u00fcl-orr-g\u00e9g\u00e9szet) K\u00e9palkot\u00f3 diagnosztika gyermekkorban &#8211; Neuroradiol\u00f3gia 2023.04.20. B\u00f3kay Akad\u00e9mia &#8211; 2023. okt. 5. A H\u00c1L\u00d3 &#8211; &hellip;<\/p>\n","protected":false},"author":101853,"featured_media":0,"parent":0,"menu_order":0,"comment_status":"closed","ping_status":"closed","template":"","meta":{"_acf_changed":false,"footnotes":""},"categories":[10],"tags":[],"class_list":["post-3478","page","type-page","status-publish","hentry","category-bokay-akademia"],"acf":[],"_links":{"self":[{"href":"https:\/\/semmelweis.hu\/bokayklinika\/wp-json\/wp\/v2\/pages\/3478","targetHints":{"allow":["GET"]}}],"collection":[{"href":"https:\/\/semmelweis.hu\/bokayklinika\/wp-json\/wp\/v2\/pages"}],"about":[{"href":"https:\/\/semmelweis.hu\/bokayklinika\/wp-json\/wp\/v2\/types\/page"}],"author":[{"embeddable":true,"href":"https:\/\/semmelweis.hu\/bokayklinika\/wp-json\/wp\/v2\/users\/101853"}],"replies":[{"embeddable":true,"href":"https:\/\/semmelweis.hu\/bokayklinika\/wp-json\/wp\/v2\/comments?post=3478"}],"version-history":[{"count":10,"href":"https:\/\/semmelweis.hu\/bokayklinika\/wp-json\/wp\/v2\/pages\/3478\/revisions"}],"predecessor-version":[{"id":7268,"href":"https:\/\/semmelweis.hu\/bokayklinika\/wp-json\/wp\/v2\/pages\/3478\/revisions\/7268"}],"wp:attachment":[{"href":"https:\/\/semmelweis.hu\/bokayklinika\/wp-json\/wp\/v2\/media?parent=3478"}],"wp:term":[{"taxonomy":"category","embeddable":true,"href":"https:\/\/semmelweis.hu\/bokayklinika\/wp-json\/wp\/v2\/categories?post=3478"},{"taxonomy":"post_tag","embeddable":true,"href":"https:\/\/semmelweis.hu\/bokayklinika\/wp-json\/wp\/v2\/tags?post=3478"}],"curies":[{"name":"wp","href":"https:\/\/api.w.org\/{rel}","templated":true}]}}