{"id":3108,"date":"2021-12-07T10:44:24","date_gmt":"2021-12-07T09:44:24","guid":{"rendered":"https:\/\/semmelweis.hu\/gyermekklinika1\/?page_id=3108"},"modified":"2025-02-20T10:02:50","modified_gmt":"2025-02-20T09:02:50","slug":"biologiai-terapias-ambulancia","status":"publish","type":"page","link":"https:\/\/semmelweis.hu\/bokayklinika\/betegellatas\/jarobeteg-ellatas\/biologiai-terapias-ambulancia\/","title":{"rendered":"Biol\u00f3giai Ter\u00e1pi\u00e1s Ambulancia"},"content":{"rendered":"<p style=\"text-align: justify\">A <strong>Biol\u00f3giai Ter\u00e1pi\u00e1s Ambulancia<\/strong> a Gasztroenterol\u00f3giai \u00e9s Hepatol\u00f3giai Oszt\u00e1ly r\u00e9szek\u00e9nt m\u0171k\u00f6dik.<\/p>\n<p style=\"text-align: justify\">A biol\u00f3giai ter\u00e1pi\u00e1k speci\u00e1lis\/c\u00e9lzott gy\u00f3gyszerek a gyullad\u00e1st fenntart\u00f3 egy-egy feh\u00e9rje ellen.<\/p>\n<p style=\"text-align: justify\"><strong>Ambulanci\u00e1nk f\u0151 profilja<\/strong> a gyullad\u00e1sos b\u00e9lbetegs\u00e9ggel, Crohn-betegs\u00e9ggel \u00e9s kolitisz ulcer\u00f3z\u00e1val gondozott betegeink kezel\u00e9se. N\u00e9gy k\u00fcl\u00f6nb\u00f6z\u0151 biol\u00f3giai ter\u00e1pi\u00e1s szert alkalmazunk, ezeket a gy\u00f3gyszereket b\u0151r al\u00e1 fecskendezve, vagy v\u00e9n\u00e1san adjuk be. A gy\u00f3gyszerek hat\u00e9konys\u00e1g\u00e1nak ellen\u0151rz\u00e9s\u00e9re id\u0151szakos v\u00e9rv\u00e9tel, k\u00e9palkot\u00f3 vizsg\u00e1latok, illetve endoszk\u00f3pos vizsg\u00e1lat t\u00f6rt\u00e9nik. Tekintettel arra, hogy ezek a betegs\u00e9gek kr\u00f3nikus, \u00e9lethosszig tart\u00f3 k\u00f3rk\u00e9pek, a gy\u00f3gyszerek bead\u00e1sa mellett fontos betegeink teljes k\u00f6r\u0171 gondoz\u00e1sa, melynek r\u00e9sze az oltotts\u00e1gi \u00e1llapotuk, csonts\u0171r\u0171s\u00e9g\u00fck ellen\u0151rz\u00e9se, illetve a rendszeres szem\u00e9szeti vizsg\u00e1lat.<\/p>\n<p style=\"text-align: justify\">Emellett ambulanci\u00e1nkon enzimp\u00f3tl\u00f3 kezel\u00e9st alkalmazunk, olyan ritka, f\u0151leg m\u00e1jat \u00e9rint\u0151 genetikai betegs\u00e9gekben, mint a lizoszom\u00e1lis savas lip\u00e1zhi\u00e1ny.<\/p>\n<p style=\"text-align: justify\">Az ambulanciai rendel\u00e9st jelenleg Dr. L\u00f3th Szendile, Dr. B\u00e9res N\u00f3ra Judit l\u00e1tja el, Dr. Dezs\u0151fi-Gottl Antal \u00e9s Dr. Cseh \u00c1ron szakmai vezet\u00e9s\u00e9vel.<\/p>\n<p style=\"text-align: justify\">Az ambulancia n\u0151v\u00e9ri feladatait Barj\u00e1k Kriszta l\u00e1tja el.<\/p>\n","protected":false},"excerpt":{"rendered":"<p>A Biol\u00f3giai Ter\u00e1pi\u00e1s Ambulancia a Gasztroenterol\u00f3giai \u00e9s Hepatol\u00f3giai Oszt\u00e1ly r\u00e9szek\u00e9nt m\u0171k\u00f6dik. A biol\u00f3giai ter\u00e1pi\u00e1k speci\u00e1lis\/c\u00e9lzott gy\u00f3gyszerek a gyullad\u00e1st fenntart\u00f3 egy-egy feh\u00e9rje ellen. Ambulanci\u00e1nk f\u0151 profilja a gyullad\u00e1sos b\u00e9lbetegs\u00e9ggel, Crohn-betegs\u00e9ggel \u00e9s kolitisz ulcer\u00f3z\u00e1val gondozott betegeink kezel\u00e9se. N\u00e9gy k\u00fcl\u00f6nb\u00f6z\u0151 biol\u00f3giai ter\u00e1pi\u00e1s szert alkalmazunk, ezeket a gy\u00f3gyszereket b\u0151r al\u00e1 fecskendezve, vagy v\u00e9n\u00e1san adjuk be. A gy\u00f3gyszerek hat\u00e9konys\u00e1g\u00e1nak ellen\u0151rz\u00e9s\u00e9re &hellip;<\/p>\n","protected":false},"author":101853,"featured_media":0,"parent":94,"menu_order":1,"comment_status":"closed","ping_status":"closed","template":"","meta":{"_acf_changed":false,"footnotes":""},"categories":[],"tags":[],"class_list":["post-3108","page","type-page","status-publish","hentry"],"acf":[],"_links":{"self":[{"href":"https:\/\/semmelweis.hu\/bokayklinika\/wp-json\/wp\/v2\/pages\/3108","targetHints":{"allow":["GET"]}}],"collection":[{"href":"https:\/\/semmelweis.hu\/bokayklinika\/wp-json\/wp\/v2\/pages"}],"about":[{"href":"https:\/\/semmelweis.hu\/bokayklinika\/wp-json\/wp\/v2\/types\/page"}],"author":[{"embeddable":true,"href":"https:\/\/semmelweis.hu\/bokayklinika\/wp-json\/wp\/v2\/users\/101853"}],"replies":[{"embeddable":true,"href":"https:\/\/semmelweis.hu\/bokayklinika\/wp-json\/wp\/v2\/comments?post=3108"}],"version-history":[{"count":5,"href":"https:\/\/semmelweis.hu\/bokayklinika\/wp-json\/wp\/v2\/pages\/3108\/revisions"}],"predecessor-version":[{"id":6731,"href":"https:\/\/semmelweis.hu\/bokayklinika\/wp-json\/wp\/v2\/pages\/3108\/revisions\/6731"}],"up":[{"embeddable":true,"href":"https:\/\/semmelweis.hu\/bokayklinika\/wp-json\/wp\/v2\/pages\/94"}],"wp:attachment":[{"href":"https:\/\/semmelweis.hu\/bokayklinika\/wp-json\/wp\/v2\/media?parent=3108"}],"wp:term":[{"taxonomy":"category","embeddable":true,"href":"https:\/\/semmelweis.hu\/bokayklinika\/wp-json\/wp\/v2\/categories?post=3108"},{"taxonomy":"post_tag","embeddable":true,"href":"https:\/\/semmelweis.hu\/bokayklinika\/wp-json\/wp\/v2\/tags?post=3108"}],"curies":[{"name":"wp","href":"https:\/\/api.w.org\/{rel}","templated":true}]}}