{"id":307,"date":"2020-06-15T17:17:35","date_gmt":"2020-06-15T15:17:35","guid":{"rendered":"https:\/\/semmelweis.hu\/gyermekklinika1\/?page_id=307"},"modified":"2024-11-13T14:30:12","modified_gmt":"2024-11-13T13:30:12","slug":"gyogyszertar","status":"publish","type":"page","link":"https:\/\/semmelweis.hu\/bokayklinika\/betegellatas\/gyogyszertar\/","title":{"rendered":"Gy\u00f3gyszert\u00e1r"},"content":{"rendered":"<div class=\"keretes\">\n<div style=\"text-align: left\"><strong>Telefonsz\u00e1m:<\/strong> (06) 1 334-3186\/52633<\/div>\n<div>\u00a0<\/div>\n<div style=\"text-align: left\"><strong>Klinikai szakgy\u00f3gyszer\u00e9sz (Egyetemi Gy\u00f3gyszert\u00e1r Egyetemi Gy\u00f3gyszer\u00fcgyi Int\u00e9zet):<\/strong><br \/>\nDr. Budai Kinga Anna<\/div>\n<div>Dr. Nyiri Csaba (gy\u00f3gyszer\u00e9sz rezidens)<\/div>\n<div style=\"text-align: left\">\n<strong>Gy\u00f3gyszert\u00e1ri asszisztens:<\/strong>\u00a0<br \/>\nKlemencsicsn\u00e9 Homonnai Marianna<br \/>\n<strong><br \/>\n<\/strong><\/div>\n<\/div>\n<div style=\"text-align: justify\" align=\"justify\">\n<p><strong>A Klinikai Gy\u00f3gyszert\u00e1r alapfeladata <\/strong>a fekv\u0151 betegek ig\u00e9ny szerinti biztons\u00e1gos, gazdas\u00e1gos gy\u00f3gyszer-, inf\u00fazi\u00f3-, k\u00f6tszer- \u00e9s fert\u0151tlen\u00edt\u0151szer ell\u00e1t\u00e1sa.<\/p>\n<p><strong>A Klinikai Gy\u00f3gyszert\u00e1r <\/strong>konz\u00edliumi \u00e9s oktat\u00e1si feladatokat is ell\u00e1t. Heti rendszeress\u00e9ggel a klinikai f\u0151gy\u00f3gyszer\u00e9sz (Klinikai gy\u00f3gyszer\u00e9szet szakgy\u00f3gyszer\u00e9sz, Klinikai laborat\u00f3riumi szakgy\u00f3gyszer\u00e9sz), szakmai \u2013 gazdas\u00e1gi statisztikai elemz\u00e9seket mutat be a reggeli refer\u00e1l\u00f3kon. Gy\u00f3gyszer inform\u00e1ci\u00f3t ad ig\u00e9ny szerint a hazai t\u00f6rzsk\u00f6nyvezett gy\u00f3gyszerekr\u0151l, t\u00e1pszerekr\u0151l egyedi import k\u00e9sz\u00edtm\u00e9nyekr\u0151l.<\/p>\n<p>Tanrend szerint gyakorlati oktat\u00e1st tart a Gy\u00f3gyszer\u00e9sztudom\u00e1nyi Kar V. \u00e9ves gy\u00f3gyszer\u00e9szhallgat\u00f3inak. A jelentkez\u0151 hallgat\u00f3kat \u00e9s a \u201eKlinikai Gy\u00f3gyszer\u00e9szet\u201d szakvizsg\u00e1z\u00f3kat vizitekre viszi, ahol megismerkedhetnek a klinika profiljaira jellemz\u0151 betegcsoportokkal. Klinikai laborat\u00f3riumi szakgy\u00f3gyszer\u00e9szk\u00e9nt k\u00fcl\u00f6n hangs\u00falyt fektet a diagn\u00f3zisok fel\u00e1ll\u00edt\u00e1s\u00e1hoz sz\u00fcks\u00e9ges laborat\u00f3riumi param\u00e9terek bemutat\u00e1s\u00e1ra, valamint a r\u00e9sztvev\u0151knek lehet\u0151s\u00e9g\u00fck van haszn\u00e1lni a \u201egy\u00f3gyszer-inform\u00e1ci\u00f3s\u201d programokat pl.MicroMedex (Drugdex , stb.).<\/p>\n<p>A Klinik\u00e1n az Egyetemi Gy\u00f3gyszert\u00e1r r\u00e9sz\u00e9r\u0151l, klinikai gy\u00f3gyszer\u00e9szet szolg\u00e1lat is m\u0171k\u00f6dik.<strong><br \/>\n<\/strong><\/p>\n<\/div>\n","protected":false},"excerpt":{"rendered":"<p>Telefonsz\u00e1m: (06) 1 334-3186\/52633 \u00a0 Klinikai szakgy\u00f3gyszer\u00e9sz (Egyetemi Gy\u00f3gyszert\u00e1r Egyetemi Gy\u00f3gyszer\u00fcgyi Int\u00e9zet): Dr. Budai Kinga Anna Dr. Nyiri Csaba (gy\u00f3gyszer\u00e9sz rezidens) Gy\u00f3gyszert\u00e1ri asszisztens:\u00a0 Klemencsicsn\u00e9 Homonnai Marianna A Klinikai Gy\u00f3gyszert\u00e1r alapfeladata a fekv\u0151 betegek ig\u00e9ny szerinti biztons\u00e1gos, gazdas\u00e1gos gy\u00f3gyszer-, inf\u00fazi\u00f3-, k\u00f6tszer- \u00e9s fert\u0151tlen\u00edt\u0151szer ell\u00e1t\u00e1sa. A Klinikai Gy\u00f3gyszert\u00e1r konz\u00edliumi \u00e9s oktat\u00e1si feladatokat is ell\u00e1t. Heti rendszeress\u00e9ggel a &hellip;<\/p>\n","protected":false},"author":101739,"featured_media":0,"parent":17,"menu_order":3,"comment_status":"closed","ping_status":"closed","template":"","meta":{"_acf_changed":false,"footnotes":""},"categories":[],"tags":[],"class_list":["post-307","page","type-page","status-publish","hentry"],"acf":[],"_links":{"self":[{"href":"https:\/\/semmelweis.hu\/bokayklinika\/wp-json\/wp\/v2\/pages\/307","targetHints":{"allow":["GET"]}}],"collection":[{"href":"https:\/\/semmelweis.hu\/bokayklinika\/wp-json\/wp\/v2\/pages"}],"about":[{"href":"https:\/\/semmelweis.hu\/bokayklinika\/wp-json\/wp\/v2\/types\/page"}],"author":[{"embeddable":true,"href":"https:\/\/semmelweis.hu\/bokayklinika\/wp-json\/wp\/v2\/users\/101739"}],"replies":[{"embeddable":true,"href":"https:\/\/semmelweis.hu\/bokayklinika\/wp-json\/wp\/v2\/comments?post=307"}],"version-history":[{"count":11,"href":"https:\/\/semmelweis.hu\/bokayklinika\/wp-json\/wp\/v2\/pages\/307\/revisions"}],"predecessor-version":[{"id":6078,"href":"https:\/\/semmelweis.hu\/bokayklinika\/wp-json\/wp\/v2\/pages\/307\/revisions\/6078"}],"up":[{"embeddable":true,"href":"https:\/\/semmelweis.hu\/bokayklinika\/wp-json\/wp\/v2\/pages\/17"}],"wp:attachment":[{"href":"https:\/\/semmelweis.hu\/bokayklinika\/wp-json\/wp\/v2\/media?parent=307"}],"wp:term":[{"taxonomy":"category","embeddable":true,"href":"https:\/\/semmelweis.hu\/bokayklinika\/wp-json\/wp\/v2\/categories?post=307"},{"taxonomy":"post_tag","embeddable":true,"href":"https:\/\/semmelweis.hu\/bokayklinika\/wp-json\/wp\/v2\/tags?post=307"}],"curies":[{"name":"wp","href":"https:\/\/api.w.org\/{rel}","templated":true}]}}