{"id":3029,"date":"2021-10-31T08:35:40","date_gmt":"2021-10-31T07:35:40","guid":{"rendered":"https:\/\/semmelweis.hu\/gyermekklinika1\/?page_id=3029"},"modified":"2024-06-20T08:17:49","modified_gmt":"2024-06-20T06:17:49","slug":"szoptatas-es-human-laktacio-elmelete-egyeni-es-kozossegi-tamogatasa","status":"publish","type":"page","link":"https:\/\/semmelweis.hu\/bokayklinika\/oktatas\/aok-gradualis\/kotelezoen-valaszthato-targyak\/szoptatas-es-human-laktacio-elmelete-egyeni-es-kozossegi-tamogatasa\/","title":{"rendered":"Szoptat\u00e1s \u00e9s hum\u00e1n lakt\u00e1ci\u00f3 elm\u00e9lete, egy\u00e9ni \u00e9s k\u00f6z\u00f6ss\u00e9gi t\u00e1mogat\u00e1sa"},"content":{"rendered":"<div class=\"keretes\">\n<p>Tisztelt Hallgat\u00f3k!<\/p>\n<p>T\u00e1j\u00e9koztatjuk \u00d6n\u00f6ket, hogy a tanulm\u00e1nyi \u00fcgyint\u00e9z\u00e9s a II. emeleti titk\u00e1rs\u00e1gon t\u00f6rt\u00e9nik.<\/p>\n<p><strong>\u00dcgyint\u00e9z\u0151:<\/strong> <br \/>\nStolm\u00e1r Enik\u0151 Kinga: <a href=\"mailto:tanulmanyi.bokay@semmelweis.hu\">tanulmanyi.bokay@semmelweis.hu<\/a><\/p>\n<p>\n<strong>F\u00e9lfogad\u00e1si id\u0151:<\/strong><br \/>\nH\u00e9tf\u0151, szerda: 10:00-12:00<br \/>\nKedd, cs\u00fct\u00f6rt\u00f6k: 13:00-15:00<br \/>\nTel: (06 1) 313 8212<\/p>\n<\/div>\n<p><strong>Let\u00f6lthet\u0151 dokumentumok:<\/strong><\/p>\n<p><a href=\"https:\/\/semmelweis.hu\/bokayklinika\/files\/2024\/06\/Szoptatas-es-human-laktacio_magyar_AOSNNT884_1M_FORMANYOMTATVANY-UJ-2023-PROJEKT-MAGYAR.pdf\">Szoptat\u00e1s \u00e9s hum\u00e1n lakt\u00e1ci\u00f3 elm\u00e9lete, egy\u00e9ni \u00e9s k\u00f6z\u00f6ss\u00e9gi t\u00e1mogat\u00e1sa k\u00f6vetelm\u00e9nyrendszer<\/a><\/p>\n","protected":false},"excerpt":{"rendered":"<p>Tisztelt Hallgat\u00f3k!<br \/>\nT\u00e1j\u00e9koztatjuk \u00d6n\u00f6ket, hogy a tanulm\u00e1nyi \u00fcgyint\u00e9z\u00e9s a II. emeleti titk\u00e1rs\u00e1gon t\u00f6rt\u00e9nik.<br \/>\n\u00dcgyint\u00e9z\u0151:<br \/>\nStolm\u00e1r Enik\u0151 Kinga: <a href=\"mailto:tanulmanyi.bokay@semmelweis.hu\">tanulmanyi.bokay@semmelweis.hu<\/a><\/p>\n<p>F\u00e9lfogad\u00e1si id\u0151:<br \/>\nH\u00e9tf\u0151, szerda: 10:00-12:00<br \/>\nKedd, cs\u00fct\u00f6rt\u00f6k: 13:00-15:00<br \/>\nTel: (06 1) 313 8212<\/p>\n<p>Let\u00f6lthet\u0151 dokumentumok:<br \/>\n<a href=\"https:\/\/semmelweis.hu\/bokayklinika\/files\/2024\/06\/Szoptatas-es-human-laktacio_magyar_AOSNNT884_1M_FORMANYOMTATVANY-UJ-2023-PROJEKT-MAGYAR.pdf\">Szoptat\u00e1s \u00e9s hum\u00e1n lakt\u00e1ci\u00f3 elm\u00e9lete, egy\u00e9ni \u00e9s k\u00f6z\u00f6ss\u00e9gi t\u00e1mogat\u00e1sa k\u00f6vetelm\u00e9nyrendszer<\/a><\/p>\n","protected":false},"author":101853,"featured_media":0,"parent":118,"menu_order":5,"comment_status":"closed","ping_status":"closed","template":"","meta":{"_acf_changed":false,"footnotes":""},"categories":[],"tags":[],"class_list":["post-3029","page","type-page","status-publish","hentry"],"acf":[],"_links":{"self":[{"href":"https:\/\/semmelweis.hu\/bokayklinika\/wp-json\/wp\/v2\/pages\/3029","targetHints":{"allow":["GET"]}}],"collection":[{"href":"https:\/\/semmelweis.hu\/bokayklinika\/wp-json\/wp\/v2\/pages"}],"about":[{"href":"https:\/\/semmelweis.hu\/bokayklinika\/wp-json\/wp\/v2\/types\/page"}],"author":[{"embeddable":true,"href":"https:\/\/semmelweis.hu\/bokayklinika\/wp-json\/wp\/v2\/users\/101853"}],"replies":[{"embeddable":true,"href":"https:\/\/semmelweis.hu\/bokayklinika\/wp-json\/wp\/v2\/comments?post=3029"}],"version-history":[{"count":5,"href":"https:\/\/semmelweis.hu\/bokayklinika\/wp-json\/wp\/v2\/pages\/3029\/revisions"}],"predecessor-version":[{"id":5608,"href":"https:\/\/semmelweis.hu\/bokayklinika\/wp-json\/wp\/v2\/pages\/3029\/revisions\/5608"}],"up":[{"embeddable":true,"href":"https:\/\/semmelweis.hu\/bokayklinika\/wp-json\/wp\/v2\/pages\/118"}],"wp:attachment":[{"href":"https:\/\/semmelweis.hu\/bokayklinika\/wp-json\/wp\/v2\/media?parent=3029"}],"wp:term":[{"taxonomy":"category","embeddable":true,"href":"https:\/\/semmelweis.hu\/bokayklinika\/wp-json\/wp\/v2\/categories?post=3029"},{"taxonomy":"post_tag","embeddable":true,"href":"https:\/\/semmelweis.hu\/bokayklinika\/wp-json\/wp\/v2\/tags?post=3029"}],"curies":[{"name":"wp","href":"https:\/\/api.w.org\/{rel}","templated":true}]}}