{"id":2880,"date":"2021-09-09T13:22:55","date_gmt":"2021-09-09T11:22:55","guid":{"rendered":"https:\/\/semmelweis.hu\/gyermekklinika1\/?page_id=2880"},"modified":"2026-03-16T11:24:54","modified_gmt":"2026-03-16T10:24:54","slug":"tovabbkepzes","status":"publish","type":"page","link":"https:\/\/semmelweis.hu\/bokayklinika\/oktatas\/tovabbkepzes\/","title":{"rendered":"Tov\u00e1bbk\u00e9pz\u00e9s"},"content":{"rendered":"<div class=\"fontos_div\">\n<h5>Tartalomjegyz\u00e9k:<\/h5>\n<ul>\n<li><a href=\"#Tovabbkepzeseinkrol\">Tov\u00e1bbk\u00e9pz\u00e9seinkr\u0151l<\/a><\/li>\n<li><a href=\"#Tanfolyamaink\">Tanfolyamaink<\/a><\/li>\n<li><a href=\"#Tajekoztato-tanfolyamaink-reszveteli-dijarol\">T\u00e1j\u00e9koztat\u00f3 tanfolyamaink r\u00e9szv\u00e9teli d\u00edj\u00e1r\u00f3l<\/a><\/li>\n<li><a href=\"#A-reszveteli-dij-befizetesenek-3-lehetseges-modja\">A r\u00e9szv\u00e9teli d\u00edj befizet\u00e9s\u00e9nek 3 lehets\u00e9ges m\u00f3dja<\/a><\/li>\n<li><a href=\"#Letoltheto-nyomtatvanyok\">Let\u00f6lthet\u0151 nyomtatv\u00e1nyok<\/a><\/li>\n<\/ul>\n<\/div>\n<h2><span style=\"background: #232f61;color: #ffffff\"><a id=\"Tovabbkepzeseinkrol\"><\/a>Tov\u00e1bbk\u00e9pz\u00e9seinkr\u0151l<\/span><\/h2>\n<p>A Semmelweis Egyetem Gyermekgy\u00f3gy\u00e1szati Klinik\u00e1j\u00e1n \u2013 haz\u00e1nk legels\u0151, Eur\u00f3pa negyedik legr\u00e9gebbi gyermekgy\u00f3gyint\u00e9zet\u00e9ben \u2013 a tov\u00e1bbk\u00e9pz\u00e9sek k\u00f6zvetlen\u00fcl a betegell\u00e1t\u00e1s sz\u00e9les k\u00f6r\u0171 klinikai tapasztalataira \u00e9p\u00fclnek. A B\u00f3kay \u00e9s T\u0171zolt\u00f3 utcai r\u00e9szlegek \u00e9vente mintegy 230 000 j\u00e1r\u00f3beteg \u00e9s t\u00f6bb mint 20 000 fekv\u0151beteg ell\u00e1t\u00e1s\u00e1t biztos\u00edtj\u00e1k, az orsz\u00e1g gyermekbetegeinek mintegy 14%-a itt kap kezel\u00e9st. Sz\u00e1mos betegs\u00e9g orsz\u00e1gos vagy region\u00e1lis centrumak\u00e9nt az esetanyag a gyermekgy\u00f3gy\u00e1szat teljes spektrum\u00e1t lefedi.<\/p>\n<p>A nagy esetsz\u00e1m \u00e9s a speci\u00e1lis ell\u00e1t\u00e1si feladatok folyamatosan \u00faj diagnosztikai \u00e9s ter\u00e1pi\u00e1s k\u00e9rd\u00e9seket vetnek fel, amelyekre a klinika komplex oktat\u00e1si programjai naprak\u00e9sz, a gyakorlatban is alkalmazhat\u00f3 v\u00e1laszokat adnak orvosok \u00e9s szakdolgoz\u00f3k sz\u00e1m\u00e1ra egyar\u00e1nt. A k\u00e9pz\u00e9sek szil\u00e1rd szakmai alapokra \u00e9p\u00fclnek, \u00e9s a klinikai d\u00f6nt\u00e9shozatal szempontj\u00e1b\u00f3l k\u00f6zel\u00edtik meg a t\u00e9m\u00e1kat: a sz\u0171r\u00e9st\u0151l \u00e9s differenci\u00e1ldiagnosztik\u00e1t\u00f3l a korszer\u0171 ter\u00e1pi\u00e1s lehet\u0151s\u00e9gekig, valamint a szubspecialit\u00e1sok kiemelt ter\u00fcleteiig.<\/p>\n<p>Az el\u0151ad\u00e1sokat a gyermekgy\u00f3gy\u00e1szat meghat\u00e1roz\u00f3 szakemberei tartj\u00e1k, akik a hazai ell\u00e1t\u00e1s ir\u00e1nyainak form\u00e1l\u00e1s\u00e1ban is szerepet v\u00e1llalnak. A tanfolyamok \u00edgy val\u00f3di t\u00e1j\u00e9koz\u00f3d\u00e1si pontot jelentenek mindazok sz\u00e1m\u00e1ra, akik biztos, korszer\u0171 tud\u00e1ssal szeretn\u00e9k t\u00e1mogatni a gyermekek ell\u00e1t\u00e1s\u00e1t, \u00e9s a mindennapi gy\u00f3gy\u00edt\u00f3 munka sor\u00e1n azonnal hasznos\u00edthat\u00f3 szeml\u00e9letet k\u00edv\u00e1nnak elsaj\u00e1t\u00edtani.<\/p>\n<div class=\"fontos_div\">\n<p><a href=\"https:\/\/semmelweis.hu\/bokayklinika\/files\/2026\/02\/oktatasi-bros-1.pdf\" target=\"_blank\" rel=\"noopener\"><strong>Tekintse meg a 2026-os \u00e9v I. f\u00e9l\u00e9ves tanfolyamainak \u00f6sszegz\u0151 bros\u00far\u00e1j\u00e1t.<\/strong><\/a><\/p>\n<\/div>\n<p>Tanfolyamainkra kiz\u00e1r\u00f3lag az <a href=\"https:\/\/www.oftex.hu\" target=\"_blank\" rel=\"noopener\">OFTEX port\u00e1lon<\/a> kereszt\u00fcl tudnak jelentkezni, tov\u00e1bbi k\u00e9rd\u00e9s eset\u00e9n a <a href=\"mailto:tanfolyamok.gyermek@semmelweis.hu\">tanfolyamok.gyermek@semmelweis.hu<\/a> c\u00edmen fordulhatnak hozz\u00e1nk.<\/p>\n<hr \/>\n<h2><span style=\"background: #232f61;color: #ffffff\"><a id=\"Tanfolyamaink\"><\/a>Tanfolyamaink<\/span><\/h2>\n<style>\n           #page-grid .card-body > .line-clamp-box.excerpt{\n        width: inherit;\n        max-width: inherit;\n        display:flex;\n        min-height: 2.4em;\n        flex-direction: column;\n        justify-content: space-around;\n        background-color: #D6E4EA;\n        min-height: 3.4rem;\n        font-family: \"Montserrat\", sans-serif;\n    }\n\n    #page-grid a:hover .card-body > .line-clamp-box.excerpt {\n        background-color: #fff;\n        color: #313B40;\n    }\n\n    #page-grid .card-body .line-clamp-box.excerpt section{\n        max-width: inherit;\n        display: -webkit-box;\n        -webkit-line-clamp: 2;\n        -webkit-box-orient: vertical;\n        overflow: hidden;\n        text-overflow: ellipsis;\n        hyphens: auto;\n        margin: auto;\n        \n    }\n    .line-clamp-box.excerpt section, .line-clamp-box.excerpt section p{\n        font-size:0.8em;\n    }\n    \n<\/style>\n    <section id=\"page-grid\">\n        \n        <div class=\"row row-cols-1 row-cols-md-2 row-cols-lg-2 no-gutters mx-0 \">    <div class =\"col  mb-2 card-wrapper\">\n        <a class=\"d-flex flex-fill card-link-warapper m-md-1\" href=\"https:\/\/semmelweis.hu\/bokayklinika\/oktatas\/tovabbkepzes\/bokay-akademia\/\">\n            <div class=\"card border border-secondary se-border flex-fill\">\n                <div class=\"row no-gutters mx-0 d-flex flex-nowrap flex-md-wrap align-items-center\">\n                    <div class =\"  col-5 col-md-12   card-image justify-content-center\">\n                        <img loading=\"lazy\" decoding=\"async\" width=\"753\" height=\"502\" src=\"https:\/\/semmelweis.hu\/bokayklinika\/files\/2026\/01\/bokay_akademia-1.jpg\" class=\"landscape wp-post-image\" alt=\"\" srcset=\"https:\/\/semmelweis.hu\/bokayklinika\/files\/2026\/01\/bokay_akademia-1.jpg 950w, https:\/\/semmelweis.hu\/bokayklinika\/files\/2026\/01\/bokay_akademia-1-400x267.jpg 400w, https:\/\/semmelweis.hu\/bokayklinika\/files\/2026\/01\/bokay_akademia-1-768x512.jpg 768w, https:\/\/semmelweis.hu\/bokayklinika\/files\/2026\/01\/bokay_akademia-1-753x502.jpg 753w, https:\/\/semmelweis.hu\/bokayklinika\/files\/2026\/01\/bokay_akademia-1-203x135.jpg 203w\" sizes=\"auto, (max-width: 753px) 100vw, 753px\" \/>\n                    <\/div>\n                    <div class=\"card-body  col flex-column  col-md-12 p-0\">\n                        <div class=\"line-clamp-box p-3\">\n                            <h5 class=\"ml-0 ml-sm-1 mt-2 align-items-center\"  >B\u00f3kay Akad\u00e9mia<\/h5>\n                        <\/div>\n                            <div class= \"line-clamp-box excerpt m-0 p-2 pl-3\">\n        <section>\n            \nA B\u00f3kay Akad\u00e9mia el\u0151ad\u00e1sai a legfrissebb kutat\u00e1si eredm\u00e9nyeket a gyermekgy\u00f3gy\u00e1szat mindennapi gyakorlat\u00e1val k\u00f6tik \u00f6ssze. A rendhagy\u00f3 nyit\u00f3el\u0151ad\u00e1sok egy-egy t\u00e9m\u00e1t t\u00e1rstudom\u00e1nyos n\u00e9z\u0151pontb\u00f3l vil\u00e1g\u00edtanak meg. Ingyenes, akkredit\u00e1lt f\u00f3rumk\u00e9nt a fiatal orvosok \u00e9s az alapell\u00e1t\u00e1sban dolgoz\u00f3k sz\u00e1m\u00e1ra egyar\u00e1nt biztos t\u00e1mpontot ny\u00fajt a k\u00f3rk\u00e9pek korai felismer\u00e9s\u00e9ben, a ter\u00e1pi\u00e1s d\u00f6nt\u00e9shozatalban \u00e9s a betegek megfelel\u0151 ell\u00e1t\u00e1si ir\u00e1ny\u00e1nak kijel\u00f6l\u00e9s\u00e9ben. A tanfolyamok ..\n        <\/section>\n    <\/div>\n                    <\/div>\n                <\/div>\n\n            <\/div>\n        <\/a>\n    <\/div>        <\/div>\n    <\/section>\n<h3>Tov\u00e1bbi akkredit\u00e1lt szakmai esem\u00e9nyek \u2013 2026. I. f\u00e9l\u00e9v<\/h3>\n<div class=\"fontos_div\">2026.01.16-2026.06.10. <strong><a href=\"https:\/\/oftex.hu\/project_o\/actual_prg\/system\/launch.php?pg=.\/oftex\/TANF_Adatlap.php?msgid=93136&amp;tableid=0&amp;retcode=tanflist\" target=\"_blank\" rel=\"noopener\"><em>Gyermekgy\u00f3gy\u00e1szat foly\u00f3irat kv\u00edzj\u00e1t\u00e9ka <\/em><\/a><\/strong>(akkr. pont: 6)<\/div>\n<div class=\"fontos_div\">2026.01.20-2026.05.19. <a href=\"https:\/\/semmelweis.hu\/tuzoltoklinika\/oktatas\/akkreditalt-tovabbkepzeseink\/fekete-gyorgy-tovabbkepzo-sorozat\/\" target=\"_blank\" rel=\"noopener\"><strong><em>Fekete Gy\u00f6rgy Gyermekgy\u00f3gy\u00e1szati Tov\u00e1bbk\u00e9pz\u0151 Sorozat &#8211; AI az orvostudom\u00e1nyban, Pulmonol\u00f3gia, M\u00e9rgez\u00e9sek,<\/em><\/strong><\/a> (akkr. pont: 14)<\/div>\n<div class=\"fontos_div\">2026.01.29. <strong><a href=\"https:\/\/oftex.hu\/project_o\/actual_prg\/system\/launch.php?pg=.\/oftex\/TANF_Adatlap.php?msgid=93853&amp;tableid=0&amp;retcode=tanflist\" target=\"_blank\" rel=\"noopener\"><em>\u00dajsz\u00fcl\u00f6ttkori sz\u0171r\u00e9s a gyakorlatban &#8211; tov\u00e1bbk\u00e9pz\u00e9si tanfolyam <\/em><\/a><\/strong>(akkr. pont: 14)<\/div>\n<div class=\"fontos_div\">2026.03.20-2026.03.22. <strong><a href=\"https:\/\/oftex.hu\/project_o\/actual_prg\/system\/launch.php?pg=.\/oftex\/TANF_Adatlap.php?msgid=93891&amp;tableid=0&amp;retcode=tanflist\" target=\"_blank\" rel=\"noopener\"><em>Gyermekgasztroenterol\u00f3gia \u00e9s hepatol\u00f3gia tanfolyam<\/em><\/a><\/strong> (akkr. pont: 48)<\/div>\n<div class=\"fontos_div\">2026.04.23-2026.04.24. <strong><a href=\"https:\/\/oftex.hu\/project_o\/actual_prg\/system\/launch.php?pg=.\/oftex\/TANF_Adatlap.php?msgid=93382&amp;tableid=0&amp;retcode=tanflist\" target=\"_blank\" rel=\"noopener\"><em>K\u00e9palkot\u00f3 diagnosztika gyermekkorban, -MELLKAS <\/em><\/a><\/strong>(akkr. pont: 30)<\/div>\n<div class=\"fontos_div\">2026.05.15. <strong><a href=\"https:\/\/semmelweis.hu\/tuzoltoklinika\/oktatas\/akkreditalt-tovabbkepzeseink\/retinoblastoma-szakmai-napok\/\" rel=\"noopener\"><em>Gyermekszem\u00e9szeti onkol\u00f3gia: Onkol\u00f3giai \u00e9s nefrol\u00f3giai betegs\u00e9gek <\/em><\/a><\/strong>(akkr. pont: 10)<\/div>\n<div class=\"fontos_div\">2026.05.29-2026.05.30. <em><strong><a href=\"https:\/\/oftex.hu\/project_o\/actual_prg\/system\/launch.php?pg=.\/oftex\/TANF_Adatlap.php?msgid=93275&amp;tableid=0&amp;retcode=tanflist\" target=\"_blank\" rel=\"noopener\">T\u00fals\u00fallyal \u00e9l\u0151 gyermekek \u00e9letm\u00f3dv\u00e1lt\u00e1s\u00e1nak t\u00e1mogat\u00e1sa<\/a><\/strong>\u00a0<\/em>(akkr. pont: 32)<\/div>\n<div>\n<div class=\"exp-col-content-holder\"><a class=\"expand-cnt-link\" href=\"#\"><strong>Hasznos inform\u00e1ci\u00f3k<\/strong><\/a><\/p>\n<div class=\"hidden-content\">\n<p><b><span data-contrast=\"auto\">WIFI<\/span><\/b><\/p>\n<p><span data-contrast=\"auto\">A tanfolyam helysz\u00edn\u00e9n el\u00e9rhet\u0151 WIFI-h\u00e1l\u00f3zat neve:\u00a0<\/span><i><span data-contrast=\"auto\">KONFERENCIA<\/span><\/i><br \/>\n<span data-contrast=\"auto\">Jelsz\u00f3:\u00a0<\/span><i><span data-contrast=\"auto\">Semmelweis<\/span><\/i><\/p>\n<p><b><span data-contrast=\"auto\">\u00c9tkez\u00e9si lehet\u0151s\u00e9gek<\/span><\/b><\/p>\n<ul>\n<li><a href=\"https:\/\/gasztvital.hu\/fogyasztoinknak\/etlapok\/semmelweis-egyetem\/\" target=\"_blank\" rel=\"noopener\"><span data-contrast=\"none\">Gasztvit\u00e1l<\/span><\/a><span data-contrast=\"auto\">\u00a0(\u201emenza\u201d) 400 m\u00e9terre, a K\u00fcls\u0151 Klinikai T\u00f6mbben (bej\u00e1rat a K\u00fcls\u0151 T\u00f6mbbe a T\u00f6m\u0151 \u00e9s Balassa utca sark\u00e1n\u00e1l). T\u00e9rk\u00e9pes seg\u00edts\u00e9g<\/span>\u00a0<a href=\"https:\/\/maps.app.goo.gl\/ngTJyVVB96peQZ2L7\" target=\"_blank\" rel=\"noopener\"><span data-contrast=\"none\">EZEN<\/span><\/a><span data-contrast=\"auto\">\u00a0a hivatkoz\u00e1son<\/span><\/li>\n<li><a href=\"https:\/\/gnocco.hu\/ettermeink\/gnocco-corvin-setany\/\" target=\"_blank\" rel=\"noopener\"><span data-contrast=\"none\">Gnocco<\/span><\/a><span data-contrast=\"auto\">\u00a0\u00e9tterem 450 m\u00e9terre. T\u00e9rk\u00e9pes seg\u00edts\u00e9g<\/span>\u00a0<a href=\"https:\/\/maps.app.goo.gl\/PpnaD1WrpFqDMG7s5\" target=\"_blank\" rel=\"noopener\"><span data-contrast=\"none\">EZEN<\/span><\/a><span data-contrast=\"auto\">\u00a0a hivatkoz\u00e1son.<\/span><\/li>\n<li><span data-contrast=\"auto\">Baccara 210 m\u00e9terre. T\u00e9rk\u00e9pes seg\u00edts\u00e9g<\/span>\u00a0<a href=\"https:\/\/www.google.com\/search?client=firefox-b-d&amp;q=F3MJ%2BP3+Budapest\" target=\"_blank\" rel=\"noopener\"><span data-contrast=\"none\">EZEN<\/span><\/a><span data-contrast=\"auto\">\u00a0a hivatkoz\u00e1son.<\/span><\/li>\n<li><span data-contrast=\"auto\">G\u00f3lya b\u00fcf\u00e9 a Klinika udvar\u00e1n<\/span><\/li>\n<li><span data-contrast=\"auto\">A Corvin s\u00e9t\u00e1nyon t\u00f6bb \u00e9tkezde, street food is el\u00e9rhet\u0151<\/span><\/li>\n<\/ul>\n<\/div>\n<\/div>\n<h2><span style=\"background: #232f61;color: #ffffff\"><a id=\"Tajekoztato-tanfolyamaink-reszveteli-dijarol\"><\/a>T\u00e1j\u00e9koztat\u00f3 tanfolyamaink r\u00e9szv\u00e9teli d\u00edj\u00e1r\u00f3l<\/span><\/h2>\n<p>Tanfolyamainkon val\u00f3 r\u00e9szv\u00e9tel d\u00edja az <a href=\"https:\/\/www.oftex.hu\" target=\"_blank\" rel=\"noopener\">OFTEX port\u00e1lon<\/a>, a v\u00e1lasztott tanfolyam adatlapj\u00e1n szerepel.<\/p>\n<p>A NEFMI 64\/2011. (XI.29) rendelete lehet\u0151s\u00e9get biztos\u00edt a tov\u00e1bbk\u00e9pz\u00e9sre k\u00f6telezettek sz\u00e1m\u00e1ra \u00f6t \u00e9v alatt egy <strong>k\u00f6telez\u0151 szintentart\u00f3 tanfolyam<\/strong> T\u00c9R\u00cdT\u00c9SMENTES elv\u00e9gz\u00e9s\u00e9re. Amennyiben \u00d6n az \u00e1ltalunk szervezett szintentart\u00f3 tanfolyamn\u00e1l k\u00edv\u00e1n \u00e9lni ezzel a lehet\u0151s\u00e9ggel, azt k\u00e9rj\u00fck a jelentkez\u00e9si panelen jel\u00f6lje be az OFTEX port\u00e1lon.<\/p>\n<p>Azon tov\u00e1bbk\u00e9pz\u00e9sre k\u00f6telezettek t\u00e1mogat\u00e1s\u00e1ra, akik t\u00f6bb szakk\u00e9pes\u00edt\u00e9s\u00fcknek megfelel\u0151en t\u00f6bb szakm\u00e1t \u00f6n\u00e1ll\u00f3an gyakorolnak, a MOK Budapesti Ter\u00fcleti Szervezete p\u00e1ly\u00e1zati form\u00e1ban a r\u00e9szv\u00e9teli d\u00edj teljes eg\u00e9sz\u00e9t \u00e1tv\u00e1llalja az SE \u00e1ltal szervezett k\u00f6telez\u0151 szinten tart\u00f3 tanfolyamon t\u00e9r\u00edt\u00e9ses r\u00e9szv\u00e9tel eset\u00e9n, 5 \u00e9vente egy alkalommal (<a href=\"https:\/\/bpok.hu\/palyazati-felhivasok\/\" target=\"_blank\" rel=\"noopener\">bpok.hu\/palyazati-felhivasok\/<\/a>).<\/p>\n<p>Amennyiben \u00d6n a Semmelweis Egyetem munkat\u00e1rsa \u00e9s m\u00e1r \u00e9lt a k\u00f6telez\u0151 szintentart\u00f3 tanfolyamon val\u00f3 t\u00e9r\u00edt\u00e9smentes r\u00e9szv\u00e9tel lehet\u0151s\u00e9g\u00e9vel, 10 000 Ft befizet\u00e9s\u00e9vel r\u00e9szt vehet tanfolyamunkon.<\/p>\n<p>T\u00e9r\u00edt\u00e9sesek <strong>szakk\u00e9pz\u00e9si tanfolyamaink<\/strong> azoknak, akik k\u00f6lts\u00e9gt\u00e9r\u00edt\u00e9sesek \/ \u00fajabb els\u0151k\u00e9nt, valamint a r\u00e1\u00e9p\u00edtett szakk\u00e9pz\u00e9sben vesznek r\u00e9szt. Sz\u00e1mukra a tanfolyami k\u00f6lts\u00e9get a Szak- \u00e9s Tov\u00e1bbk\u00e9pz\u00e9si K\u00f6zpontnak nem \u00e1ll m\u00f3dj\u00e1ban megt\u00e9r\u00edteni, azokat \u00f6nk\u00f6lts\u00e9ges form\u00e1ban van m\u00f3d elv\u00e9gezni. Szint\u00e9n d\u00edjfizet\u00e9sre k\u00f6telezettek azok, akik m\u00e1s egyetemen vannak szakk\u00e9pz\u00e9sben.<\/p>\n<h2><span style=\"background: #232f61;color: #ffffff\"><a id=\"A-reszveteli-dij-befizetesenek-3-lehetseges-modja\"><\/a>A r\u00e9szv\u00e9teli d\u00edj befizet\u00e9s\u00e9nek 3 lehets\u00e9ges m\u00f3dja<\/span><\/h2>\n<ol>\n<li><strong><b><u data-olk-copy-source=\"MailCompose\">el\u0151re \u00e1tutal\u00e1ssal<\/u><\/b> \u2013 utal\u00e1s alapj\u00e1n a sz\u00e1ml\u00e1t a <b><u data-olk-copy-source=\"MailCompose\">jelentkez\u0151 r\u00e9sz\u00e9re<\/u><\/b> \u00e1ll\u00edtjuk ki\n<p>Az egyetem banksz\u00e1mlasz\u00e1ma:<\/strong> OTP 11784009-22236665<\/p>\n<p>A k\u00f6zlem\u00e9nybe felt\u00e9tlen\u00fcl sz\u00fcks\u00e9ges be\u00edrni: [tanfolyam OFTEX k\u00f3dsz\u00e1ma] + saj\u00e1t n\u00e9v (pl.: <em>SE-TK\/2022.I.\/00302. V\u00e1rnai Judit<\/em>)<\/p>\n<p>Minden befizet\u00e9sr\u0151l sz\u00e1ml\u00e1t \u00e1ll\u00edtunk ki, az utal\u00e1s be\u00e9rkez\u00e9s\u00e9t k\u00f6vet\u0151en. Sz\u00e1ml\u00e1z\u00e1shoz fontos, hogy az OFTEX-ben r\u00f6gz\u00edtve legyenek a jelentkez\u0151 mag\u00e1nszem\u00e9ly pontos sz\u00e1ml\u00e1z\u00e1si adatai (jelentkez\u0151 neve, sz\u00e1ml\u00e1z\u00e1si c\u00edme, ad\u00f3azonos\u00edt\u00f3 jele).<\/p>\n<p>A befizet\u00e9sr\u0151l sz\u00f3l\u00f3 bizonylatot k\u00e9rj\u00fck szkennelten megk\u00fcldeni a <a href=\"mailto:gyermektombig.szla@semmelweis.hu\">gyermektombig.szla@semmelweis.hu<\/a> c\u00edmre.<\/p>\n<\/li>\n<li><strong><b><u data-olk-copy-source=\"MailCompose\">el\u0151re \u00e1tutal\u00e1ssal<\/u><\/b> \u2013 utal\u00e1s alapj\u00e1n a sz\u00e1ml\u00e1t <b><u data-olk-copy-source=\"MailCompose\">C\u00c9G<\/u><\/b> (Kft., Bt. egy\u00e9ni v\u00e1llalkoz\u00f3, k\u00e9pz\u0151 int\u00e9zm\u00e9ny stb.) r\u00e9sz\u00e9re \u00e1ll\u00edtjuk ki<br \/>\n<\/strong><br \/>\nEz esetekben lepecs\u00e9telt, al\u00e1\u00edrt k\u00f6lts\u00e9gv\u00e1llal\u00f3 nyilatkozatot k\u00e9r\u00fcnk e-mailben megk\u00fcldeni a <a href=\"mailto:gyermektombig.szla@semmelweis.hu\">gyermektombig.szla@semmelweis.hu<\/a> c\u00edmre. A nyilatkozatot megtal\u00e1lja a <a href=\"#Letoltheto-nyomtatvanyok\">let\u00f6lthet\u0151 nyomtatv\u00e1nyok<\/a> k\u00f6z\u00f6tt.<\/p>\n<p><strong>Az egyetem banksz\u00e1mlasz\u00e1ma:<\/strong> OTP 11784009-22236665<\/p>\n<p>A k\u00f6zlem\u00e9nybe felt\u00e9tlen\u00fcl sz\u00fcks\u00e9ges be\u00edrni: [tanfolyam OFTEX k\u00f3dsz\u00e1ma] + jelentkez\u0151 neve (pl.: <em>SE-TK\/2022.I.\/00302. V\u00e1rnai Judit<\/em> \u2013 ez alapj\u00e1n tudjuk a r\u00e9sztvev\u0151t azonos\u00edtani.)<\/p>\n<p>Minden befizet\u00e9sr\u0151l sz\u00e1ml\u00e1t \u00e1ll\u00edtunk ki, az utal\u00e1s be\u00e9rkez\u00e9s\u00e9t k\u00f6vet\u0151en. A befizet\u00e9sr\u0151l sz\u00f3l\u00f3 bizonylatot k\u00e9rj\u00fck szkennelten megk\u00fcldeni a <a href=\"mailto:gyermektombig.szla@semmelweis.hu\">gyermektombig.szla@semmelweis.hu<\/a> c\u00edmre.<\/p>\n<p>K\u00e9rj\u00fck, hogy a t\u00e1rsegyetemek dolgoz\u00f3i saj\u00e1t banksz\u00e1ml\u00e1r\u00f3l <strong>ne utaljanak<\/strong>, ha egyetem\u00fck nev\u00e9re k\u00e9rnek sz\u00e1ml\u00e1t!<\/p>\n<\/li>\n<li><strong><b><u data-olk-copy-source=\"MailCompose\">ut\u00f3lagos \u00e1tutal\u00e1ssal<\/u><\/b> \u2013 utal\u00e1s alapj\u00e1n a sz\u00e1ml\u00e1t <b><u data-olk-copy-source=\"MailCompose\">C\u00c9G<\/u><\/b> (Kft., Bt. egy\u00e9ni v\u00e1llalkoz\u00f3, k\u00e9pz\u0151 int\u00e9zm\u00e9ny stb.) r\u00e9sz\u00e9re \u00e1ll\u00edtjuk ki<br \/>\n<\/strong><br \/>\nEz esetekben lepecs\u00e9telt, al\u00e1\u00edrt k\u00f6lts\u00e9gv\u00e1llal\u00f3 nyilatkozatot k\u00e9r\u00fcnk e-mailben megk\u00fcldeni a <a href=\"mailto:gyermektombig.szla@semmelweis.hu\">gyermektombig.szla@semmelweis.hu<\/a> c\u00edmre, melynek tartalmaznia kell a c\u00e9g nev\u00e9t, c\u00edm\u00e9t, ad\u00f3sz\u00e1m\u00e1t. Kiz\u00e1r\u00f3lag a C\u00c9G r\u00e9sz\u00e9re lehets\u00e9ges az ut\u00f3lagos teljes\u00edt\u00e9s! A nyilatkozatot megtal\u00e1lja a <a href=\"#Letoltheto-nyomtatvanyok\">let\u00f6lthet\u0151 nyomtatv\u00e1nyok<\/a> k\u00f6z\u00f6tt.<\/p>\n<p><strong>Az egyetem banksz\u00e1mlasz\u00e1ma:<\/strong> OTP 11784009-22236665<\/p>\n<p>A k\u00f6zlem\u00e9nybe felt\u00e9tlen\u00fcl sz\u00fcks\u00e9ges be\u00edrni: [tanfolyam OFTEX k\u00f3dsz\u00e1ma] + jelentkez\u0151 neve (pl.: <em>SE-TK\/2022.I.\/00302. V\u00e1rnai Judit<\/em> \u2013 ez alapj\u00e1n tudjuk a r\u00e9sztvev\u0151t azonos\u00edtani.)<\/p>\n<p>Minden befizet\u00e9sr\u0151l sz\u00e1ml\u00e1t \u00e1ll\u00edtunk ki, az utal\u00e1s be\u00e9rkez\u00e9s\u00e9t k\u00f6vet\u0151en. A befizet\u00e9sr\u0151l sz\u00f3l\u00f3 bizonylatot k\u00e9rj\u00fck szkennelten megk\u00fcldeni a <a href=\"mailto:gyermektombig.szla@semmelweis.hu\">gyermektombig.szla@semmelweis.hu<\/a> c\u00edmre.<\/p>\n<p>K\u00e9rj\u00fck, hogy a t\u00e1rsegyetemek dolgoz\u00f3i saj\u00e1t banksz\u00e1ml\u00e1r\u00f3l <strong>ne utaljanak<\/strong>, ha egyetem\u00fck nev\u00e9re k\u00e9rnek sz\u00e1ml\u00e1t!<\/li>\n<\/ol>\n<p><strong>Amennyiben tov\u00e1bbi inform\u00e1ci\u00f3ra van sz\u00fcks\u00e9ge a sz\u00e1ml\u00e1z\u00e1ssal kapcsolatban, k\u00e9szs\u00e9ggel \u00e1llunk rendelkez\u00e9s\u00e9re a k\u00f6vetkez\u0151 e-mail c\u00edmen: <a href=\"mailto:gyermektombig.szla@semmelweis.hu\">gyermektombig.szla@semmelweis.hu<\/a><\/strong><\/p>\n<\/div>\n<h2><span style=\"background: #232f61;color: #ffffff\"><a id=\"Letoltheto-nyomtatvanyok\"><\/a>Let\u00f6lthet\u0151 nyomtatv\u00e1nyok<\/span><\/h2>\n<p><a href=\"https:\/\/semmelweis.hu\/bokayklinika\/files\/2025\/09\/Koltsegvallalasi-nyilatkozat.docx\">K\u00f6lts\u00e9gv\u00e1llal\u00e1si nyilatkozat<\/a><\/p>\n","protected":false},"excerpt":{"rendered":"<p>Tartalomjegyz\u00e9k: <a href=\"#Tovabbkepzeseinkrol\">Tov\u00e1bbk\u00e9pz\u00e9seinkr\u0151l<\/a> <a href=\"#Tanfolyamaink\">Tanfolyamaink<\/a> <a href=\"#Tajekoztato-tanfolyamaink-reszveteli-dijarol\">T\u00e1j\u00e9koztat\u00f3 tanfolyamaink r\u00e9szv\u00e9teli d\u00edj\u00e1r\u00f3l<\/a> <a href=\"#A-reszveteli-dij-befizetesenek-3-lehetseges-modja\">A r\u00e9szv\u00e9teli d\u00edj befizet\u00e9s\u00e9nek 3 lehets\u00e9ges m\u00f3dja<\/a> <a href=\"#Letoltheto-nyomtatvanyok\">Let\u00f6lthet\u0151 nyomtatv\u00e1nyok<\/a> <a id=\"Tovabbkepzeseinkrol\"><\/a> Tov\u00e1bbk\u00e9pz\u00e9seinkr\u0151l A Semmelweis Egyetem Gyermekgy\u00f3gy\u00e1szati Klinik\u00e1j\u00e1n \u2013 haz\u00e1nk legels\u0151, Eur\u00f3pa negyedik legr\u00e9gebbi gyermekgy\u00f3gyint\u00e9zet\u00e9ben \u2013 a tov\u00e1bbk\u00e9pz\u00e9sek k\u00f6zvetlen\u00fcl a betegell\u00e1t\u00e1s sz\u00e9les k\u00f6r\u0171 klinikai tapasztalataira \u00e9p\u00fclnek. A B\u00f3kay \u00e9s T\u0171zolt\u00f3 utcai r\u00e9szlegek \u00e9vente mintegy 230 000 j\u00e1r\u00f3beteg \u00e9s t\u00f6bb mint 20 000 fekv\u0151beteg ell\u00e1t\u00e1s\u00e1t biztos\u00edtj\u00e1k, az orsz\u00e1g gyermekbetegeinek mintegy 14%-a itt kap kezel\u00e9st. Sz\u00e1mos betegs\u00e9g orsz\u00e1gos &hellip;<\/p>\n","protected":false},"author":101853,"featured_media":0,"parent":13,"menu_order":5,"comment_status":"closed","ping_status":"closed","template":"","meta":{"_acf_changed":false,"footnotes":""},"categories":[],"tags":[],"class_list":["post-2880","page","type-page","status-publish","hentry"],"acf":[],"_links":{"self":[{"href":"https:\/\/semmelweis.hu\/bokayklinika\/wp-json\/wp\/v2\/pages\/2880","targetHints":{"allow":["GET"]}}],"collection":[{"href":"https:\/\/semmelweis.hu\/bokayklinika\/wp-json\/wp\/v2\/pages"}],"about":[{"href":"https:\/\/semmelweis.hu\/bokayklinika\/wp-json\/wp\/v2\/types\/page"}],"author":[{"embeddable":true,"href":"https:\/\/semmelweis.hu\/bokayklinika\/wp-json\/wp\/v2\/users\/101853"}],"replies":[{"embeddable":true,"href":"https:\/\/semmelweis.hu\/bokayklinika\/wp-json\/wp\/v2\/comments?post=2880"}],"version-history":[{"count":12,"href":"https:\/\/semmelweis.hu\/bokayklinika\/wp-json\/wp\/v2\/pages\/2880\/revisions"}],"predecessor-version":[{"id":8139,"href":"https:\/\/semmelweis.hu\/bokayklinika\/wp-json\/wp\/v2\/pages\/2880\/revisions\/8139"}],"up":[{"embeddable":true,"href":"https:\/\/semmelweis.hu\/bokayklinika\/wp-json\/wp\/v2\/pages\/13"}],"wp:attachment":[{"href":"https:\/\/semmelweis.hu\/bokayklinika\/wp-json\/wp\/v2\/media?parent=2880"}],"wp:term":[{"taxonomy":"category","embeddable":true,"href":"https:\/\/semmelweis.hu\/bokayklinika\/wp-json\/wp\/v2\/categories?post=2880"},{"taxonomy":"post_tag","embeddable":true,"href":"https:\/\/semmelweis.hu\/bokayklinika\/wp-json\/wp\/v2\/tags?post=2880"}],"curies":[{"name":"wp","href":"https:\/\/api.w.org\/{rel}","templated":true}]}}