{"id":2851,"date":"2021-08-15T14:16:45","date_gmt":"2021-08-15T12:16:45","guid":{"rendered":"https:\/\/semmelweis.hu\/gyermekklinika1\/?page_id=2851"},"modified":"2026-03-12T12:00:26","modified_gmt":"2026-03-12T11:00:26","slug":"adatvedelem","status":"publish","type":"page","link":"https:\/\/semmelweis.hu\/bokayklinika\/a-gyermekgyogyaszati-klinika-bokay-utcai-reszleg-bemutatasa\/adatvedelem\/","title":{"rendered":"Adatv\u00e9delem"},"content":{"rendered":"<p style=\"text-align: center\">A Semmelweis Egyetemen a szem\u00e9lyes \u00e9s k\u00fcl\u00f6nleges adatok kezel\u00e9se \u00e9s v\u00e9delme a jogszab\u00e1lyoknak megfelel\u0151en, biztons\u00e1gosan t\u00f6rt\u00e9nik.<\/p>\n<p style=\"text-align: center\">Ezt a\u00a0<a href=\"https:\/\/semmelweis.hu\/jogigfoig\/dokumentumtar\/szabalyzattar\/adatvedelmi-szabalyzat\/\" target=\"_blank\" rel=\"noopener\"><strong>Semmelweis Egyetem Adatv\u00e9delmi \u00e9s K\u00f6zz\u00e9t\u00e9teli Szab\u00e1lyzata<\/strong><\/a>\u00a0foglalja \u00f6ssze.<\/p>\n<p style=\"text-align: center\">Az egyetemi adatv\u00e9delmi felel\u0151s alapvet\u0151 feladata, hogy az Adatv\u00e9delmi Szab\u00e1lyzatban r\u00f6gz\u00edtett feladatait teljes\u00edtve gondoskodjon az egyetem adatv\u00e9delmi \u00e9s az ezzel \u00f6sszef\u00fcgg\u0151 adatbiztons\u00e1gi szempontokat kiel\u00e9g\u00edt\u0151 m\u0171k\u00f6d\u00e9s\u00e9r\u0151l.<\/p>\n<h4 style=\"text-align: center\"><strong>A Semmelweis Egyetem adatv\u00e9delmi tisztvisel\u0151je:<\/strong><\/h4>\n<p style=\"text-align: center\"><strong>Dr. Tr\u00f3cs\u00e1nyi S\u00e1ra<\/strong><br \/>\n1085 Budapest, Baross utca 52.<br \/>\nTel.: 06-1\/459-1500\/62710<\/p>\n<p style=\"text-align: center\"><strong>E-mail:<\/strong>\u00a0<a href=\"mailto:adatvedelem@semmelweis.hu\" target=\"_blank\" rel=\"noopener\">adatvedelem@semmelweis.hu<\/a><\/p>\n<div class=\"keretes w-100\">\n<p>A Semmelweis Egyetem <strong>Gyermekgy\u00f3gy\u00e1szati Klinika B\u00f3kay utcai r\u00e9szleg adatkezel\u00e9si t\u00e1j\u00e9koztat\u00f3ja<\/strong>:<\/p>\n<ul>\n<li><strong><a href=\"https:\/\/semmelweis.hu\/bokayklinika\/files\/2023\/09\/Adatkezelesi-tajekoztato.pdf\" target=\"_blank\" rel=\"noopener\">Adatkezel\u00e9si t\u00e1j\u00e9koztat\u00f3 a szem\u00e9lyes adatok kezel\u00e9s\u00e9r\u0151l<\/a><\/strong> sz\u00f3l\u00f3 nyilv\u00e1ntart\u00e1s\u00a0<\/li>\n<\/ul>\n<p>A Semmelweis Egyetem Adatv\u00e9delmi \u00e9s Betegjogi K\u00f6zpontj\u00e1nak j\u00f3v\u00e1hagy\u00e1s\u00e1val elk\u00e9sz\u00edtett\u00fck az Egyetem Gyermekgy\u00f3gy\u00e1szati Klinika B\u00f3kay utcai r\u00e9szleg\u00e9re vonatkoz\u00f3 <strong>Adatkezel\u00e9si nyilv\u00e1ntart\u00e1sainkat Excel t\u00e1bl\u00e1zatban:<\/strong><\/p>\n<ul>\n<li><a href=\"https:\/\/semmelweis.hu\/bokayklinika\/files\/2026\/02\/Adatkezelesi-nyilvantartas-2024_1.-Fekvobeteg-ellatas-3.xlsx\" target=\"_blank\" rel=\"noopener\">Fekv\u0151beteg-ell\u00e1t\u00e1sok<\/a><\/li>\n<li><a href=\"https:\/\/semmelweis.hu\/bokayklinika\/files\/2026\/02\/Adatkezelesi-nyilvantartas-2024_1.-Jarobeteg-ellatas-3.xlsx\" target=\"_blank\" rel=\"noopener\">J\u00e1r\u00f3beteg-ell\u00e1t\u00e1sok<\/a><\/li>\n<li><a href=\"https:\/\/semmelweis.hu\/bokayklinika\/files\/2026\/02\/Adatkezelesi-nyilvantartas-2024_1.-Tudomanyos-kutatas-2.xlsx\" target=\"_blank\" rel=\"noopener\">Tudom\u00e1nyos kutat\u00e1sok<\/a><\/li>\n<li><a href=\"https:\/\/semmelweis.hu\/bokayklinika\/files\/2026\/02\/Adatkezelesi-nyilvantartas-2024-1.-Oktatas-szervezes.xlsx\" target=\"_blank\" rel=\"noopener\">Oktat\u00e1s-szervez\u00e9s<\/a><\/li>\n<li><a href=\"https:\/\/semmelweis.hu\/bokayklinika\/files\/2026\/03\/Adatkezelesi-nyilvantartas-2026_1.-Titkarsag-3.xlsx\" target=\"_blank\" rel=\"noopener\">Titk\u00e1rs\u00e1g<\/a><\/li>\n<li><a href=\"https:\/\/semmelweis.hu\/bokayklinika\/files\/2026\/02\/Adatkezelesi-tajekoztato-2024_1.-Munkaugy-Eu.szolg-2.xlsx\" target=\"_blank\" rel=\"noopener\">Munka\u00fcgy<\/a><\/li>\n<\/ul>\n<\/div>\n<h2>A Semmelweis Egyetem Adatkezel\u00e9si t\u00e1j\u00e9koztat\u00f3i:<\/h2>\n<ul>\n<li style=\"text-align: justify\"><a href=\"https:\/\/semmelweis.hu\/tuzoltoklinika\/files\/2021\/07\/Adatkezelesi-tajekoztato_hallgato.pdf\" target=\"_blank\" rel=\"noopener noreferrer\">Adatkezel\u00e9si t\u00e1j\u00e9koztat\u00f3 a szem\u00e9lyes adatok kezel\u00e9s\u00e9r\u0151l \u2013 a hallgat\u00f3i jogviszonyhoz kapcsol\u00f3d\u00f3an<\/a><\/li>\n<li style=\"text-align: justify\"><a href=\"https:\/\/semmelweis.hu\/tuzoltoklinika\/files\/2021\/07\/Adatkezelesi-tajekoztato_munkavallalo.pdf\" target=\"_blank\" rel=\"noopener noreferrer\">Adatkezel\u00e9si t\u00e1j\u00e9koztat\u00f3 a szem\u00e9lyes adatok kezel\u00e9s\u00e9r\u0151l \u2013 a munkav\u00e9gz\u00e9sre ir\u00e1nyul\u00f3 jogviszonyhoz kapcsol\u00f3d\u00f3an<\/a><\/li>\n<li style=\"text-align: justify\"><a href=\"https:\/\/semmelweis.hu\/tuzoltoklinika\/files\/2021\/07\/Adatkezelesi-tajekoztato_egeszsegugyi-ellatas.pdf\" target=\"_blank\" rel=\"noopener noreferrer\">Adatkezel\u00e9si t\u00e1j\u00e9koztat\u00f3 a szem\u00e9lyes adatok kezel\u00e9s\u00e9r\u0151l \u2013 az eg\u00e9szs\u00e9g\u00fcgyi ell\u00e1t\u00e1shoz kapcsol\u00f3d\u00f3an<\/a><\/li>\n<li style=\"text-align: justify\"><a href=\"https:\/\/semmelweis.hu\/tuzoltoklinika\/files\/2021\/07\/Adatkezelesi-tajekoztato_kutatas.pdf\" target=\"_blank\" rel=\"noopener noreferrer\">Adatkezel\u00e9si t\u00e1j\u00e9koztat\u00f3 a szem\u00e9lyes adatok kezel\u00e9s\u00e9r\u0151l \u2013 az orvostudom\u00e1nyi kutat\u00e1sokhoz kapcsol\u00f3d\u00f3an<\/a><\/li>\n<li style=\"text-align: justify\"><a href=\"https:\/\/semmelweis.hu\/tuzoltoklinika\/files\/2023\/03\/Adatkezelesi-tajekoztato_2023.pdf\" target=\"_blank\" rel=\"noopener\">Adatkezel\u00e9si t\u00e1j\u00e9koztat\u00f3 az adatkezel\u00e9sek \u00e1ltal \u00e9rintett szem\u00e9lyek r\u00e9sz\u00e9re a Semmelweis Egyetem Gyermekgy\u00f3gy\u00e1szati Klinika B\u00f3kay utcai r\u00e9szlege \u00e1ltal v\u00e9gzett szem\u00e9lyes adatkezel\u00e9sekr\u0151l<\/a><\/li>\n<\/ul>\n","protected":false},"excerpt":{"rendered":"<p>A Semmelweis Egyetemen a szem\u00e9lyes \u00e9s k\u00fcl\u00f6nleges adatok kezel\u00e9se \u00e9s v\u00e9delme a jogszab\u00e1lyoknak megfelel\u0151en, biztons\u00e1gosan t\u00f6rt\u00e9nik. Ezt a\u00a0 <a href=\"https:\/\/semmelweis.hu\/jogigfoig\/dokumentumtar\/szabalyzattar\/adatvedelmi-szabalyzat\/\" target=\"_blank\" rel=\"noopener\">Semmelweis Egyetem Adatv\u00e9delmi \u00e9s K\u00f6zz\u00e9t\u00e9teli Szab\u00e1lyzata<\/a> \u00a0foglalja \u00f6ssze. Az egyetemi adatv\u00e9delmi felel\u0151s alapvet\u0151 feladata, hogy az Adatv\u00e9delmi Szab\u00e1lyzatban r\u00f6gz\u00edtett feladatait teljes\u00edtve gondoskodjon az egyetem adatv\u00e9delmi \u00e9s az ezzel \u00f6sszef\u00fcgg\u0151 adatbiztons\u00e1gi szempontokat kiel\u00e9g\u00edt\u0151 m\u0171k\u00f6d\u00e9s\u00e9r\u0151l. A Semmelweis Egyetem adatv\u00e9delmi tisztvisel\u0151je: Dr. Tr\u00f3cs\u00e1nyi S\u00e1ra 1085 Budapest, &hellip;<\/p>\n","protected":false},"author":101853,"featured_media":0,"parent":8,"menu_order":7,"comment_status":"closed","ping_status":"closed","template":"","meta":{"_acf_changed":false,"footnotes":""},"categories":[],"tags":[],"class_list":["post-2851","page","type-page","status-publish","hentry"],"acf":[],"_links":{"self":[{"href":"https:\/\/semmelweis.hu\/bokayklinika\/wp-json\/wp\/v2\/pages\/2851","targetHints":{"allow":["GET"]}}],"collection":[{"href":"https:\/\/semmelweis.hu\/bokayklinika\/wp-json\/wp\/v2\/pages"}],"about":[{"href":"https:\/\/semmelweis.hu\/bokayklinika\/wp-json\/wp\/v2\/types\/page"}],"author":[{"embeddable":true,"href":"https:\/\/semmelweis.hu\/bokayklinika\/wp-json\/wp\/v2\/users\/101853"}],"replies":[{"embeddable":true,"href":"https:\/\/semmelweis.hu\/bokayklinika\/wp-json\/wp\/v2\/comments?post=2851"}],"version-history":[{"count":11,"href":"https:\/\/semmelweis.hu\/bokayklinika\/wp-json\/wp\/v2\/pages\/2851\/revisions"}],"predecessor-version":[{"id":8090,"href":"https:\/\/semmelweis.hu\/bokayklinika\/wp-json\/wp\/v2\/pages\/2851\/revisions\/8090"}],"up":[{"embeddable":true,"href":"https:\/\/semmelweis.hu\/bokayklinika\/wp-json\/wp\/v2\/pages\/8"}],"wp:attachment":[{"href":"https:\/\/semmelweis.hu\/bokayklinika\/wp-json\/wp\/v2\/media?parent=2851"}],"wp:term":[{"taxonomy":"category","embeddable":true,"href":"https:\/\/semmelweis.hu\/bokayklinika\/wp-json\/wp\/v2\/categories?post=2851"},{"taxonomy":"post_tag","embeddable":true,"href":"https:\/\/semmelweis.hu\/bokayklinika\/wp-json\/wp\/v2\/tags?post=2851"}],"curies":[{"name":"wp","href":"https:\/\/api.w.org\/{rel}","templated":true}]}}