{"id":2757,"date":"2021-06-21T10:14:42","date_gmt":"2021-06-21T08:14:42","guid":{"rendered":"https:\/\/semmelweis.hu\/gyermekklinika1\/?page_id=2757"},"modified":"2021-06-21T10:48:57","modified_gmt":"2021-06-21T08:48:57","slug":"konferenciak","status":"publish","type":"page","link":"https:\/\/semmelweis.hu\/bokayklinika\/kutatas\/konferenciak\/","title":{"rendered":"Konferenci\u00e1k"},"content":{"rendered":"<table style=\"border-collapse: collapse;width: 100%;height: 587px\">\n<tbody>\n<tr style=\"height: 32px\">\n<td style=\"width: 25%;text-align: center;height: 32px\"><strong>Name<\/strong><\/td>\n<td style=\"width: 25%;text-align: center;height: 32px\"><strong>Time<\/strong><\/td>\n<td style=\"width: 1.00908%;text-align: center;height: 32px\"><strong>Link<\/strong><\/td>\n<td style=\"width: 48.9909%;text-align: center;height: 32px\"><strong>Short description<\/strong><\/td>\n<\/tr>\n<tr style=\"height: 62px\">\n<td style=\"width: 25%;height: 62px\">Semmelweis 250 Clinical Conference<\/td>\n<td style=\"width: 25%;height: 62px\">Nov 9-10, 2020<\/td>\n<td style=\"width: 1.00908%;height: 62px\">https:\/\/semmelweis.hu\/250\/en\/ semmelweis-250-clinical-conference\/<\/td>\n<td style=\"width: 48.9909%\" width=\"322\" data-sheets-value=\"{&quot;1&quot;:2,&quot;2&quot;:&quot;As part of its 250-anniversary event series, Semmelweis University hosted a large-scale, unique international clinical conference with more than 70 renowned national and international speakers, providing a multidisciplinary overview of innovations and developments in different fields of clinical medicine.  &quot;}\">\n<p>As part of its 250-anniversary event series, Semmelweis University hosted a large-scale, unique international clinical conference with more than 70 renowned national and international speakers, providing a multidisciplinary overview of innovations and developments in different fields of clinical medicine.<\/p>\n<\/td>\n<\/tr>\n<tr style=\"height: 32px\">\n<td style=\"width: 25%;height: 32px\">Parenchyma meeting<\/td>\n<td style=\"width: 25%;height: 32px\">Jan 06 -30, 2019<\/td>\n<td style=\"width: 1.00908%;height: 32px\">https:\/\/renalmri.org\/action\/19\u00a0<\/td>\n<td style=\"width: 48.9909%\" width=\"322\" data-sheets-value=\"{&quot;1&quot;:2,&quot;2&quot;:&quot;Dissemination and exploitation strategies of PARENCHYMA action group.&quot;}\">\n<p>Dissemination and exploitation strategies of PARENCHYMA action group.<\/p>\n<\/td>\n<\/tr>\n<tr style=\"height: 32px\">\n<td style=\"width: 25%;height: 32px\">Parenchyma meeting<\/td>\n<td style=\"width: 25%;height: 32px\">Jul 10-11, 2017<\/td>\n<td style=\"width: 1.00908%;height: 32px\">https:\/\/renalmri.org\/action\/15<\/td>\n<td style=\"width: 48.9909%\" width=\"322\" data-sheets-value=\"{&quot;1&quot;:2,&quot;2&quot;:&quot;Kick off congress of renal fMRI working group.&quot;}\">\n<p>Kick off congress of renal fMRI working group.<\/p>\n<\/td>\n<\/tr>\n<tr style=\"height: 91px\">\n<td style=\"width: 25%;height: 91px\">Cambrigde-Oxford-Semmelweis Neonatology Seminar Series<\/td>\n<td style=\"width: 25%;height: 91px\">2017<\/td>\n<td style=\"width: 1.00908%;height: 91px\">\u00a0<\/td>\n<td style=\"width: 48.9909%\" width=\"322\" data-sheets-value=\"{&quot;1&quot;:2,&quot;2&quot;:&quot;A series of 3 seminars were topic-based educational opportunities on neonatal ventilation, hypoglycaemia and jaundice management. Latest advances of neonatal medicine was discussed among respected experts in the field including Dr. Zoltan Molnar from Oxford University, Dr. Gusztav Belteki from Cambridge University, Dr. Laszlo Gardos, president-elect of the Hungarian Pediatric Society and Dr. Miklos Szab\u00f3, chief of Neonatal services at the 1st Department of Pediatric, Semmelweis University.&quot;}\">\n<p>A series of 3 seminars were topic-based educational opportunities on neonatal ventilation, hypoglycaemia and jaundice management. Latest advances of neonatal medicine was discussed among respected experts in the field including Dr. Zoltan Molnar from Oxford University, Dr. Gusztav Belteki from Cambridge University, Dr. Laszlo Gardos, president-elect of the Hungarian Pediatric Society and Dr. Miklos Szab\u00f3, chief of Neonatal services at the 1st Department of Pediatric, Semmelweis University.<\/p>\n<\/td>\n<\/tr>\n<tr style=\"height: 32px\">\n<td style=\"width: 25%;height: 32px\">EC vesicle lecture series<\/td>\n<td style=\"width: 25%;height: 32px\">May 2019<\/td>\n<td style=\"width: 1.00908%;height: 32px\">\u00a0<\/td>\n<td style=\"width: 48.9909%\" width=\"322\" data-sheets-value=\"{&quot;1&quot;:2,&quot;2&quot;:&quot;A series of lectures with internationally recognized participants, including Edit Buz\u00e1s (Semmelweis University), Gabriella P\u00f3csfalvi (Institute of Biosciences and BioResources, National Research Council of Italy), Zolt\u00e1n Varga (Biological Nanochemistry Research Group, Institute of Materials and Environmental Chemistry, MTA) and Be\u00e1ta Szebeni (Semmelweis University) were held about the origin, characterisation, biology and the possible therapeutic use of extracellular vesicles.&quot;}\">\n<p>A series of lectures with internationally recognized participants, including Edit Buz\u00e1s (Semmelweis University), Gabriella P\u00f3csfalvi (Institute of Biosciences and BioResources, National Research Council of Italy), Zolt\u00e1n Varga (Biological Nanochemistry Research Group, Institute of Materials and Environmental Chemistry, MTA) and Be\u00e1ta Szebeni (Semmelweis University) were held about the origin, characterisation, biology and the possible therapeutic use of extracellular vesicles.<\/p>\n<\/td>\n<\/tr>\n<tr style=\"height: 91px\">\n<td style=\"width: 25%;height: 91px\">ESPGHAN Hepatology Summer School, 2016, Visegr\u00e1d<\/td>\n<td style=\"width: 25%;height: 91px\">April 27-30, 2016<\/td>\n<td style=\"width: 1.00908%;height: 91px\">https:\/\/issuu.com\/misandbos\/ docs\/ pediatric_hepatology_school_ 2016_pr<\/td>\n<td style=\"width: 48.9909%\" width=\"322\" data-sheets-value=\"{&quot;1&quot;:2,&quot;2&quot;:&quot;Educational event on pathology, diagnosis and treatment of liver diseases in children.&quot;}\">\n<p>Educational event on pathology, diagnosis and treatment of liver diseases in children.<\/p>\n<\/td>\n<\/tr>\n<tr style=\"height: 121px\">\n<td style=\"width: 25%;height: 121px\">ESPGHAN Monothematic Conference on Familial Cholestasis, Budapest, Hungary<\/td>\n<td style=\"width: 25%;height: 121px\">January 26-28, 2017<\/td>\n<td style=\"width: 1.00908%;height: 121px\">https:\/\/www.espghan.org\/dam\/ jcr:734f4804-3c55-4229-9b1a-005ac1d6e53a\/ESPGHAN _2019_Triannual_Report_ web%20(1).pdf<\/td>\n<td style=\"width: 48.9909%\" width=\"322\" data-sheets-value=\"{&quot;1&quot;:2,&quot;2&quot;:&quot;Educational and scientific event dedicated to a specific liver disease.&quot;}\">\n<p>Educational and scientific event dedicated to a specific liver disease.<\/p>\n<\/td>\n<\/tr>\n<tr style=\"height: 62px\">\n<td style=\"width: 25%;height: 62px\">10th European ZebraFish Meeting<\/td>\n<td style=\"width: 25%;height: 62px\">July 3-7, 2017<\/td>\n<td style=\"width: 1.00908%;height: 62px\">http:\/\/zebrafish2017.org\/<\/td>\n<td style=\"width: 48.9909%\" width=\"322\" data-sheets-value=\"{&quot;1&quot;:2,&quot;2&quot;:&quot;European zebrafish conference organised in collaboration with Dr. Mate Varga, Eotvos Lorand University, Faculty of Sciences.&quot;}\">\n<p>European zebrafish conference organised in collaboration with Dr. Mate Varga, Eotvos Lorand University, Faculty of Sciences.<\/p>\n<\/td>\n<\/tr>\n<tr style=\"height: 32px\">\n<td style=\"width: 25%;height: 32px\">ERA-EDTA 2019<\/td>\n<td style=\"width: 25%;height: 32px\">Jun 13-16, 2019<\/td>\n<td style=\"width: 1.00908%;height: 32px\">https:\/\/www.era-edta2019. org\/<\/td>\n<td style=\"width: 48.9909%\" width=\"322\" data-sheets-value=\"{&quot;1&quot;:2,&quot;2&quot;:&quot;Largest European nephrology meeting wich is held yearly. The 56th conference organised by Prof. Gyorgy Reusz was dedicated to \u201cPrecision Nephrology\u201d.&quot;}\">\n<p>Largest European nephrology meeting wich is held yearly. The 56th conference organised by Prof. Gyorgy Reusz was dedicated to \u201cPrecision Nephrology\u201d.<\/p>\n<\/td>\n<\/tr>\n<\/tbody>\n<\/table>\n","protected":false},"excerpt":{"rendered":"<p>Name Time Link Short description Semmelweis 250 Clinical Conference Nov 9-10, 2020 https:\/\/semmelweis.hu\/250\/en\/ semmelweis-250-clinical-conference\/ As part of its 250-anniversary event series, Semmelweis University hosted a large-scale, unique international clinical conference with more than 70 renowned national and international speakers, providing a multidisciplinary overview of innovations and developments in different fields of clinical medicine. Parenchyma meeting &hellip;<\/p>\n","protected":false},"author":101853,"featured_media":0,"parent":15,"menu_order":0,"comment_status":"closed","ping_status":"closed","template":"","meta":{"_acf_changed":false,"footnotes":""},"categories":[],"tags":[],"class_list":["post-2757","page","type-page","status-publish","hentry"],"acf":[],"_links":{"self":[{"href":"https:\/\/semmelweis.hu\/bokayklinika\/wp-json\/wp\/v2\/pages\/2757","targetHints":{"allow":["GET"]}}],"collection":[{"href":"https:\/\/semmelweis.hu\/bokayklinika\/wp-json\/wp\/v2\/pages"}],"about":[{"href":"https:\/\/semmelweis.hu\/bokayklinika\/wp-json\/wp\/v2\/types\/page"}],"author":[{"embeddable":true,"href":"https:\/\/semmelweis.hu\/bokayklinika\/wp-json\/wp\/v2\/users\/101853"}],"replies":[{"embeddable":true,"href":"https:\/\/semmelweis.hu\/bokayklinika\/wp-json\/wp\/v2\/comments?post=2757"}],"version-history":[{"count":4,"href":"https:\/\/semmelweis.hu\/bokayklinika\/wp-json\/wp\/v2\/pages\/2757\/revisions"}],"predecessor-version":[{"id":2763,"href":"https:\/\/semmelweis.hu\/bokayklinika\/wp-json\/wp\/v2\/pages\/2757\/revisions\/2763"}],"up":[{"embeddable":true,"href":"https:\/\/semmelweis.hu\/bokayklinika\/wp-json\/wp\/v2\/pages\/15"}],"wp:attachment":[{"href":"https:\/\/semmelweis.hu\/bokayklinika\/wp-json\/wp\/v2\/media?parent=2757"}],"wp:term":[{"taxonomy":"category","embeddable":true,"href":"https:\/\/semmelweis.hu\/bokayklinika\/wp-json\/wp\/v2\/categories?post=2757"},{"taxonomy":"post_tag","embeddable":true,"href":"https:\/\/semmelweis.hu\/bokayklinika\/wp-json\/wp\/v2\/tags?post=2757"}],"curies":[{"name":"wp","href":"https:\/\/api.w.org\/{rel}","templated":true}]}}