{"id":2426,"date":"2021-03-01T22:45:39","date_gmt":"2021-03-01T21:45:39","guid":{"rendered":"https:\/\/semmelweis.hu\/gyermekklinika1\/?page_id=2426"},"modified":"2026-02-19T15:48:57","modified_gmt":"2026-02-19T14:48:57","slug":"dr-marer-vera-dij","status":"publish","type":"page","link":"https:\/\/semmelweis.hu\/bokayklinika\/kutatas\/dr-marer-vera-dij\/","title":{"rendered":"Dr. M\u00e1rer Vera-d\u00edj"},"content":{"rendered":"<div class=\"responsive-tabs\">\n<h2 class=\"tabtitle\"><strong>A d\u00edjr\u00f3l<\/strong><\/h2>\n<div class=\"tabcontent\">\n\n<p>A Semmelweis Alap\u00edtv\u00e1ny c\u00e9lzottan kapott t\u00e1mogat\u00e1s (hagyom\u00e1ny) keret\u00e9ben, Dr. M\u00e1rer Vera gyermekgy\u00f3gy\u00e1sz orvos eml\u00e9k\u00e9t meg\u0151rizve, d\u00edjat alap\u00edtott.<\/p>\n<p>A d\u00edj neve: <strong>Dr. M\u00e1rer Vera-d\u00edj<\/strong><\/p>\n<p>A d\u00edjat minden \u00e9vben p\u00e1ly\u00e1zat \u00fatj\u00e1n <strong>a Semmelweis Egyetem fels\u0151fok\u00fa v\u00e9gzetts\u00e9ggel rendelkez\u0151, maximum 2 f\u0151 munkat\u00e1rsa nyerheti el, akik a gyermekgy\u00f3gy\u00e1szat ter\u00fclet\u00e9n dolgoznak \u00e9s 36. \u00e9let\u00e9v\u00fcket m\u00e9g nem t\u00f6lt\u00f6tt\u00e9k be<\/strong> (h\u00f6lgyek eset\u00e9ben a korhat\u00e1r gyermekenk\u00e9nt 2 \u00e9vvel, de maximum a 41. \u00e9let\u00e9v bet\u00f6lt\u00e9s\u00e9ig kitol\u00f3dhat).<\/p>\n<p>A d\u00edj k\u00e9t f\u0151 c\u00e9lja:<\/p>\n<ol>\n<li>A fiatal, gyermekgy\u00f3gy\u00e1szat ter\u00fclet\u00e9n dolgoz\u00f3 munkat\u00e1rs eddigi munk\u00e1j\u00e1nak elismer\u00e9se.<\/li>\n<li>A d\u00edjat elnyer\u0151 tudom\u00e1nyos munk\u00e1j\u00e1nak t\u00e1mogat\u00e1sa.<\/li>\n<\/ol>\n<p>A kurat\u00f3rium<br \/>\neln\u00f6ke: dr. Szab\u00f3 Attila egyetemi tan\u00e1r, igazgat\u00f3 (Gyermekklinika \u2013 B\u00f3kay utcai r\u00e9szleg)<br \/>\ntagok: dr. Kov\u00e1cs G\u00e1bor egyetemi tan\u00e1r (Gyermekklinika \u2013 T\u0171zolt\u00f3 utcai r\u00e9szleg), dr. Constantin Tam\u00e1s dr. Dezs\u0151fi-Gottl Antal egyetemi docens (Gyermekklinika \u2013 T\u0171zolt\u00f3 utcai r\u00e9szleg), dr. Dezs\u0151fi-Gottl Antal egyetemi docens (Gyermekklinika \u2013 B\u00f3kay utcai r\u00e9szleg), dr. Erd\u00e9lyi D\u00e1niel egyetemi docens (Gyermekklinika \u2013 T\u0171zolt\u00f3 utcai r\u00e9szleg), prof. Tory K\u00e1lm\u00e1n (Gyermekklinika \u2013 B\u00f3kay utcai r\u00e9szleg)<\/p>\n\n<\/div><h2 class=\"tabtitle\"><strong>2026. \u00e9vi p\u00e1ly\u00e1zati ki\u00edr\u00e1s<\/strong><\/h2>\n<div class=\"tabcontent\">\n\n<p>V\u00e1rjuk a jelentkez\u00e9seket a 2026. \u00e9vi Dr. M\u00e1rer Vera-d\u00edjra.<\/p>\n<p>A d\u00edj \u00e9rt\u00e9ke fejenk\u00e9nt 1.200.000 Ft, amelyb\u0151l 600.000 Ft a kutat\u00e1s t\u00e1mogat\u00e1s\u00e1ra ford\u00edthat\u00f3.<\/p>\n<p><strong>P\u00e1ly\u00e1zati hat\u00e1rid\u0151: 2026. \u00e1prilis 15. 12:00 \u00f3ra<\/strong><\/p>\n<p><strong>P\u00e1ly\u00e1zat beny\u00fajt\u00e1sa<\/strong>: <a href=\"https:\/\/forms.office.com\/e\/5ziTy2Tk56\" target=\"_blank\" rel=\"noopener\">az \u0171rlap kit\u00f6lt\u00e9s\u00e9vel<\/a><\/p>\n<p>A r\u00e9szletes p\u00e1ly\u00e1zati ki\u00edr\u00e1s \u00e9s a p\u00e1ly\u00e1zati \u0171rlap az al\u00e1bbiakban \u00e9rhet\u0151 el:<\/p>\n<ul>\n<li><a href=\"https:\/\/semmelweis.hu\/bokayklinika\/files\/2026\/02\/Dr-Marer-Vera-dij-palyazati-kiiras.pdf\" target=\"_blank\" rel=\"noopener\">P\u00e1ly\u00e1zati ki\u00edr\u00e1s<\/a><\/li>\n<li><a href=\"https:\/\/semmelweis.hu\/bokayklinika\/files\/2026\/02\/Marer-Vera-palyazati-urlap-2026.pdf\" target=\"_blank\" rel=\"noopener\">P\u00e1ly\u00e1zati \u0171rlap<\/a><\/li>\n<\/ul>\n\n<\/div><h2 class=\"tabtitle\"><strong>D\u00edjazottak<\/strong><\/h2>\n<div class=\"tabcontent\">\n\n<div>2019\/2020. jubileumi tan\u00e9v:<\/div>\n<p><a href=\"https:\/\/semmelweis.hu\/bokayklinika\/files\/2025\/07\/Dr_Horvath_Klara.pdf\" target=\"_blank\" rel=\"noopener\">Dr. Horv\u00e1th Kl\u00e1ra<\/a><br \/>\n<a href=\"https:\/\/semmelweis.hu\/bokayklinika\/files\/2025\/07\/Dr_Kaucsar_Tamas.pdf\" target=\"_blank\" rel=\"noopener\">Dr. Kaucs\u00e1r Tam\u00e1s<\/a><\/p>\n<p>2020\/2021. tan\u00e9v:<\/p>\n<p><a href=\"https:\/\/semmelweis.hu\/bokayklinika\/files\/2025\/07\/Dr_Felkai_Luca.pdf\" target=\"_blank\" rel=\"noopener\">Dr. Felkai Luca<\/a><br \/>\n<a href=\"https:\/\/semmelweis.hu\/bokayklinika\/files\/2025\/07\/Dr_Szabo_Doloresz_Ildiko.pdf\" target=\"_blank\" rel=\"noopener\">Dr. Szab\u00f3 Dol\u00f3resz Ildik\u00f3<\/a><\/p>\n<p>2021\/2022. tan\u00e9v:<\/p>\n<p><a href=\"https:\/\/semmelweis.hu\/bokayklinika\/files\/2025\/07\/Dr_Kovacs_Arpad_Ferenc.pdf\" target=\"_blank\" rel=\"noopener\">Dr. Kov\u00e1cs \u00c1rp\u00e1d Ferenc<\/a><br \/>\n<a href=\"https:\/\/semmelweis.hu\/bokayklinika\/files\/2025\/07\/Dr_Szakmar_Eniko.pdf\" target=\"_blank\" rel=\"noopener\">Dr. Szakm\u00e1r Enik\u0151<\/a><\/p>\n<p>2022\/2023. tan\u00e9v:<\/p>\n<p><a href=\"https:\/\/semmelweis.hu\/bokayklinika\/files\/2025\/07\/Dr_Egyed_Balint.pdf\" target=\"_blank\" rel=\"noopener\">Dr. Egyed B\u00e1lint<\/a><br \/>\n<a href=\"https:\/\/semmelweis.hu\/bokayklinika\/files\/2025\/07\/Dr_Tel_Balint.pdf\" target=\"_blank\" rel=\"noopener\">Dr. T\u00e9l B\u00e1lint<\/a><\/p>\n<p>2023\/2024. tan\u00e9v:<\/p>\n<p><a href=\"https:\/\/semmelweis.hu\/bokayklinika\/files\/2025\/07\/Dr_Gasparics_Akos.pdf\" target=\"_blank\" rel=\"noopener\">Dr. Gasparics \u00c1kos<\/a><br \/>\n<a href=\"https:\/\/semmelweis.hu\/bokayklinika\/files\/2025\/07\/Dr_Pinti_Eva.pdf\" target=\"_blank\" rel=\"noopener\">Dr. Pinti \u00c9va<\/a><\/p>\n<p>2024\/2025. tan\u00e9v:<\/p>\n<p><a href=\"https:\/\/semmelweis.hu\/bokayklinika\/files\/2025\/07\/Dr_Juhasz_Orsolya.pdf\" target=\"_blank\" rel=\"noopener\">Dr. Juh\u00e1sz Orsolya<\/a><br \/>\n<a href=\"https:\/\/semmelweis.hu\/bokayklinika\/files\/2025\/07\/Dr_Kovacs_Kata.pdf\" target=\"_blank\" rel=\"noopener\">Dr. Kov\u00e1cs Kata<\/a><\/p>\n<\/div><\/div>\n","protected":false},"excerpt":{"rendered":"<p>A Semmelweis Alap\u00edtv\u00e1ny c\u00e9lzottan kapott t\u00e1mogat\u00e1s (hagyom\u00e1ny) keret\u00e9ben, Dr. M\u00e1rer Vera gyermekgy\u00f3gy\u00e1sz orvos eml\u00e9k\u00e9t meg\u0151rizve, d\u00edjat alap\u00edtott. A d\u00edj neve: Dr. M\u00e1rer Vera-d\u00edj A d\u00edjat minden \u00e9vben p\u00e1ly\u00e1zat \u00fatj\u00e1n a Semmelweis Egyetem fels\u0151fok\u00fa v\u00e9gzetts\u00e9ggel rendelkez\u0151, maximum 2 f\u0151 munkat\u00e1rsa nyerheti el, akik a gyermekgy\u00f3gy\u00e1szat ter\u00fclet\u00e9n dolgoznak \u00e9s 36. \u00e9let\u00e9v\u00fcket m\u00e9g nem t\u00f6lt\u00f6tt\u00e9k be (h\u00f6lgyek eset\u00e9ben &hellip;<\/p>\n","protected":false},"author":101853,"featured_media":0,"parent":15,"menu_order":15,"comment_status":"closed","ping_status":"closed","template":"","meta":{"_acf_changed":false,"footnotes":""},"categories":[],"tags":[],"class_list":["post-2426","page","type-page","status-publish","hentry"],"acf":[],"_links":{"self":[{"href":"https:\/\/semmelweis.hu\/bokayklinika\/wp-json\/wp\/v2\/pages\/2426","targetHints":{"allow":["GET"]}}],"collection":[{"href":"https:\/\/semmelweis.hu\/bokayklinika\/wp-json\/wp\/v2\/pages"}],"about":[{"href":"https:\/\/semmelweis.hu\/bokayklinika\/wp-json\/wp\/v2\/types\/page"}],"author":[{"embeddable":true,"href":"https:\/\/semmelweis.hu\/bokayklinika\/wp-json\/wp\/v2\/users\/101853"}],"replies":[{"embeddable":true,"href":"https:\/\/semmelweis.hu\/bokayklinika\/wp-json\/wp\/v2\/comments?post=2426"}],"version-history":[{"count":11,"href":"https:\/\/semmelweis.hu\/bokayklinika\/wp-json\/wp\/v2\/pages\/2426\/revisions"}],"predecessor-version":[{"id":8002,"href":"https:\/\/semmelweis.hu\/bokayklinika\/wp-json\/wp\/v2\/pages\/2426\/revisions\/8002"}],"up":[{"embeddable":true,"href":"https:\/\/semmelweis.hu\/bokayklinika\/wp-json\/wp\/v2\/pages\/15"}],"wp:attachment":[{"href":"https:\/\/semmelweis.hu\/bokayklinika\/wp-json\/wp\/v2\/media?parent=2426"}],"wp:term":[{"taxonomy":"category","embeddable":true,"href":"https:\/\/semmelweis.hu\/bokayklinika\/wp-json\/wp\/v2\/categories?post=2426"},{"taxonomy":"post_tag","embeddable":true,"href":"https:\/\/semmelweis.hu\/bokayklinika\/wp-json\/wp\/v2\/tags?post=2426"}],"curies":[{"name":"wp","href":"https:\/\/api.w.org\/{rel}","templated":true}]}}