{"id":2049,"date":"2020-11-24T11:07:01","date_gmt":"2020-11-24T10:07:01","guid":{"rendered":"https:\/\/semmelweis.hu\/gyermekklinika1\/?page_id=2049"},"modified":"2025-08-28T18:57:40","modified_gmt":"2025-08-28T16:57:40","slug":"osztondijprogrammal-erkezo-hallgatoknak","status":"publish","type":"page","link":"https:\/\/semmelweis.hu\/bokayklinika\/oktatas\/osztondijprogrammal-erkezo-hallgatoknak\/","title":{"rendered":"\u00d6szt\u00f6nd\u00edjprogrammal \u00e9rkez\u0151 hallgat\u00f3knak"},"content":{"rendered":"<p style=\"text-align: justify\"><strong>Tisztelt ERASMUS, ERASMUS+ program keret\u00e9ben \u00e9rkez\u0151 Hallgat\u00f3k!<\/strong><\/p>\n<p>A hivatalos \u00fcgyint\u00e9z\u00e9s menete szerint, k\u00e9rj\u00fck, hogy el\u0151sz\u00f6r az Erasmus Irod\u00e1val (<strong><a href=\"https:\/\/semmelweis.hu\/erasmus\/\" target=\"_blank\" rel=\"noopener noreferrer\">https:\/\/semmelweis.hu\/erasmus\/<\/a><\/strong>) vegy\u00e9k fel a kapcsolatot. A jelentkez\u00e9seket az <a href=\"https:\/\/semmelweis.hu\/erasmus\/\" target=\"_blank\" rel=\"noopener\">Erasmus Iroda<\/a> \u00e1ltal be\u00e9rkezett hivatalos megkeres\u00e9s alapj\u00e1n tudjuk elb\u00edr\u00e1lni id\u0151rendi sorrendben, a szabad helyek f\u00fcggv\u00e9ny\u00e9ben. Tov\u00e1bb\u00e1 k\u00e9rj\u00fck, hogy a Publikus dokumentumokban tal\u00e1lhat\u00f3 t\u00e1j\u00e9koztat\u00f3t is legyenek kedvesek elolvasni.<\/p>\n<p><strong>Tanulm\u00e1nyi \u00fcgyint\u00e9z\u00e9s:<\/strong><br \/>\nHelysz\u00edne: II. emeleti igazgat\u00f3helyettesi titk\u00e1rs\u00e1g<br \/>\n\u00dcgyint\u00e9z\u0151: Stolm\u00e1r Enik\u0151<\/p>\n<p style=\"font-weight: 400\">E-mail: <a href=\"mailto:tanulmanyi.bokay@semmelweis.hu\">tanulmanyi.bokay@semmelweis.hu<\/a><\/p>\n<p style=\"font-weight: 400\"><u>F\u00e9lfogad\u00e1si id\u0151:<\/u><\/p>\n<table style=\"border-collapse: collapse;width: 88.5091%;height: 132px\">\n<tbody>\n<tr style=\"height: 33px\">\n<td style=\"width: 26.7867%;height: 33px\"><strong>H\u00c9TF\u0150<\/strong><\/td>\n<td style=\"width: 19.8736%;height: 33px;text-align: center\"><strong>10:00 -12:00<\/strong><\/td>\n<td style=\"width: 43.9208%;text-align: center;height: 132px\" rowspan=\"4\"><strong>Telefon: (06 1) 313-8212, 334-3186\/52656<\/strong><\/td>\n<\/tr>\n<tr style=\"height: 33px\">\n<td style=\"width: 26.7867%;height: 33px\"><strong>KEDD<\/strong><\/td>\n<td style=\"width: 19.8736%;height: 33px;text-align: center\"><strong>13:00- 15:00<\/strong><\/td>\n<\/tr>\n<tr style=\"height: 33px\">\n<td style=\"width: 26.7867%;height: 33px\"><strong>SZERDA<\/strong><\/td>\n<td style=\"width: 19.8736%;height: 33px;text-align: center\"><strong>10:00 -12:00<\/strong><\/td>\n<\/tr>\n<tr style=\"height: 33px\">\n<td style=\"width: 26.7867%;height: 33px\"><strong>CS\u00dcT\u00d6RT\u00d6K<\/strong><\/td>\n<td style=\"width: 19.8736%;height: 33px;text-align: center\"><strong>13:00- 15:00<\/strong><\/td>\n<\/tr>\n<\/tbody>\n<\/table>\n<p style=\"font-weight: 400\">\n<table id=\"document_table_3886\" border=\"0\" width=\"100%\" cellspacing=\"0\" cellpadding=\"0\">\n<tbody>\n<tr>\n<td class=\"tablehead\" colspan=\"4\">\n<p>Publikus dokumentumok: <a href=\"https:\/\/semmelweis.hu\/bokayklinika\/files\/2022\/12\/Erasmus_tajekoztato_2022.pdf\">T\u00e1j\u00e9koztat\u00f3 a magyarorsz\u00e1gi r\u00e9szk\u00e9pz\u00e9ses tanulm\u00e1nyokra \u00e9rkez\u0151 \u00f6szt\u00f6nd\u00edjas hallgat\u00f3k fogad\u00e1s\u00e1r\u00f3l<\/a><\/p>\n<\/td>\n<\/tr>\n<\/tbody>\n<\/table>\n","protected":false},"excerpt":{"rendered":"<p>Tisztelt ERASMUS, ERASMUS+ program keret\u00e9ben \u00e9rkez\u0151 Hallgat\u00f3k! A hivatalos \u00fcgyint\u00e9z\u00e9s menete szerint, k\u00e9rj\u00fck, hogy el\u0151sz\u00f6r az Erasmus Irod\u00e1val ( <a href=\"https:\/\/semmelweis.hu\/erasmus\/\" target=\"_blank\" rel=\"noopener noreferrer\">https:\/\/semmelweis.hu\/erasmus\/<\/a> ) vegy\u00e9k fel a kapcsolatot. A jelentkez\u00e9seket az <a href=\"https:\/\/semmelweis.hu\/erasmus\/\" target=\"_blank\" rel=\"noopener\">Erasmus Iroda<\/a> \u00e1ltal be\u00e9rkezett hivatalos megkeres\u00e9s alapj\u00e1n tudjuk elb\u00edr\u00e1lni id\u0151rendi sorrendben, a szabad helyek f\u00fcggv\u00e9ny\u00e9ben. Tov\u00e1bb\u00e1 k\u00e9rj\u00fck, hogy a Publikus dokumentumokban tal\u00e1lhat\u00f3 t\u00e1j\u00e9koztat\u00f3t is legyenek kedvesek elolvasni. Tanulm\u00e1nyi \u00fcgyint\u00e9z\u00e9s: Helysz\u00edne: &hellip;<\/p>\n","protected":false},"author":101740,"featured_media":0,"parent":13,"menu_order":4,"comment_status":"closed","ping_status":"closed","template":"","meta":{"_acf_changed":false,"footnotes":""},"categories":[],"tags":[],"class_list":["post-2049","page","type-page","status-publish","hentry"],"acf":[],"_links":{"self":[{"href":"https:\/\/semmelweis.hu\/bokayklinika\/wp-json\/wp\/v2\/pages\/2049","targetHints":{"allow":["GET"]}}],"collection":[{"href":"https:\/\/semmelweis.hu\/bokayklinika\/wp-json\/wp\/v2\/pages"}],"about":[{"href":"https:\/\/semmelweis.hu\/bokayklinika\/wp-json\/wp\/v2\/types\/page"}],"author":[{"embeddable":true,"href":"https:\/\/semmelweis.hu\/bokayklinika\/wp-json\/wp\/v2\/users\/101740"}],"replies":[{"embeddable":true,"href":"https:\/\/semmelweis.hu\/bokayklinika\/wp-json\/wp\/v2\/comments?post=2049"}],"version-history":[{"count":11,"href":"https:\/\/semmelweis.hu\/bokayklinika\/wp-json\/wp\/v2\/pages\/2049\/revisions"}],"predecessor-version":[{"id":6316,"href":"https:\/\/semmelweis.hu\/bokayklinika\/wp-json\/wp\/v2\/pages\/2049\/revisions\/6316"}],"up":[{"embeddable":true,"href":"https:\/\/semmelweis.hu\/bokayklinika\/wp-json\/wp\/v2\/pages\/13"}],"wp:attachment":[{"href":"https:\/\/semmelweis.hu\/bokayklinika\/wp-json\/wp\/v2\/media?parent=2049"}],"wp:term":[{"taxonomy":"category","embeddable":true,"href":"https:\/\/semmelweis.hu\/bokayklinika\/wp-json\/wp\/v2\/categories?post=2049"},{"taxonomy":"post_tag","embeddable":true,"href":"https:\/\/semmelweis.hu\/bokayklinika\/wp-json\/wp\/v2\/tags?post=2049"}],"curies":[{"name":"wp","href":"https:\/\/api.w.org\/{rel}","templated":true}]}}