{"id":2031,"date":"2020-11-17T16:21:52","date_gmt":"2020-11-17T15:21:52","guid":{"rendered":"https:\/\/semmelweis.hu\/gyermekklinika1\/?page_id=2031"},"modified":"2025-04-24T10:43:08","modified_gmt":"2025-04-24T08:43:08","slug":"ful-orr-gegeszet","status":"publish","type":"page","link":"https:\/\/semmelweis.hu\/bokayklinika\/betegellatas\/jarobeteg-ellatas\/ful-orr-gegeszet\/","title":{"rendered":"F\u00fcl-orr-g\u00e9g\u00e9szet"},"content":{"rendered":"<div class=\"keretes\">Gyermekgy\u00f3gy\u00e1szati Klinika (B\u00f3kay utcai r\u00e9szleg) <strong>F\u00fcl-Orr-G\u00e9g\u00e9szeti Ambulancia:<br \/>\n<\/strong><br \/>\n1083 Budapest, B\u00f3kay J\u00e1nos utca 54., Alagsor<\/div>\n<p style=\"margin-top: 0cm;background: white;text-align: justify\"><span style=\"font-size: 15.0pt;color: #1e2326\">F\u00fcl-orr-g\u00e9g\u00e9szeti szakambulanci\u00e1nkon vizsg\u00e1ljuk \u00e9s kezelj\u00fck a gyermekkorban gyakori f\u00fclgyullad\u00e1st, az ehhez gyakran t\u00e1rsul\u00f3 hall\u00e1s- \u00e9s besz\u00e9dprobl\u00e9m\u00e1kat, k\u00fcl\u00f6n\u00f6s tekintettel a sz\u00e1jpadhasad\u00e9kkal \u00e9s egy\u00e9b fejl\u0151d\u00e9si rendelleness\u00e9gekkel t\u00e1rsul\u00f3 k\u00f3rk\u00e9peket is. Foglalkozunk az \u00e1tlagosn\u00e1l gyakoribb \u00e9s elh\u00faz\u00f3d\u00f3bb n\u00e1tha \u00e9s arc\u00fcreggyullad\u00e1s probl\u00e9m\u00e1j\u00e1val, valamint mandula \u00e9s orrmandula betegs\u00e9gekkel is. <\/span><\/p>\n<p style=\"margin-top: 0cm;background: white;text-align: justify\"><span style=\"font-size: 15.0pt;color: #1e2326\"><strong>A rendel\u00e9s minden esetben el\u0151jegyz\u00e9s alapj\u00e1n zajlik<\/strong>.\u00a0<\/span><\/p>\n<p style=\"margin-top: 0cm;background: white;text-align: justify\"><span style=\"font-size: 15.0pt;color: #1e2326\">A ter\u00fcletileg nem a Klinik\u00e1hoz tartoz\u00f3 betegeknek h\u00e1ziorvosi vagy szakorvosi beutal\u00f3 sz\u00fcks\u00e9ges.<\/span><\/p>\n<p>&nbsp;<\/p>\n<p style=\"text-align: center\"><strong>F\u00fcl-Orr-G\u00e9g\u00e9szeti Ambulancia rendel\u00e9si id\u0151k<\/strong><\/p>\n<table style=\"border-collapse: collapse;width: 76.7273%\">\n<tbody>\n<tr>\n<td style=\"width: 12.6498%\">\n<p style=\"text-align: left\">El\u0151jegyz\u00e9si id\u0151pont k\u00e9rhet\u0151<br \/>\nh\u00e9tf\u0151t\u0151l-p\u00e9ntekig 08:00 &#8211; 12:00 \u00f3ra<\/p>\n<\/td>\n<td style=\"width: 30.7441%;text-align: center\">\n<ul>\n<li style=\"text-align: left\"><strong><strong>06-1-3343-186\/ 52642<br \/>\n<\/strong><\/strong><\/li>\n<li style=\"text-align: left\">online id\u0151pontfoglal\u00e1si rendszer\u00fcnk\u00f6n kereszt\u00fcl:\u00a0<strong><a id=\"LPlnkOWA1b74950f-9602-eba1-4355-38f2e4f8279f\" class=\"OWAAutoLink elementToProof\" href=\"https:\/\/elojegyzes.meditime.hu\/14\" target=\"_blank\" rel=\"noopener\">https:\/\/elojegyzes.meditime.hu\/14<\/a><\/strong><\/li>\n<\/ul>\n<\/td>\n<\/tr>\n<tr>\n<td style=\"width: 12.6498%\">Rendel\u00e9svezet\u0151 orvos:<\/td>\n<td style=\"width: 30.7441%;text-align: center\">\n<p>&nbsp;<\/p>\n<p style=\"text-align: left;padding-left: 40px\"><strong>Dr. Ilonczai Larisza<\/strong><br \/>\nklinikai szakorvos, f\u00fcl-orr-g\u00e9g\u00e9sz<\/p>\n<\/td>\n<\/tr>\n<tr>\n<td style=\"width: 12.6498%\">Rendel\u00e9si id\u0151:<\/td>\n<td style=\"width: 30.7441%\">\n<p>&nbsp;<\/p>\n<p style=\"text-align: left;padding-left: 40px\"><strong>KEDD<\/strong><br \/>\n08:00 &#8211; 14:00<\/p>\n<\/td>\n<\/tr>\n<\/tbody>\n<\/table>\n<p>&nbsp;<\/p>\n<p>&nbsp;<\/p>\n<p>&nbsp;<\/p>\n<p>&nbsp;<\/p>\n","protected":false},"excerpt":{"rendered":"<p>Gyermekgy\u00f3gy\u00e1szati Klinika (B\u00f3kay utcai r\u00e9szleg) F\u00fcl-Orr-G\u00e9g\u00e9szeti Ambulancia: 1083 Budapest, B\u00f3kay J\u00e1nos utca 54., Alagsor F\u00fcl-orr-g\u00e9g\u00e9szeti szakambulanci\u00e1nkon vizsg\u00e1ljuk \u00e9s kezelj\u00fck a gyermekkorban gyakori f\u00fclgyullad\u00e1st, az ehhez gyakran t\u00e1rsul\u00f3 hall\u00e1s- \u00e9s besz\u00e9dprobl\u00e9m\u00e1kat, k\u00fcl\u00f6n\u00f6s tekintettel a sz\u00e1jpadhasad\u00e9kkal \u00e9s egy\u00e9b fejl\u0151d\u00e9si rendelleness\u00e9gekkel t\u00e1rsul\u00f3 k\u00f3rk\u00e9peket is. Foglalkozunk az \u00e1tlagosn\u00e1l gyakoribb \u00e9s elh\u00faz\u00f3d\u00f3bb n\u00e1tha \u00e9s arc\u00fcreggyullad\u00e1s probl\u00e9m\u00e1j\u00e1val, valamint mandula \u00e9s orrmandula &hellip;<\/p>\n","protected":false},"author":101739,"featured_media":0,"parent":94,"menu_order":8,"comment_status":"closed","ping_status":"closed","template":"","meta":{"_acf_changed":false,"footnotes":""},"categories":[],"tags":[],"class_list":["post-2031","page","type-page","status-publish","hentry"],"acf":[],"_links":{"self":[{"href":"https:\/\/semmelweis.hu\/bokayklinika\/wp-json\/wp\/v2\/pages\/2031","targetHints":{"allow":["GET"]}}],"collection":[{"href":"https:\/\/semmelweis.hu\/bokayklinika\/wp-json\/wp\/v2\/pages"}],"about":[{"href":"https:\/\/semmelweis.hu\/bokayklinika\/wp-json\/wp\/v2\/types\/page"}],"author":[{"embeddable":true,"href":"https:\/\/semmelweis.hu\/bokayklinika\/wp-json\/wp\/v2\/users\/101739"}],"replies":[{"embeddable":true,"href":"https:\/\/semmelweis.hu\/bokayklinika\/wp-json\/wp\/v2\/comments?post=2031"}],"version-history":[{"count":11,"href":"https:\/\/semmelweis.hu\/bokayklinika\/wp-json\/wp\/v2\/pages\/2031\/revisions"}],"predecessor-version":[{"id":7062,"href":"https:\/\/semmelweis.hu\/bokayklinika\/wp-json\/wp\/v2\/pages\/2031\/revisions\/7062"}],"up":[{"embeddable":true,"href":"https:\/\/semmelweis.hu\/bokayklinika\/wp-json\/wp\/v2\/pages\/94"}],"wp:attachment":[{"href":"https:\/\/semmelweis.hu\/bokayklinika\/wp-json\/wp\/v2\/media?parent=2031"}],"wp:term":[{"taxonomy":"category","embeddable":true,"href":"https:\/\/semmelweis.hu\/bokayklinika\/wp-json\/wp\/v2\/categories?post=2031"},{"taxonomy":"post_tag","embeddable":true,"href":"https:\/\/semmelweis.hu\/bokayklinika\/wp-json\/wp\/v2\/tags?post=2031"}],"curies":[{"name":"wp","href":"https:\/\/api.w.org\/{rel}","templated":true}]}}