{"id":199,"date":"2020-06-03T15:47:38","date_gmt":"2020-06-03T13:47:38","guid":{"rendered":"https:\/\/semmelweis.hu\/gyermekklinika1\/?page_id=199"},"modified":"2020-10-06T10:50:36","modified_gmt":"2020-10-06T08:50:36","slug":"klinikai-nefrologiai-munkacsoport","status":"publish","type":"page","link":"https:\/\/semmelweis.hu\/bokayklinika\/kutatas\/klinikai-nefrologiai-munkacsoport\/","title":{"rendered":"Klinikai nefrol\u00f3giai munkacsoport"},"content":{"rendered":"<div class=\"keretes\"><strong>T\u00e9mavezet\u0151:<\/strong> Dr. Reusz Gy\u00f6rgy<\/div>\n<p style=\"text-align: justify\">Munkacsoportunk a kr\u00f3nikus vesebetegs\u00e9g patofiziol\u00f3gi\u00e1j\u00e1nak, els\u0151sorban az ur\u00e9mi\u00e1s vaszkulop\u00e1ti\u00e1nak, illetve a ren\u00e1lis oszteodisztr\u00f3fi\u00e1nak kutat\u00e1s\u00e1val foglalkozik. Nemzetk\u00f6zi kollabor\u00e1ci\u00f3ban nem-invaz\u00edv kardiovaszkul\u00e1ris vizsg\u00e1l\u00f3m\u00f3dszerekkel meghat\u00e1roztuk az \u00e9letkorhoz k\u00f6t\u00f6tt aorta-elaszticit\u00e1st, amelynek prognosztikai jelent\u0151s\u00e9ge van. Munk\u00e1nk sor\u00e1n nem-invaz\u00edv sz\u00edv-\u00e9rrendszeri monitoroz\u00e1st \u00e9s laborat\u00f3riumi vizsg\u00e1latokat v\u00e9gz\u00fcnk kardiovaszkul\u00e1ris rizik\u00f3 szempontj\u00e1b\u00f3l k\u00fcl\u00f6n\u00f6sen vesz\u00e9lyeztetett betegcsoportokban \u2013 kiemelten a m\u00e1j- \u00e9s vesetranszplant\u00e1lt gyermekekn\u00e9l -, hogy m\u00e9lyebb bepillant\u00e1st nyerj\u00fcnk a k\u00e1rosod\u00e1st okoz\u00f3 specifikus mechanizmusok h\u00e1tter\u00e9be. Vizsg\u00e1lataink a prevenci\u00f3t is szem el\u0151tt tartva jelent\u0151s, korai markerek felismer\u00e9s\u00e9hez vezethetnek.<\/p>\n<p>&nbsp;<\/p>\n<hr \/>\n<p>&nbsp;<\/p>\n<div class=\"keretes\"><strong>Clinical Nephrology Research Group<\/strong><br \/><strong>Supervisior:<\/strong> Dr. George Reusz<\/div>\n<p style=\"text-align: justify\">The main interest of our researchgroup is the pathophysiology of chronic kidney disease particulary uremic vasculopathy and renal osteodystrophy. With international collaboration we provided reference values for aortic pulse wave velocity (marker of arterial stiffness) in healhy pediatric population measured by non-invasive applanation tonometry. Our work is based on non-invasive cardiovascular (CV) risk assesment and laboratory measurements in kidney- and livertransplanted children in order to get a deeper insight into the specific mechanisms of the underlying diseases. Early detection of CV dysfunction may give us useful clues in the prevention of definite CV damage.<\/p>\n","protected":false},"excerpt":{"rendered":"<p>T\u00e9mavezet\u0151: Dr. Reusz Gy\u00f6rgy Munkacsoportunk a kr\u00f3nikus vesebetegs\u00e9g patofiziol\u00f3gi\u00e1j\u00e1nak, els\u0151sorban az ur\u00e9mi\u00e1s vaszkulop\u00e1ti\u00e1nak, illetve a ren\u00e1lis oszteodisztr\u00f3fi\u00e1nak kutat\u00e1s\u00e1val foglalkozik. Nemzetk\u00f6zi kollabor\u00e1ci\u00f3ban nem-invaz\u00edv kardiovaszkul\u00e1ris vizsg\u00e1l\u00f3m\u00f3dszerekkel meghat\u00e1roztuk az \u00e9letkorhoz k\u00f6t\u00f6tt aorta-elaszticit\u00e1st, amelynek prognosztikai jelent\u0151s\u00e9ge van. Munk\u00e1nk sor\u00e1n nem-invaz\u00edv sz\u00edv-\u00e9rrendszeri monitoroz\u00e1st \u00e9s laborat\u00f3riumi vizsg\u00e1latokat v\u00e9gz\u00fcnk kardiovaszkul\u00e1ris rizik\u00f3 szempontj\u00e1b\u00f3l k\u00fcl\u00f6n\u00f6sen vesz\u00e9lyeztetett betegcsoportokban \u2013 kiemelten a m\u00e1j- \u00e9s vesetranszplant\u00e1lt gyermekekn\u00e9l &hellip;<\/p>\n","protected":false},"author":101740,"featured_media":0,"parent":15,"menu_order":7,"comment_status":"closed","ping_status":"closed","template":"","meta":{"_acf_changed":false,"footnotes":""},"categories":[],"tags":[],"class_list":["post-199","page","type-page","status-publish","hentry"],"acf":[],"_links":{"self":[{"href":"https:\/\/semmelweis.hu\/bokayklinika\/wp-json\/wp\/v2\/pages\/199","targetHints":{"allow":["GET"]}}],"collection":[{"href":"https:\/\/semmelweis.hu\/bokayklinika\/wp-json\/wp\/v2\/pages"}],"about":[{"href":"https:\/\/semmelweis.hu\/bokayklinika\/wp-json\/wp\/v2\/types\/page"}],"author":[{"embeddable":true,"href":"https:\/\/semmelweis.hu\/bokayklinika\/wp-json\/wp\/v2\/users\/101740"}],"replies":[{"embeddable":true,"href":"https:\/\/semmelweis.hu\/bokayklinika\/wp-json\/wp\/v2\/comments?post=199"}],"version-history":[{"count":3,"href":"https:\/\/semmelweis.hu\/bokayklinika\/wp-json\/wp\/v2\/pages\/199\/revisions"}],"predecessor-version":[{"id":636,"href":"https:\/\/semmelweis.hu\/bokayklinika\/wp-json\/wp\/v2\/pages\/199\/revisions\/636"}],"up":[{"embeddable":true,"href":"https:\/\/semmelweis.hu\/bokayklinika\/wp-json\/wp\/v2\/pages\/15"}],"wp:attachment":[{"href":"https:\/\/semmelweis.hu\/bokayklinika\/wp-json\/wp\/v2\/media?parent=199"}],"wp:term":[{"taxonomy":"category","embeddable":true,"href":"https:\/\/semmelweis.hu\/bokayklinika\/wp-json\/wp\/v2\/categories?post=199"},{"taxonomy":"post_tag","embeddable":true,"href":"https:\/\/semmelweis.hu\/bokayklinika\/wp-json\/wp\/v2\/tags?post=199"}],"curies":[{"name":"wp","href":"https:\/\/api.w.org\/{rel}","templated":true}]}}