{"id":1965,"date":"2020-10-28T18:52:32","date_gmt":"2020-10-28T17:52:32","guid":{"rendered":"https:\/\/semmelweis.hu\/gyermekklinika1\/?page_id=1965"},"modified":"2026-02-25T11:56:07","modified_gmt":"2026-02-25T10:56:07","slug":"bokay-akademia","status":"publish","type":"page","link":"https:\/\/semmelweis.hu\/bokayklinika\/oktatas\/tovabbkepzes\/bokay-akademia\/","title":{"rendered":"B\u00f3kay Akad\u00e9mia"},"content":{"rendered":"<div class=\"fontos_div\">\n<p>A B\u00f3kay Akad\u00e9mia el\u0151ad\u00e1sai a legfrissebb kutat\u00e1si eredm\u00e9nyeket a gyermekgy\u00f3gy\u00e1szat mindennapi gyakorlat\u00e1val k\u00f6tik \u00f6ssze. A rendhagy\u00f3 nyit\u00f3el\u0151ad\u00e1sok egy-egy t\u00e9m\u00e1t t\u00e1rstudom\u00e1nyos n\u00e9z\u0151pontb\u00f3l vil\u00e1g\u00edtanak meg. Ingyenes, akkredit\u00e1lt f\u00f3rumk\u00e9nt a fiatal orvosok \u00e9s az alapell\u00e1t\u00e1sban dolgoz\u00f3k sz\u00e1m\u00e1ra egyar\u00e1nt biztos t\u00e1mpontot ny\u00fajt a k\u00f3rk\u00e9pek korai felismer\u00e9s\u00e9ben, a ter\u00e1pi\u00e1s d\u00f6nt\u00e9shozatalban \u00e9s a betegek megfelel\u0151 ell\u00e1t\u00e1si ir\u00e1ny\u00e1nak kijel\u00f6l\u00e9s\u00e9ben. A tanfolyamok egyben tal\u00e1lkoz\u00e1si lehet\u0151s\u00e9get is biztos\u00edtanak mindazoknak, akik elk\u00f6telezettek a gyermekgy\u00f3gy\u00e1szat folyamatos fejl\u0151d\u00e9se mellett.<\/p>\n<\/div>\n<p><strong>Id\u0151pont:<\/strong> f\u00e9l\u00e9vente h\u00e1rom alkalommal, cs\u00fct\u00f6rt\u00f6k d\u00e9lut\u00e1nonk\u00e9nt<\/p>\n<p><strong>Helysz\u00edn:<\/strong> Gyermekgy\u00f3gy\u00e1szati Klinika B\u00f3kay utcai r\u00e9szleg, Tanterem<br \/>\n1083 Budapest, B\u00f3kay utca 54., I. emelet<\/p>\n<h3>K\u00f6vetkez\u0151 alkalmak:<\/h3>\n<ul>\n<li>2026. m\u00e1rcius 5. &#8211; <em>V\u00edrus<\/em><\/li>\n<li>2026. \u00e1prilis 9. &#8211; <em>Fal<\/em><\/li>\n<li>2026. m\u00e1jus 7. &#8211; <em>Zs\u00edr<\/em><\/li>\n<\/ul>\n<p><strong>Csatlakozni Zoomon kereszt\u00fcl is lehets\u00e9ges:<\/strong> <a href=\"https:\/\/semmelweis.zoom.us\/j\/96119504261\" target=\"_blank\" rel=\"noopener\">ide kattintva<\/a><\/p>\n<h3>Akkredit\u00e1ci\u00f3 \u00e9s kreditpontok<\/h3>\n<p>Szeretn\u00e9nk felh\u00edvni figyelm\u00fcket, hogy akkredit\u00e1lt rendezv\u00e9nysorozatunkra az <a href=\"https:\/\/oftex.hu\/project_o\/actual_prg\/system\/launch.php?pg=.\/oftex\/TANF_Adatlap.php?msgid=93385&amp;tableid=0&amp;retcode=tanflist\" target=\"_blank\" rel=\"noopener\">OFTEX port\u00e1lon<\/a> van lehet\u0151s\u00e9g\u00fck jelentkezni. A sorozaton val\u00f3 r\u00e9szv\u00e9tel\u00e9rt 8 kreditpont j\u00e1r.<\/p>\n<p>Az al\u00e1bbi szakk\u00e9pes\u00edt\u00e9seknek a birtok\u00e1ban a megszerzett pontsz\u00e1m <b>Szakma szerinti tanfolyamon megszerzett<\/b>nek min\u0151s\u00fcl:<\/p>\n<ul>\n<li>csecsem\u0151 \u00e9s gyermek f\u00fcl-orr-g\u00e9ge gy\u00f3gy\u00e1szat<\/li>\n<li>csecsem\u0151 \u00e9s gyermek kardiol\u00f3gia<\/li>\n<li>csecsem\u0151 \u00e9s gyermekgy\u00f3gy\u00e1szati intenz\u00edv ter\u00e1pia<\/li>\n<li>csecsem\u0151- \u00e9s gyermekgy\u00f3gy\u00e1szat<\/li>\n<li>gyermek gasztroenterol\u00f3gia<\/li>\n<li>gyermek hemato-onkol\u00f3gia<\/li>\n<li>gyermek radiol\u00f3gia<\/li>\n<li>gyermek- \u00e9s ifj\u00fas\u00e1gpszichi\u00e1tria<\/li>\n<li>gyermekneurol\u00f3gia<\/li>\n<li>gyermekseb\u00e9szet<\/li>\n<li>gyermeks\u00fcrg\u0151ss\u00e9gi orvostan<\/li>\n<li>gyermekt\u00fcd\u0151gy\u00f3gy\u00e1szat<\/li>\n<li>h\u00e1ziorvostan<\/li>\n<li>infektol\u00f3gia<\/li>\n<li>iskolaeg\u00e9szs\u00e9gt., ifj\u00fas\u00e1gv\u00e9d.<\/li>\n<li>pszichi\u00e1tria<\/li>\n<li>pszichother\u00e1pia<\/li>\n<\/ul>\n<p>Ha a r\u00e9sztvev\u0151 nem rendelkezik a felsorolt szakvizsg\u00e1k b\u00e1rmelyik\u00e9vel, akkor sz\u00e1m\u00e1ra <b style=\"font-size: 1rem\">szabadon v\u00e1laszthat\u00f3 tanfolyam<\/b><span style=\"font-size: 1rem\">i pontk\u00e9nt lehet elsz\u00e1molni a megszerzett pontjait.<\/span><\/p>\n<script type=\"text\/javascript\" src=\"https:\/\/semmelweis.hu\/bokayklinika\/wp-content\/themes\/se18\/dist\/scripts\/carousel.js\"><\/script>    <section class=\"post-cards shortcode-wrapper\">\r\n        <div id=\"news-container\" class=\" d-none d-sm-flex flex-column  full-width-post-cards-shortcode-card news-container-for-card-code\" style=\"\">\r\n                            <div class=\"section-row row ml-0 w-100 mt-2 \">\r\n                    <div class=\"col-6 col-md-auto section-title\">\r\n                        <h2>Kapcsol\u00f3d\u00f3 h\u00edrek<\/h2>\r\n                    <\/div>\r\n                    <div class=\"col section-divider px-0 mx-2\"> <\/div>\r\n                    <div class=\"d-none d-md-block col col-md-auto text-uppercase px-0 section-link \">\r\n                        <h5 class=\"m-0\">\r\n                            <a href=\"https:\/\/semmelweis.hu\/bokayklinika\/category\/bokay-akademia\/\">\u00d6sszes h\u00edr<\/a>\r\n                        <\/h5>\r\n                    <\/div>\r\n                <\/div>\r\n            \r\n            <div class=\"row card-row my-2 pt-3 pb-0 mx-0 w-100 \">\r\n               \r\n                \ufeff\r\n    <div class=\"card-format col col-12 col-md-4 col-lg-4 pl-1 pl-md-0 pr-1 pr-md-2 mb-2\">\r\n        <a class=\"d-block w-100\"  href=\"https:\/\/semmelweis.hu\/bokayklinika\/2025\/11\/14\/meghivo-bokay-akademia-a-gyanu\/\">\r\n      <!--  <a class=\"d-block w-100\" target=\"_blank\" href=\" \"> -->\r\n            <div class=\"card\">\r\n                                    <div class=\"card-image img-fluid bg-image\">\r\n                         \r\n                        <img class='wp-post-image img-fluid landscape' src='https:\/\/semmelweis.hu\/bokayklinika\/wp-content\/themes\/se18\/dist\/images\/svg\/bg-image.svg' \/>                    <\/div>\r\n                \r\n                <div class=\"card-body\">\r\n                    <div class=\"card-date text-uppercase    \">\r\n                                                    <h5><span class=\"font-weight-normal\">2025. <\/span>november 14.<\/h5>\r\n                                            <\/div>\r\n                    <div class=\"card-title\">\r\n                        <h3 class=\"mt-2 entry-title\">Megh\u00edv\u00f3 &#8211; B\u00f3kay Akad\u00e9mia: A gyan\u00fa<\/h3>\r\n                    <\/div>\r\n                    <style>\r\n                        .card-text-inside{\r\n                                                 display: -webkit-box;\r\n                    -webkit-line-clamp: 4;\r\n                    -webkit-box-orient: vertical;\r\n                     overflow:hidden;\r\n                     text-overflow: ellipsis;\r\n                        }\r\n                        <\/style>\r\n                                    <\/div>\r\n            <\/div>\r\n        <\/a>\r\n    <\/div>\r\n\r\n\r\n\ufeff\r\n    <div class=\"card-format col col-12 col-md-4 col-lg-4 pl-1 pl-md-0 pr-1 pr-md-2 mb-2\">\r\n        <a class=\"d-block w-100\"  href=\"https:\/\/semmelweis.hu\/bokayklinika\/2025\/10\/20\/meghivo-bokay-akademia-az-utazas\/\">\r\n      <!--  <a class=\"d-block w-100\" target=\"_blank\" href=\" \"> -->\r\n            <div class=\"card\">\r\n                                    <div class=\"card-image img-fluid bg-image\">\r\n                         \r\n                        <img class='wp-post-image img-fluid landscape' src='https:\/\/semmelweis.hu\/bokayklinika\/wp-content\/themes\/se18\/dist\/images\/svg\/bg-image.svg' \/>                    <\/div>\r\n                \r\n                <div class=\"card-body\">\r\n                    <div class=\"card-date text-uppercase    \">\r\n                                                    <h5><span class=\"font-weight-normal\">2025. <\/span>okt\u00f3ber 20.<\/h5>\r\n                                            <\/div>\r\n                    <div class=\"card-title\">\r\n                        <h3 class=\"mt-2 entry-title\">Megh\u00edv\u00f3 &#8211; B\u00f3kay Akad\u00e9mia: Az utaz\u00e1s<\/h3>\r\n                    <\/div>\r\n                    <style>\r\n                        .card-text-inside{\r\n                                                 display: -webkit-box;\r\n                    -webkit-line-clamp: 4;\r\n                    -webkit-box-orient: vertical;\r\n                     overflow:hidden;\r\n                     text-overflow: ellipsis;\r\n                        }\r\n                        <\/style>\r\n                                    <\/div>\r\n            <\/div>\r\n        <\/a>\r\n    <\/div>\r\n\r\n\r\n\ufeff\r\n    <div class=\"card-format col col-12 col-md-4 col-lg-4 pl-1 pl-md-0 pr-1 pr-md-2 mb-2\">\r\n        <a class=\"d-block w-100\"  href=\"https:\/\/semmelweis.hu\/bokayklinika\/2025\/09\/23\/meghivo-bokay-akademia-a-rosta\/\">\r\n      <!--  <a class=\"d-block w-100\" target=\"_blank\" href=\" \"> -->\r\n            <div class=\"card\">\r\n                                    <div class=\"card-image img-fluid bg-image\">\r\n                         \r\n                        <img class='wp-post-image img-fluid landscape' src='https:\/\/semmelweis.hu\/bokayklinika\/wp-content\/themes\/se18\/dist\/images\/svg\/bg-image.svg' \/>                    <\/div>\r\n                \r\n                <div class=\"card-body\">\r\n                    <div class=\"card-date text-uppercase    \">\r\n                                                    <h5><span class=\"font-weight-normal\">2025. <\/span>szeptember 23.<\/h5>\r\n                                            <\/div>\r\n                    <div class=\"card-title\">\r\n                        <h3 class=\"mt-2 entry-title\">Megh\u00edv\u00f3 &#8211; B\u00f3kay Akad\u00e9mia: A rosta<\/h3>\r\n                    <\/div>\r\n                    <style>\r\n                        .card-text-inside{\r\n                                                 display: -webkit-box;\r\n                    -webkit-line-clamp: 4;\r\n                    -webkit-box-orient: vertical;\r\n                     overflow:hidden;\r\n                     text-overflow: ellipsis;\r\n                        }\r\n                        <\/style>\r\n                                    <\/div>\r\n            <\/div>\r\n        <\/a>\r\n    <\/div>\r\n\r\n\r\n\ufeff\r\n    <div class=\"card-format col col-12 col-md-4 col-lg-4 pl-1 pl-md-0 pr-1 pr-md-2 mb-2\">\r\n        <a class=\"d-block w-100\"  href=\"https:\/\/semmelweis.hu\/bokayklinika\/2025\/02\/18\/bokay-akademia-az-egesz-2025-majus-8-csutortok-1600-ora\/\">\r\n      <!--  <a class=\"d-block w-100\" target=\"_blank\" href=\" \"> -->\r\n            <div class=\"card\">\r\n                                    <div class=\"card-image img-fluid bg-image\">\r\n                         \r\n                        <img class='wp-post-image img-fluid landscape' src='https:\/\/semmelweis.hu\/bokayklinika\/wp-content\/themes\/se18\/dist\/images\/svg\/bg-image.svg' \/>                    <\/div>\r\n                \r\n                <div class=\"card-body\">\r\n                    <div class=\"card-date text-uppercase    \">\r\n                                                    <h5><span class=\"font-weight-normal\">2025. <\/span>febru\u00e1r 18.<\/h5>\r\n                                            <\/div>\r\n                    <div class=\"card-title\">\r\n                        <h3 class=\"mt-2 entry-title\">B\u00f3kay Akad\u00e9mia: Az eg\u00e9sz, 2025. m\u00e1jus 8., (cs\u00fct\u00f6rt\u00f6k) 16:00 \u00f3ra<\/h3>\r\n                    <\/div>\r\n                    <style>\r\n                        .card-text-inside{\r\n                                                 display: -webkit-box;\r\n                    -webkit-line-clamp: 4;\r\n                    -webkit-box-orient: vertical;\r\n                     overflow:hidden;\r\n                     text-overflow: ellipsis;\r\n                        }\r\n                        <\/style>\r\n                                    <\/div>\r\n            <\/div>\r\n        <\/a>\r\n    <\/div>\r\n\r\n\r\n\ufeff\r\n    <div class=\"card-format col col-12 col-md-4 col-lg-4 pl-1 pl-md-0 pr-1 pr-md-2 mb-2\">\r\n        <a class=\"d-block w-100\"  href=\"https:\/\/semmelweis.hu\/bokayklinika\/2025\/02\/18\/bokay-akademia-a-feszek-2025-aprilis-3-csutortok-1600-ora\/\">\r\n      <!--  <a class=\"d-block w-100\" target=\"_blank\" href=\" \"> -->\r\n            <div class=\"card\">\r\n                                    <div class=\"card-image img-fluid bg-image\">\r\n                         \r\n                        <img class='wp-post-image img-fluid landscape' src='https:\/\/semmelweis.hu\/bokayklinika\/wp-content\/themes\/se18\/dist\/images\/svg\/bg-image.svg' \/>                    <\/div>\r\n                \r\n                <div class=\"card-body\">\r\n                    <div class=\"card-date text-uppercase    \">\r\n                                                    <h5><span class=\"font-weight-normal\">2025. <\/span>febru\u00e1r 18.<\/h5>\r\n                                            <\/div>\r\n                    <div class=\"card-title\">\r\n                        <h3 class=\"mt-2 entry-title\">B\u00f3kay Akad\u00e9mia: A F\u00e9szek, 2025. \u00e1prilis 3., (cs\u00fct\u00f6rt\u00f6k) 16:00 \u00f3ra<\/h3>\r\n                    <\/div>\r\n                    <style>\r\n                        .card-text-inside{\r\n                                                 display: -webkit-box;\r\n                    -webkit-line-clamp: 4;\r\n                    -webkit-box-orient: vertical;\r\n                     overflow:hidden;\r\n                     text-overflow: ellipsis;\r\n                        }\r\n                        <\/style>\r\n                                    <\/div>\r\n            <\/div>\r\n        <\/a>\r\n    <\/div>\r\n\r\n\r\n\ufeff\r\n    <div class=\"card-format col col-12 col-md-4 col-lg-4 pl-1 pl-md-0 pr-1 pr-md-2 mb-2\">\r\n        <a class=\"d-block w-100\"  href=\"https:\/\/semmelweis.hu\/bokayklinika\/2025\/02\/18\/bokay-akademia-a-termet-2025-marcius-6-csutortok-1600-ora\/\">\r\n      <!--  <a class=\"d-block w-100\" target=\"_blank\" href=\" \"> -->\r\n            <div class=\"card\">\r\n                                    <div class=\"card-image img-fluid bg-image\">\r\n                         \r\n                        <img class='wp-post-image img-fluid landscape' src='https:\/\/semmelweis.hu\/bokayklinika\/wp-content\/themes\/se18\/dist\/images\/svg\/bg-image.svg' \/>                    <\/div>\r\n                \r\n                <div class=\"card-body\">\r\n                    <div class=\"card-date text-uppercase    \">\r\n                                                    <h5><span class=\"font-weight-normal\">2025. <\/span>febru\u00e1r 18.<\/h5>\r\n                                            <\/div>\r\n                    <div class=\"card-title\">\r\n                        <h3 class=\"mt-2 entry-title\">B\u00f3kay Akad\u00e9mia: A termet, 2025. m\u00e1rcius 6., (cs\u00fct\u00f6rt\u00f6k) 16:00 \u00f3ra<\/h3>\r\n                    <\/div>\r\n                    <style>\r\n                        .card-text-inside{\r\n                                                 display: -webkit-box;\r\n                    -webkit-line-clamp: 4;\r\n                    -webkit-box-orient: vertical;\r\n                     overflow:hidden;\r\n                     text-overflow: ellipsis;\r\n                        }\r\n                        <\/style>\r\n                                    <\/div>\r\n            <\/div>\r\n        <\/a>\r\n    <\/div>\r\n\r\n\r\n                \r\n            <\/div>\r\n        <\/div>\r\n\r\n                                <div class=\"section-row row mt-0  pr-normal mx-0 d-md-none\">\r\n                    <div class=\"col-auto section-title\">\r\n                        <h2>Kapcsol\u00f3d\u00f3 h\u00edrek<\/h2>\r\n                    <\/div>\r\n                <\/div>\r\n                        <div class=\"post-slide-hirek row px-0\">\r\n            <style>\r\n                .post-slide-hirek .owl-nav button {\r\n                    margin: 0px !important;\r\n                    height: 100% !important;\r\n                }\r\n\r\n                .card-custom-title {\r\n                    font-size: 17px;\r\n                    line-height: 23px;\r\n                    overflow: hidden;\r\n                    text-overflow: ellipsis;\r\n                    display: -webkit-box;\r\n                    -webkit-line-clamp: 3;\r\n                    -webkit-box-orient: vertical;\r\n                    min-height: 72px;\r\n                }\r\n\r\n                .card-custom-max-h {\r\n                    max-height: 235px !important;\r\n                    object-fit: cover;\r\n                }\r\n\r\n                .post-slide-hirek .owl-item .card-img img {\r\n                    opacity: 1 !important;\r\n                    aspect-ratio: 3\/ 2;\r\n\r\n                }\r\n                .card:has(.card-date:not(.d-none)):not(:has(img)) {\r\n                    margin-top: 20px;\r\n                }\r\n            <\/style>\r\n                            <div class=\"owl-carousel col-12 px-0 mt-2 mb-4 md-md-0 d-sm-none\">\r\n                                            <a class=\"item-1\" href=\"https:\/\/semmelweis.hu\/bokayklinika\/2025\/11\/14\/meghivo-bokay-akademia-a-gyanu\/\">\r\n\r\n                            <div class=\"card-img bg-image\">\r\n                                <img decoding=\"async\" class=\"wp-post-image img-fluid\" src=\"https:\/\/semmelweis.hu\/wp-content\/themes\/se18\/dist\/images\/svg\/bg-image.svg\">                            <\/div>\r\n                            <div class=\"card-title mb-1\">\r\n                                <h3 class=\"mt-0 pt-1 mb-0 px-2 card-custom-title d-flex align-items-center d-md-block\">\r\n                                    <span class=\"entry-title pt-0 pt-md-1\">Megh\u00edv\u00f3 &#8211; B\u00f3kay Akad\u00e9mia: A gyan\u00fa                                <\/h3>\r\n                            <\/div>\r\n                            \r\n\r\n                        <\/a>\r\n                                            <a class=\"item-2\" href=\"https:\/\/semmelweis.hu\/bokayklinika\/2025\/10\/20\/meghivo-bokay-akademia-az-utazas\/\">\r\n\r\n                            <div class=\"card-img bg-image\">\r\n                                <img decoding=\"async\" class=\"wp-post-image img-fluid\" src=\"https:\/\/semmelweis.hu\/wp-content\/themes\/se18\/dist\/images\/svg\/bg-image.svg\">                            <\/div>\r\n                            <div class=\"card-title mb-1\">\r\n                                <h3 class=\"mt-0 pt-1 mb-0 px-2 card-custom-title d-flex align-items-center d-md-block\">\r\n                                    <span class=\"entry-title pt-0 pt-md-1\">Megh\u00edv\u00f3 &#8211; B\u00f3kay Akad\u00e9mia: Az utaz\u00e1s                                <\/h3>\r\n                            <\/div>\r\n                            \r\n\r\n                        <\/a>\r\n                                            <a class=\"item-3\" href=\"https:\/\/semmelweis.hu\/bokayklinika\/2025\/09\/23\/meghivo-bokay-akademia-a-rosta\/\">\r\n\r\n                            <div class=\"card-img bg-image\">\r\n                                <img decoding=\"async\" class=\"wp-post-image img-fluid\" src=\"https:\/\/semmelweis.hu\/wp-content\/themes\/se18\/dist\/images\/svg\/bg-image.svg\">                            <\/div>\r\n                            <div class=\"card-title mb-1\">\r\n                                <h3 class=\"mt-0 pt-1 mb-0 px-2 card-custom-title d-flex align-items-center d-md-block\">\r\n                                    <span class=\"entry-title pt-0 pt-md-1\">Megh\u00edv\u00f3 &#8211; B\u00f3kay Akad\u00e9mia: A rosta                                <\/h3>\r\n                            <\/div>\r\n                            \r\n\r\n                        <\/a>\r\n                                            <a class=\"item-4\" href=\"https:\/\/semmelweis.hu\/bokayklinika\/2025\/02\/18\/bokay-akademia-az-egesz-2025-majus-8-csutortok-1600-ora\/\">\r\n\r\n                            <div class=\"card-img bg-image\">\r\n                                <img decoding=\"async\" class=\"wp-post-image img-fluid\" src=\"https:\/\/semmelweis.hu\/wp-content\/themes\/se18\/dist\/images\/svg\/bg-image.svg\">                            <\/div>\r\n                            <div class=\"card-title mb-1\">\r\n                                <h3 class=\"mt-0 pt-1 mb-0 px-2 card-custom-title d-flex align-items-center d-md-block\">\r\n                                    <span class=\"entry-title pt-0 pt-md-1\">B\u00f3kay Akad\u00e9mia: Az eg\u00e9sz, 2025. m\u00e1jus 8., (cs\u00fct\u00f6rt\u00f6k) 16:00 \u00f3ra                                <\/h3>\r\n                            <\/div>\r\n                            \r\n\r\n                        <\/a>\r\n                                            <a class=\"item-5\" href=\"https:\/\/semmelweis.hu\/bokayklinika\/2025\/02\/18\/bokay-akademia-a-feszek-2025-aprilis-3-csutortok-1600-ora\/\">\r\n\r\n                            <div class=\"card-img bg-image\">\r\n                                <img decoding=\"async\" class=\"wp-post-image img-fluid\" src=\"https:\/\/semmelweis.hu\/wp-content\/themes\/se18\/dist\/images\/svg\/bg-image.svg\">                            <\/div>\r\n                            <div class=\"card-title mb-1\">\r\n                                <h3 class=\"mt-0 pt-1 mb-0 px-2 card-custom-title d-flex align-items-center d-md-block\">\r\n                                    <span class=\"entry-title pt-0 pt-md-1\">B\u00f3kay Akad\u00e9mia: A F\u00e9szek, 2025. \u00e1prilis 3., (cs\u00fct\u00f6rt\u00f6k) 16:00 \u00f3ra                                <\/h3>\r\n                            <\/div>\r\n                            \r\n\r\n                        <\/a>\r\n                                            <a class=\"item-6\" href=\"https:\/\/semmelweis.hu\/bokayklinika\/2025\/02\/18\/bokay-akademia-a-termet-2025-marcius-6-csutortok-1600-ora\/\">\r\n\r\n                            <div class=\"card-img bg-image\">\r\n                                <img decoding=\"async\" class=\"wp-post-image img-fluid\" src=\"https:\/\/semmelweis.hu\/wp-content\/themes\/se18\/dist\/images\/svg\/bg-image.svg\">                            <\/div>\r\n                            <div class=\"card-title mb-1\">\r\n                                <h3 class=\"mt-0 pt-1 mb-0 px-2 card-custom-title d-flex align-items-center d-md-block\">\r\n                                    <span class=\"entry-title pt-0 pt-md-1\">B\u00f3kay Akad\u00e9mia: A termet, 2025. m\u00e1rcius 6., (cs\u00fct\u00f6rt\u00f6k) 16:00 \u00f3ra                                <\/h3>\r\n                            <\/div>\r\n                            \r\n\r\n                        <\/a>\r\n                                    <\/div>\r\n\r\n                                <div class=\"section-row row ml-0 w-100 mt-2 mb-4\">\r\n\r\n\r\n\r\n                <div class=\"d-md-none  col-6 ml-auto text-uppercase px-0 section-link mr-3 mr-sm-2 \">\r\n                    <h5 class=\"m-0\">\r\n                        <a href=\"https:\/\/semmelweis.hu\/bokayklinika\/category\/bokay-akademia\/\">\u00d6sszes h\u00edr<\/a>\r\n\r\n                    <\/h5>\r\n                <\/div>\r\n            <\/div>\r\n        \r\n        <\/div><!-- owl-carousel -->\r\n    <\/section>\r\n\r\n\n","protected":false},"excerpt":{"rendered":"<p>A B\u00f3kay Akad\u00e9mia el\u0151ad\u00e1sai hossz\u00fa hagyom\u00e1nyokra tekintenek vissza, \u00e9s \u00e9vr\u0151l \u00e9vre elismert szakemberek seg\u00edts\u00e9g\u00e9vel ny\u00fajtanak korszer\u0171 tud\u00e1st a szakmai k\u00f6z\u00f6ss\u00e9g sz\u00e1m\u00e1ra. A klinikai tapasztalatok \u00e9s a legfrissebb kutat\u00e1si eredm\u00e9nyek megoszt\u00e1s\u00e1val a B\u00f3kay Akad\u00e9mia jelent\u0151s szerepet t\u00f6lt be a szakter\u00fcletek fejl\u0151d\u00e9s\u00e9ben. Szeretettel v\u00e1rjuk a B\u00f3kay Akad\u00e9mia k\u00f6vetkez\u0151 esem\u00e9ny\u00e9re, 2025. m\u00e1rcius 6-\u00e1n (cs\u00fct\u00f6rt\u00f6k\u00f6n) 16:00 \u00f3r\u00e1t\u00f3l, a Gyermekgy\u00f3gy\u00e1szati &hellip;<\/p>\n","protected":false},"author":101740,"featured_media":7900,"parent":2880,"menu_order":1,"comment_status":"closed","ping_status":"closed","template":"","meta":{"_acf_changed":false,"footnotes":""},"categories":[],"tags":[],"class_list":["post-1965","page","type-page","status-publish","has-post-thumbnail","hentry"],"acf":[],"_links":{"self":[{"href":"https:\/\/semmelweis.hu\/bokayklinika\/wp-json\/wp\/v2\/pages\/1965","targetHints":{"allow":["GET"]}}],"collection":[{"href":"https:\/\/semmelweis.hu\/bokayklinika\/wp-json\/wp\/v2\/pages"}],"about":[{"href":"https:\/\/semmelweis.hu\/bokayklinika\/wp-json\/wp\/v2\/types\/page"}],"author":[{"embeddable":true,"href":"https:\/\/semmelweis.hu\/bokayklinika\/wp-json\/wp\/v2\/users\/101740"}],"replies":[{"embeddable":true,"href":"https:\/\/semmelweis.hu\/bokayklinika\/wp-json\/wp\/v2\/comments?post=1965"}],"version-history":[{"count":6,"href":"https:\/\/semmelweis.hu\/bokayklinika\/wp-json\/wp\/v2\/pages\/1965\/revisions"}],"predecessor-version":[{"id":8042,"href":"https:\/\/semmelweis.hu\/bokayklinika\/wp-json\/wp\/v2\/pages\/1965\/revisions\/8042"}],"up":[{"embeddable":true,"href":"https:\/\/semmelweis.hu\/bokayklinika\/wp-json\/wp\/v2\/pages\/2880"}],"wp:featuredmedia":[{"embeddable":true,"href":"https:\/\/semmelweis.hu\/bokayklinika\/wp-json\/wp\/v2\/media\/7900"}],"wp:attachment":[{"href":"https:\/\/semmelweis.hu\/bokayklinika\/wp-json\/wp\/v2\/media?parent=1965"}],"wp:term":[{"taxonomy":"category","embeddable":true,"href":"https:\/\/semmelweis.hu\/bokayklinika\/wp-json\/wp\/v2\/categories?post=1965"},{"taxonomy":"post_tag","embeddable":true,"href":"https:\/\/semmelweis.hu\/bokayklinika\/wp-json\/wp\/v2\/tags?post=1965"}],"curies":[{"name":"wp","href":"https:\/\/api.w.org\/{rel}","templated":true}]}}