{"id":178,"date":"2020-06-03T15:40:22","date_gmt":"2020-06-03T13:40:22","guid":{"rendered":"https:\/\/semmelweis.hu\/gyermekklinika1\/?page_id=178"},"modified":"2024-12-18T13:13:53","modified_gmt":"2024-12-18T12:13:53","slug":"kutatasi-tevekenysegunk","status":"publish","type":"page","link":"https:\/\/semmelweis.hu\/bokayklinika\/kutatas\/kutatasi-tevekenysegunk\/","title":{"rendered":"Kutat\u00e1si tev\u00e9kenys\u00e9g\u00fcnk"},"content":{"rendered":"<p style=\"text-align: justify\">Klinik\u00e1nkon t\u00f6bb, mint h\u00e1rom \u00e9vtizede folyik intenz\u00edv klinikai, illetve alapkutat\u00f3i tev\u00e9kenys\u00e9g. Az els\u0151 l\u00e9p\u00e9sek Prof. Milt\u00e9nyi Mikl\u00f3s nev\u00e9hez f\u0171z\u0151dnek, aki meghonos\u00edtotta Klinik\u00e1nkon a vizelet feh\u00e9rj\u00e9k elemz\u00e9s\u00e9nek analitikai m\u00f3dszereit. A kutat\u00f3laborat\u00f3rium fejl\u0151d\u00e9s\u00e9nek k\u00f6vetkez\u0151, igen intenz\u00edv szakasza a Prof. Tulassay Tivadar nev\u00e9hez f\u0171z\u0151dik. T\u00e1mogat\u00e1s\u00e1val, a kutat\u00f3labor akkori vezet\u0151j\u00e9nek, Prof. V\u00e1s\u00e1rhelyi Barn\u00e1nak ir\u00e1ny\u00edt\u00e1s\u00e1val honos\u00edtottuk meg a modern molekul\u00e1ris biol\u00f3giai m\u00f3dszereket. Ekkor alakult klinik\u00e1nk els\u0151 \u00e1lland\u00f3 munkacsoportja az MTA-SE Gyermekgy\u00f3gy\u00e1szati \u00e9s Nephrol\u00f3giai Kutat\u00f3csoport is. El\u0151dei hagyom\u00e1ny\u00e1t folytatva a Klinika jelenlegi vezet\u0151je Prof. Szab\u00f3 Attila is a tudom\u00e1ny elk\u00f6telezett t\u00e1mogat\u00f3ja. Vezet\u00e9se alatt kutat\u00f3laborat\u00f3riumunk tov\u00e1bb fejl\u0151d\u00f6tt, v\u00e1lt igazi modern, nemzetk\u00f6zileg is elismert m\u0171helly\u00e9. Laborat\u00f3riumunkban jelenleg h\u00e1rom nagy munkacsoport, a megalap\u00edt\u00e1sa \u00f3ta folyamatosan m\u0171k\u00f6d\u0151 MTA-SE Gyermekgy\u00f3gy\u00e1szati \u00e9s Nephrol\u00f3giai Kutat\u00f3csoport, az MTA-SE Lend\u00fclet Nephrogenetikai Kutat\u00f3csoport, illetve az MTA-SE Lend\u00fclet Diab\u00e9tesz Kutat\u00f3csoport tev\u00e9kenykedik. Mellett\u00fck sz\u00e1mos kisebb munkacsoport gazdag\u00edtja kutat\u00e1si profilunkat. A mintegy 30 f\u0151s laborban az \u00e1lland\u00f3 kutat\u00f3k mellett, 10-15 PhD \u00e9s sz\u00e1mos TDK hallgat\u00f3 vesz r\u00e9szt a mindennapi munk\u00e1ban. Kutat\u00e1saink els\u0151sorban az akut \u00e9s kr\u00f3nikus veseel\u00e9gtelens\u00e9g, a peritone\u00e1lis dial\u00edzis, a gyullad\u00e1sos b\u00e9lbetegs\u00e9g, illetve az idiop\u00e1ti\u00e1s t\u00fcd\u0151hegesed\u00e9s pathomechanizmus\u00e1nak meg\u00e9rt\u00e9s\u00e9t, kezel\u00e9s\u00e9t c\u00e9lozz\u00e1k. Munkat\u00e1rsaink alapkutat\u00f3i tev\u00e9kenys\u00e9g\u00fck mellett, jelent\u0151s diagnosztikai, illetve innov\u00e1ci\u00f3s tev\u00e9kenys\u00e9get v\u00e9geznek.<\/p>\n<p>&nbsp;<\/p>\n<p>&nbsp;<\/p>\n","protected":false},"excerpt":{"rendered":"<p>Klinik\u00e1nkon t\u00f6bb, mint h\u00e1rom \u00e9vtizede folyik intenz\u00edv klinikai, illetve alapkutat\u00f3i tev\u00e9kenys\u00e9g. Az els\u0151 l\u00e9p\u00e9sek Prof. Milt\u00e9nyi Mikl\u00f3s nev\u00e9hez f\u0171z\u0151dnek, aki meghonos\u00edtotta Klinik\u00e1nkon a vizelet feh\u00e9rj\u00e9k elemz\u00e9s\u00e9nek analitikai m\u00f3dszereit. A kutat\u00f3laborat\u00f3rium fejl\u0151d\u00e9s\u00e9nek k\u00f6vetkez\u0151, igen intenz\u00edv szakasza a Prof. Tulassay Tivadar nev\u00e9hez f\u0171z\u0151dik. T\u00e1mogat\u00e1s\u00e1val, a kutat\u00f3labor akkori vezet\u0151j\u00e9nek, Prof. V\u00e1s\u00e1rhelyi Barn\u00e1nak ir\u00e1ny\u00edt\u00e1s\u00e1val honos\u00edtottuk meg a modern molekul\u00e1ris &hellip;<\/p>\n","protected":false},"author":101740,"featured_media":0,"parent":15,"menu_order":9,"comment_status":"closed","ping_status":"closed","template":"","meta":{"_acf_changed":false,"footnotes":""},"categories":[],"tags":[],"class_list":["post-178","page","type-page","status-publish","hentry"],"acf":[],"_links":{"self":[{"href":"https:\/\/semmelweis.hu\/bokayklinika\/wp-json\/wp\/v2\/pages\/178","targetHints":{"allow":["GET"]}}],"collection":[{"href":"https:\/\/semmelweis.hu\/bokayklinika\/wp-json\/wp\/v2\/pages"}],"about":[{"href":"https:\/\/semmelweis.hu\/bokayklinika\/wp-json\/wp\/v2\/types\/page"}],"author":[{"embeddable":true,"href":"https:\/\/semmelweis.hu\/bokayklinika\/wp-json\/wp\/v2\/users\/101740"}],"replies":[{"embeddable":true,"href":"https:\/\/semmelweis.hu\/bokayklinika\/wp-json\/wp\/v2\/comments?post=178"}],"version-history":[{"count":6,"href":"https:\/\/semmelweis.hu\/bokayklinika\/wp-json\/wp\/v2\/pages\/178\/revisions"}],"predecessor-version":[{"id":6481,"href":"https:\/\/semmelweis.hu\/bokayklinika\/wp-json\/wp\/v2\/pages\/178\/revisions\/6481"}],"up":[{"embeddable":true,"href":"https:\/\/semmelweis.hu\/bokayklinika\/wp-json\/wp\/v2\/pages\/15"}],"wp:attachment":[{"href":"https:\/\/semmelweis.hu\/bokayklinika\/wp-json\/wp\/v2\/media?parent=178"}],"wp:term":[{"taxonomy":"category","embeddable":true,"href":"https:\/\/semmelweis.hu\/bokayklinika\/wp-json\/wp\/v2\/categories?post=178"},{"taxonomy":"post_tag","embeddable":true,"href":"https:\/\/semmelweis.hu\/bokayklinika\/wp-json\/wp\/v2\/tags?post=178"}],"curies":[{"name":"wp","href":"https:\/\/api.w.org\/{rel}","templated":true}]}}