{"id":177,"date":"2020-06-03T15:40:22","date_gmt":"2020-06-03T13:40:22","guid":{"rendered":"https:\/\/semmelweis.hu\/gyermekklinika1\/?page_id=177"},"modified":"2025-06-12T14:47:47","modified_gmt":"2025-06-12T12:47:47","slug":"unterricht","status":"publish","type":"page","link":"https:\/\/semmelweis.hu\/bokayklinika\/vorstellung-der-klinik\/unterricht\/","title":{"rendered":"Unterricht"},"content":{"rendered":"<div class=\"keretes\">Liebe geehrte Studenten!<\/p>\n<p>Die\u00a0Studienangelegenheiten\u00a0werden im Sekretariat am 2. Stock erledigt. <\/p>\n<p><strong>Verantwortlich ist<\/strong> <br \/>\nEnik\u0151 Stolm\u00e1r<br \/>\n<a href=\"mailto:unterricht.bokay@semmelweis.hu\">unterricht.bokay@semmelweis.hu<\/a><\/p>\n<div class=\"x_elementToProof\">\u00a0<\/div>\n<p><strong>Amtsstunden<\/strong><br \/>\nMontag, Mittwoch: 10:00 -12:00<br \/>\nDienstag, Donnenstag: 13:00-15:00<\/div>\n<p style=\"text-align: justify\">Willkommen in der Abteilung f\u00fcr P\u00e4diatrie der Semmelweis Universit\u00e4t (<span style=\"font-size: 1rem;text-align: left\">Abteilung der B\u00f3kay Strasse<\/span>)! Die <a href=\"https:\/\/semmelweis.hu\/bokayklinika\/vorstellung-der-klinik\/\" target=\"_blank\" rel=\"noopener noreferrer\"><strong>Geschichte unserer Klinik &gt;&gt;<\/strong><\/a> reicht viele Jahre zur\u00fcck. Wir hoffen, dass wir w\u00e4hrend Ihres Praktikums mit dieser langj\u00e4hrigen Erfahrung und professionellem Wissen zu Ihrem Studium beitragen k\u00f6nnen.<\/p>\n<p style=\"text-align: justify\"><strong><span style=\"color: #3366ff\">Jeder Student der auf eine Pr\u00fcfung kommt muss einen\u00a0Ausweis mit Fotografie\u00a0mitbringen und vor der Pr\u00fcfung das zeigen.<\/span><\/strong><\/p>\n<p style=\"text-align: justify\">Studienjahr 2025\/2026 ist die Abgabefrist der Diplomarbeit der 15. Januar. Mit einem Antrag auf Verlaengerung der Frist auf dem entsprechendem Vordruck muss die Diplomarbeit spaetestens bis 31. Januar eingereicht werden.<\/p>\n<p>&nbsp;<\/p>\n<p><strong>Dokumente:<br \/>\n<\/strong><a href=\"https:\/\/semmelweis.hu\/bokayklinika\/files\/2020\/06\/einstiegsfragen_6.jahrgang.pdf\" target=\"_blank\" rel=\"noopener noreferrer\">Einleitende Fragen ins Rigorosum (6. Jahrgang, deutsche Studenten)<\/a><br \/>\n<a href=\"https:\/\/semmelweis.hu\/bokayklinika\/files\/2024\/08\/Rigorosum.pdf\" target=\"_blank\" rel=\"noopener\">Paediatriethesenliste\u00a0 Rigorosum<\/a><br \/>\n<a href=\"https:\/\/semmelweis.hu\/bokayklinika\/files\/2025\/06\/Diplomenarbeit-2025-26.pdf\" target=\"_blank\" rel=\"noopener\">Diplomenarbeit 2025\/2026<\/a><br \/>\n<a href=\"https:\/\/semmelweis.hu\/bokayklinika\/files\/2020\/06\/information_fur_studenten_des_5_jahrganges_2019-20-2_semester2.pdf\" target=\"_blank\" rel=\"noopener noreferrer\">Information f\u00fcr Studenten des 5. Jahrganges<\/a><br \/>\n<a href=\"https:\/\/semmelweis.hu\/bokayklinika\/files\/2020\/06\/thesenliste_fur_studenten_des_5._jahrganges.pdf\" target=\"_blank\" rel=\"noopener noreferrer\">Thesenliste f\u00fcr den 5. Jahrgang<\/a><br \/>\n<a href=\"https:\/\/semmelweis.hu\/bokayklinika\/files\/2020\/06\/vereinbarung_fur_die_ableistung_eines_praktikums_famulatur_2018_.docx\" target=\"_blank\" rel=\"noopener noreferrer\">Vereinbarung f\u00fcr die Ableistung eines Praktikums\/Famulatur<\/a><\/p>\n<p>&nbsp;<\/p>\n","protected":false},"excerpt":{"rendered":"<p>Liebe geehrte Studenten! Die\u00a0Studienangelegenheiten\u00a0werden im Sekretariat am 2. Stock erledigt. Verantwortlich ist Enik\u0151 Stolm\u00e1r <a href=\"mailto:unterricht.bokay@semmelweis.hu\">unterricht.bokay@semmelweis.hu<\/a> \u00a0 Amtsstunden Montag, Mittwoch: 10:00 -12:00 Dienstag, Donnenstag: 13:00-15:00 Willkommen in der Abteilung f\u00fcr P\u00e4diatrie der Semmelweis Universit\u00e4t (Abteilung der B\u00f3kay Strasse)! Die <a href=\"https:\/\/semmelweis.hu\/bokayklinika\/vorstellung-der-klinik\/\" target=\"_blank\" rel=\"noopener noreferrer\">Geschichte unserer Klinik &gt;&gt;<\/a> reicht viele Jahre zur\u00fcck. Wir hoffen, dass wir w\u00e4hrend Ihres Praktikums mit dieser langj\u00e4hrigen Erfahrung und professionellem Wissen &hellip;<\/p>\n","protected":false},"author":101740,"featured_media":0,"parent":1466,"menu_order":0,"comment_status":"closed","ping_status":"closed","template":"","meta":{"_acf_changed":false,"footnotes":""},"categories":[],"tags":[],"class_list":["post-177","page","type-page","status-publish","hentry"],"acf":[],"_links":{"self":[{"href":"https:\/\/semmelweis.hu\/bokayklinika\/wp-json\/wp\/v2\/pages\/177","targetHints":{"allow":["GET"]}}],"collection":[{"href":"https:\/\/semmelweis.hu\/bokayklinika\/wp-json\/wp\/v2\/pages"}],"about":[{"href":"https:\/\/semmelweis.hu\/bokayklinika\/wp-json\/wp\/v2\/types\/page"}],"author":[{"embeddable":true,"href":"https:\/\/semmelweis.hu\/bokayklinika\/wp-json\/wp\/v2\/users\/101740"}],"replies":[{"embeddable":true,"href":"https:\/\/semmelweis.hu\/bokayklinika\/wp-json\/wp\/v2\/comments?post=177"}],"version-history":[{"count":11,"href":"https:\/\/semmelweis.hu\/bokayklinika\/wp-json\/wp\/v2\/pages\/177\/revisions"}],"predecessor-version":[{"id":7176,"href":"https:\/\/semmelweis.hu\/bokayklinika\/wp-json\/wp\/v2\/pages\/177\/revisions\/7176"}],"up":[{"embeddable":true,"href":"https:\/\/semmelweis.hu\/bokayklinika\/wp-json\/wp\/v2\/pages\/1466"}],"wp:attachment":[{"href":"https:\/\/semmelweis.hu\/bokayklinika\/wp-json\/wp\/v2\/media?parent=177"}],"wp:term":[{"taxonomy":"category","embeddable":true,"href":"https:\/\/semmelweis.hu\/bokayklinika\/wp-json\/wp\/v2\/categories?post=177"},{"taxonomy":"post_tag","embeddable":true,"href":"https:\/\/semmelweis.hu\/bokayklinika\/wp-json\/wp\/v2\/tags?post=177"}],"curies":[{"name":"wp","href":"https:\/\/api.w.org\/{rel}","templated":true}]}}