{"id":1697,"date":"2020-09-16T14:11:44","date_gmt":"2020-09-16T12:11:44","guid":{"rendered":"https:\/\/semmelweis.hu\/gyermekklinika1\/?page_id=1697"},"modified":"2025-11-13T11:08:30","modified_gmt":"2025-11-13T10:08:30","slug":"endokrinologia-obezitologia","status":"publish","type":"page","link":"https:\/\/semmelweis.hu\/bokayklinika\/betegellatas\/jarobeteg-ellatas\/endokrinologia-obezitologia\/","title":{"rendered":"Endokrinol\u00f3gia-Obezitol\u00f3gia"},"content":{"rendered":"<div class=\"keretes\">Gyermekgy\u00f3gy\u00e1szati Klinika B\u00f3kay utcai r\u00e9szleg<br \/>\n1083 Budapest, B\u00f3kay J. u. 54., f\u00f6ldszint<br \/>\n<strong><br \/>\nEl\u0151jegyz\u00e9s sz\u00fcks\u00e9ges az al\u00e1bbi telefonsz\u00e1mon:<\/strong><br \/>\n06-1-3343-186 \u00a0vagy online id\u0151pontfoglal\u00e1si rendszer\u00fcnk\u00f6n kereszt\u00fcl:<br \/>\n<a id=\"OWA83bd9ca9-86df-6586-5d60-5e22bd867bdb\" class=\"OWAAutoLink elementToProof\" href=\"https:\/\/elojegyzes.meditime.hu\/14\" target=\"_blank\" rel=\"noopener\">https:\/\/elojegyzes.meditime.hu\/14<\/a><\/p>\n<p>Id\u0151pont\u00e9rt k\u00e9rj\u00fck annak az orvosnak a mell\u00e9k\u00e9t h\u00edvni, akihez a beutal\u00f3 sz\u00f3l.<br \/>\n(Kiv\u00e9ve akut esetekben.)<\/p>\n<p><strong>Beutal\u00f3 \u00faj betegek \u00e9s 6 h\u00f3napn\u00e1l r\u00e9gebben itt j\u00e1rt p\u00e1ciensek sz\u00e1m\u00e1ra k\u00f6telez\u0151!<\/strong><\/div>\n<p><strong>Endokrinol\u00f3giai Ambulanci\u00e1nkon<\/strong> olyan gyermeket \u00e9s serd\u00fcl\u0151ket fogadunk, akikn\u00e9l megel\u0151z\u0151 orvosi vizsg\u00e1lat alapj\u00e1n a hormonh\u00e1ztart\u00e1s m\u0171k\u00f6d\u00e9s\u00e9nek vizsg\u00e1lata sz\u00fcks\u00e9ges.<\/p>\n<p>Els\u0151sorban az agyalapimirigy, a pajzsmirigy, a mell\u00e9kvese \u00e9s gon\u00e1dok m\u0171k\u00f6d\u00e9s\u00e9nek vizsg\u00e1lat\u00e1val \u00e9s a diagnosztiz\u00e1lt betegs\u00e9gek kezel\u00e9s\u00e9vel foglalkozunk.<\/p>\n<p>Klinik\u00e1nk a n\u00f6veked\u00e9sihormon kezel\u00e9ssel foglalkoz\u00f3 k\u00f6zpontok egyike, \u00edgy gyermekek n\u00f6veked\u00e9sihormon kezel\u00e9s\u00e9t v\u00e9gezz\u00fck n\u00f6veked\u00e9sihormon hi\u00e1nyban \u00e9s Turner szindr\u00f3m\u00e1ban.<\/p>\n<p>Az \u00fajsz\u00fcl\u00f6ttkori anyagcseresz\u0171r\u00e9s r\u00e9szek\u00e9nt v\u00e9gezz\u00fck a velesz\u00fcletett cs\u00f6kkent pajzsmirigy m\u0171k\u00f6d\u00e9s gyan\u00faj\u00e1val kisz\u0171rt \u00fajsz\u00fcl\u00f6ttek vizsg\u00e1lat\u00e1t \u00e9s a cs\u00f6kkent pajzsmirigy m\u0171k\u00f6d\u00e9sben szenved\u0151 gyermekek tov\u00e1bbi gondoz\u00e1s\u00e1t. T\u00fals\u00falyos gyermek eset\u00e9ben vizsg\u00e1lataink a hormonh\u00e1ztart\u00e1s zavar\u00e1nak kiz\u00e1r\u00e1s\u00e1ra ir\u00e1nyulnak.<\/p>\n<p><strong>Aki t\u00fals\u00faly miatt jelentkezik rendel\u00e9s\u00fcnkre, oszt\u00e1lyos kivizsg\u00e1l\u00e1sra k\u00e9rhet id\u0151pontot az al\u00e1bbi el\u00e9rhet\u0151s\u00e9geken:<\/strong><\/p>\n<table style=\"border-collapse: collapse;width: 84.0716%\">\n<tbody>\n<tr>\n<td style=\"width: 28.8969%\"><strong>H\u00c9TF\u0150T\u0150L-P\u00c9NTEKIG<\/strong><\/td>\n<td style=\"width: 29.3333%;text-align: center\"><strong><span style=\"color: #ff0000\">08:00-14:00 \u00f3ra k\u00f6z\u00f6tt<\/span><\/strong><\/td>\n<td style=\"width: 25.8424%;text-align: center\"><strong><span style=\"color: #ff0000\">+36 20 825-2750<br \/>\n<\/span><\/strong><\/td>\n<\/tr>\n<\/tbody>\n<\/table>\n<p><strong>Rendelkez\u00e9sre \u00e1ll\u00f3 lehet\u0151s\u00e9gek:<br \/>\n<\/strong>Csecsem\u0151- \u00e9s gyermekgy\u00f3gy\u00e1sz \u00e9s endokrinol\u00f3gus szakorvos<br \/>\nSzakasszisztensek<br \/>\nDietetikus<br \/>\nRutin \u00e9s speci\u00e1lis laborat\u00f3riumi vizsg\u00e1latok<br \/>\nK\u00e9palkot\u00f3 vizsg\u00e1latok<\/p>\n<p><strong>Endokrinol\u00f3gia szakrendel\u00e9s:<\/strong><\/p>\n<table style=\"border-collapse: collapse;width: 93.4545%;height: 338px\">\n<tbody>\n<tr style=\"height: 33px\">\n<td style=\"width: 7.78184%;height: 33px;text-align: left\" colspan=\"2\"><span style=\"color: #ff0000\"><strong>Dr. Hal\u00e1sz Zita<\/strong><\/span><\/td>\n<\/tr>\n<tr style=\"height: 103px\">\n<td style=\"width: 7.78184%;height: 103px\">Rendel\u00e9si id\u0151:<\/td>\n<td style=\"width: 27.6606%;height: 103px\">\n<p><strong>H\u00c9TF\u0150-P\u00c9NTEK<\/strong><br \/>\n09:00 -12:00\u00a0<\/p>\n<\/td>\n<\/tr>\n<tr style=\"height: 103px\">\n<td style=\"width: 7.78184%;height: 103px\">Kapcsolattart\u00e1s:<\/td>\n<td style=\"width: 27.6606%;height: 103px\">\n<p>emailen az <a href=\"mailto:endokrin1.bokay@semmelweis.hu\">endokrin1.bokay@semmelweis.hu<\/a> c\u00edmen<\/p>\n<p>telefonon p\u00e9ntekenk\u00e9nt 10-12 \u00f3ra k\u00f6z\u00f6tt az <strong>52776<\/strong> mell\u00e9ken<\/p>\n<\/td>\n<\/tr>\n<tr>\n<td style=\"width: 7.78184%\">Asszisztensek:<\/td>\n<td style=\"width: 27.6606%\">\n<p><span data-olk-copy-source=\"MessageBody\">Boldizs\u00e1r \u00c1gnes, Csernus P\u00e1ln\u00e9, Juh\u00e1szn\u00e9 S\u00e1rk\u00f6zi \u00c1gota<\/span><\/p>\n<\/td>\n<\/tr>\n<\/tbody>\n<\/table>\n<p><span style=\"font-size: 1rem\">\u00a0 \u00a0 \u00a0 \u00a0 \u00a0 \u00a0 \u00a0 \u00a0 \u00a0 \u00a0 \u00a0 \u00a0 \u00a0 \u00a0 \u00a0 \u00a0 \u00a0 \u00a0 \u00a0 \u00a0 \u00a0 \u00a0 \u00a0 \u00a0 \u00a0 \u00a0 \u00a0 \u00a0 \u00a0 \u00a0 \u00a0 \u00a0 \u00a0 \u00a0 \u00a0 \u00a0 \u00a0 \u00a0 \u00a0 \u00a0 \u00a0 \u00a0 \u00a0 \u00a0 \u00a0 \u00a0 \u00a0 \u00a0 \u00a0 \u00a0 \u00a0<\/span><\/p>\n<div dir=\"ltr\">\n<div>\n<table style=\"border-collapse: collapse;width: 93.8908%;height: 168px\">\n<tbody>\n<tr style=\"height: 33px\">\n<td style=\"width: 74.0962%;height: 33px;text-align: left\" colspan=\"4\"><span style=\"color: #ff0000\"><strong>Dr. Luczay Andrea<\/strong><\/span><\/td>\n<\/tr>\n<tr style=\"height: 119px\">\n<td style=\"width: 16.0727%;height: 52px\">Rendel\u00e9si id\u0151k:<\/td>\n<td style=\"width: 15.2694%;text-align: center;height: 52px\">\n<p><strong>H\u00c9TF\u0150<\/strong><br \/>\n09:00 &#8211; 14:00<\/p>\n<\/td>\n<td style=\"width: 24.2149%;text-align: center;height: 52px\">\n<p><strong>SZERDA<\/strong><br \/>\n(minden h\u00f3nap 2. \u00e9s 4. szerd\u00e1j\u00e1n)<br \/>\n09:00 &#8211; 14:00<\/p>\n<\/td>\n<td style=\"width: 18.5392%;text-align: center;height: 52px\">\n<p>&nbsp;<\/p>\n<p><strong>CS\u00dcT\u00d6RT\u00d6K<\/strong><br \/>\n09:00 &#8211; 14:00<\/p>\n<p>&nbsp;<\/p>\n<\/td>\n<\/tr>\n<tr style=\"height: 83px\">\n<td style=\"width: 16.0727%;height: 83px\">Id\u0151pont egyeztet\u00e9s:<\/td>\n<td style=\"width: 15.2694%;height: 83px\">online id\u0151pontfoglal\u00e1si rendszer\u00fcnk\u00f6n kereszt\u00fcl: <a href=\"https:\/\/elojegyzes.meditime.hu\/14\" target=\"_blank\" rel=\"noopener\">https:\/\/elojegyzes.meditime.hu\/14<\/a><\/td>\n<td style=\"width: 24.2149%;height: 83px\">\u00a0<\/td>\n<td style=\"width: 18.5392%;height: 83px\">\u00a0<\/td>\n<\/tr>\n<\/tbody>\n<\/table>\n<\/div>\n<div>\u00a0<\/div>\n<div><strong>Endokrinol\u00f3gia \u00e9s obezitol\u00f3gia szakrendel\u00e9s:<\/strong><\/div>\n<div>\u00a0<\/div>\n<\/div>\n<div>\n<table style=\"border-collapse: collapse;width: 73.8909%\">\n<tbody>\n<tr>\n<td style=\"width: 19.5151%\" colspan=\"3\"><strong><span style=\"color: #ff0000\">Dr. G\u00e1cs Zs\u00f3fia<\/span><\/strong><\/td>\n<\/tr>\n<tr>\n<td style=\"width: 19.5151%\">Rendel\u00e9si id\u0151k:<\/td>\n<td style=\"width: 23.1515%;text-align: center\">\n<p><strong>H\u00c9TF\u0150<\/strong><br \/>\n09:00 &#8211; 14:00<\/p>\n<\/td>\n<td style=\"width: 31.2242%;text-align: center\">\n<p><strong>P\u00c9NTEK<\/strong><br \/>\n09:00 &#8211; 14:00<\/p>\n<\/td>\n<\/tr>\n<tr>\n<td style=\"width: 19.5151%\">Id\u0151pont egyeztet\u00e9s:<\/td>\n<td style=\"width: 54.3757%;text-align: center\" colspan=\"2\"><a href=\"mailto:simenfalvi.eniko@semmelweis.hu\" target=\"_blank\" rel=\"noopener\">simenfalvi.eniko@semmelweis.hu<\/a>\u00a0<\/td>\n<\/tr>\n<\/tbody>\n<\/table>\n<\/div>\n<div>\u00a0<\/div>\n<div>\u00a0<\/div>\n<div>\n<table style=\"border-collapse: collapse;width: 74.1818%\">\n<tbody>\n<tr>\n<td style=\"width: 19.5151%\" colspan=\"3\"><span style=\"color: #ff0000\"><strong>Dr. Liptovszky Janka<\/strong><\/span><\/td>\n<\/tr>\n<tr>\n<td style=\"width: 19.5151%\">Rendel\u00e9si id\u0151k:<\/td>\n<td style=\"width: 23.1158%;text-align: center\">\n<p><strong>SZERDA<\/strong><br \/>\n08:30 &#8211; 14:00<\/p>\n<\/td>\n<td style=\"width: 29.9882%;text-align: center\">\n<p><strong>CS\u00dcT\u00d6RT\u00d6K<\/strong><br \/>\n08:30 &#8211; 14:00<\/p>\n<\/td>\n<\/tr>\n<tr>\n<td style=\"width: 19.5151%\">Id\u0151pont egyeztet\u00e9s:<\/td>\n<td style=\"width: 53.104%;text-align: center\" colspan=\"2\"><a href=\"mailto:simenfalvi.eniko@semmelweis.hu\" target=\"_blank\" rel=\"noopener\">simenfalvi.eniko@semmelweis.hu\u00a0<\/a><\/td>\n<\/tr>\n<\/tbody>\n<\/table>\n<\/div>\n<div>\u00a0<\/div>\n<div>\u00a0<\/div>\n<div>\n<table style=\"border-collapse: collapse;width: 74.0364%\">\n<tbody>\n<tr>\n<td style=\"width: 15.2242%\"><span style=\"color: #ff0000\"><strong>Dr. Hrapka Erzs\u00e9bet<\/strong><\/span><\/td>\n<td style=\"width: 25.4788%\">\u00a0<\/td>\n<\/tr>\n<tr>\n<td style=\"width: 15.2242%\">Rendel\u00e9si id\u0151:<\/td>\n<td style=\"width: 25.4788%;text-align: center\">\n<p><strong>P\u00c9NTEK<\/strong><br \/>\n08:00 &#8211; 14:00<\/p>\n<\/td>\n<\/tr>\n<tr>\n<td style=\"width: 15.2242%\">Id\u0151pont egyeztet\u00e9s:<\/td>\n<td style=\"width: 25.4788%;text-align: center\">52654-es mell\u00e9k<\/td>\n<\/tr>\n<\/tbody>\n<\/table>\n<\/div>\n<div>\u00a0<\/div>\n<div>\u00a0<\/div>\n<div dir=\"ltr\">\n<div>\n<table style=\"border-collapse: collapse;width: 74.1818%\">\n<tbody>\n<tr>\n<td style=\"width: 19.6606%;text-align: left\" colspan=\"3\"><span style=\"color: #ff0000\"><strong>Dr. Vil\u00e1gos Eszter (tart\u00f3s t\u00e1voll\u00e9t)<\/strong><\/span><\/td>\n<\/tr>\n<tr>\n<td style=\"width: 19.6606%\">Rendel\u00e9si id\u0151k:<\/td>\n<td style=\"width: 22.7878%;text-align: center\"><strong>H\u00c9TF\u0150<\/strong><\/td>\n<td style=\"width: 31.7333%;text-align: center\"><strong>P\u00c9NTEK<\/strong><\/td>\n<\/tr>\n<tr>\n<td style=\"width: 19.6606%\">\u00a0<\/td>\n<td style=\"width: 22.7878%;text-align: center\">Endokrinol\u00f3gia<\/td>\n<td style=\"width: 31.7333%;text-align: center\">Obezitol\u00f3gia<\/td>\n<\/tr>\n<\/tbody>\n<\/table>\n<\/div>\n<div>\u00a0<\/div>\n<div><strong>Asszisztenseink<\/strong><\/div>\n<div>Guly\u00e1s Vikt\u00f3ria<\/div>\n<div>Kustra S\u00e1ndorn\u00e9<\/div>\n<div>Palikn\u00e9 Szab\u00f3 Katalin<\/div>\n<\/div>\n","protected":false},"excerpt":{"rendered":"<p>Gyermekgy\u00f3gy\u00e1szati Klinika B\u00f3kay utcai r\u00e9szleg 1083 Budapest, B\u00f3kay J. u. 54., f\u00f6ldszint El\u0151jegyz\u00e9s sz\u00fcks\u00e9ges az al\u00e1bbi telefonsz\u00e1mon: 06-1-3343-186 \u00a0vagy online id\u0151pontfoglal\u00e1si rendszer\u00fcnk\u00f6n kereszt\u00fcl: <a id=\"OWA83bd9ca9-86df-6586-5d60-5e22bd867bdb\" class=\"OWAAutoLink elementToProof\" href=\"https:\/\/elojegyzes.meditime.hu\/14\" target=\"_blank\" rel=\"noopener\">https:\/\/elojegyzes.meditime.hu\/14<\/a> Id\u0151pont\u00e9rt k\u00e9rj\u00fck annak az orvosnak a mell\u00e9k\u00e9t h\u00edvni, akihez a beutal\u00f3 sz\u00f3l. (Kiv\u00e9ve akut esetekben.) Beutal\u00f3 \u00faj betegek \u00e9s 6 h\u00f3napn\u00e1l r\u00e9gebben itt j\u00e1rt p\u00e1ciensek sz\u00e1m\u00e1ra k\u00f6telez\u0151! Endokrinol\u00f3giai Ambulanci\u00e1nkon olyan gyermeket \u00e9s &hellip;<\/p>\n","protected":false},"author":101739,"featured_media":0,"parent":94,"menu_order":6,"comment_status":"closed","ping_status":"closed","template":"","meta":{"_acf_changed":false,"footnotes":""},"categories":[],"tags":[],"class_list":["post-1697","page","type-page","status-publish","hentry"],"acf":[],"_links":{"self":[{"href":"https:\/\/semmelweis.hu\/bokayklinika\/wp-json\/wp\/v2\/pages\/1697","targetHints":{"allow":["GET"]}}],"collection":[{"href":"https:\/\/semmelweis.hu\/bokayklinika\/wp-json\/wp\/v2\/pages"}],"about":[{"href":"https:\/\/semmelweis.hu\/bokayklinika\/wp-json\/wp\/v2\/types\/page"}],"author":[{"embeddable":true,"href":"https:\/\/semmelweis.hu\/bokayklinika\/wp-json\/wp\/v2\/users\/101739"}],"replies":[{"embeddable":true,"href":"https:\/\/semmelweis.hu\/bokayklinika\/wp-json\/wp\/v2\/comments?post=1697"}],"version-history":[{"count":14,"href":"https:\/\/semmelweis.hu\/bokayklinika\/wp-json\/wp\/v2\/pages\/1697\/revisions"}],"predecessor-version":[{"id":7642,"href":"https:\/\/semmelweis.hu\/bokayklinika\/wp-json\/wp\/v2\/pages\/1697\/revisions\/7642"}],"up":[{"embeddable":true,"href":"https:\/\/semmelweis.hu\/bokayklinika\/wp-json\/wp\/v2\/pages\/94"}],"wp:attachment":[{"href":"https:\/\/semmelweis.hu\/bokayklinika\/wp-json\/wp\/v2\/media?parent=1697"}],"wp:term":[{"taxonomy":"category","embeddable":true,"href":"https:\/\/semmelweis.hu\/bokayklinika\/wp-json\/wp\/v2\/categories?post=1697"},{"taxonomy":"post_tag","embeddable":true,"href":"https:\/\/semmelweis.hu\/bokayklinika\/wp-json\/wp\/v2\/tags?post=1697"}],"curies":[{"name":"wp","href":"https:\/\/api.w.org\/{rel}","templated":true}]}}