{"id":1646,"date":"2020-09-03T09:59:42","date_gmt":"2020-09-03T07:59:42","guid":{"rendered":"https:\/\/semmelweis.hu\/gyermekklinika1\/?page_id=1646"},"modified":"2025-11-13T10:45:06","modified_gmt":"2025-11-13T09:45:06","slug":"vesetranszplantacios-szakrendeles","status":"publish","type":"page","link":"https:\/\/semmelweis.hu\/bokayklinika\/betegellatas\/jarobeteg-ellatas\/vesetranszplantacios-szakrendeles\/","title":{"rendered":"Vesetranszplant\u00e1ci\u00f3s szakrendel\u00e9s"},"content":{"rendered":"<div class=\"keretes\">Gyermekgy\u00f3gy\u00e1szati Klinika (B\u00f3kay utcai r\u00e9szleg) <strong>Vesetranszplant\u00e1ci\u00f3s szakrendel\u00e9s<br \/>\n<\/strong>1083 Budapest, B\u00f3kay u. 54., Alagsor<br \/>\nTelefon: 06-1-3343-186\/52667<\/div>\n<h4><strong>Hogyan k\u00e9rjen el\u0151jegyz\u00e9si id\u0151pontot?<\/strong><\/h4>\n<p>Dr. Mikes B\u00e1lint \u00e9s dr. Csizek Zs\u00f3fia rendel\u00e9s\u00e9re el\u0151jegyz\u00e9s k\u00e9rhet\u0151\u00a0a <strong>06-20-277-1996<\/strong>-os telefonsz\u00e1mon Feszt T\u00edmea transzplant\u00e1ci\u00f3s koordin\u00e1torn\u00e1l.<\/p>\n<p>Dr. Szab\u00f3 Attila rendel\u00e9s\u00e9re el\u0151jegyz\u00e9s k\u00e9rhet\u0151 a <strong>06-1-334-3186\/52667<\/strong>-es, illetve a <strong>06-20-825-8202<\/strong>-es telefonsz\u00e1mon, Farkasn\u00e9 Kov\u00e1cs Fanni asszisztensn\u00e9l (<a href=\"mailto:kovacs.fanni1@semmelweis.hu\">kovacs.fanni1@semmelweis.hu<\/a>), munkanapokon 13:30 \u00e9s 15:00 \u00f3ra k\u00f6z\u00f6tt.<\/p>\n<p>Beutal\u00f3 nem sz\u00fcks\u00e9ges a transzplant\u00e1lt betegeknek.<\/p>\n<h4><strong>Ambul\u00e1ns rendel\u00e9si id\u0151:<\/strong><\/h4>\n<table style=\"border-collapse: collapse;width: 84.5818%\">\n<tbody>\n<tr>\n<td style=\"width: 27.8788%;text-align: center\" rowspan=\"3\"><strong>KEDD<\/strong><\/td>\n<td style=\"width: 31.006%;text-align: center\" rowspan=\"2\"><strong>09:00 &#8211; 11:00<\/strong><\/td>\n<td style=\"width: 25.6969%\"><strong>Dr. Mikes B\u00e1lint<\/strong><\/td>\n<\/tr>\n<tr>\n<td style=\"width: 25.6969%\"><strong>Dr. Csizek Zs\u00f3fia<\/strong><\/td>\n<\/tr>\n<tr>\n<td style=\"width: 31.006%;text-align: center\"><strong>11:00 &#8211; 13:00<\/strong><\/td>\n<td style=\"width: 25.6969%\"><strong>Dr. Szab\u00f3 Attila<\/strong><\/td>\n<\/tr>\n<\/tbody>\n<\/table>\n<p>&nbsp;<\/p>\n","protected":false},"excerpt":{"rendered":"<p>Gyermekgy\u00f3gy\u00e1szati Klinika (B\u00f3kay utcai r\u00e9szleg) Vesetranszplant\u00e1ci\u00f3s szakrendel\u00e9s 1083 Budapest, B\u00f3kay u. 54., Alagsor Telefon: 06-1-3343-186\/52667 Hogyan k\u00e9rjen el\u0151jegyz\u00e9si id\u0151pontot? Dr. Mikes B\u00e1lint \u00e9s dr. Csizek Zs\u00f3fia rendel\u00e9s\u00e9re el\u0151jegyz\u00e9s k\u00e9rhet\u0151\u00a0a 06-20-277-1996-os telefonsz\u00e1mon Feszt T\u00edmea transzplant\u00e1ci\u00f3s koordin\u00e1torn\u00e1l. Dr. Szab\u00f3 Attila rendel\u00e9s\u00e9re el\u0151jegyz\u00e9s k\u00e9rhet\u0151 a 06-1-334-3186\/52667-es, illetve a 06-20-825-8202-es telefonsz\u00e1mon, Farkasn\u00e9 Kov\u00e1cs Fanni asszisztensn\u00e9l ( <a href=\"mailto:kovacs.fanni1@semmelweis.hu\">kovacs.fanni1@semmelweis.hu<\/a> ), munkanapokon 13:30 &hellip;<\/p>\n","protected":false},"author":101739,"featured_media":0,"parent":94,"menu_order":24,"comment_status":"closed","ping_status":"closed","template":"","meta":{"_acf_changed":false,"footnotes":""},"categories":[],"tags":[],"class_list":["post-1646","page","type-page","status-publish","hentry"],"acf":[],"_links":{"self":[{"href":"https:\/\/semmelweis.hu\/bokayklinika\/wp-json\/wp\/v2\/pages\/1646","targetHints":{"allow":["GET"]}}],"collection":[{"href":"https:\/\/semmelweis.hu\/bokayklinika\/wp-json\/wp\/v2\/pages"}],"about":[{"href":"https:\/\/semmelweis.hu\/bokayklinika\/wp-json\/wp\/v2\/types\/page"}],"author":[{"embeddable":true,"href":"https:\/\/semmelweis.hu\/bokayklinika\/wp-json\/wp\/v2\/users\/101739"}],"replies":[{"embeddable":true,"href":"https:\/\/semmelweis.hu\/bokayklinika\/wp-json\/wp\/v2\/comments?post=1646"}],"version-history":[{"count":10,"href":"https:\/\/semmelweis.hu\/bokayklinika\/wp-json\/wp\/v2\/pages\/1646\/revisions"}],"predecessor-version":[{"id":7640,"href":"https:\/\/semmelweis.hu\/bokayklinika\/wp-json\/wp\/v2\/pages\/1646\/revisions\/7640"}],"up":[{"embeddable":true,"href":"https:\/\/semmelweis.hu\/bokayklinika\/wp-json\/wp\/v2\/pages\/94"}],"wp:attachment":[{"href":"https:\/\/semmelweis.hu\/bokayklinika\/wp-json\/wp\/v2\/media?parent=1646"}],"wp:term":[{"taxonomy":"category","embeddable":true,"href":"https:\/\/semmelweis.hu\/bokayklinika\/wp-json\/wp\/v2\/categories?post=1646"},{"taxonomy":"post_tag","embeddable":true,"href":"https:\/\/semmelweis.hu\/bokayklinika\/wp-json\/wp\/v2\/tags?post=1646"}],"curies":[{"name":"wp","href":"https:\/\/api.w.org\/{rel}","templated":true}]}}