{"id":1643,"date":"2020-09-03T09:57:37","date_gmt":"2020-09-03T07:57:37","guid":{"rendered":"https:\/\/semmelweis.hu\/gyermekklinika1\/?page_id=1643"},"modified":"2024-11-20T14:07:31","modified_gmt":"2024-11-20T13:07:31","slug":"ujszulott-csecsemo-vesebetegsegek","status":"publish","type":"page","link":"https:\/\/semmelweis.hu\/bokayklinika\/betegellatas\/jarobeteg-ellatas\/ujszulott-csecsemo-vesebetegsegek\/","title":{"rendered":"\u00dajsz\u00fcl\u00f6tt\/csecsem\u0151 vesebetegs\u00e9gek"},"content":{"rendered":"<div class=\"keretes\">Gyermekgy\u00f3gy\u00e1szati Klinika (B\u00f3kay utcai r\u00e9szleg) <strong>\u00dajsz\u00fcl\u00f6tt\/csecsem\u0151 vesebetegs\u00e9gek Ambulancia<\/strong>\u00a0 \u00a0 \u00a0 \u00a0 \u00a0 1083 Budapest, B\u00f3kay u. 53., fszt. 3. rendel\u0151<br \/>\nTelefon: 06-1-3343-186\/52752<\/div>\n<h4>\u00a0<\/h4>\n<p style=\"text-align: justify\"><strong>Rendel\u00e9s\u00fcnk\u00f6n el\u0151jegyz\u00e9s alapj\u00e1n fogadjuk betegeinket!<\/strong> (S\u00fcrg\u0151s eseteket lesz\u00e1m\u00edtva)<\/p>\n<p style=\"text-align: justify\">A rendel\u00e9sen olyan \u00fajsz\u00fcl\u00f6tteket \u00e9s csecsem\u0151ket l\u00e1tunk el, akik vese illetve h\u00fagy\u00fati fejl\u0151d\u00e9si rendelleness\u00e9ggel sz\u00fclettek.<\/p>\n<table style=\"border-collapse: collapse;width: 100%\">\n<tbody>\n<tr>\n<td style=\"width: 33.3333%;text-align: center\"><strong>H\u00c9TK\u00d6ZNAPOKON<\/strong><\/td>\n<td style=\"width: 33.3333%;text-align: center\"><strong>09:00 &#8211; 12:00<\/strong><\/td>\n<td style=\"width: 33.3333%;text-align: center\"><strong>Dr. M\u00e1ttyus Istv\u00e1n<\/strong><\/td>\n<\/tr>\n<\/tbody>\n<\/table>\n<p>&nbsp;<\/p>\n<p style=\"text-align: justify\">Rendel\u00e9s\u00fcnkre bejelentkezni a 06-1-3343-186\/52752 telefonsz\u00e1mon lehet, Dr. M\u00e1ttyus Istv\u00e1nnal folytatott szem\u00e9lyes megbesz\u00e9l\u00e9s \u00fatj\u00e1n. A klinik\u00e1n el\u0151sz\u00f6r megfordul\u00f3 gyermekeket akkor tudjuk fogadni, ha a h\u00e1ziorvost\u00f3l beutal\u00f3t hoznak.<\/p>\n<p>Beutal\u00f3 \u00faj beteg sz\u00e1m\u00e1ra k\u00f6telez\u0151.<\/p>\n<p>\nLaborleletek kiad\u00e1sa: rendel\u00e9si id\u0151ben<\/p>\n<h4>\u00a0<\/h4>\n<p>&nbsp;<\/p>\n","protected":false},"excerpt":{"rendered":"<p>Gyermekgy\u00f3gy\u00e1szati Klinika (B\u00f3kay utcai r\u00e9szleg) \u00dajsz\u00fcl\u00f6tt\/csecsem\u0151 vesebetegs\u00e9gek Ambulancia\u00a0 \u00a0 \u00a0 \u00a0 \u00a0 1083 Budapest, B\u00f3kay u. 53., fszt. 3. rendel\u0151 Telefon: 06-1-3343-186\/52752 \u00a0 Rendel\u00e9s\u00fcnk\u00f6n el\u0151jegyz\u00e9s alapj\u00e1n fogadjuk betegeinket! (S\u00fcrg\u0151s eseteket lesz\u00e1m\u00edtva) A rendel\u00e9sen olyan \u00fajsz\u00fcl\u00f6tteket \u00e9s csecsem\u0151ket l\u00e1tunk el, akik vese illetve h\u00fagy\u00fati fejl\u0151d\u00e9si rendelleness\u00e9ggel sz\u00fclettek. H\u00c9TK\u00d6ZNAPOKON 09:00 &#8211; 12:00 Dr. M\u00e1ttyus Istv\u00e1n &nbsp; Rendel\u00e9s\u00fcnkre &hellip;<\/p>\n","protected":false},"author":101739,"featured_media":0,"parent":94,"menu_order":23,"comment_status":"closed","ping_status":"closed","template":"","meta":{"_acf_changed":false,"footnotes":""},"categories":[],"tags":[],"class_list":["post-1643","page","type-page","status-publish","hentry"],"acf":[],"_links":{"self":[{"href":"https:\/\/semmelweis.hu\/bokayklinika\/wp-json\/wp\/v2\/pages\/1643","targetHints":{"allow":["GET"]}}],"collection":[{"href":"https:\/\/semmelweis.hu\/bokayklinika\/wp-json\/wp\/v2\/pages"}],"about":[{"href":"https:\/\/semmelweis.hu\/bokayklinika\/wp-json\/wp\/v2\/types\/page"}],"author":[{"embeddable":true,"href":"https:\/\/semmelweis.hu\/bokayklinika\/wp-json\/wp\/v2\/users\/101739"}],"replies":[{"embeddable":true,"href":"https:\/\/semmelweis.hu\/bokayklinika\/wp-json\/wp\/v2\/comments?post=1643"}],"version-history":[{"count":8,"href":"https:\/\/semmelweis.hu\/bokayklinika\/wp-json\/wp\/v2\/pages\/1643\/revisions"}],"predecessor-version":[{"id":6189,"href":"https:\/\/semmelweis.hu\/bokayklinika\/wp-json\/wp\/v2\/pages\/1643\/revisions\/6189"}],"up":[{"embeddable":true,"href":"https:\/\/semmelweis.hu\/bokayklinika\/wp-json\/wp\/v2\/pages\/94"}],"wp:attachment":[{"href":"https:\/\/semmelweis.hu\/bokayklinika\/wp-json\/wp\/v2\/media?parent=1643"}],"wp:term":[{"taxonomy":"category","embeddable":true,"href":"https:\/\/semmelweis.hu\/bokayklinika\/wp-json\/wp\/v2\/categories?post=1643"},{"taxonomy":"post_tag","embeddable":true,"href":"https:\/\/semmelweis.hu\/bokayklinika\/wp-json\/wp\/v2\/tags?post=1643"}],"curies":[{"name":"wp","href":"https:\/\/api.w.org\/{rel}","templated":true}]}}