{"id":1640,"date":"2020-09-03T09:55:36","date_gmt":"2020-09-03T07:55:36","guid":{"rendered":"https:\/\/semmelweis.hu\/gyermekklinika1\/?page_id=1640"},"modified":"2024-11-20T13:35:24","modified_gmt":"2024-11-20T12:35:24","slug":"surgossegi-ambulancia","status":"publish","type":"page","link":"https:\/\/semmelweis.hu\/bokayklinika\/betegellatas\/jarobeteg-ellatas\/surgossegi-ambulancia\/","title":{"rendered":"S\u00fcrg\u0151ss\u00e9gi oszt\u00e1ly"},"content":{"rendered":"<div class=\"keretes\">\n<p>Gyermekgy\u00f3gy\u00e1szati Klinika (B\u00f3kay utcai r\u00e9szleg) <strong>S\u00fcrg\u0151ss\u00e9gi oszt\u00e1ly\u00a0 <\/strong><span style=\"font-size: 1rem\">1083 Budapest, B\u00f3kay u. 53., fsz.<\/span><\/p>\n<p>Oszt\u00e1lyvezet\u0151: Dr. Kriv\u00e1csy P\u00e9ter<br \/>\nOszt\u00e1lyvezet\u0151 f\u0151n\u0151v\u00e9r: Sz\u00f6k\u0151n\u00e9 Galambos Anita<\/p>\n<p>Telefon: 06-1-3343-186\/52627<\/p>\n<p>Betegjogi k\u00e9pvisel\u0151: Erhardtn\u00e9 Dr. Gach\u00e1lyi Anik\u00f3 \u00a0\u00a0 \u00a0\u00a0 \u00a0\u00a0 \u00a0\u00a0 \u00a0\u00a0 \u00a0\u00a0 \u00a0\u00a0 \u00a0\u00a0 \u00a0\u00a0 <a href=\"https:\/\/semmelweis.hu\/bokayklinika\/betegellatas\/betegjogi-kepviselo\/\">el\u00e9rhet\u0151s\u00e9g \u00e9s fogad\u00f3 \u00f3ra<\/a><\/p>\n<\/div>\n<h4><strong>Hogyan k\u00e9rjen el\u0151jegyz\u00e9si id\u0151pontot?<\/strong><\/h4>\n<p>El\u0151jegyz\u00e9s nincs.<br \/>\nBeutal\u00f3 nem sz\u00fcks\u00e9ges.<br \/>\nLaborlelet kiad\u00e1s rendel\u00e9si id\u0151ben.<\/p>\n<h4>\u00a0<\/h4>\n<h4>\u00a0<\/h4>\n<h4>\u00a0<\/h4>\n<h4><strong>Ambul\u00e1ns rendel\u00e9si rend:<\/strong><\/h4>\n<table style=\"width: 95.4276%;height: 86px\" border=\"1px\" cellspacing=\"0\" cellpadding=\"10\">\n<tbody>\n<tr>\n<td style=\"width: 13.6709%;text-align: center\"><strong>H\u00e9tk\u00f6znapokon<\/strong><\/td>\n<td style=\"width: 65.2%\">\n<p>Dr. Kriv\u00e1csy P\u00e9ter oszt\u00e1lyvezet\u0151 f\u0151orvos,<br \/>\nDr. Heged\u0171s P\u00e9ter szakorvos, So\u00f3s T\u00fcnde szakorvos, Dr. Vojcek Eszter szakorvos,\u00a0<br \/>\nvalamint beosztott rezidens orvosok<\/p>\n<\/td>\n<td style=\"width: 20.4861%;text-align: center\"><strong>0-24<\/strong><\/td>\n<\/tr>\n<\/tbody>\n<\/table>\n","protected":false},"excerpt":{"rendered":"<p>Gyermekgy\u00f3gy\u00e1szati Klinika (B\u00f3kay utcai r\u00e9szleg) S\u00fcrg\u0151ss\u00e9gi oszt\u00e1ly\u00a0 1083 Budapest, B\u00f3kay u. 53., fsz. Oszt\u00e1lyvezet\u0151: Dr. Kriv\u00e1csy P\u00e9ter Oszt\u00e1lyvezet\u0151 f\u0151n\u0151v\u00e9r: Sz\u00f6k\u0151n\u00e9 Galambos Anita Telefon: 06-1-3343-186\/52627 Betegjogi k\u00e9pvisel\u0151: Erhardtn\u00e9 Dr. Gach\u00e1lyi Anik\u00f3 \u00a0\u00a0 \u00a0\u00a0 \u00a0\u00a0 \u00a0\u00a0 \u00a0\u00a0 \u00a0\u00a0 \u00a0\u00a0 \u00a0\u00a0 \u00a0\u00a0 <a href=\"https:\/\/semmelweis.hu\/bokayklinika\/betegellatas\/betegjogi-kepviselo\/\">el\u00e9rhet\u0151s\u00e9g \u00e9s fogad\u00f3 \u00f3ra<\/a> Hogyan k\u00e9rjen el\u0151jegyz\u00e9si id\u0151pontot? El\u0151jegyz\u00e9s nincs. Beutal\u00f3 nem sz\u00fcks\u00e9ges. Laborlelet kiad\u00e1s rendel\u00e9si id\u0151ben. \u00a0 \u00a0 \u00a0 &hellip;<\/p>\n","protected":false},"author":101739,"featured_media":0,"parent":94,"menu_order":22,"comment_status":"closed","ping_status":"closed","template":"","meta":{"_acf_changed":false,"footnotes":""},"categories":[],"tags":[],"class_list":["post-1640","page","type-page","status-publish","hentry"],"acf":[],"_links":{"self":[{"href":"https:\/\/semmelweis.hu\/bokayklinika\/wp-json\/wp\/v2\/pages\/1640","targetHints":{"allow":["GET"]}}],"collection":[{"href":"https:\/\/semmelweis.hu\/bokayklinika\/wp-json\/wp\/v2\/pages"}],"about":[{"href":"https:\/\/semmelweis.hu\/bokayklinika\/wp-json\/wp\/v2\/types\/page"}],"author":[{"embeddable":true,"href":"https:\/\/semmelweis.hu\/bokayklinika\/wp-json\/wp\/v2\/users\/101739"}],"replies":[{"embeddable":true,"href":"https:\/\/semmelweis.hu\/bokayklinika\/wp-json\/wp\/v2\/comments?post=1640"}],"version-history":[{"count":11,"href":"https:\/\/semmelweis.hu\/bokayklinika\/wp-json\/wp\/v2\/pages\/1640\/revisions"}],"predecessor-version":[{"id":6185,"href":"https:\/\/semmelweis.hu\/bokayklinika\/wp-json\/wp\/v2\/pages\/1640\/revisions\/6185"}],"up":[{"embeddable":true,"href":"https:\/\/semmelweis.hu\/bokayklinika\/wp-json\/wp\/v2\/pages\/94"}],"wp:attachment":[{"href":"https:\/\/semmelweis.hu\/bokayklinika\/wp-json\/wp\/v2\/media?parent=1640"}],"wp:term":[{"taxonomy":"category","embeddable":true,"href":"https:\/\/semmelweis.hu\/bokayklinika\/wp-json\/wp\/v2\/categories?post=1640"},{"taxonomy":"post_tag","embeddable":true,"href":"https:\/\/semmelweis.hu\/bokayklinika\/wp-json\/wp\/v2\/tags?post=1640"}],"curies":[{"name":"wp","href":"https:\/\/api.w.org\/{rel}","templated":true}]}}