{"id":1637,"date":"2020-09-03T09:53:30","date_gmt":"2020-09-03T07:53:30","guid":{"rendered":"https:\/\/semmelweis.hu\/gyermekklinika1\/?page_id=1637"},"modified":"2024-11-20T13:30:22","modified_gmt":"2024-11-20T12:30:22","slug":"pathologias-ujszulott-es-csecsemo-kivizsgalas-es-utogondozas","status":"publish","type":"page","link":"https:\/\/semmelweis.hu\/bokayklinika\/betegellatas\/jarobeteg-ellatas\/pathologias-ujszulott-es-csecsemo-kivizsgalas-es-utogondozas\/","title":{"rendered":"Pathol\u00f3gi\u00e1s \u00fajsz\u00fcl\u00f6tt \u00e9s csecsem\u0151 kivizsg\u00e1l\u00e1s \u00e9s ut\u00f3gondoz\u00e1s"},"content":{"rendered":"<div class=\"keretes\">Gyermekgy\u00f3gy\u00e1szati Klinika (B\u00f3kay utcai r\u00e9szleg) 1083 Budapest, B\u00f3kay u. 54., f\u00f6ldszint\u00a0<br \/>\nTelefon: 06-1-4591-500\/52725 vagy 52654<\/div>\n<p><strong>Rendel\u00e9s\u00fcnk\u00f6n kiz\u00e1r\u00f3lag el\u0151jegyz\u00e9s alapj\u00e1n fogadjuk betegeinket!<\/strong><\/p>\n<p>&nbsp;<\/p>\n<p style=\"text-align: justify\">Telefon: 06-1-4591-500\/52725 vagy 52654<br \/>\nBeutal\u00f3 \u00faj betegek \u00e9s 6 h\u00f3napn\u00e1l r\u00e9gebben itt j\u00e1rt p\u00e1ciensek sz\u00e1m\u00e1ra k\u00f6telez\u0151.<\/p>\n<p><\/p>\n","protected":false},"excerpt":{"rendered":"<p>Gyermekgy\u00f3gy\u00e1szati Klinika (B\u00f3kay utcai r\u00e9szleg) 1083 Budapest, B\u00f3kay u. 54., f\u00f6ldszint\u00a0<br \/>\nTelefon: 06-1-4591-500\/52725 vagy 52654<br \/>\nRendel\u00e9s\u00fcnk\u00f6n kiz\u00e1r\u00f3lag el\u0151jegyz\u00e9s alapj\u00e1n fogadjuk betegeinket!<br \/>\n&nbsp;<br \/>\nTelefon: 06-1-4591-500\/52725 vagy 52654<br \/>\nBeutal\u00f3 \u00faj betegek \u00e9s 6 h\u00f3napn\u00e1l r\u00e9gebben itt j\u00e1rt p\u00e1ciensek sz\u00e1m\u00e1ra k\u00f6telez\u0151.<\/p>\n","protected":false},"author":101739,"featured_media":0,"parent":94,"menu_order":21,"comment_status":"closed","ping_status":"closed","template":"","meta":{"_acf_changed":false,"footnotes":""},"categories":[],"tags":[],"class_list":["post-1637","page","type-page","status-publish","hentry"],"acf":[],"_links":{"self":[{"href":"https:\/\/semmelweis.hu\/bokayklinika\/wp-json\/wp\/v2\/pages\/1637","targetHints":{"allow":["GET"]}}],"collection":[{"href":"https:\/\/semmelweis.hu\/bokayklinika\/wp-json\/wp\/v2\/pages"}],"about":[{"href":"https:\/\/semmelweis.hu\/bokayklinika\/wp-json\/wp\/v2\/types\/page"}],"author":[{"embeddable":true,"href":"https:\/\/semmelweis.hu\/bokayklinika\/wp-json\/wp\/v2\/users\/101739"}],"replies":[{"embeddable":true,"href":"https:\/\/semmelweis.hu\/bokayklinika\/wp-json\/wp\/v2\/comments?post=1637"}],"version-history":[{"count":7,"href":"https:\/\/semmelweis.hu\/bokayklinika\/wp-json\/wp\/v2\/pages\/1637\/revisions"}],"predecessor-version":[{"id":6181,"href":"https:\/\/semmelweis.hu\/bokayklinika\/wp-json\/wp\/v2\/pages\/1637\/revisions\/6181"}],"up":[{"embeddable":true,"href":"https:\/\/semmelweis.hu\/bokayklinika\/wp-json\/wp\/v2\/pages\/94"}],"wp:attachment":[{"href":"https:\/\/semmelweis.hu\/bokayklinika\/wp-json\/wp\/v2\/media?parent=1637"}],"wp:term":[{"taxonomy":"category","embeddable":true,"href":"https:\/\/semmelweis.hu\/bokayklinika\/wp-json\/wp\/v2\/categories?post=1637"},{"taxonomy":"post_tag","embeddable":true,"href":"https:\/\/semmelweis.hu\/bokayklinika\/wp-json\/wp\/v2\/tags?post=1637"}],"curies":[{"name":"wp","href":"https:\/\/api.w.org\/{rel}","templated":true}]}}