{"id":1634,"date":"2020-09-03T09:51:33","date_gmt":"2020-09-03T07:51:33","guid":{"rendered":"https:\/\/semmelweis.hu\/gyermekklinika1\/?page_id=1634"},"modified":"2025-10-30T16:12:19","modified_gmt":"2025-10-30T15:12:19","slug":"neonatologia","status":"publish","type":"page","link":"https:\/\/semmelweis.hu\/bokayklinika\/betegellatas\/jarobeteg-ellatas\/neonatologia\/","title":{"rendered":"Neonatol\u00f3gia Ambulancia"},"content":{"rendered":"<div class=\"keretes\">Gyermekgy\u00f3gy\u00e1szati Klinika (B\u00f3kay utcai r\u00e9szleg) <strong>Neonatol\u00f3gia Ambulancia<br \/>\n<\/strong>1083 Budapest, B\u00f3kay J. u. 53 f\u00f6ldszinti neonatol\u00f3giai ambulancia (port\u00e1n\u00e1l balra, PIC oszt\u00e1ly el\u0151tt)<br \/>\nTelefon: 06-1-334-3186\/52638<\/div>\n<p><strong>Rendel\u00e9s\u00fcnk\u00f6n betegeinket el\u0151jegyz\u00e9s alapj\u00e1n, beutal\u00f3val fogadjuk.<\/strong><\/p>\n<p>Beutal\u00f3 \u00faj betegek, valamint a 6 h\u00f3napn\u00e1l r\u00e9gebben itt j\u00e1rt p\u00e1ciensek sz\u00e1m\u00e1ra k\u00f6telez\u0151!<\/p>\n<p>Laborleletek kiad\u00e1sa \u00e9s id\u0151pontk\u00e9r\u00e9s: megbesz\u00e9l\u00e9s szerint az al\u00e1bbi e-mail c\u00edmen.<\/p>\n<table style=\"border-collapse: collapse;width: 100%;height: 83px\">\n<tbody>\n<tr style=\"height: 83px\">\n<td style=\"width: 33.3333%;height: 83px\">\n<p><strong>Dr. Luk\u00e1cs Zs\u00f3fia<\/strong><br \/>\n<strong>neonatol\u00f3gus szakorvos<\/strong><\/p>\n<\/td>\n<td style=\"width: 33.3333%;height: 83px\">\n<p><strong>Rendel\u00e9si id\u0151:<br \/>\nh\u00e9tf\u0151 \u00e9s cs\u00fct\u00f6rt\u00f6k<\/strong><\/p>\n<\/td>\n<td style=\"width: 33.3333%;height: 83px\"><a href=\"mailto:lukacs.zsofia1@semmelweis.hu\"><strong>lukacs.zsofia1@semmelweis.hu<\/strong><\/a><\/td>\n<\/tr>\n<\/tbody>\n<\/table>\n<p>R\u00f6vid ismertet\u0151: ut\u00e1nvizsg\u00e1lati, neonatol\u00f3gia rendel\u00e9s<\/p>\n","protected":false},"excerpt":{"rendered":"<p>Gyermekgy\u00f3gy\u00e1szati Klinika (B\u00f3kay utcai r\u00e9szleg) Neonatol\u00f3gia Ambulancia 1083 Budapest, B\u00f3kay J. u. 53 f\u00f6ldszinti neonatol\u00f3giai ambulancia (port\u00e1n\u00e1l balra, PIC oszt\u00e1ly el\u0151tt) Telefon: 06-1-334-3186\/52638 Rendel\u00e9s\u00fcnk\u00f6n betegeinket el\u0151jegyz\u00e9s alapj\u00e1n, beutal\u00f3val fogadjuk. Beutal\u00f3 \u00faj betegek, valamint a 6 h\u00f3napn\u00e1l r\u00e9gebben itt j\u00e1rt p\u00e1ciensek sz\u00e1m\u00e1ra k\u00f6telez\u0151! Laborleletek kiad\u00e1sa \u00e9s id\u0151pontk\u00e9r\u00e9s: megbesz\u00e9l\u00e9s szerint az al\u00e1bbi e-mail c\u00edmen. Dr. Luk\u00e1cs Zs\u00f3fia &hellip;<\/p>\n","protected":false},"author":101739,"featured_media":0,"parent":94,"menu_order":20,"comment_status":"closed","ping_status":"closed","template":"","meta":{"_acf_changed":false,"footnotes":""},"categories":[],"tags":[],"class_list":["post-1634","page","type-page","status-publish","hentry"],"acf":[],"_links":{"self":[{"href":"https:\/\/semmelweis.hu\/bokayklinika\/wp-json\/wp\/v2\/pages\/1634","targetHints":{"allow":["GET"]}}],"collection":[{"href":"https:\/\/semmelweis.hu\/bokayklinika\/wp-json\/wp\/v2\/pages"}],"about":[{"href":"https:\/\/semmelweis.hu\/bokayklinika\/wp-json\/wp\/v2\/types\/page"}],"author":[{"embeddable":true,"href":"https:\/\/semmelweis.hu\/bokayklinika\/wp-json\/wp\/v2\/users\/101739"}],"replies":[{"embeddable":true,"href":"https:\/\/semmelweis.hu\/bokayklinika\/wp-json\/wp\/v2\/comments?post=1634"}],"version-history":[{"count":10,"href":"https:\/\/semmelweis.hu\/bokayklinika\/wp-json\/wp\/v2\/pages\/1634\/revisions"}],"predecessor-version":[{"id":7571,"href":"https:\/\/semmelweis.hu\/bokayklinika\/wp-json\/wp\/v2\/pages\/1634\/revisions\/7571"}],"up":[{"embeddable":true,"href":"https:\/\/semmelweis.hu\/bokayklinika\/wp-json\/wp\/v2\/pages\/94"}],"wp:attachment":[{"href":"https:\/\/semmelweis.hu\/bokayklinika\/wp-json\/wp\/v2\/media?parent=1634"}],"wp:term":[{"taxonomy":"category","embeddable":true,"href":"https:\/\/semmelweis.hu\/bokayklinika\/wp-json\/wp\/v2\/categories?post=1634"},{"taxonomy":"post_tag","embeddable":true,"href":"https:\/\/semmelweis.hu\/bokayklinika\/wp-json\/wp\/v2\/tags?post=1634"}],"curies":[{"name":"wp","href":"https:\/\/api.w.org\/{rel}","templated":true}]}}