{"id":1629,"date":"2020-09-03T09:47:17","date_gmt":"2020-09-03T07:47:17","guid":{"rendered":"https:\/\/semmelweis.hu\/gyermekklinika1\/?page_id=1629"},"modified":"2025-11-13T10:43:49","modified_gmt":"2025-11-13T09:43:49","slug":"nephrologiai-szakrendeles","status":"publish","type":"page","link":"https:\/\/semmelweis.hu\/bokayklinika\/betegellatas\/jarobeteg-ellatas\/nephrologiai-szakrendeles\/","title":{"rendered":"Nephrol\u00f3gia"},"content":{"rendered":"<div class=\"keretes\"><span style=\"font-size: 14pt\"><strong>El\u00e9rhet\u0151s\u00e9geink:<\/strong><\/span><br \/>\n<span style=\"font-size: 14pt\">Nephrol\u00f3giai szakrendel\u00e9s\u00a0 \u00a0 \u00a0 \u00a0 \u00a0 \u00a0 \u00a0 \u00a0 \u00a0 \u00a0 \u00a0 \u00a0 \u00a0 \u00a0 \u00a0 \u00a0 \u00a0 \u00a0 \u00a0 \u00a0 \u00a0 \u00a0 \u00a0 \u00a0 \u00a0 \u00a0 \u00a0 \u00a0 \u00a0 \u00a0 Gyermekgy\u00f3gy\u00e1szati Klinika (B\u00f3kay utcai r\u00e9szleg)\u00a0<\/span><br \/>\n<span style=\"font-size: 14pt\">1083 Budapest, B\u00f3kay u. 54. (Alagsor)<\/span><br \/>\n<span style=\"font-size: 14pt\">Telefon: 06-1-3343-186\/ 52667<\/span><\/div>\n<h4><strong>Hogyan k\u00e9rjen el\u0151jegyz\u00e9si id\u0151pontot?<\/strong><\/h4>\n<p>Koll\u00e9g\u00e1ink h\u00e9tk\u00f6znapokon 13:30 \u00e9s 15:00 \u00f3ra k\u00f6z\u00f6tt a 06-1-3343-186\/52667-es, illetve a 06-20-825-8202-es telefonsz\u00e1mon \u00e1llnak rendelkez\u00e9s\u00fckre.<\/p>\n<p>Beutal\u00f3 sz\u00fcks\u00e9ges \u00faj beteg \u00e9s 6 h\u00f3napn\u00e1l r\u00e9gebben itt j\u00e1rt p\u00e1ciensek sz\u00e1m\u00e1ra!<\/p>\n<p><strong>Prof. Dr. Szab\u00f3 Attila, <\/strong>csecsem\u0151- \u00e9s gyermekgy\u00f3gy\u00e1sz szakorvos, nephrol\u00f3gus<\/p>\n<p><strong>Prof. Dr. Reusz Gy\u00f6rgy,<\/strong> csecsem\u0151- \u00e9s gyermekgy\u00f3gy\u00e1sz szakorvos, nephrol\u00f3gus<\/p>\n<p><strong>Dr. Mikes B\u00e1lint, <\/strong>csecsem\u0151- \u00e9s gyermekgy\u00f3gy\u00e1sz szakorvos, nephrol\u00f3gus, oszt\u00e1lyvezet\u0151<\/p>\n<p><strong>Dr. Csizek Zs\u00f3fia,<\/strong> csecsem\u0151- \u00e9s gyermekgy\u00f3gy\u00e1sz szakorvos<\/p>\n<p><strong>Dr. Ag\u00f3cs R\u00f3bert,<\/strong> csecsem\u0151- \u00e9s gyermekgy\u00f3gy\u00e1sz szakorvos<\/p>\n<p><strong>Asszisztens:<\/strong> Farkasn\u00e9 Kov\u00e1cs Fanni (<a href=\"mailto:kovacs.fanni1@semmelweis.hu\">kovacs.fanni1@semmelweis.hu<\/a>)<\/p>\n<h4><strong>Ambul\u00e1ns rendel\u00e9si id\u0151pontok:<\/strong><\/h4>\n<table style=\"border-collapse: collapse;width: 71.7091%;height: 165px\">\n<tbody>\n<tr style=\"height: 33px\">\n<td style=\"width: 12.6788%;height: 33px\">H\u00c9TF\u0150<\/td>\n<td style=\"width: 31.0787%;height: 33px\">Dr. Csizek Zs\u00f3fia<\/td>\n<td style=\"width: 27.9515%;height: 33px\">09:00 &#8211; 12:30<\/td>\n<\/tr>\n<tr style=\"height: 33px\">\n<td style=\"width: 12.6788%;height: 33px\">KEDD<\/td>\n<td style=\"width: 31.0787%;height: 66px\" rowspan=\"2\">Prof. Dr. Szab\u00f3 Attila<\/td>\n<td style=\"width: 27.9515%;height: 66px\" rowspan=\"2\">11:00 &#8211; 13:00<\/td>\n<\/tr>\n<tr style=\"height: 33px\">\n<td style=\"width: 12.6788%;height: 33px\">SZERDA<\/td>\n<\/tr>\n<tr style=\"height: 33px\">\n<td style=\"width: 12.6788%;height: 66px\" rowspan=\"2\">CS\u00dcT\u00d6RT\u00d6K<\/td>\n<td style=\"width: 31.0787%;height: 33px\">Dr. Ag\u00f3cs R\u00f3bert<\/td>\n<td style=\"width: 27.9515%;height: 33px\">08:00 &#8211; 10:00<\/td>\n<\/tr>\n<tr style=\"height: 33px\">\n<td style=\"width: 31.0787%;height: 33px\">Prof. Dr. Reusz Gy\u00f6rgy<\/td>\n<td style=\"width: 27.9515%;height: 33px\">09:40 &#8211; 12:30<\/td>\n<\/tr>\n<tr>\n<td style=\"width: 12.6788%\">P\u00c9NTEK<\/td>\n<td style=\"width: 31.0787%\">Dr. Mikes B\u00e1lint<\/td>\n<td style=\"width: 27.9515%\">09:00 &#8211; 12:30<\/td>\n<\/tr>\n<\/tbody>\n<\/table>\n<p>&nbsp;<\/p>\n","protected":false},"excerpt":{"rendered":"<p>El\u00e9rhet\u0151s\u00e9geink: Nephrol\u00f3giai szakrendel\u00e9s\u00a0 \u00a0 \u00a0 \u00a0 \u00a0 \u00a0 \u00a0 \u00a0 \u00a0 \u00a0 \u00a0 \u00a0 \u00a0 \u00a0 \u00a0 \u00a0 \u00a0 \u00a0 \u00a0 \u00a0 \u00a0 \u00a0 \u00a0 \u00a0 \u00a0 \u00a0 \u00a0 \u00a0 \u00a0 \u00a0 Gyermekgy\u00f3gy\u00e1szati Klinika (B\u00f3kay utcai r\u00e9szleg)\u00a0 1083 Budapest, B\u00f3kay u. 54. (Alagsor) Telefon: 06-1-3343-186\/ 52667 Hogyan k\u00e9rjen el\u0151jegyz\u00e9si id\u0151pontot? Koll\u00e9g\u00e1ink h\u00e9tk\u00f6znapokon 13:30 \u00e9s 15:00 &hellip;<\/p>\n","protected":false},"author":101739,"featured_media":0,"parent":94,"menu_order":19,"comment_status":"closed","ping_status":"closed","template":"","meta":{"_acf_changed":false,"footnotes":""},"categories":[],"tags":[],"class_list":["post-1629","page","type-page","status-publish","hentry"],"acf":[],"_links":{"self":[{"href":"https:\/\/semmelweis.hu\/bokayklinika\/wp-json\/wp\/v2\/pages\/1629","targetHints":{"allow":["GET"]}}],"collection":[{"href":"https:\/\/semmelweis.hu\/bokayklinika\/wp-json\/wp\/v2\/pages"}],"about":[{"href":"https:\/\/semmelweis.hu\/bokayklinika\/wp-json\/wp\/v2\/types\/page"}],"author":[{"embeddable":true,"href":"https:\/\/semmelweis.hu\/bokayklinika\/wp-json\/wp\/v2\/users\/101739"}],"replies":[{"embeddable":true,"href":"https:\/\/semmelweis.hu\/bokayklinika\/wp-json\/wp\/v2\/comments?post=1629"}],"version-history":[{"count":12,"href":"https:\/\/semmelweis.hu\/bokayklinika\/wp-json\/wp\/v2\/pages\/1629\/revisions"}],"predecessor-version":[{"id":7639,"href":"https:\/\/semmelweis.hu\/bokayklinika\/wp-json\/wp\/v2\/pages\/1629\/revisions\/7639"}],"up":[{"embeddable":true,"href":"https:\/\/semmelweis.hu\/bokayklinika\/wp-json\/wp\/v2\/pages\/94"}],"wp:attachment":[{"href":"https:\/\/semmelweis.hu\/bokayklinika\/wp-json\/wp\/v2\/media?parent=1629"}],"wp:term":[{"taxonomy":"category","embeddable":true,"href":"https:\/\/semmelweis.hu\/bokayklinika\/wp-json\/wp\/v2\/categories?post=1629"},{"taxonomy":"post_tag","embeddable":true,"href":"https:\/\/semmelweis.hu\/bokayklinika\/wp-json\/wp\/v2\/tags?post=1629"}],"curies":[{"name":"wp","href":"https:\/\/api.w.org\/{rel}","templated":true}]}}