{"id":1626,"date":"2020-09-03T09:44:04","date_gmt":"2020-09-03T07:44:04","guid":{"rendered":"https:\/\/semmelweis.hu\/gyermekklinika1\/?page_id=1626"},"modified":"2024-11-19T11:16:23","modified_gmt":"2024-11-19T10:16:23","slug":"legzesfunkcio-szakrendeles","status":"publish","type":"page","link":"https:\/\/semmelweis.hu\/bokayklinika\/betegellatas\/jarobeteg-ellatas\/legzesfunkcio-szakrendeles\/","title":{"rendered":"L\u00e9gz\u00e9sfunkci\u00f3 szakrendel\u00e9s"},"content":{"rendered":"<div class=\"keretes\">Gyermekgy\u00f3gy\u00e1szati Klinika (B\u00f3kay utcai r\u00e9szleg) <strong>L\u00e9gz\u00e9sfunkci\u00f3 szakrendel\u00e9s\u00a0<\/strong> \u00a0 \u00a0 1083 Budapest, B\u00f3kay u. 53., II. emelet<br \/>\nTelefon: <strong>06-1-3343-186\/52607<\/strong><\/div>\n<p><strong>Rendel\u00e9s\u00fcnk\u00f6n el\u0151jegyz\u00e9s alapj\u00e1n fogadjuk betegeinket!\u00a0<\/strong><br \/>\nEl\u0151zetes egyeztet\u00e9s telefonon lehets\u00e9ges: 06-1-3343-186\/52666 vagy 06-20-825-8266<\/p>\n<p>Beutal\u00f3 \u00faj betegek \u00e9s 6 h\u00f3napn\u00e1l r\u00e9gebben itt j\u00e1rt p\u00e1ciensek sz\u00e1m\u00e1ra k\u00f6telez\u0151.<\/p>\n<h4>\u00a0<\/h4>\n<table style=\"border-collapse: collapse;width: 100%\">\n<tbody>\n<tr>\n<td style=\"width: 33.2606%\">\n<p><strong>Ambul\u00e1ns rendel\u00e9si id\u0151:<\/strong><\/p>\n<\/td>\n<td style=\"width: 33.406%\">\n<p style=\"text-align: center\"><strong>H\u00c9TF\u0150T\u0150L-P\u00c9NTEKIG<\/strong><br \/>\n<strong>09:00 &#8211; 13:00<\/strong><\/p>\n<\/td>\n<td style=\"width: 33.3333%;text-align: center\">Telefon: <strong>06-1-3343-186\/52607<\/strong><\/td>\n<\/tr>\n<\/tbody>\n<\/table>\n<p>&nbsp;<\/p>\n<p>&nbsp;<\/p>\n","protected":false},"excerpt":{"rendered":"<p>Gyermekgy\u00f3gy\u00e1szati Klinika (B\u00f3kay utcai r\u00e9szleg) L\u00e9gz\u00e9sfunkci\u00f3 szakrendel\u00e9s\u00a0 \u00a0 \u00a0 1083 Budapest, B\u00f3kay u. 53., II. emelet<br \/>\nTelefon: 06-1-3343-186\/52607<br \/>\nRendel\u00e9s\u00fcnk\u00f6n el\u0151jegyz\u00e9s alapj\u00e1n fogadjuk betegeinket!\u00a0<br \/>\nEl\u0151zetes egyeztet\u00e9s telefonon lehets\u00e9ges: 06-1-3343-186\/52666 vagy 06-20-825-8266<br \/>\nBeutal\u00f3 \u00faj betegek \u00e9s 6 h\u00f3napn\u00e1l r\u00e9gebben itt j\u00e1rt p\u00e1ciensek sz\u00e1m\u00e1ra k\u00f6telez\u0151.<br \/>\n\u00a0<\/p>\n<p>Ambul\u00e1ns rendel\u00e9si id\u0151:<\/p>\n<p>H\u00c9TF\u0150T\u0150L-P\u00c9NTEKIG<br \/>\n09:00 &#8211; 13:00<\/p>\n<p>Telefon: 06-1-3343-186\/52607<\/p>\n<p>&nbsp;<br \/>\n&nbsp;<\/p>\n","protected":false},"author":101739,"featured_media":0,"parent":94,"menu_order":18,"comment_status":"closed","ping_status":"closed","template":"","meta":{"_acf_changed":false,"footnotes":""},"categories":[],"tags":[],"class_list":["post-1626","page","type-page","status-publish","hentry"],"acf":[],"_links":{"self":[{"href":"https:\/\/semmelweis.hu\/bokayklinika\/wp-json\/wp\/v2\/pages\/1626","targetHints":{"allow":["GET"]}}],"collection":[{"href":"https:\/\/semmelweis.hu\/bokayklinika\/wp-json\/wp\/v2\/pages"}],"about":[{"href":"https:\/\/semmelweis.hu\/bokayklinika\/wp-json\/wp\/v2\/types\/page"}],"author":[{"embeddable":true,"href":"https:\/\/semmelweis.hu\/bokayklinika\/wp-json\/wp\/v2\/users\/101739"}],"replies":[{"embeddable":true,"href":"https:\/\/semmelweis.hu\/bokayklinika\/wp-json\/wp\/v2\/comments?post=1626"}],"version-history":[{"count":5,"href":"https:\/\/semmelweis.hu\/bokayklinika\/wp-json\/wp\/v2\/pages\/1626\/revisions"}],"predecessor-version":[{"id":6164,"href":"https:\/\/semmelweis.hu\/bokayklinika\/wp-json\/wp\/v2\/pages\/1626\/revisions\/6164"}],"up":[{"embeddable":true,"href":"https:\/\/semmelweis.hu\/bokayklinika\/wp-json\/wp\/v2\/pages\/94"}],"wp:attachment":[{"href":"https:\/\/semmelweis.hu\/bokayklinika\/wp-json\/wp\/v2\/media?parent=1626"}],"wp:term":[{"taxonomy":"category","embeddable":true,"href":"https:\/\/semmelweis.hu\/bokayklinika\/wp-json\/wp\/v2\/categories?post=1626"},{"taxonomy":"post_tag","embeddable":true,"href":"https:\/\/semmelweis.hu\/bokayklinika\/wp-json\/wp\/v2\/tags?post=1626"}],"curies":[{"name":"wp","href":"https:\/\/api.w.org\/{rel}","templated":true}]}}