{"id":1617,"date":"2020-09-03T09:38:50","date_gmt":"2020-09-03T07:38:50","guid":{"rendered":"https:\/\/semmelweis.hu\/gyermekklinika1\/?page_id=1617"},"modified":"2026-02-19T15:49:32","modified_gmt":"2026-02-19T14:49:32","slug":"klinikai-genetikai-tanacsadas","status":"publish","type":"page","link":"https:\/\/semmelweis.hu\/bokayklinika\/betegellatas\/jarobeteg-ellatas\/klinikai-genetikai-tanacsadas\/","title":{"rendered":"Klinikai genetikai tan\u00e1csad\u00e1s"},"content":{"rendered":"<div class=\"keretes\">Gyermekgy\u00f3gy\u00e1szati Klinika (B\u00f3kay utcai r\u00e9szleg)<br \/>\n<strong>Klinikai genetikai tan\u00e1csad\u00e1s<br \/>\n<\/strong>1083 Budapest, B\u00f3kay u. 54., alagsor<br \/>\nTelefon: 06-1-3343-186 \/52667<\/p>\n<p>Prof. Tory K\u00e1lm\u00e1n<\/p><\/div>\n<p><strong>Rendel\u00e9s\u00fcnk\u00f6n el\u0151jegyz\u00e9s alapj\u00e1n fogadjuk betegeinket!<br \/>\n<\/strong><\/p>\n<p>Genetikai v\u00e9rv\u00e9tel EDTA-s (lilakupakos) cs\u0151be t\u00f6rt\u00e9nik.<\/p>\n<p>El\u0151jegyz\u00e9s k\u00e9rhet\u0151<\/p>\n<ul>\n<li>telefonon: <strong>06-20-825-8202<\/strong>, h\u00e9tf\u0151t\u0151l p\u00e9ntekig 13:00\u201315:00 \u00f3ra k\u00f6z\u00f6tt,<\/li>\n<li>e-mailben: <a href=\"mailto:kovacs.fanni1@semmelweis.hu\">kovacs.fanni1@semmelweis.hu<\/a><\/li>\n<\/ul>\n<h4><strong>Ambul\u00e1ns rendel\u00e9si id\u0151pontok<\/strong><\/h4>\n<table style=\"border-collapse: collapse;width: 78.6182%;height: 166px\">\n<tbody>\n<tr>\n<td style=\"width: 17.2654%\"><strong>Dr. Kerti Andrea<\/strong><\/td>\n<td style=\"width: 36.2816%\">\n<p style=\"text-align: center\"><strong>H\u00c9TF\u0150<br \/>\n10:00 &#8211; 14:00<br \/>\n<\/strong><\/p>\n<\/td>\n<\/tr>\n<tr>\n<td style=\"width: 17.2654%\"><strong>Dr. Csoh\u00e1ny R\u00f3zsa<\/strong><\/td>\n<td style=\"width: 36.2816%\">\n<p style=\"text-align: center\"><strong>KEDD<br \/>\n11:00 &#8211; 14:00<br \/>\n<\/strong><\/p>\n<\/td>\n<\/tr>\n<tr>\n<td style=\"width: 17.2654%\"><strong>Dr. Antal-K\u00f3nya Violetta<\/strong><\/td>\n<td style=\"width: 36.2816%\">\n<p style=\"text-align: center\"><strong>SZERDA<br \/>\n10:00 &#8211; 14:00<br \/>\n<\/strong><\/p>\n<\/td>\n<\/tr>\n<tr style=\"height: 83px\">\n<td style=\"width: 17.2654%;height: 83px\"><strong>Prof. dr. Tory K\u00e1lm\u00e1n<\/strong><\/td>\n<td style=\"width: 36.2816%;height: 83px\">\n<p style=\"text-align: center\"><strong>CS\u00dcT\u00d6RT\u00d6K<\/strong><br \/>\n<strong>09:00 &#8211; 14:30<\/strong><\/p>\n<\/td>\n<\/tr>\n<tr style=\"height: 83px\">\n<td style=\"width: 17.2654%;height: 83px\"><strong>Dr. Fekete Anett<\/strong><\/td>\n<td style=\"width: 36.2816%;height: 83px\">\n<p style=\"text-align: center\"><strong>P\u00c9NTEK<\/strong><br \/>\n<strong>10:00 &#8211; 13:30<\/strong><\/p>\n<\/td>\n<\/tr>\n<\/tbody>\n<\/table>\n<p><strong>Asszisztens:<\/strong>\u00a0Farkasn\u00e9 Kov\u00e1cs Fanni (<a href=\"mailto:kovacs.fanni1@semmelweis.hu\">kovacs.fanni1@semmelweis.hu<\/a>)<\/p>\n<p><span data-olk-copy-source=\"MessageBody\">Az elk\u00e9sz\u00fclt leletek kiz\u00e1r\u00f3lag el\u0151re egyeztetett id\u0151pontban, szem\u00e9lyes konzult\u00e1ci\u00f3 keret\u00e9ben adhat\u00f3k \u00e1t.<\/span><\/p>\n","protected":false},"excerpt":{"rendered":"<p>Gyermekgy\u00f3gy\u00e1szati Klinika (B\u00f3kay utcai r\u00e9szleg) Klinikai genetikai tan\u00e1csad\u00e1s 1083 Budapest, B\u00f3kay u. 54., alagsor Telefon: 06-1-3343-186 \/52667 Prof. Tory K\u00e1lm\u00e1n Rendel\u00e9s\u00fcnk\u00f6n el\u0151jegyz\u00e9s alapj\u00e1n fogadjuk betegeinket! Genetikai v\u00e9rv\u00e9tel EDTA-s (lilakupakos) cs\u0151be t\u00f6rt\u00e9nik. El\u0151jegyz\u00e9s k\u00e9rhet\u0151 telefonon: 06-20-825-8202, h\u00e9tf\u0151t\u0151l p\u00e9ntekig 13:00\u201315:00 \u00f3ra k\u00f6z\u00f6tt, e-mailben: <a href=\"mailto:kovacs.fanni1@semmelweis.hu\">kovacs.fanni1@semmelweis.hu<\/a> Ambul\u00e1ns rendel\u00e9si id\u0151pontok Dr. Kerti Andrea H\u00c9TF\u0150 10:00 &#8211; 14:00 Dr. Csoh\u00e1ny R\u00f3zsa KEDD &hellip;<\/p>\n","protected":false},"author":101739,"featured_media":0,"parent":94,"menu_order":16,"comment_status":"closed","ping_status":"closed","template":"","meta":{"_acf_changed":false,"footnotes":""},"categories":[],"tags":[],"class_list":["post-1617","page","type-page","status-publish","hentry"],"acf":[],"_links":{"self":[{"href":"https:\/\/semmelweis.hu\/bokayklinika\/wp-json\/wp\/v2\/pages\/1617","targetHints":{"allow":["GET"]}}],"collection":[{"href":"https:\/\/semmelweis.hu\/bokayklinika\/wp-json\/wp\/v2\/pages"}],"about":[{"href":"https:\/\/semmelweis.hu\/bokayklinika\/wp-json\/wp\/v2\/types\/page"}],"author":[{"embeddable":true,"href":"https:\/\/semmelweis.hu\/bokayklinika\/wp-json\/wp\/v2\/users\/101739"}],"replies":[{"embeddable":true,"href":"https:\/\/semmelweis.hu\/bokayklinika\/wp-json\/wp\/v2\/comments?post=1617"}],"version-history":[{"count":12,"href":"https:\/\/semmelweis.hu\/bokayklinika\/wp-json\/wp\/v2\/pages\/1617\/revisions"}],"predecessor-version":[{"id":8003,"href":"https:\/\/semmelweis.hu\/bokayklinika\/wp-json\/wp\/v2\/pages\/1617\/revisions\/8003"}],"up":[{"embeddable":true,"href":"https:\/\/semmelweis.hu\/bokayklinika\/wp-json\/wp\/v2\/pages\/94"}],"wp:attachment":[{"href":"https:\/\/semmelweis.hu\/bokayklinika\/wp-json\/wp\/v2\/media?parent=1617"}],"wp:term":[{"taxonomy":"category","embeddable":true,"href":"https:\/\/semmelweis.hu\/bokayklinika\/wp-json\/wp\/v2\/categories?post=1617"},{"taxonomy":"post_tag","embeddable":true,"href":"https:\/\/semmelweis.hu\/bokayklinika\/wp-json\/wp\/v2\/tags?post=1617"}],"curies":[{"name":"wp","href":"https:\/\/api.w.org\/{rel}","templated":true}]}}