{"id":1613,"date":"2020-09-03T09:36:24","date_gmt":"2020-09-03T07:36:24","guid":{"rendered":"https:\/\/semmelweis.hu\/gyermekklinika1\/?page_id=1613"},"modified":"2025-06-27T11:41:54","modified_gmt":"2025-06-27T09:41:54","slug":"kardiologia-ekg-szivultrahang","status":"publish","type":"page","link":"https:\/\/semmelweis.hu\/bokayklinika\/betegellatas\/jarobeteg-ellatas\/kardiologia-ekg-szivultrahang\/","title":{"rendered":"Kardiol\u00f3gia, EKG, Sz\u00edv ultrahang"},"content":{"rendered":"<div class=\"keretes\" align=\"justify\">Gyermekgy\u00f3gy\u00e1szati Klinika (B\u00f3kay utcai r\u00e9szleg) Kardiol\u00f3gia, EKG, Sz\u00edv ultrahang<br \/>\n1083 Budapest, B\u00f3kay u. 53., I. \u00e9s II. emelet<\/p>\n<p>Telefonos el\u00e9rhet\u0151s\u00e9gek:<br \/>\n<strong>Dr. Horv\u00e1th Erzs\u00e9bet: <\/strong>06-1-3343-186\/52728<br \/>\n<strong>Dr. Kov\u00e1cs G\u00e1bor: <\/strong>06-1-3343-186\/52728<br \/>\n<strong>Dr. Bokodi G\u00e9za Mikl\u00f3s: <\/strong>06-1-3343-186\/52728<br \/>\n<strong>Dr. T\u00f6lgyesi Andrea: <\/strong>06-1-3343-186\/52781<\/div>\n<div style=\"text-align: left\" align=\"justify\">\n<h4>\u00a0<\/h4>\n<\/div>\n<div style=\"text-align: left\" align=\"justify\">\n<p><strong>Rendel\u00e9s\u00fcnk\u00f6n el\u0151jegyz\u00e9s alapj\u00e1n fogadjuk betegeinket.<br \/>\n<\/strong>El\u0151jegyz\u00e9si id\u0151pont a v\u00e1lasztott orvoshoz az al\u00e1bb l\u00e1that\u00f3 telefonsz\u00e1mokon \u00e9s id\u0151pontokban k\u00e9rhet\u0151.<\/p>\n<p>Beutal\u00f3 sz\u00fcks\u00e9ges \u00faj betegek \u00e9s 6 h\u00f3napn\u00e1l r\u00e9gebben itt j\u00e1rt p\u00e1ciensek sz\u00e1m\u00e1ra.<\/p>\n<\/div>\n<div align=\"justify\">\n<h4>\u00a0<\/h4>\n<\/div>\n<table style=\"border-collapse: collapse;width: 100%;height: 239px\">\n<tbody>\n<tr style=\"height: 103px\">\n<td style=\"width: 15.7818%;height: 103px\"><strong>Dr. Horv\u00e1th Erzs\u00e9bet<\/strong><\/td>\n<td style=\"width: 20.6546%;height: 103px\">\n<p style=\"text-align: center\"><strong>KEDDT\u0150L &#8211; CS\u00dcT\u00d6RT\u00d6KIG<\/strong><br \/>\n<strong>08:00 &#8211; 12:00<\/strong><\/p>\n<\/td>\n<td style=\"width: 25.8909%;height: 103px;text-align: center\">\n<p>1083 Budapest, B\u00f3kay J. u. 53.,<br \/>\nI. emelet<\/p>\n<\/td>\n<td style=\"width: 17.6727%;height: 103px;text-align: center\">\n<p>Telefon:<br \/>\n06-1-3343-186\/52728<\/p>\n<\/td>\n<td style=\"width: 20%;height: 103px;text-align: center\">Id\u0151pont k\u00e9r\u00e9s: 10:00-14:00<\/td>\n<\/tr>\n<tr style=\"height: 103px\">\n<td style=\"width: 15.7818%;height: 103px\"><strong>Dr. Kov\u00e1cs G\u00e1bor<\/strong><\/td>\n<td style=\"width: 20.6546%;height: 103px;text-align: center\"><strong>H\u00c9TF\u0150<\/strong><br \/>\n<strong>08:00 &#8211; 16:00<\/strong><\/td>\n<td style=\"width: 25.8909%;height: 103px;text-align: center\">\n<p>1083 Budapest, B\u00f3kay J. u. 53.,<br \/>\nI. emelet<\/p>\n<\/td>\n<td style=\"width: 17.6727%;height: 103px;text-align: center\">\n<p>Telefon:<br \/>\n06-1-3343-186\/52728<\/p>\n<\/td>\n<td style=\"width: 20%;height: 103px;text-align: center\">Id\u0151pont k\u00e9r\u00e9s: 10:00-14:00<\/td>\n<\/tr>\n<tr style=\"height: 33px\">\n<td style=\"width: 15.7818%;height: 33px\"><strong>Dr. Bokodi G\u00e9za Mikl\u00f3s<\/strong><\/td>\n<td style=\"width: 20.6546%;height: 33px\">\n<p style=\"text-align: center\"><strong>CS\u00dcT\u00d6RT\u00d6K<br \/>\n<\/strong><strong>12:00 &#8211; 15:30<\/strong><\/p>\n<p style=\"text-align: center\"><strong>P\u00c9NTEK<\/strong><br \/>\n<strong>09:00 &#8211; 12:00<\/strong><\/p>\n<\/td>\n<td style=\"width: 25.8909%;height: 33px;text-align: center\">\n<p>1083 Budapest, B\u00f3kay J. u. 53.,<br \/>\nI. emelet<\/p>\n<\/td>\n<td style=\"width: 17.6727%;height: 33px;text-align: center\">\n<p>Telefon:<br \/>\n06-1-3343-186\/52728<\/p>\n<\/td>\n<td style=\"width: 20%;height: 33px;text-align: center\">Id\u0151pont k\u00e9r\u00e9s: 10:00-14:00<\/td>\n<\/tr>\n<\/tbody>\n<\/table>\n<p>&nbsp;<\/p>\n<div align=\"justify\">\n<table style=\"border-collapse: collapse;width: 100%\">\n<tbody>\n<tr>\n<td style=\"width: 15.8663%\"><strong>Dr. T\u00f6lgyesi Andrea<\/strong><\/td>\n<td style=\"width: 20.7916%;text-align: center\"><strong>H\u00c9TF\u0150T\u0150L &#8211; CS\u00dcT\u00d6RT\u00d6KIG<\/strong><br \/>\n<strong>08:00 &#8211; 16:00<\/strong><\/td>\n<td style=\"width: 25.9806%;text-align: center\">1083 Budapest, B\u00f3kay J. 53.,<br \/>\nII. emelet<\/td>\n<td style=\"width: 17.3615%;text-align: center\">Telefon:<br \/>\n06-1-3343-186\/52781<\/td>\n<td style=\"width: 20%;text-align: center\">Id\u0151pont k\u00e9r\u00e9s: 10:00-14:00<\/td>\n<\/tr>\n<\/tbody>\n<\/table>\n<\/div>\n","protected":false},"excerpt":{"rendered":"<p>Gyermekgy\u00f3gy\u00e1szati Klinika (B\u00f3kay utcai r\u00e9szleg) Kardiol\u00f3gia, EKG, Sz\u00edv ultrahang 1083 Budapest, B\u00f3kay u. 53., I. \u00e9s II. emelet Telefonos el\u00e9rhet\u0151s\u00e9gek: Dr. Horv\u00e1th Erzs\u00e9bet: 06-1-3343-186\/52728 Dr. Kov\u00e1cs G\u00e1bor: 06-1-3343-186\/52728 Dr. Bokodi G\u00e9za Mikl\u00f3s: 06-1-3343-186\/52728 Dr. T\u00f6lgyesi Andrea: 06-1-3343-186\/52781 \u00a0 Rendel\u00e9s\u00fcnk\u00f6n el\u0151jegyz\u00e9s alapj\u00e1n fogadjuk betegeinket. El\u0151jegyz\u00e9si id\u0151pont a v\u00e1lasztott orvoshoz az al\u00e1bb l\u00e1that\u00f3 telefonsz\u00e1mokon \u00e9s id\u0151pontokban k\u00e9rhet\u0151. &hellip;<\/p>\n","protected":false},"author":101739,"featured_media":0,"parent":94,"menu_order":15,"comment_status":"closed","ping_status":"closed","template":"","meta":{"_acf_changed":false,"footnotes":""},"categories":[],"tags":[],"class_list":["post-1613","page","type-page","status-publish","hentry"],"acf":[],"_links":{"self":[{"href":"https:\/\/semmelweis.hu\/bokayklinika\/wp-json\/wp\/v2\/pages\/1613","targetHints":{"allow":["GET"]}}],"collection":[{"href":"https:\/\/semmelweis.hu\/bokayklinika\/wp-json\/wp\/v2\/pages"}],"about":[{"href":"https:\/\/semmelweis.hu\/bokayklinika\/wp-json\/wp\/v2\/types\/page"}],"author":[{"embeddable":true,"href":"https:\/\/semmelweis.hu\/bokayklinika\/wp-json\/wp\/v2\/users\/101739"}],"replies":[{"embeddable":true,"href":"https:\/\/semmelweis.hu\/bokayklinika\/wp-json\/wp\/v2\/comments?post=1613"}],"version-history":[{"count":10,"href":"https:\/\/semmelweis.hu\/bokayklinika\/wp-json\/wp\/v2\/pages\/1613\/revisions"}],"predecessor-version":[{"id":7275,"href":"https:\/\/semmelweis.hu\/bokayklinika\/wp-json\/wp\/v2\/pages\/1613\/revisions\/7275"}],"up":[{"embeddable":true,"href":"https:\/\/semmelweis.hu\/bokayklinika\/wp-json\/wp\/v2\/pages\/94"}],"wp:attachment":[{"href":"https:\/\/semmelweis.hu\/bokayklinika\/wp-json\/wp\/v2\/media?parent=1613"}],"wp:term":[{"taxonomy":"category","embeddable":true,"href":"https:\/\/semmelweis.hu\/bokayklinika\/wp-json\/wp\/v2\/categories?post=1613"},{"taxonomy":"post_tag","embeddable":true,"href":"https:\/\/semmelweis.hu\/bokayklinika\/wp-json\/wp\/v2\/tags?post=1613"}],"curies":[{"name":"wp","href":"https:\/\/api.w.org\/{rel}","templated":true}]}}