{"id":1610,"date":"2020-09-03T09:09:39","date_gmt":"2020-09-03T07:09:39","guid":{"rendered":"https:\/\/semmelweis.hu\/gyermekklinika1\/?page_id=1610"},"modified":"2025-08-11T10:53:05","modified_gmt":"2025-08-11T08:53:05","slug":"hepatologia","status":"publish","type":"page","link":"https:\/\/semmelweis.hu\/bokayklinika\/betegellatas\/jarobeteg-ellatas\/hepatologia\/","title":{"rendered":"Hepatol\u00f3gia"},"content":{"rendered":"<div class=\"keretes\">Gyermekgy\u00f3gy\u00e1szati Klinika (B\u00f3kay utcai r\u00e9szleg)<br \/>\n<strong>Hepatol\u00f3gia<br \/>\n<\/strong>1083 Budapest, B\u00f3kay u. 54., Alagsor<br \/>\nTelefon: 06-13343-186\/52703<\/div>\n<p style=\"text-align: left\"><strong>A rendel\u00e9sen val\u00f3 megjelen\u00e9shez el\u0151jegyz\u00e9s sz\u00fcks\u00e9ges.<\/strong>\u00a0<br \/>\nKeddt\u0151l-p\u00e9ntekig 13:00 &#8211; 15:00 \u00f3ra k\u00f6z\u00f6tt a 06-1-3343-186 \/52703-as telefonsz\u00e1mon vagy online: <strong><a href=\"https:\/\/elojegyzes.meditime.hu\/14\">https:\/\/elojegyzes.meditime.hu\/14<\/a><\/strong><br \/>\n\u00daj betegeinkr\u0151l \u00e9s azokt\u00f3l, akik t\u00f6bb mint 6 h\u00f3nap ut\u00e1n jelentkeznek vizsg\u00e1latra, \u00e9s az el\u0151z\u0151 vizsg\u00e1latn\u00e1l az ell\u00e1t\u00f3 orvos nem r\u00f6gz\u00edtette az \u00fajabb ell\u00e1t\u00e1s indokolts\u00e1g\u00e1t, beutal\u00f3t k\u00e9r\u00fcnk.<\/p>\n<p>Laborleletek kiad\u00e1sa: rendel\u00e9si id\u0151ben.<\/p>\n<h4 style=\"text-align: left\"><strong>Ambul\u00e1ns rendel\u00e9si id\u0151:<\/strong><\/h4>\n<table class=\"bottom-border\" style=\"width: 45.1592%\">\n<tbody>\n<tr>\n<td style=\"width: 166.659%\" colspan=\"2\"><strong>KEDD<\/strong><\/td>\n<\/tr>\n<tr>\n<td style=\"width: 34.4595%\">09:00-13:00<\/td>\n<td style=\"width: 132.2%\">Dr. Dezs\u0151fi-Gottl Antal<br \/>\nDr. L\u00f3th Szendile<span data-olk-copy-source=\"MessageBody\"><br \/>\nDr. Szab\u00f3 Dol\u00f3resz<br \/>\n<\/span><\/td>\n<\/tr>\n<tr>\n<td style=\"width: 166.659%\" colspan=\"2\"><strong>SZERDA<\/strong><\/td>\n<\/tr>\n<tr>\n<td style=\"width: 34.4595%\"><span data-olk-copy-source=\"MessageBody\">08:00-11:00<\/span><\/td>\n<td style=\"width: 132.2%\"><span data-olk-copy-source=\"MessageBody\">Dr. Szab\u00f3 Dol\u00f3resz<\/span><\/td>\n<\/tr>\n<tr>\n<td style=\"width: 166.659%\" colspan=\"2\"><strong>CS\u00dcT\u00d6RT\u00d6K<\/strong><\/td>\n<\/tr>\n<tr>\n<td style=\"width: 34.4595%\">09:00-14:00<\/td>\n<td style=\"width: 132.2%\"><span data-olk-copy-source=\"MessageBody\">Dr. Dezs\u0151fi-Gottl Antal<\/span><br \/>\n<span data-olk-copy-source=\"MessageBody\">Dr. Perneczki Andrea<\/span><\/td>\n<\/tr>\n<\/tbody>\n<\/table>\n<p>&nbsp;<\/p>\n","protected":false},"excerpt":{"rendered":"<p>Gyermekgy\u00f3gy\u00e1szati Klinika (B\u00f3kay utcai r\u00e9szleg) Hepatol\u00f3gia 1083 Budapest, B\u00f3kay u. 54., Alagsor Telefon: 06-13343-186\/52703 A rendel\u00e9sen val\u00f3 megjelen\u00e9shez el\u0151jegyz\u00e9s sz\u00fcks\u00e9ges.\u00a0 Keddt\u0151l-p\u00e9ntekig 13:00 &#8211; 15:00 \u00f3ra k\u00f6z\u00f6tt a 06-1-3343-186 \/52703-as telefonsz\u00e1mon vagy online: <a href=\"https:\/\/elojegyzes.meditime.hu\/14\">https:\/\/elojegyzes.meditime.hu\/14<\/a> \u00daj betegeinkr\u0151l \u00e9s azokt\u00f3l, akik t\u00f6bb mint 6 h\u00f3nap ut\u00e1n jelentkeznek vizsg\u00e1latra, \u00e9s az el\u0151z\u0151 vizsg\u00e1latn\u00e1l az ell\u00e1t\u00f3 orvos nem r\u00f6gz\u00edtette az \u00fajabb &hellip;<\/p>\n","protected":false},"author":101739,"featured_media":0,"parent":94,"menu_order":14,"comment_status":"closed","ping_status":"closed","template":"","meta":{"_acf_changed":false,"footnotes":""},"categories":[],"tags":[],"class_list":["post-1610","page","type-page","status-publish","hentry"],"acf":[],"_links":{"self":[{"href":"https:\/\/semmelweis.hu\/bokayklinika\/wp-json\/wp\/v2\/pages\/1610","targetHints":{"allow":["GET"]}}],"collection":[{"href":"https:\/\/semmelweis.hu\/bokayklinika\/wp-json\/wp\/v2\/pages"}],"about":[{"href":"https:\/\/semmelweis.hu\/bokayklinika\/wp-json\/wp\/v2\/types\/page"}],"author":[{"embeddable":true,"href":"https:\/\/semmelweis.hu\/bokayklinika\/wp-json\/wp\/v2\/users\/101739"}],"replies":[{"embeddable":true,"href":"https:\/\/semmelweis.hu\/bokayklinika\/wp-json\/wp\/v2\/comments?post=1610"}],"version-history":[{"count":10,"href":"https:\/\/semmelweis.hu\/bokayklinika\/wp-json\/wp\/v2\/pages\/1610\/revisions"}],"predecessor-version":[{"id":7333,"href":"https:\/\/semmelweis.hu\/bokayklinika\/wp-json\/wp\/v2\/pages\/1610\/revisions\/7333"}],"up":[{"embeddable":true,"href":"https:\/\/semmelweis.hu\/bokayklinika\/wp-json\/wp\/v2\/pages\/94"}],"wp:attachment":[{"href":"https:\/\/semmelweis.hu\/bokayklinika\/wp-json\/wp\/v2\/media?parent=1610"}],"wp:term":[{"taxonomy":"category","embeddable":true,"href":"https:\/\/semmelweis.hu\/bokayklinika\/wp-json\/wp\/v2\/categories?post=1610"},{"taxonomy":"post_tag","embeddable":true,"href":"https:\/\/semmelweis.hu\/bokayklinika\/wp-json\/wp\/v2\/tags?post=1610"}],"curies":[{"name":"wp","href":"https:\/\/api.w.org\/{rel}","templated":true}]}}