{"id":1594,"date":"2020-09-03T08:55:20","date_gmt":"2020-09-03T06:55:20","guid":{"rendered":"https:\/\/semmelweis.hu\/gyermekklinika1\/?page_id=1594"},"modified":"2026-02-11T11:53:38","modified_gmt":"2026-02-11T10:53:38","slug":"gyermeksebeszet-gyermekurologia-mellkassebeszet","status":"publish","type":"page","link":"https:\/\/semmelweis.hu\/bokayklinika\/betegellatas\/jarobeteg-ellatas\/gyermeksebeszet-gyermekurologia-mellkassebeszet\/","title":{"rendered":"Gyermekseb\u00e9szet, Gyermekurol\u00f3gia, Mellkasseb\u00e9szet"},"content":{"rendered":"<div class=\"keretes\">Gyermekgy\u00f3gy\u00e1szati Klinika (B\u00f3kay utcai r\u00e9szleg) <strong>Gyermekseb\u00e9szet, Gyermekurol\u00f3gia, Mellkasseb\u00e9szet<br \/>\n<\/strong>1083 Budapest, B\u00f3kay u. 53. fszt., Seb\u00e9szeti ambulancia<br \/>\nTelefonsz\u00e1m: +36-1-3343186\/52661<\/div>\n<p>Kedves Sz\u00fcl\u0151k!<\/p>\n<p><strong>A rendel\u00e9sen val\u00f3 megjelen\u00e9shez el\u0151jegyz\u00e9s sz\u00fcks\u00e9ges.<\/strong><\/p>\n<p>A ter\u00fcletileg nem a Klinik\u00e1hoz tartoz\u00f3 betegeknek beutal\u00f3 k\u00f6telez\u0151.<\/p>\n<p>Laborlelet kiad\u00e1s: rendel\u00e9si id\u0151ben<\/p>\n<table style=\"border-collapse: collapse;width: 90.9092%\">\n<tbody>\n<tr>\n<td style=\"width: 17.6242%\" rowspan=\"3\"><strong>Id\u0151pontk\u00e9r\u00e9s<\/strong><\/td>\n<td style=\"width: 39.5868%;text-align: center\">H\u00c9TF\u0150T\u0150L CS\u00dcT\u00d6RT\u00d6KIG<\/td>\n<td style=\"width: 36.9946%;text-align: center\">09:00 &#8211; 12:00 \u00e9s 12:30 &#8211; 14:30<\/td>\n<\/tr>\n<tr>\n<td style=\"width: 39.5868%;text-align: center\">P\u00c9NTEKEN<\/td>\n<td style=\"width: 36.9946%;text-align: center\">09:00 &#8211; 12:00 \u00e9s 12:30 &#8211; 13:30<\/td>\n<\/tr>\n<tr>\n<td style=\"width: 76.5814%;text-align: center\" colspan=\"2\"><strong>+36-1-334-3186\/52684<\/strong><\/td>\n<\/tr>\n<\/tbody>\n<\/table>\n<h4><strong>rendel\u00e9si id\u0151pontok:<\/strong><\/h4>\n<table style=\"border-collapse: collapse;width: 100%\">\n<tbody>\n<tr>\n<td style=\"width: 50%\"><strong>H\u00c9TF\u0150-KEDD-SZERDA-CS\u00dcT\u00d6RT\u00d6K<\/strong><\/td>\n<td style=\"width: 50%\"><strong>09:00 &#8211; 14:00<\/strong><\/td>\n<\/tr>\n<tr>\n<td style=\"width: 50%\"><strong>P\u00c9NTEK<\/strong><\/td>\n<td style=\"width: 50%\"><strong>09:00 &#8211; 12:00<\/strong><\/td>\n<\/tr>\n<\/tbody>\n<\/table>\n<h4><strong>A Gyermekseb\u00e9szeti Ambulancia rendel\u0151 orvosai:<\/strong><\/h4>\n<ul>\n<li>Dr. K\u00e1lm\u00e1n Attila<\/li>\n<li>Dr. Antal Zsuzsanna<\/li>\n<li>Dr. Tall\u00f3s Zsuzsa<\/li>\n<li>Dr. Etlinger P\u00e9ter<\/li>\n<li>Dr. Nagy Csilla<\/li>\n<li>Dr. P\u00e1pai J\u00e1nos<\/li>\n<li>Dr. Vereb\u00e9ly Tibor<\/li>\n<\/ul>\n","protected":false},"excerpt":{"rendered":"<p>Gyermekgy\u00f3gy\u00e1szati Klinika (B\u00f3kay utcai r\u00e9szleg) Gyermekseb\u00e9szet, Gyermekurol\u00f3gia, Mellkasseb\u00e9szet 1083 Budapest, B\u00f3kay u. 53. fszt., Seb\u00e9szeti ambulancia Telefonsz\u00e1m: +36-1-3343186\/52661 Kedves Sz\u00fcl\u0151k! A rendel\u00e9sen val\u00f3 megjelen\u00e9shez el\u0151jegyz\u00e9s sz\u00fcks\u00e9ges. A ter\u00fcletileg nem a Klinik\u00e1hoz tartoz\u00f3 betegeknek beutal\u00f3 k\u00f6telez\u0151. Laborlelet kiad\u00e1s: rendel\u00e9si id\u0151ben Id\u0151pontk\u00e9r\u00e9s H\u00c9TF\u0150T\u0150L CS\u00dcT\u00d6RT\u00d6KIG 09:00 &#8211; 12:00 \u00e9s 12:30 &#8211; 14:30 P\u00c9NTEKEN 09:00 &#8211; 12:00 \u00e9s 12:30 &hellip;<\/p>\n","protected":false},"author":101739,"featured_media":0,"parent":94,"menu_order":12,"comment_status":"closed","ping_status":"closed","template":"","meta":{"_acf_changed":false,"footnotes":""},"categories":[],"tags":[],"class_list":["post-1594","page","type-page","status-publish","hentry"],"acf":[],"_links":{"self":[{"href":"https:\/\/semmelweis.hu\/bokayklinika\/wp-json\/wp\/v2\/pages\/1594","targetHints":{"allow":["GET"]}}],"collection":[{"href":"https:\/\/semmelweis.hu\/bokayklinika\/wp-json\/wp\/v2\/pages"}],"about":[{"href":"https:\/\/semmelweis.hu\/bokayklinika\/wp-json\/wp\/v2\/types\/page"}],"author":[{"embeddable":true,"href":"https:\/\/semmelweis.hu\/bokayklinika\/wp-json\/wp\/v2\/users\/101739"}],"replies":[{"embeddable":true,"href":"https:\/\/semmelweis.hu\/bokayklinika\/wp-json\/wp\/v2\/comments?post=1594"}],"version-history":[{"count":13,"href":"https:\/\/semmelweis.hu\/bokayklinika\/wp-json\/wp\/v2\/pages\/1594\/revisions"}],"predecessor-version":[{"id":7973,"href":"https:\/\/semmelweis.hu\/bokayklinika\/wp-json\/wp\/v2\/pages\/1594\/revisions\/7973"}],"up":[{"embeddable":true,"href":"https:\/\/semmelweis.hu\/bokayklinika\/wp-json\/wp\/v2\/pages\/94"}],"wp:attachment":[{"href":"https:\/\/semmelweis.hu\/bokayklinika\/wp-json\/wp\/v2\/media?parent=1594"}],"wp:term":[{"taxonomy":"category","embeddable":true,"href":"https:\/\/semmelweis.hu\/bokayklinika\/wp-json\/wp\/v2\/categories?post=1594"},{"taxonomy":"post_tag","embeddable":true,"href":"https:\/\/semmelweis.hu\/bokayklinika\/wp-json\/wp\/v2\/tags?post=1594"}],"curies":[{"name":"wp","href":"https:\/\/api.w.org\/{rel}","templated":true}]}}