{"id":1578,"date":"2020-09-03T08:43:28","date_gmt":"2020-09-03T06:43:28","guid":{"rendered":"https:\/\/semmelweis.hu\/gyermekklinika1\/?page_id=1578"},"modified":"2025-11-13T18:28:18","modified_gmt":"2025-11-13T17:28:18","slug":"gyermekideggyogyaszati-es-eeg-ambulancia","status":"publish","type":"page","link":"https:\/\/semmelweis.hu\/bokayklinika\/betegellatas\/jarobeteg-ellatas\/gyermekideggyogyaszati-es-eeg-ambulancia\/","title":{"rendered":"Gyermekideggy\u00f3gy\u00e1szat \u00e9s EEG"},"content":{"rendered":"<h4><strong>Hogyan k\u00e9rjen el\u0151jegyz\u00e9si id\u0151pontot?<\/strong><\/h4>\n<p><strong>Gyermekideggy\u00f3gy\u00e1szati j\u00e1r\u00f3beteg-ell\u00e1t\u00e1s szakorvosi konz\u00edliummal<\/strong> el\u0151zetes id\u0151pontfoglal\u00e1st k\u00f6vet\u0151en t\u00f6rt\u00e9nik. Az ell\u00e1t\u00e1s beutal\u00f3 k\u00f6teles. A vizsg\u00e1lat napj\u00e1n, a vizsg\u00e1latot megel\u0151z\u0151en a B\u00f3kay u. 53., ill. 54. f\u00f6ldszinti betegfelv\u00e9teli pultn\u00e1l bejelentkez\u00e9s sz\u00fcks\u00e9ges.<\/p>\n<p><strong>A gyermekideggy\u00f3gy\u00e1szati j\u00e1r\u00f3beteg-ell\u00e1t\u00e1s helye:<\/strong><br \/>\nGyermekgy\u00f3gy\u00e1szati Klinika B\u00f3kay utcai R\u00e9szleg, 1083 Budapest, B\u00f3kay u. 54., alagsor, 18-as szoba. Gyermekideggy\u00f3gy\u00e1szati ambulancia telefonsz\u00e1ma: 3343-186\/52723. A rendel\u00e9si id\u0151ket a mell\u00e9kelt t\u00e1bl\u00e1zat tartalmazza.<\/p>\n<p><strong>Id\u0151pontk\u00e9r\u00e9s \u00e9s foglal\u00e1s:<\/strong><br \/>\nGyermekideggy\u00f3gy\u00e1szati j\u00e1r\u00f3beteg szakorvosi vizsg\u00e1latra id\u0151pontfoglal\u00e1s kiz\u00e1r\u00f3lag elektronikusan, az online id\u0151pontfoglal\u00e1si rendszeren (<a href=\"https:\/\/elojegyzes.meditime.hu\/14\">https:\/\/elojegyzes.meditime.hu\/14<\/a>) kereszt\u00fcl lehets\u00e9ges.<br \/>\nAz id\u0151pontfoglal\u00e1skor a k\u00e9rt valamennyi adat megad\u00e1sa sz\u00fcks\u00e9ges: a gyermek neve, TAJ-sz\u00e1ma, sz\u00fclet\u00e9si d\u00e1tuma, anyja neve \u00e9s telefonsz\u00e1ma, a sz\u00fcl\u0151k e-mail c\u00edme. Amennyiben a foglal\u00e1s sor\u00e1n az el\u0151\u00edrt adatok hi\u00e1nyosan ker\u00fclnek megad\u00e1sra, \u00fagy a foglal\u00e1s automatikusan t\u00f6rl\u0151dik. A sikeres id\u0151pontfoglal\u00e1sr\u00f3l visszaigazol\u00e1s \u00e9rkezik a sz\u00fcl\u0151 \u00e1ltal megadott e-mail c\u00edmre.<\/p>\n<p>A klinik\u00e1nkon gondozott gyermek tervezett v\u00e9rv\u00e9tele (pl. gy\u00f3gyszerszint vizsg\u00e1lata) el\u0151zetes bejelentkez\u00e9s, id\u0151pontfoglal\u00e1s n\u00e9lk\u00fcl lehets\u00e9ges. K\u00e9rj\u00fck, hogy a v\u00e9rv\u00e9telhez sz\u00edveskedjenek munkanapon 08:30 \u00f3r\u00e1ig jelentkezni a B\u00f3kay u 54. f\u00f6ldszinti 6-os sz\u00e1m\u00fa szob\u00e1ban, a neurol\u00f3giai ambulancia n\u0151v\u00e9rein\u00e9l. A neurol\u00f3giai ambulancia n\u0151v\u00e9rei telefonon el\u00e9rhet\u0151k: 06-1-3343-186\/52654.<\/p>\n<p>Gyermekneurol\u00f3giai vizsg\u00e1lathoz \u00faj betegek \u00e9s a 6 h\u00f3napn\u00e1l r\u00e9gebben itt j\u00e1rt p\u00e1ciensek ell\u00e1t\u00e1s\u00e1hoz orvosi beutal\u00f3 sz\u00fcks\u00e9ges (k\u00f6telez\u0151).<\/p>\n<p>K\u00e9rj\u00fck, hogy a z\u00f6kken\u0151mentes ell\u00e1t\u00e1shoz a gyermek TAJ k\u00e1rty\u00e1j\u00e1t, kor\u00e1bbi ambul\u00e1ns dokument\u00e1ci\u00f3j\u00e1t, tov\u00e1bb\u00e1 z\u00e1r\u00f3jelent\u00e9seit, valamint valamennyi orvosi dokument\u00e1ci\u00f3j\u00e1t, pedag\u00f3giai szakszolg\u00e1lati lelet\u00e9t, stb. hozz\u00e1k magukkal. <\/p>\n<p>Az id\u0151pontfoglal\u00e1ssal kapcsolatos k\u00e9rd\u00e9s\/probl\u00e9ma eset\u00e9n a Gyermekgy\u00f3gy\u00e1szati Klinika B\u00f3kay utcai R\u00e9szleg neurol\u00f3giai ambulanci\u00e1j\u00e1nak n\u0151v\u00e9rei k\u00e9szs\u00e9ggel \u00e1llnak rendelkez\u00e9sre \u00e9s adnak t\u00e1j\u00e9koztat\u00e1st a 06-1-3343-186\/52654 mell\u00e9ken munkanapon 12:00-14:00 id\u0151szakban.<\/p>\n<p>Kiv\u00e9teles esetben telefonos szakorvosi konzult\u00e1ci\u00f3ra munkanapokon dr. Farkas Viktor gyermek \u00e9s ideggy\u00f3gy\u00e1sz klinikai f\u0151orvosn\u00e1l a 06-1-334-3186\/52695 telefonmell\u00e9ken 12:00-13:00 \u00f3ra k\u00f6z\u00f6tt van lehet\u0151s\u00e9g.<\/p>\n<p><strong>Rendel\u00e9si id\u0151k:<\/strong><\/p>\n<table style=\"border-collapse: collapse;width: 97.3091%;height: 232px\">\n<tbody>\n<tr style=\"height: 33px\">\n<td style=\"width: 14.1636%;height: 33px\">H\u00c9TF\u0150<\/td>\n<td style=\"width: 31.3039%;text-align: center;height: 33px\">09:00-13:00\u00a0<\/td>\n<td style=\"width: 22.3137%;height: 33px\">Dr. Szeifert Lilla<\/td>\n<td style=\"width: 32.3902%;height: 33px\">\u00a0<\/td>\n<\/tr>\n<tr style=\"height: 33px\">\n<td style=\"width: 14.1636%;height: 66px\" rowspan=\"2\">KEDD<\/td>\n<td style=\"width: 31.3039%;text-align: center;height: 33px\">09:00-13:00\u00a0<\/td>\n<td style=\"width: 22.3137%;height: 33px\">Dr. Szeifert Lilla<\/td>\n<td style=\"width: 32.3902%;height: 33px\">\u00a0<\/td>\n<\/tr>\n<tr style=\"height: 33px\">\n<td style=\"width: 31.3039%;text-align: center;height: 33px\">09:00-16:00<\/td>\n<td style=\"width: 22.3137%;height: 33px\">Dr. Felkai M\u00e1ria<\/td>\n<td style=\"width: 32.3902%;height: 66px;text-align: center\" rowspan=\"2\">\u00a0+36 20 574-0678<\/td>\n<\/tr>\n<tr style=\"height: 33px\">\n<td style=\"width: 14.1636%;height: 67px\" rowspan=\"2\">SZERDA<\/td>\n<td style=\"width: 31.3039%;text-align: center;height: 33px\">09:00-16:00<\/td>\n<td style=\"width: 22.3137%;height: 33px\">Dr. Felkai M\u00e1ria<\/td>\n<\/tr>\n<tr style=\"height: 33px\">\n<td style=\"width: 31.3039%;height: 34px;text-align: center\">10:00-12:00\u00a0<\/td>\n<td style=\"width: 22.3137%;height: 34px\">Dr. Farkas Viktor<\/td>\n<td style=\"width: 32.3902%;height: 34px\">\u00a0<\/td>\n<\/tr>\n<tr style=\"height: 33px\">\n<td style=\"width: 14.1636%;height: 33px\">CS\u00dcT\u00d6RT\u00d6K<\/td>\n<td style=\"width: 31.3039%;height: 33px;text-align: center\">09:00-13:00<\/td>\n<td style=\"width: 22.3137%;height: 33px\">Dr. Szeifert Lilla<\/td>\n<td style=\"width: 32.3902%;height: 33px\">\u00a0<\/td>\n<\/tr>\n<tr style=\"height: 33px\">\n<td style=\"width: 14.1636%;height: 33px\">P\u00c9NTEK<\/td>\n<td style=\"width: 31.3039%;height: 33px;text-align: center\">10:00-12:00<\/td>\n<td style=\"width: 22.3137%;height: 33px\">Dr. Farkas Viktor<\/td>\n<td style=\"width: 32.3902%;height: 33px\">\u00a0<\/td>\n<\/tr>\n<\/tbody>\n<\/table>\n<p>Dr. Felkai M\u00e1ria fejl\u0151d\u00e9sneurol\u00f3gus kiz\u00e1r\u00f3lag 0-3 \u00e9ves kor k\u00f6z\u00f6tti betegeket fogad!<\/p>\n<p><strong>Asszisztensek:<\/strong><\/p>\n<ul>\n<li>Boldizs\u00e1r \u00c1gnes (Dr. Szeifert Lilla asszisztense)<\/li>\n<li><span data-olk-copy-source=\"MessageBody\">Kustra S\u00e1ndorn\u00e9 (Dr. Farkas Viktor asszisztense)<\/span><\/li>\n<li><span data-olk-copy-source=\"MessageBody\">Palikn\u00e9 Szab\u00f3 Katalin (Dr. Farkas Viktor asszisztense)<\/span><\/li>\n<\/ul>\n<p><strong>EEG vizsg\u00e1latra j\u00e1r\u00f3beteg-ell\u00e1t\u00e1s form\u00e1j\u00e1ban<\/strong> kiz\u00e1r\u00f3lag el\u0151zetes telefonon t\u00f6rt\u00e9nt id\u0151pont egyeztet\u00e9s ut\u00e1n (06-1-3343-186\/52675 mell\u00e9k) van lehet\u0151s\u00e9g 09:00\u201314:00 k\u00f6z\u00f6tt. Az EEG vizsg\u00e1lathoz orvosi beutal\u00f3 sz\u00fcks\u00e9ges. Az EEG vizsg\u00e1lat helye 1083 Budapest, B\u00f3kay u 53., II. emelet, EEG labor.<\/p>\n<h4><strong>Egy\u00e9b inform\u00e1ci\u00f3k:<\/strong><\/h4>\n<p>A j\u00e1r\u00f3beteg rendel\u00e9sen \u00fajsz\u00fcl\u00f6ttkort\u00f3l 18 \u00e9ves korig biztos\u00edtunk gyermekideggy\u00f3gy\u00e1szati ell\u00e1t\u00e1st. EEG laborunkban \u00fajsz\u00fcl\u00f6tt, csecsem\u0151 \u00e9s gyermek video-EEG vizsg\u00e1latokra, alv\u00e1smegvon\u00e1sos EEG vizsg\u00e1latokra \u00e9s tart\u00f3s video- EEG monitoriz\u00e1l\u00e1sra van lehet\u0151s\u00e9g\u00fcnk.<\/p>\n<p>A legk\u00fcl\u00f6nb\u00f6z\u0151bb csecsem\u0151 \u00e9s gyermekneurol\u00f3giai betegeket fogadjuk, \u00edgy pl. gyermekkori pszichomotoros fejl\u0151d\u00e9sben val\u00f3 elmarad\u00e1s, neurofibromatosis, sclerosis tuberosa, idegrendszeri anyagcserebetegs\u00e9gek, tanul\u00e1si zavarok, idegrendszeri fert\u0151z\u00e9sek (pl. borreliosis), l\u00e1zg\u00f6rcs, epilepszi\u00e1s \u00e9s nem epilepszi\u00e1s g\u00f6rcs\u00f6s \u00e1llapotok, neuro-immunol\u00f3giai betegs\u00e9gek, f\u00e1jdalom szindr\u00f3m\u00e1k, ritka betegs\u00e9gek, stb. Emellett speci\u00e1lis ambulanci\u00e1ink vannak. Munk\u00e1nkat a Semmelweis Egyetem t\u00e1rsint\u00e9zm\u00e9nyeiben m\u0171k\u00f6d\u0151 speci\u00e1lis szakambulanci\u00e1k \u00e9s laborat\u00f3riumok (EMG-ENG, gy\u00f3gyszerszint, neuro-genetikai vizsg\u00e1latok, v\u00e9r-likvor, toxikol\u00f3gia, pszichol\u00f3giai-pszichi\u00e1triai vizsg\u00e1latok, stb.) seg\u00edtik.<\/p>\n<h4><strong>S\u00falyponti betegs\u00e9gek az al\u00e1bbiak:<\/strong><\/h4>\n<p><strong>Fejf\u00e1j\u00e1s ambulancia:<\/strong>\u00a0visszat\u00e9r\u0151 gyermek- \u00e9s serd\u00fcl\u0151kori fejf\u00e1j\u00e1sbetegs\u00e9gek, k\u00fcl\u00f6n\u00f6s tekintettel a gyermekkori migr\u00e9n, tenzi\u00f3s fejf\u00e1j\u00e1sform\u00e1k diagnosztik\u00e1j\u00e1ra, ter\u00e1pi\u00e1j\u00e1ra, gondoz\u00e1s\u00e1ra.<\/p>\n<p><strong>Epileptol\u00f3giai ambulancia:<\/strong>\u00a0Csecsem\u0151-, gyermek \u00e9s serd\u00fcl\u0151kori g\u00f6rcs\u00f6s \u00e1llapotok, epilepszi\u00e1k kivizsg\u00e1l\u00e1sa, diagnosztik\u00e1ja, ter\u00e1pi\u00e1ja, gondoz\u00e1sa. Antiepilepszi\u00e1s gy\u00f3gyszeres ter\u00e1pia \u00e9s nem-gy\u00f3gyszeres ter\u00e1pia pl. ketog\u00e9n di\u00e9ta, vagus ideg ingerl\u00e9s, k\u00fcl\u00f6n\u00f6s tekintettel a ter\u00e1pi\u00e1san nehezen befoly\u00e1solhat\u00f3 csecsem\u0151 \u00e9s gyermekkori epilepszia szindr\u00f3m\u00e1kra, l\u00e1zg\u00f6rcsre.<\/p>\n<p><strong>Csecsem\u0151 \u00e9s gyermekkori idegrendszeri anyagcsere-betegs\u00e9gek gyermekneurol\u00f3giai vonatkoz\u00e1sai:<\/strong>\u00a0diagnosztikai vizsg\u00e1latok, gy\u00f3gyszeres \u00e9s nem-gy\u00f3gyszeres ter\u00e1pia, gondoz\u00e1s.<\/p>\n<p><strong>Fejl\u0151d\u00e9sneurol\u00f3giai rendel\u00e9s:<\/strong> \u00fajsz\u00fcl\u00f6tt \u00e9s csecsem\u0151 fejl\u0151d\u00e9sneurol\u00f3giai vizsg\u00e1latok.<\/p>\n","protected":false},"excerpt":{"rendered":"<p>Hogyan k\u00e9rjen el\u0151jegyz\u00e9si id\u0151pontot? Gyermekideggy\u00f3gy\u00e1szati j\u00e1r\u00f3beteg-ell\u00e1t\u00e1s szakorvosi konz\u00edliummal el\u0151zetes id\u0151pontfoglal\u00e1st k\u00f6vet\u0151en t\u00f6rt\u00e9nik. Az ell\u00e1t\u00e1s beutal\u00f3 k\u00f6teles. A vizsg\u00e1lat napj\u00e1n, a vizsg\u00e1latot megel\u0151z\u0151en a B\u00f3kay u. 53., ill. 54. f\u00f6ldszinti betegfelv\u00e9teli pultn\u00e1l bejelentkez\u00e9s sz\u00fcks\u00e9ges. A gyermekideggy\u00f3gy\u00e1szati j\u00e1r\u00f3beteg-ell\u00e1t\u00e1s helye: Gyermekgy\u00f3gy\u00e1szati Klinika B\u00f3kay utcai R\u00e9szleg, 1083 Budapest, B\u00f3kay u. 54., alagsor, 18-as szoba. Gyermekideggy\u00f3gy\u00e1szati ambulancia telefonsz\u00e1ma: 3343-186\/52723. A &hellip;<\/p>\n","protected":false},"author":101739,"featured_media":0,"parent":94,"menu_order":11,"comment_status":"closed","ping_status":"closed","template":"","meta":{"_acf_changed":false,"footnotes":""},"categories":[],"tags":[],"class_list":["post-1578","page","type-page","status-publish","hentry"],"acf":[],"_links":{"self":[{"href":"https:\/\/semmelweis.hu\/bokayklinika\/wp-json\/wp\/v2\/pages\/1578","targetHints":{"allow":["GET"]}}],"collection":[{"href":"https:\/\/semmelweis.hu\/bokayklinika\/wp-json\/wp\/v2\/pages"}],"about":[{"href":"https:\/\/semmelweis.hu\/bokayklinika\/wp-json\/wp\/v2\/types\/page"}],"author":[{"embeddable":true,"href":"https:\/\/semmelweis.hu\/bokayklinika\/wp-json\/wp\/v2\/users\/101739"}],"replies":[{"embeddable":true,"href":"https:\/\/semmelweis.hu\/bokayklinika\/wp-json\/wp\/v2\/comments?post=1578"}],"version-history":[{"count":12,"href":"https:\/\/semmelweis.hu\/bokayklinika\/wp-json\/wp\/v2\/pages\/1578\/revisions"}],"predecessor-version":[{"id":7644,"href":"https:\/\/semmelweis.hu\/bokayklinika\/wp-json\/wp\/v2\/pages\/1578\/revisions\/7644"}],"up":[{"embeddable":true,"href":"https:\/\/semmelweis.hu\/bokayklinika\/wp-json\/wp\/v2\/pages\/94"}],"wp:attachment":[{"href":"https:\/\/semmelweis.hu\/bokayklinika\/wp-json\/wp\/v2\/media?parent=1578"}],"wp:term":[{"taxonomy":"category","embeddable":true,"href":"https:\/\/semmelweis.hu\/bokayklinika\/wp-json\/wp\/v2\/categories?post=1578"},{"taxonomy":"post_tag","embeddable":true,"href":"https:\/\/semmelweis.hu\/bokayklinika\/wp-json\/wp\/v2\/tags?post=1578"}],"curies":[{"name":"wp","href":"https:\/\/api.w.org\/{rel}","templated":true}]}}