{"id":1563,"date":"2020-09-03T08:33:04","date_gmt":"2020-09-03T06:33:04","guid":{"rendered":"https:\/\/semmelweis.hu\/gyermekklinika1\/?page_id=1563"},"modified":"2025-11-13T13:34:24","modified_gmt":"2025-11-13T12:34:24","slug":"gasztroenterologia","status":"publish","type":"page","link":"https:\/\/semmelweis.hu\/bokayklinika\/betegellatas\/jarobeteg-ellatas\/gasztroenterologia\/","title":{"rendered":"Gasztroenterol\u00f3gia"},"content":{"rendered":"<div class=\"keretes\">\n<p>1083 Budapest, B\u00f3kay u. 54. alagsor<br \/>\nTel: 06-1-3343-186 \/52703<\/p>\n<div>Dr. Arat\u00f3 Andr\u00e1s (P)<\/div>\n<div>Dr. Cseh \u00c1ron (H)<\/div>\n<div>Dr. L\u00f3th Szendile (P)<br \/>\nDr. Prehoda Bence (H)<\/div>\n<div>\u00a0<\/div>\n<div>Dr. B\u00e9res N\u00f3ra Judit: tart\u00f3san t\u00e1vol<\/div>\n<\/div>\n<h4><strong>Hogyan k\u00e9rjen el\u0151jegyz\u00e9si id\u0151pontot?<\/strong><\/h4>\n<p><strong>Csak el\u0151jegyz\u00e9ssel:<\/strong><br \/>\nEl\u0151jegyz\u00e9s a 06-1-3343-186\/52703-as telefonsz\u00e1mon keddt\u0151l p\u00e9ntekig 13:00-15:00 \u00f3ra k\u00f6z\u00f6tt, vagy online az al\u00e1bbi c\u00edmen:<\/p>\n<div><a href=\"https:\/\/elojegyzes.meditime.hu\/14\" target=\"_blank\" rel=\"noopener\"><strong>https:\/\/elojegyzes.meditime.hu\/14<\/strong><\/a><\/div>\n<div>\u00a0<\/div>\n<p>Igazol\u00e1sok \u00e9s javaslatok kiad\u00e1sa az ambul\u00e1ns vizsg\u00e1latkor t\u00f6rt\u00e9nik, egy\u00e9b soron k\u00edv\u00fcli esetben, emailben egyeztessenek adminisztr\u00e1torunkkal (email: <a href=\"mailto:gasztro.bokay@semmelweis.hu\">gasztro.bokay@semmelweis.hu<\/a>).<\/p>\n<p>\u00daj betegeinkt\u0151l \u00e9s azokt\u00f3l, akik t\u00f6bb mint 6 h\u00f3nap ut\u00e1n jelentkeznek vizsg\u00e1latra, \u00e9s az el\u0151z\u0151 vizsg\u00e1latn\u00e1l az ell\u00e1t\u00f3 orvos nem r\u00f6gz\u00edtette az \u00fajabb ell\u00e1t\u00e1s indokolts\u00e1g\u00e1t, beutal\u00f3t k\u00e9r\u00fcnk.<\/p>\n<p>Amennyiben a gyermek betegs\u00e9ge s\u00fcrg\u0151s orvosi ell\u00e1t\u00e1st ig\u00e9nyel, \u00e9s a hosszabb v\u00e1rakoz\u00e1si id\u0151 a gyermek \u00e1llapot\u00e1t vesz\u00e9lyezteti, akkor el\u0151zetes megbesz\u00e9l\u00e9s ut\u00e1n k\u00f3rh\u00e1zi felv\u00e9tel s\u00fcrg\u0151ss\u00e9ggel k\u00e9rhet\u0151. H\u00e1ziorvosi konzult\u00e1ci\u00f3 \u00e9s beutal\u00f3 ebben az esetben is sz\u00fcks\u00e9ges.<\/p>\n<p>Laborleletek kiad\u00e1sa rendel\u00e9si id\u0151ben.<\/p>\n<p>A leletek megtekinthet\u0151k a gyermek EESZT-j\u00e9ben, ezek elk\u00fcld\u00e9se a GDPR miatt e-mailben nem lehets\u00e9ges. Amennyiben m\u00e9g nem rendelte hozz\u00e1 a gyermek EESZT-j\u00e9t a saj\u00e1tj\u00e1hoz, az al\u00e1bbi szerint megteheti: <a href=\"https:\/\/e-egeszsegugy.gov.hu\/meghatalmazasok-az-eeszt-ben\" target=\"_blank\" rel=\"noopener\">e-egeszsegugy.gov.hu\/meghatalmazasok-az-eeszt-ben<\/a><\/p>\n<h4><strong>Ambul\u00e1ns rendel\u00e9si rend:<\/strong><\/h4>\n<table style=\"width: 65.9819%\">\n<tbody>\n<tr>\n<td style=\"width: 30.3136%\" rowspan=\"2\">H\u00c9TF\u0150<\/td>\n<td style=\"width: 39.4811%\">Dr. Cseh \u00c1ron<\/td>\n<td style=\"width: 146.628%\">09:00-14:00<\/td>\n<\/tr>\n<tr>\n<td style=\"width: 39.4811%\">Dr. Prehoda Bence<\/td>\n<td style=\"width: 146.628%\">09:00-13:00<\/td>\n<\/tr>\n<tr>\n<td style=\"width: 30.3136%\" rowspan=\"2\">P\u00c9NTEK<\/td>\n<td style=\"width: 39.4811%\">Dr. Arat\u00f3 Andr\u00e1s<\/td>\n<td style=\"width: 146.628%\">11:00-13:00<\/td>\n<\/tr>\n<tr>\n<td style=\"width: 39.4811%\">Dr. L\u00f3th Szendile<\/td>\n<td style=\"width: 146.628%\">08:00-11:00<\/td>\n<\/tr>\n<\/tbody>\n<\/table>\n<p>Az ambulanci\u00e1nk f\u0151 profilja az id\u00fclt gyullad\u00e1ssal j\u00e1r\u00f3 Crohn betegs\u00e9g, a kolitisz ulcer\u00f3za, a k\u00fcl\u00f6nb\u00f6z\u0151 m\u00e1j- \u00e9s epebetgs\u00e9gek, valamint a gasztrointesztin\u00e1lis traktus egy\u00e9b betegs\u00e9geinek \u00e9s t\u00fcneteinek vizsg\u00e1lata, kezel\u00e9se (GOR, c\u00f6li\u00e1kia, Helicobacter fert\u0151z\u00e9s, hasmen\u00e9s, h\u00e1ny\u00e1s, \u00e9telallergia, lakt\u00f3z intolerancia). A betegs\u00e9gek teljes k\u00f6r\u0171 kivizsg\u00e1l\u00e1s\u00e1hoz sz\u00fcks\u00e9ges eszk\u00f6z\u00f6k \u2013 als\u00f3-\u00e9s fels\u0151 endoszk\u00f3pia, ultrahang, kil\u00e9gz\u00e9si hidrog\u00e9n vizsg\u00e1lat, v\u00e9konyb\u00e9l-biopszia, laborat\u00f3rium &#8211; rendelkez\u00e9s\u00fcnkre \u00e1llnak.<\/p>\n<h4><strong>asszisztensek<\/strong>:<\/h4>\n<p><b><a href=\"https:\/\/semmelweis.hu\/bokayklinika\/files\/2020\/09\/Ernszt_Matuza_Katalin.jpg\"><img loading=\"lazy\" decoding=\"async\" class=\" wp-image-1564 alignright\" src=\"https:\/\/semmelweis.hu\/bokayklinika\/files\/2020\/09\/Ernszt_Matuza_Katalin.jpg\" alt=\"\" width=\"199\" height=\"299\" srcset=\"https:\/\/semmelweis.hu\/bokayklinika\/files\/2020\/09\/Ernszt_Matuza_Katalin.jpg 400w, https:\/\/semmelweis.hu\/bokayklinika\/files\/2020\/09\/Ernszt_Matuza_Katalin-267x400.jpg 267w\" sizes=\"auto, (max-width: 199px) 100vw, 199px\" \/><\/a>Ernszt-Matuza Katalin<\/b><\/p>\n<p>1993 \u00f3ta dolgozik a Gyermekklinik\u00e1n (B\u00f3kay utcai r\u00e9szleg). Csecsem\u0151 \u00e9s gyermek\u00e1pol\u00f3i v\u00e9gzetts\u00e9ge van. A klinika belgy\u00f3gy\u00e1szati, neurol\u00f3giai \u00e9s pulmonol\u00f3giai oszt\u00e1ly\u00e1n is dolgozott. 2009. m\u00e1jus \u00f3ta a gasztroenterol\u00f3giai ambulanci\u00e1n dolgozik.<\/p>\n<p><strong>Benedek Zolt\u00e1nn\u00e9<\/strong><\/p>\n","protected":false},"excerpt":{"rendered":"<p>1083 Budapest, B\u00f3kay u. 54. alagsor Tel: 06-1-3343-186 \/52703 Dr. Arat\u00f3 Andr\u00e1s (P) Dr. Cseh \u00c1ron (H) Dr. L\u00f3th Szendile (P) Dr. Prehoda Bence (H) \u00a0 Dr. B\u00e9res N\u00f3ra Judit: tart\u00f3san t\u00e1vol Hogyan k\u00e9rjen el\u0151jegyz\u00e9si id\u0151pontot? Csak el\u0151jegyz\u00e9ssel: El\u0151jegyz\u00e9s a 06-1-3343-186\/52703-as telefonsz\u00e1mon keddt\u0151l p\u00e9ntekig 13:00-15:00 \u00f3ra k\u00f6z\u00f6tt, vagy online az al\u00e1bbi c\u00edmen: <a href=\"https:\/\/elojegyzes.meditime.hu\/14\" target=\"_blank\" rel=\"noopener\">https:\/\/elojegyzes.meditime.hu\/14<\/a> \u00a0 Igazol\u00e1sok \u00e9s &hellip;<\/p>\n","protected":false},"author":101739,"featured_media":0,"parent":94,"menu_order":9,"comment_status":"closed","ping_status":"closed","template":"","meta":{"_acf_changed":false,"footnotes":""},"categories":[],"tags":[],"class_list":["post-1563","page","type-page","status-publish","hentry"],"acf":[],"_links":{"self":[{"href":"https:\/\/semmelweis.hu\/bokayklinika\/wp-json\/wp\/v2\/pages\/1563","targetHints":{"allow":["GET"]}}],"collection":[{"href":"https:\/\/semmelweis.hu\/bokayklinika\/wp-json\/wp\/v2\/pages"}],"about":[{"href":"https:\/\/semmelweis.hu\/bokayklinika\/wp-json\/wp\/v2\/types\/page"}],"author":[{"embeddable":true,"href":"https:\/\/semmelweis.hu\/bokayklinika\/wp-json\/wp\/v2\/users\/101739"}],"replies":[{"embeddable":true,"href":"https:\/\/semmelweis.hu\/bokayklinika\/wp-json\/wp\/v2\/comments?post=1563"}],"version-history":[{"count":12,"href":"https:\/\/semmelweis.hu\/bokayklinika\/wp-json\/wp\/v2\/pages\/1563\/revisions"}],"predecessor-version":[{"id":7643,"href":"https:\/\/semmelweis.hu\/bokayklinika\/wp-json\/wp\/v2\/pages\/1563\/revisions\/7643"}],"up":[{"embeddable":true,"href":"https:\/\/semmelweis.hu\/bokayklinika\/wp-json\/wp\/v2\/pages\/94"}],"wp:attachment":[{"href":"https:\/\/semmelweis.hu\/bokayklinika\/wp-json\/wp\/v2\/media?parent=1563"}],"wp:term":[{"taxonomy":"category","embeddable":true,"href":"https:\/\/semmelweis.hu\/bokayklinika\/wp-json\/wp\/v2\/categories?post=1563"},{"taxonomy":"post_tag","embeddable":true,"href":"https:\/\/semmelweis.hu\/bokayklinika\/wp-json\/wp\/v2\/tags?post=1563"}],"curies":[{"name":"wp","href":"https:\/\/api.w.org\/{rel}","templated":true}]}}