{"id":1538,"date":"2020-09-02T15:28:53","date_gmt":"2020-09-02T13:28:53","guid":{"rendered":"https:\/\/semmelweis.hu\/gyermekklinika1\/?page_id=1538"},"modified":"2025-01-27T14:32:50","modified_gmt":"2025-01-27T13:32:50","slug":"dietetikai-szaktanacsadas","status":"publish","type":"page","link":"https:\/\/semmelweis.hu\/bokayklinika\/betegellatas\/jarobeteg-ellatas\/dietetikai-szaktanacsadas\/","title":{"rendered":"Dietetikai szaktan\u00e1csad\u00e1s"},"content":{"rendered":"<div class=\"keretes\">Gyermekgy\u00f3gy\u00e1szati Klinika (B\u00f3kay utcai r\u00e9szleg) <strong>Dietetikai szaktan\u00e1csad\u00e1s<\/strong>\u00a0 \u00a0 \u00a0 \u00a0 \u00a0 \u00a0 \u00a0 \u00a0 \u00a0 \u00a0 \u00a0 \u00a0 \u00a0 \u00a0 \u00a0 \u00a0 \u00a0 \u00a01083 Budapest, B\u00f3kay u. 54., f\u00f6ldszint<br \/>\nTelefon: 06-1-3343-186<\/div>\n<p>Szaktan\u00e1csad\u00e1sunkon el\u0151zetes bejelentkez\u00e9s szerint fogadjuk betegeinket.<br \/>\nBeutal\u00f3 \u00faj betegnek, \u00e9s 6 h\u00f3napn\u00e1l r\u00e9gebben itt j\u00e1rt p\u00e1cienseknek k\u00f6telez\u0151.<\/p>\n<h4>\u00a0<\/h4>\n<h4><strong>Szaktan\u00e1csad\u00e1s:<\/strong><\/h4>\n<table style=\"border-collapse: collapse;width: 99.1978%\">\n<tbody>\n<tr>\n<td style=\"width: 26.0784%\">Kiss Erika<\/td>\n<td style=\"width: 34.5406%;text-align: center\">\n<p><strong>H\u00c9TF\u0150 &#8211; P\u00c9NTEK<\/strong><br \/>\n09:00 &#8211; 13:00<\/p>\n<\/td>\n<td style=\"width: 41.6871%;text-align: center\">+36 20 825-8299<\/td>\n<\/tr>\n<tr>\n<td style=\"width: 26.0784%\">Horv\u00e1th Csilla Lujza<\/td>\n<td style=\"width: 34.5406%;text-align: center\">\n<p><strong>H\u00c9TF\u0150 &#8211; P\u00c9NTEK<\/strong><br \/>\n08:00 &#8211; 15:00<\/p>\n<\/td>\n<td style=\"width: 41.6871%;text-align: center\">+36 20 663-2782<\/td>\n<\/tr>\n<tr>\n<td style=\"width: 26.0784%\">Arany Hajnalka<\/td>\n<td style=\"width: 34.5406%;text-align: center\">\n<p><strong>H\u00c9TF\u0150 &#8211; P\u00c9NTEK<\/strong><br \/>\n07:00 &#8211; 14:00\u00a0<\/p>\n<\/td>\n<td style=\"width: 41.6871%;text-align: center\">+36 20 663-2533<\/td>\n<\/tr>\n<\/tbody>\n<\/table>\n<p>&nbsp;<\/p>\n","protected":false},"excerpt":{"rendered":"<p>Gyermekgy\u00f3gy\u00e1szati Klinika (B\u00f3kay utcai r\u00e9szleg) Dietetikai szaktan\u00e1csad\u00e1s\u00a0 \u00a0 \u00a0 \u00a0 \u00a0 \u00a0 \u00a0 \u00a0 \u00a0 \u00a0 \u00a0 \u00a0 \u00a0 \u00a0 \u00a0 \u00a0 \u00a0 \u00a01083 Budapest, B\u00f3kay u. 54., f\u00f6ldszint Telefon: 06-1-3343-186 Szaktan\u00e1csad\u00e1sunkon el\u0151zetes bejelentkez\u00e9s szerint fogadjuk betegeinket. Beutal\u00f3 \u00faj betegnek, \u00e9s 6 h\u00f3napn\u00e1l r\u00e9gebben itt j\u00e1rt p\u00e1cienseknek k\u00f6telez\u0151. \u00a0 Szaktan\u00e1csad\u00e1s: Kiss Erika H\u00c9TF\u0150 &#8211; P\u00c9NTEK &hellip;<\/p>\n","protected":false},"author":101739,"featured_media":0,"parent":94,"menu_order":6,"comment_status":"closed","ping_status":"closed","template":"","meta":{"_acf_changed":false,"footnotes":""},"categories":[],"tags":[],"class_list":["post-1538","page","type-page","status-publish","hentry"],"acf":[],"_links":{"self":[{"href":"https:\/\/semmelweis.hu\/bokayklinika\/wp-json\/wp\/v2\/pages\/1538","targetHints":{"allow":["GET"]}}],"collection":[{"href":"https:\/\/semmelweis.hu\/bokayklinika\/wp-json\/wp\/v2\/pages"}],"about":[{"href":"https:\/\/semmelweis.hu\/bokayklinika\/wp-json\/wp\/v2\/types\/page"}],"author":[{"embeddable":true,"href":"https:\/\/semmelweis.hu\/bokayklinika\/wp-json\/wp\/v2\/users\/101739"}],"replies":[{"embeddable":true,"href":"https:\/\/semmelweis.hu\/bokayklinika\/wp-json\/wp\/v2\/comments?post=1538"}],"version-history":[{"count":10,"href":"https:\/\/semmelweis.hu\/bokayklinika\/wp-json\/wp\/v2\/pages\/1538\/revisions"}],"predecessor-version":[{"id":6724,"href":"https:\/\/semmelweis.hu\/bokayklinika\/wp-json\/wp\/v2\/pages\/1538\/revisions\/6724"}],"up":[{"embeddable":true,"href":"https:\/\/semmelweis.hu\/bokayklinika\/wp-json\/wp\/v2\/pages\/94"}],"wp:attachment":[{"href":"https:\/\/semmelweis.hu\/bokayklinika\/wp-json\/wp\/v2\/media?parent=1538"}],"wp:term":[{"taxonomy":"category","embeddable":true,"href":"https:\/\/semmelweis.hu\/bokayklinika\/wp-json\/wp\/v2\/categories?post=1538"},{"taxonomy":"post_tag","embeddable":true,"href":"https:\/\/semmelweis.hu\/bokayklinika\/wp-json\/wp\/v2\/tags?post=1538"}],"curies":[{"name":"wp","href":"https:\/\/api.w.org\/{rel}","templated":true}]}}