{"id":1466,"date":"2020-08-13T10:15:21","date_gmt":"2020-08-13T08:15:21","guid":{"rendered":"https:\/\/semmelweis.hu\/gyermekklinika1\/?page_id=1466"},"modified":"2023-01-19T08:07:13","modified_gmt":"2023-01-19T07:07:13","slug":"vorstellung-der-klinik","status":"publish","type":"page","link":"https:\/\/semmelweis.hu\/bokayklinika\/vorstellung-der-klinik\/","title":{"rendered":"Vorstellung der Klinik"},"content":{"rendered":"<p style=\"text-align: justify\"><img loading=\"lazy\" decoding=\"async\" class=\"alignleft wp-image-1427 \" src=\"https:\/\/semmelweis.hu\/bokayklinika\/files\/2020\/07\/RS60498_KA-20170329-KA__5374-267x400.jpg\" alt=\"\" width=\"136\" height=\"204\" srcset=\"https:\/\/semmelweis.hu\/bokayklinika\/files\/2020\/07\/RS60498_KA-20170329-KA__5374-267x400.jpg 267w, https:\/\/semmelweis.hu\/bokayklinika\/files\/2020\/07\/RS60498_KA-20170329-KA__5374-683x1024.jpg 683w, https:\/\/semmelweis.hu\/bokayklinika\/files\/2020\/07\/RS60498_KA-20170329-KA__5374-768x1152.jpg 768w, https:\/\/semmelweis.hu\/bokayklinika\/files\/2020\/07\/RS60498_KA-20170329-KA__5374-1024x1536.jpg 1024w, https:\/\/semmelweis.hu\/bokayklinika\/files\/2020\/07\/RS60498_KA-20170329-KA__5374-1365x2048.jpg 1365w, https:\/\/semmelweis.hu\/bokayklinika\/files\/2020\/07\/RS60498_KA-20170329-KA__5374-753x1130.jpg 753w, https:\/\/semmelweis.hu\/bokayklinika\/files\/2020\/07\/RS60498_KA-20170329-KA__5374-scaled.jpg 1707w\" sizes=\"auto, (max-width: 136px) 100vw, 136px\" \/>Die Kinderklinik der Universit\u00e4t Semmelweis (<span style=\"font-size: 1rem;text-align: left\">Abteilung der B\u00f3kay Strasse<\/span>) hat eine Vergangenheit von 181 Jahren. Zurzeit funktioniert das Institut in insgesamt f\u00fcnf Geb\u00e4uden in der B\u00f3kay J\u00e1nos Strasse 53-54, seit 2013 unter der Leitung von <strong>Dr. Attila Szab\u00f3<\/strong>.<\/p>\n<p style=\"text-align: justify\">\u00a0<\/p>\n<p>&nbsp;<\/p>\n<p>&nbsp;<\/p>\n<p style=\"text-align: justify\"><img decoding=\"async\" class=\"alignright\" src=\"https:\/\/semmelweis.hu\/bokayklinika\/files\/2020\/06\/RS48271_KA-20160504-IMG_9993-scr-400x267.jpg\" \/>Unsere Klinik betreibt heute eine Anzahl von ungef\u00e4hr <strong>160 Krankenhausbetten<\/strong>, gleichlaufend multidisziplin\u00e4re ambulante Sprechstunden bzw. Versorgung. Die Klinik ist <strong>prinzipiell, und teilweise auf Landesebene zust\u00e4ndig f\u00fcr folgende Fachrichtungen<\/strong>: Nierenerkrankungen, Diabetes mellitus, Epilepsie und Kopfschmerzen, Leber- und gastroenterologische Erkrankungen, obstruktive Lungenerkrankungen, gewisse immunologische Krankheitsbilder, psychiatrische Erkrankungen und Verhaltungsst\u00f6rungen im Kindesalter, Neugeborenenchirurgie im Fall von verschiedenen Fehlbildungen, Allgemein- und speziell Urologische Chirurgie im Neugeborenen-, S\u00e4uglings- und Kindesalter, Perinatalzentrum f\u00fcr Fr\u00fch-und Neugeborene mit kleinem Geburtsgewicht und\/oder Respirationsst\u00f6rungen und Kardiologie. Zugleich ist es unsere Pflicht auch Kinder mit anderen, hier nicht aufgereihten Erkrankungen zu versorgen.<\/p>\n<p style=\"text-align: justify\">Mutter-Kind-Zimmer<\/p>\n<p style=\"text-align: justify\"><a href=\"https:\/\/semmelweis.hu\/bokayklinika\/files\/2020\/06\/babamamaszoba2.jpg\"><img loading=\"lazy\" decoding=\"async\" class=\"size-medium wp-image-250 alignleft\" src=\"https:\/\/semmelweis.hu\/bokayklinika\/files\/2020\/06\/babamamaszoba2-400x300.jpg\" alt=\"\" width=\"400\" height=\"300\" srcset=\"https:\/\/semmelweis.hu\/bokayklinika\/files\/2020\/06\/babamamaszoba2-400x300.jpg 400w, https:\/\/semmelweis.hu\/bokayklinika\/files\/2020\/06\/babamamaszoba2-768x576.jpg 768w, https:\/\/semmelweis.hu\/bokayklinika\/files\/2020\/06\/babamamaszoba2-753x565.jpg 753w, https:\/\/semmelweis.hu\/bokayklinika\/files\/2020\/06\/babamamaszoba2.jpg 960w\" sizes=\"auto, (max-width: 400px) 100vw, 400px\" \/><\/a>Wir geben darauf grosse Acht, dass das erkrankte Kind w\u00e4hrend seines Krankenhausaufenthalts so viel Zeit wie m\u00f6glich mit seiner Familie \u2013 vorwiegend mit seiner Mutter \u2013zusammen verbringen kann. In den letzten sechs Jahren haben wir deswegen acht kleine Krankens\u00e4le (Mutter-Kind-Zimmer) eingerichtet, die jeweils f\u00fcr den Krankenhausaufenthalt von einer Mutter und einem Kind geeignet sind. F\u00fcr chronisch erkrankten Kinder, die keine kontinuierliche station\u00e4re Versorgung brauchen, aber lange unter Behandlung an unserer Klinik stehen, bietet das 150 m nah liegende McDonald\u2019s Haus eine Unterkunftsm\u00f6glichkeit, f\u00fcr sogar der ganzen Familie.<\/p>\n<p style=\"text-align: justify\"><strong>Unsere diagnostische Abteilungen sind die folgenden<\/strong>: klinisch chemisches, bakteriologisches und (prinzipiell molekularbiologisches) Forschungslabor, Labor f\u00fcr Reihenuntersuchung der angeborenen Stoffwechselst\u00f6rungen, Abteilung f\u00fcr Radiologie und Sonographie, Labor f\u00fcr Echokardiographie, Lungenfunktionspr\u00fcfung, Elektrokardiographie und Elektroenzephalographie.<\/p>\n<p style=\"text-align: justify\"><a href=\"https:\/\/semmelweis.hu\/bokayklinika\/files\/2020\/06\/RS109018_C19A6230-scr.jpg\"><img loading=\"lazy\" decoding=\"async\" class=\"alignright size-medium wp-image-293\" src=\"https:\/\/semmelweis.hu\/bokayklinika\/files\/2020\/06\/RS109018_C19A6230-scr-400x247.jpg\" alt=\"\" width=\"400\" height=\"247\" srcset=\"https:\/\/semmelweis.hu\/bokayklinika\/files\/2020\/06\/RS109018_C19A6230-scr-400x247.jpg 400w, https:\/\/semmelweis.hu\/bokayklinika\/files\/2020\/06\/RS109018_C19A6230-scr-1024x633.jpg 1024w, https:\/\/semmelweis.hu\/bokayklinika\/files\/2020\/06\/RS109018_C19A6230-scr-768x475.jpg 768w, https:\/\/semmelweis.hu\/bokayklinika\/files\/2020\/06\/RS109018_C19A6230-scr-753x466.jpg 753w, https:\/\/semmelweis.hu\/bokayklinika\/files\/2020\/06\/RS109018_C19A6230-scr.jpg 1200w\" sizes=\"auto, (max-width: 400px) 100vw, 400px\" \/><\/a>Unsere Klinik lehrt der h\u00e4lfte der ungarisch- und englischsprachigen und allen deutschsprachigen Studenten im V. und VI. Jahrgang P\u00e4diatrie, dazu werden verschiedene subdisziplin\u00e4re fakultative Kurse von uns gehalten. Es gibt 11 Programme der Doktorandenschule die zu unserer Klinik geh\u00f6ren mit zahlreichen Doktoranden auf verschiedenen Stufen ihres Curriculums. Die Lehrer unserer Klinik nehmen vielfaltig in verschiedenen postgradualen und Assistenzarztausbildungen in P\u00e4diatrie oder anderen Disziplinen teil, sowie im praktischen Unterricht von Di\u00e4tassistenten und in mehreren Ausbildungsprogrammen von Krankenschwestern\/Krankenpflegern und verschiedenen Fachpflegern.<\/p>\n<p style=\"text-align: justify\"><img loading=\"lazy\" decoding=\"async\" class=\"alignleft wp-image-1377 size-medium\" src=\"https:\/\/semmelweis.hu\/bokayklinika\/files\/2020\/07\/IMG_0263-400x300.jpg\" alt=\"\" width=\"400\" height=\"300\" srcset=\"https:\/\/semmelweis.hu\/bokayklinika\/files\/2020\/07\/IMG_0263-400x300.jpg 400w, https:\/\/semmelweis.hu\/bokayklinika\/files\/2020\/07\/IMG_0263-1024x768.jpg 1024w, https:\/\/semmelweis.hu\/bokayklinika\/files\/2020\/07\/IMG_0263-768x576.jpg 768w, https:\/\/semmelweis.hu\/bokayklinika\/files\/2020\/07\/IMG_0263-1536x1152.jpg 1536w, https:\/\/semmelweis.hu\/bokayklinika\/files\/2020\/07\/IMG_0263-2048x1536.jpg 2048w, https:\/\/semmelweis.hu\/bokayklinika\/files\/2020\/07\/IMG_0263-753x565.jpg 753w\" sizes=\"auto, (max-width: 400px) 100vw, 400px\" \/>Unsere Klinik besch\u00e4ftigt sich seit mehr als drei Jahrzehnten intensiv mit klinischer und Grundforschung. In unserem Labor befinden sich zurzeit drei Forschungsgruppen: die seit Gr\u00fcndung des Labors anwesende P\u00e4diatrische und Nephrologische Forschungsgruppe der Ungarischen Akademie f\u00fcr Wissenschaften und der Universit\u00e4t Semmelweis, die \u201eLend\u00fclet\u201c Nephrogenetische Forschungsgruppe und die \u201eLend\u00fclet\u201c Forschungsgruppe f\u00fcr Diabetes, die letzten zwei geh\u00f6ren auch zur Ungarischen Akademie f\u00fcr Wissenschaften und der Universit\u00e4t Semmelweis. Anbei bereichern weitere kleine Forschungsgruppen unser Forschungsprofil. Im Labor arbeiten um die 30 Mitarbeiter; Dauermitarbeiter, 10-15 Ph.D. Studenten und Studenten die an der Forschungsarbeit Teilnehmen\/ihre Diplomarbeit vorbereiten. Unsere Forschungen zielen hauptsachlich das bessere Verst\u00e4ndnis von den dahinterliegenden Patomechanismen und weitere Therapiem\u00f6glichkeiten vom akuten und chronischen Nierenversagen, peritonealer Dialyse, chronisch-entz\u00fcndlichen Darmerkrankungen und idiopathischer Lungenfibrose. Die Mitarbeiter des Forschungslabors f\u00fchren neben der Grundforschung bedeutende diagnostische und innovative T\u00e4tigkeit durch.<\/p>\n<p style=\"text-align: justify\">Dreissig Mitarbeiter unserer Klinik haben bereits promoviert, acht sind Doktoren der Ungarischen Wissenschaftlichen Akademie, und der im Jahre 2013 abdankender Direktor ist ordentlicher Mitglied der Ungarischen Wissenschaftlichen Akademie.<\/p>\n<p style=\"text-align: justify\">Die Klinik hat in 2004 die Qualifikation nach der Internationalen Organisation f\u00fcr Normung (ISO) und den ungarischen Krankenhausversorgung Standards in den Bereichen von Krankenversorgung, Unterricht und wissenschaftliche Arbeit erworben.<\/p>\n","protected":false},"excerpt":{"rendered":"<p>Die Kinderklinik der Universit\u00e4t Semmelweis (Abteilung der B\u00f3kay Strasse) hat eine Vergangenheit von 181 Jahren. Zurzeit funktioniert das Institut in insgesamt f\u00fcnf Geb\u00e4uden in der B\u00f3kay J\u00e1nos Strasse 53-54, seit 2013 unter der Leitung von Dr. Attila Szab\u00f3. \u00a0 &nbsp; &nbsp; Unsere Klinik betreibt heute eine Anzahl von ungef\u00e4hr 160 Krankenhausbetten, gleichlaufend multidisziplin\u00e4re ambulante Sprechstunden &hellip;<\/p>\n","protected":false},"author":101739,"featured_media":0,"parent":0,"menu_order":4,"comment_status":"closed","ping_status":"closed","template":"","meta":{"_acf_changed":false,"footnotes":""},"categories":[],"tags":[],"class_list":["post-1466","page","type-page","status-publish","hentry"],"acf":[],"_links":{"self":[{"href":"https:\/\/semmelweis.hu\/bokayklinika\/wp-json\/wp\/v2\/pages\/1466","targetHints":{"allow":["GET"]}}],"collection":[{"href":"https:\/\/semmelweis.hu\/bokayklinika\/wp-json\/wp\/v2\/pages"}],"about":[{"href":"https:\/\/semmelweis.hu\/bokayklinika\/wp-json\/wp\/v2\/types\/page"}],"author":[{"embeddable":true,"href":"https:\/\/semmelweis.hu\/bokayklinika\/wp-json\/wp\/v2\/users\/101739"}],"replies":[{"embeddable":true,"href":"https:\/\/semmelweis.hu\/bokayklinika\/wp-json\/wp\/v2\/comments?post=1466"}],"version-history":[{"count":4,"href":"https:\/\/semmelweis.hu\/bokayklinika\/wp-json\/wp\/v2\/pages\/1466\/revisions"}],"predecessor-version":[{"id":4180,"href":"https:\/\/semmelweis.hu\/bokayklinika\/wp-json\/wp\/v2\/pages\/1466\/revisions\/4180"}],"wp:attachment":[{"href":"https:\/\/semmelweis.hu\/bokayklinika\/wp-json\/wp\/v2\/media?parent=1466"}],"wp:term":[{"taxonomy":"category","embeddable":true,"href":"https:\/\/semmelweis.hu\/bokayklinika\/wp-json\/wp\/v2\/categories?post=1466"},{"taxonomy":"post_tag","embeddable":true,"href":"https:\/\/semmelweis.hu\/bokayklinika\/wp-json\/wp\/v2\/tags?post=1466"}],"curies":[{"name":"wp","href":"https:\/\/api.w.org\/{rel}","templated":true}]}}