{"id":123,"date":"2020-06-03T12:29:08","date_gmt":"2020-06-03T10:29:08","guid":{"rendered":"https:\/\/semmelweis.hu\/gyermekklinika1\/?page_id=123"},"modified":"2026-01-12T09:30:42","modified_gmt":"2026-01-12T08:30:42","slug":"doktori-iskola","status":"publish","type":"page","link":"https:\/\/semmelweis.hu\/bokayklinika\/oktatas\/doktori-iskola\/","title":{"rendered":"Doktori iskola"},"content":{"rendered":"<p>Klinik\u00e1nk akkredit\u00e1lt doktori programot m\u0171k\u00f6dtet <em>Gyermekkori betegs\u00e9gek klinikuma, \u00e9lettana \u00e9s prevenci\u00f3ja<\/em> c\u00edmmel. Ezen bel\u00fcl nemcsak a klinikai, hanem az elm\u00e9ly\u00fclt alapkutat\u00e1s ir\u00e1nt \u00e9rdekl\u0151d\u0151knek is lehet\u0151s\u00e9ge \u00e9s m\u00f3dja ny\u00edlik arra, hogy k\u00e9pz\u00e9si idej\u00fck v\u00e9g\u00e9n tudom\u00e1nyos fokozatot szerezzenek. A laborat\u00f3riumi h\u00e1tteret t\u00f6bbek k\u00f6z\u00f6tt a csontanyagcsere-, valamint a molekul\u00e1ris genetikai laborat\u00f3rium biztos\u00edtja.<\/p>\n<p>Int\u00e9zet\u00fcnk a Biofizikai \u00e9s Sug\u00e1rbiol\u00f3giai, valamint az \u00c9lettani Int\u00e9zettel k\u00f6z\u00f6sen a Baross G\u00e1bor p\u00e1ly\u00e1zat (VAN_I_BA-REG-KM-09-1-2009-0016) keret\u00e9ben elnyert anyagi t\u00e1mogat\u00e1s seg\u00edts\u00e9g\u00e9vel sikeresen \u00fczembe \u00e1ll\u00edtott (<a href=\"https:\/\/semmelweis.hu\/telefonkonyv\/?inst_id=9\" target=\"_blank\" rel=\"noopener\">Semmelweis Egyetem Biofizikai \u00e9s Sug\u00e1rbiol\u00f3giai Int\u00e9zet<\/a>) egy inverz multi-foton mikroszk\u00f3pot. A mikroszk\u00f3p els\u0151sorban a vese m\u0171k\u00f6d\u00e9s\u00e9nek in vivo vizsg\u00e1lat\u00e1ra alkalmas. A m\u0171szer lehet\u0151s\u00e9get teremt arra, hogy funkcion\u00e1lis k\u00fcl\u00f6nbs\u00e9get tegy\u00fcnk a hiperfiltr\u00e1l\u00f3, illetve szklerotikus glomerulusok k\u00f6z\u00f6tt. Seg\u00edts\u00e9g\u00e9vel meg tudjuk hat\u00e1rozni egyetlen nefron glomerul\u00e1ris filtr\u00e1ci\u00f3s r\u00e1t\u00e1j\u00e1t (SNGFR) is, valamint kihaszn\u00e1lva a kollag\u00e9n j\u00f3l ismert aut\u00f3fluoreszk\u00e1l\u00f3 tulajdons\u00e1g\u00e1t, ak\u00e1r a sz\u00f6vetekben zajl\u00f3 fibr\u00f3zis hely\u00e9t \u00e9s m\u00e9rt\u00e9k\u00e9t is k\u00e9pesek vagyunk meghat\u00e1rozni.<\/p>\n<p><a href=\"https:\/\/semmelweis.hu\/bokayklinika\/files\/2026\/01\/Gyermekkori-betegsegek-klinikuma-elettana-es-prevencioja.pdf\" target=\"_blank\" rel=\"noopener\"><strong><em>Gyermekkori betegs\u00e9gek klinikuma, \u00e9lettana \u00e9s prevenci\u00f3ja<\/em> doktori program t\u00e9m\u00e1i a Gyermekklinik\u00e1n (B\u00f3kay utcai r\u00e9szleg)\u00a0<\/strong><\/a><\/p>\n<p>Aj\u00e1nljuk figyelm\u00fckbe a Semmelweis Egyetem <a href=\"https:\/\/semmelweis.hu\/phd\/doktori-tagozatok\/racz-karoly-konzervativ-orvostudomanyi-tagozat\/\" target=\"_blank\" rel=\"noopener\">Doktori Iskola \u00e1ltal ind\u00edtott programokat<\/a>.<\/p>\n","protected":false},"excerpt":{"rendered":"<p>Klinik\u00e1nk akkredit\u00e1lt doktori programot m\u0171k\u00f6dtet Gyermekkori betegs\u00e9gek klinikuma, \u00e9lettana \u00e9s prevenci\u00f3ja c\u00edmmel. Ezen bel\u00fcl nemcsak a klinikai, hanem az elm\u00e9ly\u00fclt alapkutat\u00e1s ir\u00e1nt \u00e9rdekl\u0151d\u0151knek is lehet\u0151s\u00e9ge \u00e9s m\u00f3dja ny\u00edlik arra, hogy k\u00e9pz\u00e9si idej\u00fck v\u00e9g\u00e9n tudom\u00e1nyos fokozatot szerezzenek. A laborat\u00f3riumi h\u00e1tteret t\u00f6bbek k\u00f6z\u00f6tt a csontanyagcsere-, valamint a molekul\u00e1ris genetikai laborat\u00f3rium biztos\u00edtja. Int\u00e9zet\u00fcnk a Biofizikai \u00e9s Sug\u00e1rbiol\u00f3giai, valamint &hellip;<\/p>\n","protected":false},"author":101740,"featured_media":0,"parent":13,"menu_order":3,"comment_status":"closed","ping_status":"closed","template":"","meta":{"_acf_changed":false,"footnotes":""},"categories":[],"tags":[],"class_list":["post-123","page","type-page","status-publish","hentry"],"acf":[],"_links":{"self":[{"href":"https:\/\/semmelweis.hu\/bokayklinika\/wp-json\/wp\/v2\/pages\/123","targetHints":{"allow":["GET"]}}],"collection":[{"href":"https:\/\/semmelweis.hu\/bokayklinika\/wp-json\/wp\/v2\/pages"}],"about":[{"href":"https:\/\/semmelweis.hu\/bokayklinika\/wp-json\/wp\/v2\/types\/page"}],"author":[{"embeddable":true,"href":"https:\/\/semmelweis.hu\/bokayklinika\/wp-json\/wp\/v2\/users\/101740"}],"replies":[{"embeddable":true,"href":"https:\/\/semmelweis.hu\/bokayklinika\/wp-json\/wp\/v2\/comments?post=123"}],"version-history":[{"count":11,"href":"https:\/\/semmelweis.hu\/bokayklinika\/wp-json\/wp\/v2\/pages\/123\/revisions"}],"predecessor-version":[{"id":7839,"href":"https:\/\/semmelweis.hu\/bokayklinika\/wp-json\/wp\/v2\/pages\/123\/revisions\/7839"}],"up":[{"embeddable":true,"href":"https:\/\/semmelweis.hu\/bokayklinika\/wp-json\/wp\/v2\/pages\/13"}],"wp:attachment":[{"href":"https:\/\/semmelweis.hu\/bokayklinika\/wp-json\/wp\/v2\/media?parent=123"}],"wp:term":[{"taxonomy":"category","embeddable":true,"href":"https:\/\/semmelweis.hu\/bokayklinika\/wp-json\/wp\/v2\/categories?post=123"},{"taxonomy":"post_tag","embeddable":true,"href":"https:\/\/semmelweis.hu\/bokayklinika\/wp-json\/wp\/v2\/tags?post=123"}],"curies":[{"name":"wp","href":"https:\/\/api.w.org\/{rel}","templated":true}]}}