{"id":122,"date":"2020-06-03T12:29:08","date_gmt":"2020-06-03T10:29:08","guid":{"rendered":"https:\/\/semmelweis.hu\/gyermekklinika1\/?page_id=122"},"modified":"2026-03-24T11:39:46","modified_gmt":"2026-03-24T10:39:46","slug":"szakkepzes-szakvizsga","status":"publish","type":"page","link":"https:\/\/semmelweis.hu\/bokayklinika\/oktatas\/szakkepzes-szakvizsga\/","title":{"rendered":"Szakk\u00e9pz\u00e9s, szakvizsga"},"content":{"rendered":"<p style=\"text-align: justify\"><div class=\"responsive-tabs\">\n<h2 class=\"tabtitle\">A Klinika<\/h2>\n<div class=\"tabcontent\">\n<\/p>\n<div class=\"keretes w-100\">\n<p><strong><span style=\"color: #ff0000;font-size: 18pt\">Szakk\u00e9pz\u00e9si \u00fcgyekben<\/span><\/strong><\/p>\n<p><a href=\"mailto:szakkepzes.bokay@semmelweis.hu\" target=\"_blank\" rel=\"noopener\">szakkepzes.bokay@semmelweis.hu<\/a> e-mail c\u00edmen<\/p>\n<p>a +36-20-663-2837 telefonsz\u00e1mon, vagy<\/p>\n<p>a <strong>III. emeleten a szakk\u00e9pz\u00e9si irod\u00e1ban (H, Sz, P: 10-12 \u00f3ra; K, Cs: 14-16 \u00f3ra)<\/strong> van lehet\u0151s\u00e9g egyeztet\u00e9sre.<\/p>\n<p>Teljes\u00edt\u00e9s igazol\u00e1sok, jelenl\u00e9ti \u00edvek SZak-\u00e9s TOv\u00e1bbl\u00e9pz\u00e9si K\u00f6zpontnak megk\u00fcld\u00f6tt (meg\u0151rizend\u0151 vagy saj\u00e1t k\u00e9pz\u0151helyre vihet\u0151) saj\u00e1t p\u00e9ld\u00e1nyait a bels\u0151s rezidensek a K\u00f6nyvt\u00e1rban, k\u00fcls\u0151s rezidensek a port\u00e1n \u00e9rik el a hiteles\u00edt\u00e9st k\u00f6vet\u0151 h\u00f3 10-\u00e9t\u0151l.<\/p>\n<\/div>\n<h4><strong>Szakk\u00e9pz\u00e9shez sz\u00fcks\u00e9ges szakmai gyakorlatok a Gyermekklinik\u00e1n <em>(B\u00f3kay utcai r\u00e9szleg)<\/em><\/strong><\/h4>\n<p><strong>Szakk\u00e9pz\u00e9s\u00e9rt felel\u0151s igazgat\u00f3helyettes:<\/strong> <br \/>\nDr. T\u00f3th-Heyn P\u00e9ter egyetemi docens<\/p>\n<p><strong>El\u00e9rhet\u0151s\u00e9g:<\/strong><\/p>\n<p>E-mail c\u00edm: <a href=\"mailto:szakkepzes.bokay@semmelweis.hu\">szakkepzes.bokay@semmelweis.hu<\/a><\/p>\n<p>Telefonsz\u00e1m: 06 20 663 2837<\/p>\n<p>Tisztelt Szakorvosjel\u00f6ltek!<\/p>\n<p>K\u00e9rj\u00fck, hogy <strong>k\u00e9pz\u00e9si terv\u00fck elk\u00e9sz\u00fclte el\u0151tt<\/strong> \u2013 az oszt\u00e1lyok tel\u00edtetts\u00e9ge miatt \u2013 vegy\u00e9k fel a kapcsolatot a B\u00f3kay utcai r\u00e9szleg szakk\u00e9pz\u00e9si \u00fcgyint\u00e9z\u0151j\u00e9vel, amennyiben sz\u00fcks\u00e9g\u00fck van az al\u00e1bbi gyakorlatok elv\u00e9gz\u00e9s\u00e9re:<\/p>\n<ul>\n<li>gyermeknefrol\u00f3gia<\/li>\n<li>gyermek-hepatol\u00f3gia \u00e9s -gasztroenterol\u00f3gia<\/li>\n<\/ul>\n<p>K\u00e9rj\u00fck tov\u00e1bb\u00e1, hogy <strong>munkaterv\u00fck \u00f6ssze\u00e1ll\u00edt\u00e1sa sor\u00e1n<\/strong> a Gyermekklinik\u00e1n (B\u00f3kay utcai r\u00e9szleg) t\u00f6ltend\u0151 gyakorlati elemek idej\u00e9t sz\u00edveskedjenek el\u0151zetesen \u00edr\u00e1sban jelezni a <a href=\"mailto:szakkepzes.bokay@semmelweis.hu\">szakkepzes.bokay@semmelweis.hu<\/a> c\u00edmen! Ennek hi\u00e1ny\u00e1ban el\u0151fordulhat, hogy a limit\u00e1lt l\u00e9tsz\u00e1mon fel\u00fcl nem \u00e1ll m\u00f3dunkban fogadni \u00d6n\u00f6ket.<\/p>\n<p>Felh\u00edvjuk figyelm\u00fcket, hogy <strong>a RENY rendszer nem az oszt\u00e1lyok val\u00f3s kapacit\u00e1s\u00e1t mutatja<\/strong>, ez\u00e9rt a gyakorlatok el\u0151tt minden oszt\u00e1ly eset\u00e9ben egyeztet\u00e9s sz\u00fcks\u00e9ges.<\/p>\n<p>A\u00a0<b>gyakorlat megkezd\u00e9se el\u0151tt 3 h\u00f3nappal<\/b>\u00a0k\u00e9rj\u00fck, hogy a szakmai gyakorlatra\u00a0\u00e9rkez\u0151 koll\u00e9g\u00e1k e-mailben jelentkezzenek be annak meger\u0151s\u00edt\u00e9s\u00e9re, hogy a kor\u00e1bban egyeztetett id\u0151szakban sz\u00e1m\u00edthatunk-e r\u00e1juk, vagyis nem t\u00f6rt\u00e9nt-e m\u00f3dos\u00edt\u00e1s a munkatervben (gyakorlati hely m\u00f3dos\u00edt\u00e1s, t\u00e1voll\u00e9t, GYES stb.).<\/p>\n<p><em>Felh\u00edvjuk a rezidens \u00e9s szakorvosjel\u00f6lt koll\u00e9g\u00e1k figyelm\u00e9t, hogy a gr\u00e9miumeln\u00f6k \u00e1ltal v\u00e9lem\u00e9nyezend\u0151, al\u00e1\u00edrand\u00f3 dokumentumokat (k\u00e9relmek, leckek\u00f6nyvek, munkatervek stb.) minden esetben a Szak- \u00e9s Tov\u00e1bbk\u00e9pz\u00e9si K\u00f6zpontban sz\u00fcks\u00e9ges leadni, vagy az elj\u00e1r\u00e1srendnek megfelel\u0151en a RENY fel\u00fclet\u00e9n r\u00f6gz\u00edteni.<\/em><\/p>\n<p><em>Az iratok az al\u00e1\u00edr\u00e1st k\u00f6vet\u0151en is a k\u00f6zpontban vehet\u0151k \u00e1t. A Szak- \u00e9s Tov\u00e1bbk\u00e9pz\u00e9si K\u00f6zpont \u00fcgyf\u00e9lfogad\u00e1si rendj\u00e9r\u0151l \u00e9s el\u00e9rhet\u0151s\u00e9g\u00e9r\u0151l az al\u00e1bbi oldalon t\u00e1j\u00e9koz\u00f3dhatnak:<\/em> <a href=\"https:\/\/semmelweis.hu\/szak-es-tovabbkepzes\/\" target=\"_blank\" rel=\"noopener\">https:\/\/semmelweis.hu\/szak-es-tovabbkepzes\/<\/a><\/p>\n<h4><strong>Rezidensfelv\u00e9tel<\/strong><\/h4>\n<p>A Gyermekgy\u00f3gy\u00e1szati Klinika 2026. szeptember 15-ig \u00e9s december 31-ig bet\u00f6lthet\u0151 rezidensi \u00e1ll\u00e1st hirdet az al\u00e1bbi szakm\u00e1kban:<\/p>\n<table style=\"border-collapse: collapse;width: 100%;height: 231px\">\n<tbody>\n<tr style=\"height: 33px\">\n<td style=\"width: 50%;height: 33px\"><strong>Szakma<\/strong><\/td>\n<td style=\"width: 50%;height: 33px\"><strong>Rezidensi hely<\/strong><\/td>\n<\/tr>\n<tr style=\"height: 33px\">\n<td style=\"width: 50%;height: 33px\">csecsem\u0151- \u00e9s gyermekgy\u00f3gy\u00e1szat<\/td>\n<td style=\"width: 50%;height: 33px\">2<\/td>\n<\/tr>\n<tr style=\"height: 33px\">\n<td style=\"width: 50%;height: 33px\">gyermek- \u00e9s ifj\u00fas\u00e1gpszichi\u00e1tria<\/td>\n<td style=\"width: 50%;height: 33px\">1<\/td>\n<\/tr>\n<tr style=\"height: 33px\">\n<td style=\"width: 50%;height: 33px\">gyermekseb\u00e9szet (T\u0171zolt\u00f3 utcai r\u00e9szleg)<\/td>\n<td style=\"width: 50%;height: 33px\">1<\/td>\n<\/tr>\n<tr style=\"height: 33px\">\n<td style=\"width: 50%;height: 33px\">klinikai genetika<\/td>\n<td style=\"width: 50%;height: 33px\">1<\/td>\n<\/tr>\n<tr style=\"height: 33px\">\n<td style=\"width: 50%;height: 33px\">radiol\u00f3gia<\/td>\n<td style=\"width: 50%;height: 33px\">1<\/td>\n<\/tr>\n<tr style=\"height: 33px\">\n<td style=\"width: 50%;height: 33px\">h\u00e1zi gyermekorvosi ut\u00e1np\u00f3tl\u00e1s biztos\u00edt\u00e1sa (csecsem\u0151- \u00e9s gyermekgy\u00f3gy\u00e1szat keret\u00e9ben)<\/td>\n<td style=\"width: 50%;height: 33px\">10<\/td>\n<\/tr>\n<\/tbody>\n<\/table>\n<p>A meghirdetett rezidensi \u00e1ll\u00e1shelyekre a jel\u00f6ltek <strong>2026. m\u00e1jus 31-ig jelentkezhetnek<\/strong> \u00f6n\u00e9letrajz, motiv\u00e1ci\u00f3s lev\u00e9l, esetleg aj\u00e1nl\u00e1s, valamint a felv\u00e9teli meghallgat\u00e1son adhat\u00f3 pontsz\u00e1mot al\u00e1t\u00e1maszt\u00f3 dokumentumok beny\u00fajt\u00e1s\u00e1val a <a href=\"http:\/\/reny.hu\" target=\"_blank\" rel=\"noopener\">Rezidensnyilv\u00e1ntart\u00f3 port\u00e1lon<\/a> kereszt\u00fcl.<\/p>\n<p>Tov\u00e1bbi r\u00e9szletek az al\u00e1bbi t\u00e1j\u00e9koztat\u00f3ban:<\/p>\n<p><a href=\"https:\/\/semmelweis.hu\/bokayklinika\/files\/2026\/03\/Rezidensfelvetel_2026.pdf\" target=\"_blank\" rel=\"noopener\"><span style=\"color: #ff0000;font-size: 18pt\"><strong>REZIDENSFELV\u00c9TEL 2026<\/strong><\/span>\u00a0&#8211; T\u00e1j\u00e9koztat\u00f3<\/a><\/p>\n<p style=\"text-align: justify\">\n<\/div><h2 class=\"tabtitle\">Szakmai gr\u00e9miumok<\/h2>\n<div class=\"tabcontent\">\n<\/p>\n<h2>Szakmai gr\u00e9miumok<\/h2>\n<h4><strong>Csecsem\u0151- \u00e9s Gyermekgy\u00f3gy\u00e1sz Szakmai Gr\u00e9mium<\/strong><\/h4>\n<p style=\"text-align: justify\"><span style=\"font-size: 14pt\"><strong>A gr\u00e9mium eln\u00f6ke 2019. \u00e1prilis 1-j\u00e9t\u0151l:<\/strong> dr. Szab\u00f3 Attila egyetemi tan\u00e1r.<\/span><br \/>\n<strong style=\"font-size: 14pt\">A gr\u00e9mium tagjai:<\/strong><span style=\"font-size: 14pt\"> dr. Bauer Viktor f\u0151orvos (Dr. Kenessey Albert K\u00f3rh\u00e1z Gyermekoszt\u00e1ly), dr. Cs\u00f3ka Monika egyetemi docens, dr. Dezs\u0151fi-Gottl Antal egyetemi docens, dr. Kov\u00e1cs G\u00e1bor egyetemi tan\u00e1r, dr. T\u00f3th-Heyn P\u00e9ter egyetemi docens.<\/span><\/p>\n<h4><strong>Gyermeks\u00fcrg\u0151ss\u00e9gi ORVOSTAN Szakmai Gr\u00e9mium<\/strong><\/h4>\n<p><strong>A gr\u00e9mium eln\u00f6ke: <\/strong>dr. Szab\u00f3 Attila egyetemi tan\u00e1r<br \/>\n<strong>A gr\u00e9mium tagjai: <\/strong>dr. Simon G\u00e1bor f\u0151orvos (Fej\u00e9r V\u00e1rmegyei Szent Gy\u00f6rgy K\u00f3rh\u00e1z), <span data-olk-copy-source=\"MessageBody\">dr. Kriv\u00e1csy P\u00e9ter klinikai f\u0151orvos (Gyermekgy\u00f3gy\u00e1szati Klinika &#8211; B\u00f3kay utcai r\u00e9szleg)<\/span><\/p>\n<h4><strong>Csecsem\u0151-\u00e9s Gyermekgy\u00f3gy\u00e1szati Intenz\u00edv-ter\u00e1pia Szakmai Gr\u00e9mium<\/strong><\/h4>\n<p style=\"text-align: justify\"><span style=\"font-size: 14pt\"><strong>A gr\u00e9mium eln\u00f6ke:<\/strong> dr. L\u00f3di Csaba egyetemi adjunktus (Gyermekgy\u00f3gy\u00e1szati Klinika &#8211; B\u00f3kay utcai r\u00e9szleg)<\/span><br \/>\n<strong style=\"font-size: 14pt\">A gr\u00e9mium tagjai:<\/strong><span style=\"font-size: 14pt\"> dr. Szentirmai R\u00e9ka (Heim P\u00e1l Orsz\u00e1gos Gyermekgy\u00f3gy\u00e1szati Int\u00e9zet), dr. Benke P\u00e9ter (DPC Szent L\u00e1szl\u00f3 K\u00f3rh\u00e1z), dr. Gergely Anita (MRE Bethesda Gyermekk\u00f3rh\u00e1z)<\/span><\/p>\n<h4><strong>Gyermek-gasztroenterol\u00f3giai Szakmai Gr\u00e9mium<\/strong><\/h4>\n<p style=\"text-align: justify\"><strong>A gr\u00e9mium eln\u00f6ke:<\/strong> dr. Dezs\u0151fi-Gottl Antal habilit\u00e1lt egyetemi docens <span style=\"font-size: 14pt\">(Gyermekgy\u00f3gy\u00e1szati Klinika &#8211; B\u00f3kay utcai r\u00e9szleg)<\/span><br \/>\n<strong>A gr\u00e9mium tagjai: <\/strong><em>friss\u00edt\u00e9s hamarosan<\/em><\/p>\n<h4><strong>Gyermek- \u00e9s Ifj\u00fas\u00e1gpszichi\u00e1tria Szakmai Gr\u00e9mium<\/strong><\/h4>\n<p><strong>A gr\u00e9mium eln\u00f6ke:<\/strong> dr. P\u00e1szthy Bea egyetemi docens<br \/>\n<strong>A gr\u00e9mium tagjai:<\/strong> dr. Nagy P\u00e9ter igazgat\u00f3 (Vadaskert K\u00f3rh\u00e1z), dr. V\u00e1rnai Nikoletta gyermekpszichi\u00e1ter szakorvos (Gyermekgy\u00f3gy\u00e1szati Klinika &#8211; B\u00f3kay utcai r\u00e9szleg)<\/p>\n<h4><strong>Gyermekneurol\u00f3giai Szakmai Gr\u00e9mium<\/strong><\/h4>\n<p><strong>A gr\u00e9mium eln\u00f6ke:<\/strong> dr. Szab\u00f3 L\u00e9na egyetemi adjunktus<br \/>\n<strong>A gr\u00e9mium tagjai:<\/strong><em> friss\u00edt\u00e9s hamarosan<\/em><\/p>\n<h4><strong>Neonatol\u00f3giai Szakmai Gr\u00e9mium<\/strong><\/h4>\n<p><strong>A gr\u00e9mium eln\u00f6ke:<\/strong> prof. dr. Szab\u00f3 Mikl\u00f3s egyetemi tan\u00e1r<br \/>\n<strong>A gr\u00e9mium tagjai:<\/strong> dr. Harmath \u00c1gnes egyetemi adjunktus (Sz\u00fcl\u00e9szeti \u00e9s N\u0151gy\u00f3gy\u00e1szati Klinika Baross utcai r\u00e9szleg), dr. N\u00e1dor Csaba klinikai f\u0151orvos (Sz\u00fcl\u00e9szeti \u00e9s N\u0151gy\u00f3gy\u00e1szati Klinika Baross utcai r\u00e9szleg), dr. M\u00f3zes Enik\u0151 klinikai szakorvos (Sz\u00fcl\u00e9szeti \u00e9s N\u0151gy\u00f3gy\u00e1szati Klinika Baross utcai r\u00e9szleg), dr. Csek\u0151 Anna klinikai szakorvos (Gyermekgy\u00f3gy\u00e1szati Klinika &#8211; B\u00f3kay utcai r\u00e9szleg)<\/p>\n<h4><strong>Gyermekseb\u00e9szet Szakmai Gr\u00e9mium<\/strong><\/h4>\n<p><strong>A gr\u00e9mium eln\u00f6ke: <\/strong>dr. K\u00e1lm\u00e1n Attila egyetemi adjunktus<br \/>\n<strong>A gr\u00e9mium tagjai: <\/strong>dr. Jen\u0151v\u00e1ri Zolt\u00e1n klinikai f\u0151orvos (Gyermekgy\u00f3gy\u00e1szati Klinika &#8211; T\u0171zolt\u00f3 utcai r\u00e9szleg)<\/p>\n<h4><strong>Gyermek-t\u00fcd\u0151gy\u00f3gy\u00e1sz Szakmai Gr\u00e9mium<\/strong><\/h4>\n<p><strong>A gr\u00e9mium eln\u00f6ke:<\/strong> dr. Krikovszky D\u00f3ra egyetemi adjunktus (Gyermekgy\u00f3gy\u00e1szati Klinika &#8211; B\u00f3kay utcai r\u00e9szleg)<br \/>\n<strong>A gr\u00e9mium tagjai:<\/strong> dr. G\u00e1cs \u00c9va f\u0151orvos (Heim P\u00e1l Orsz\u00e1gos Gyermekgy\u00f3gy\u00e1szati Int\u00e9zet), dr. Kov\u00e1cs Lajos egyetemi tan\u00e1rseg\u00e9d (Gyermekgy\u00f3gy\u00e1szati Klinika &#8211; B\u00f3kay utcai r\u00e9szleg)<\/p>\n<h4><strong>GYERMEKRADIOL\u00d3GIAI SZAKMAI GR\u00c9MIUM<\/strong><\/h4>\n<p><strong>A gr\u00e9mium eln\u00f6ke: <\/strong>dr. V\u00e1rkonyi Ildik\u00f3 klinikai f\u0151orvos<br \/>\n<strong>A gr\u00e9mium tagjai:<\/strong> <em>friss\u00edt\u00e9s hamarosan<\/em><\/p>\n<h4><strong>KLINIKAI genetikai szakmai gr\u00e9mium<\/strong><\/h4>\n<p><strong>A gr\u00e9mium eln\u00f6ke: <\/strong>prof. Tory K\u00e1lm\u00e1n habilit\u00e1lt egyetemi docens<br \/>\n<strong>A gr\u00e9mium tagjai:<\/strong> <em>friss\u00edt\u00e9s hamarosan<\/em><\/p>\n<p style=\"text-align: justify\">\n<\/div><h2 class=\"tabtitle\">Szakk\u00e9pz\u00e9si tanfolyamaink<\/h2>\n<div class=\"tabcontent\">\n<\/p>\n<h5>Szakk\u00e9pz\u00e9si tanfolyamaink \u2013 2026. I. f\u00e9l\u00e9v<\/h5>\n<p>2026.03.09-2026.03.13. <a href=\"https:\/\/www.oftex.hu\/project_o\/actual_prg\/system\/launch.php?pg=.\/oftex\/szakkepzesTanfolyam\/ReziTanf_Adatlap.php?msgid=93602&amp;tableid=0&amp;retcode=rezitanflist\" target=\"_blank\" rel=\"noopener\"><em><strong>Gyermekgy\u00f3gy\u00e1szat szakvizsga el\u0151k\u00e9sz\u00edt\u0151 tanfolyam<\/strong><\/em><\/a><\/p>\n<p>2026.03.20-2026.03.22. <strong><em><a href=\"https:\/\/www.oftex.hu\/project_o\/actual_prg\/system\/launch.php?pg=.\/oftex\/szakkepzesTanfolyam\/ReziTanf_Adatlap.php?msgid=93897&amp;tableid=0&amp;retcode=rezitanflist\" target=\"_blank\" rel=\"noopener\">Gyermekgasztroenterol\u00f3gia \u00e9s hepatol\u00f3gia szakvizsga felk\u00e9sz\u00edt\u0151 tanfolyam<\/a><\/em><\/strong><\/p>\n<p>2026.04.23-2026.04.24. <a href=\"https:\/\/www.oftex.hu\/project_o\/actual_prg\/system\/launch.php?pg=.\/oftex\/szakkepzesTanfolyam\/ReziTanf_Adatlap.php?msgid=93389&amp;tableid=0&amp;retcode=rezitanflist\" target=\"_blank\" rel=\"noopener\"><em><strong>K\u00e9palkot\u00f3 diagnosztika gyermekkorban (MELLKAS), &#8211; szakk\u00e9pz\u00e9si tanfolyam<\/strong><\/em><\/a><\/p>\n<h5>Szakk\u00e9pz\u00e9si tanfolyamaink \u2013 2026. II. f\u00e9l\u00e9v<\/h5>\n<ul class='eme_events_list'><li>2026. okt\u00f3ber 1.  cs\u00fct\u00f6rt\u00f6k 09:00 - 2026. okt\u00f3ber 1.  cs\u00fct\u00f6rt\u00f6k 17:45<br \/> <a href='https:\/\/semmelweis.hu\/bokayklinika\/events\/agresszio-psziches-terheles-amirol-keveset-beszelunk-a-gyermeksurgossegiakut-gyermek-ellatas-soran\/' title='Agresszi\u00f3, pszich\u00e9s terhel\u00e9s - amir\u0151l keveset besz\u00e9l\u00fcnk a gyermeks\u00fcrg\u0151ss\u00e9gi\/akut gyermek ell\u00e1t\u00e1s sor\u00e1n'>Agresszi\u00f3, pszich\u00e9s terhel\u00e9s &#8211; amir\u0151l keveset besz\u00e9l\u00fcnk a gyermeks\u00fcrg\u0151ss\u00e9gi\/akut gyermek ell\u00e1t\u00e1s sor\u00e1n<\/a><\/li><li>2026. okt\u00f3ber 2.  p\u00e9ntek 08:30 - 2026. okt\u00f3ber 2.  p\u00e9ntek 16:10<br \/> <a href='https:\/\/semmelweis.hu\/bokayklinika\/events\/regulacios-zavarok-a-haziorvosi-praxisban\/' title='Regul\u00e1ci\u00f3s zavarok a h\u00e1ziorvosi praxisban'>Regul\u00e1ci\u00f3s zavarok a h\u00e1ziorvosi praxisban<\/a><\/li><li>2026. okt\u00f3ber 19.  h\u00e9tf\u0151 09:00 - 2026. okt\u00f3ber 21.  szerda 16:20<br \/> <a href='https:\/\/semmelweis.hu\/bokayklinika\/events\/csecsemo-es-gyermekgyogyaszati-intenziv-terapia-kotelezo-szintentarto-tanfolyam-rezidenseknek\/' title='Csecsem\u0151- \u00e9s gyermekgy\u00f3gy\u00e1szati intenz\u00edv ter\u00e1pia k\u00f6telez\u0151 szintentart\u00f3 tanfolyam REZIDENSEKNEK'>Csecsem\u0151- \u00e9s gyermekgy\u00f3gy\u00e1szati intenz\u00edv ter\u00e1pia k\u00f6telez\u0151 szintentart\u00f3 tanfolyam REZIDENSEKNEK<\/a><\/li><li>2026. november 4.  szerda 09:00 - 2026. november 4.  szerda 17:45<br \/> <a href='https:\/\/semmelweis.hu\/bokayklinika\/events\/agresszio-psziches-terheles-amirol-keveset-beszelunk-a-gyermeksurgossegiakut-gyermek-ellatas-soran-2\/' title='Agresszi\u00f3, pszich\u00e9s terhel\u00e9s - amir\u0151l keveset besz\u00e9l\u00fcnk a gyermeks\u00fcrg\u0151ss\u00e9gi\/akut gyermek ell\u00e1t\u00e1s sor\u00e1n'>Agresszi\u00f3, pszich\u00e9s terhel\u00e9s &#8211; amir\u0151l keveset besz\u00e9l\u00fcnk a gyermeks\u00fcrg\u0151ss\u00e9gi\/akut gyermek ell\u00e1t\u00e1s sor\u00e1n<\/a><\/li><\/ul>\n<p>A Csecsem\u0151- \u00e9s gyermekgy\u00f3gy\u00e1szat szakvizsga el\u0151k\u00e9sz\u00edt\u0151 tanfolyam tervezett id\u0151pontja: 2027. janu\u00e1r-febru\u00e1r<\/p>\n<p style=\"text-align: justify\">\n<\/div><h2 class=\"tabtitle\">Fizet\u00e9si t\u00e1j\u00e9koztat\u00f3<\/h2>\n<div class=\"tabcontent\">\n<\/p>\n<h2>T\u00e1j\u00e9koztat\u00f3 tanfolyamaink r\u00e9szv\u00e9teli d\u00edj\u00e1r\u00f3l<\/h2>\n<p>Tanfolyamainkon val\u00f3 r\u00e9szv\u00e9tel d\u00edja az <a href=\"https:\/\/www.oftex.hu\" target=\"_blank\" rel=\"noopener\">OFTEX port\u00e1lon<\/a>, a v\u00e1lasztott tanfolyam adatlapj\u00e1n szerepel.<\/p>\n<p>T\u00e9r\u00edt\u00e9sesek <strong>szakk\u00e9pz\u00e9si tanfolyamaink<\/strong> azoknak, akik k\u00f6lts\u00e9gt\u00e9r\u00edt\u00e9sesek \/ \u00fajabb els\u0151k\u00e9nt, valamint a r\u00e1\u00e9p\u00edtett szakk\u00e9pz\u00e9sben vesznek r\u00e9szt. Sz\u00e1mukra a tanfolyami k\u00f6lts\u00e9get a Szak- \u00e9s Tov\u00e1bbk\u00e9pz\u00e9si K\u00f6zpontnak nem \u00e1ll m\u00f3dj\u00e1ban megt\u00e9r\u00edteni, azokat \u00f6nk\u00f6lts\u00e9ges form\u00e1ban van m\u00f3d elv\u00e9gezni. Szint\u00e9n d\u00edjfizet\u00e9sre k\u00f6telezettek azok, akik m\u00e1s egyetemen vannak szakk\u00e9pz\u00e9sben.<\/p>\n<h2>A r\u00e9szv\u00e9teli d\u00edj befizet\u00e9s\u00e9nek 3 lehets\u00e9ges m\u00f3dja<\/h2>\n<ol>\n<li><strong><b><u data-olk-copy-source=\"MailCompose\">el\u0151re \u00e1tutal\u00e1ssal<\/u><\/b> \u2013 utal\u00e1s alapj\u00e1n a sz\u00e1ml\u00e1t a <b><u data-olk-copy-source=\"MailCompose\">jelentkez\u0151 r\u00e9sz\u00e9re<\/u><\/b> \u00e1ll\u00edtjuk ki\n<p>Az egyetem banksz\u00e1mlasz\u00e1ma:<\/strong> OTP 11784009-22236665<\/p>\n<p>A k\u00f6zlem\u00e9nybe felt\u00e9tlen\u00fcl sz\u00fcks\u00e9ges be\u00edrni: [tanfolyam OFTEX k\u00f3dsz\u00e1ma] + saj\u00e1t n\u00e9v (pl.: <em>SE-TK\/2022.I.\/00302. V\u00e1rnai Judit<\/em>)<\/p>\n<p>Minden befizet\u00e9sr\u0151l sz\u00e1ml\u00e1t \u00e1ll\u00edtunk ki, az utal\u00e1s be\u00e9rkez\u00e9s\u00e9t k\u00f6vet\u0151en. Sz\u00e1ml\u00e1z\u00e1shoz fontos, hogy az OFTEX-ben r\u00f6gz\u00edtve legyenek a jelentkez\u0151 mag\u00e1nszem\u00e9ly pontos sz\u00e1ml\u00e1z\u00e1si adatai (jelentkez\u0151 neve, sz\u00e1ml\u00e1z\u00e1si c\u00edme, ad\u00f3azonos\u00edt\u00f3 jele).<\/p>\n<p>A befizet\u00e9sr\u0151l sz\u00f3l\u00f3 bizonylatot k\u00e9rj\u00fck szkennelten megk\u00fcldeni a <a href=\"mailto:gyermektombig.szla@semmelweis.hu\">gyermektombig.szla@semmelweis.hu<\/a> c\u00edmre.<\/p>\n<\/li>\n<li><strong><b><u data-olk-copy-source=\"MailCompose\">el\u0151re \u00e1tutal\u00e1ssal<\/u><\/b> \u2013 utal\u00e1s alapj\u00e1n a sz\u00e1ml\u00e1t <b><u data-olk-copy-source=\"MailCompose\">C\u00c9G<\/u><\/b> (Kft., Bt. egy\u00e9ni v\u00e1llalkoz\u00f3, k\u00e9pz\u0151 int\u00e9zm\u00e9ny stb.) r\u00e9sz\u00e9re \u00e1ll\u00edtjuk ki<br \/>\n<\/strong><br \/>\nEz esetekben lepecs\u00e9telt, al\u00e1\u00edrt k\u00f6lts\u00e9gv\u00e1llal\u00f3 nyilatkozatot k\u00e9r\u00fcnk e-mailben megk\u00fcldeni a <a href=\"mailto:gyermektombig.szla@semmelweis.hu\">gyermektombig.szla@semmelweis.hu<\/a> c\u00edmre. A nyilatkozatot megtal\u00e1lja a <a href=\"#Letoltheto-nyomtatvanyok\">let\u00f6lthet\u0151 nyomtatv\u00e1nyok<\/a> k\u00f6z\u00f6tt.<\/p>\n<p><strong>Az egyetem banksz\u00e1mlasz\u00e1ma:<\/strong> OTP 11784009-22236665<\/p>\n<p>A k\u00f6zlem\u00e9nybe felt\u00e9tlen\u00fcl sz\u00fcks\u00e9ges be\u00edrni: [tanfolyam OFTEX k\u00f3dsz\u00e1ma] + jelentkez\u0151 neve (pl.: <em>SE-TK\/2022.I.\/00302. V\u00e1rnai Judit<\/em> \u2013 ez alapj\u00e1n tudjuk a r\u00e9sztvev\u0151t azonos\u00edtani.)<\/p>\n<p>Minden befizet\u00e9sr\u0151l sz\u00e1ml\u00e1t \u00e1ll\u00edtunk ki, az utal\u00e1s be\u00e9rkez\u00e9s\u00e9t k\u00f6vet\u0151en. A befizet\u00e9sr\u0151l sz\u00f3l\u00f3 bizonylatot k\u00e9rj\u00fck szkennelten megk\u00fcldeni a <a href=\"mailto:gyermektombig.szla@semmelweis.hu\">gyermektombig.szla@semmelweis.hu<\/a> c\u00edmre.<\/p>\n<p>K\u00e9rj\u00fck, hogy a t\u00e1rsegyetemek dolgoz\u00f3i saj\u00e1t banksz\u00e1ml\u00e1r\u00f3l <strong>ne utaljanak<\/strong>, ha egyetem\u00fck nev\u00e9re k\u00e9rnek sz\u00e1ml\u00e1t!<\/p>\n<\/li>\n<li><strong><b><u data-olk-copy-source=\"MailCompose\">ut\u00f3lagos \u00e1tutal\u00e1ssal<\/u><\/b> \u2013 utal\u00e1s alapj\u00e1n a sz\u00e1ml\u00e1t <b><u data-olk-copy-source=\"MailCompose\">C\u00c9G<\/u><\/b> (Kft., Bt. egy\u00e9ni v\u00e1llalkoz\u00f3, k\u00e9pz\u0151 int\u00e9zm\u00e9ny stb.) r\u00e9sz\u00e9re \u00e1ll\u00edtjuk ki<br \/>\n<\/strong><br \/>\nEz esetekben lepecs\u00e9telt, al\u00e1\u00edrt k\u00f6lts\u00e9gv\u00e1llal\u00f3 nyilatkozatot k\u00e9r\u00fcnk e-mailben megk\u00fcldeni a <a href=\"mailto:gyermektombig.szla@semmelweis.hu\">gyermektombig.szla@semmelweis.hu<\/a> c\u00edmre, melynek tartalmaznia kell a c\u00e9g nev\u00e9t, c\u00edm\u00e9t, ad\u00f3sz\u00e1m\u00e1t. Kiz\u00e1r\u00f3lag a C\u00c9G r\u00e9sz\u00e9re lehets\u00e9ges az ut\u00f3lagos teljes\u00edt\u00e9s! A nyilatkozatot megtal\u00e1lja a <a href=\"#Letoltheto-nyomtatvanyok\">let\u00f6lthet\u0151 nyomtatv\u00e1nyok<\/a> k\u00f6z\u00f6tt.<\/p>\n<p><strong>Az egyetem banksz\u00e1mlasz\u00e1ma:<\/strong> OTP 11784009-22236665<\/p>\n<p>A k\u00f6zlem\u00e9nybe felt\u00e9tlen\u00fcl sz\u00fcks\u00e9ges be\u00edrni: [tanfolyam OFTEX k\u00f3dsz\u00e1ma] + jelentkez\u0151 neve (pl.: <em>SE-TK\/2022.I.\/00302. V\u00e1rnai Judit<\/em> \u2013 ez alapj\u00e1n tudjuk a r\u00e9sztvev\u0151t azonos\u00edtani.)<\/p>\n<p>Minden befizet\u00e9sr\u0151l sz\u00e1ml\u00e1t \u00e1ll\u00edtunk ki, az utal\u00e1s be\u00e9rkez\u00e9s\u00e9t k\u00f6vet\u0151en. A befizet\u00e9sr\u0151l sz\u00f3l\u00f3 bizonylatot k\u00e9rj\u00fck szkennelten megk\u00fcldeni a <a href=\"mailto:gyermektombig.szla@semmelweis.hu\">gyermektombig.szla@semmelweis.hu<\/a> c\u00edmre.<\/p>\n<p>K\u00e9rj\u00fck, hogy a t\u00e1rsegyetemek dolgoz\u00f3i saj\u00e1t banksz\u00e1ml\u00e1r\u00f3l <strong>ne utaljanak<\/strong>, ha egyetem\u00fck nev\u00e9re k\u00e9rnek sz\u00e1ml\u00e1t!<\/li>\n<\/ol>\n<p><strong>Amennyiben tov\u00e1bbi inform\u00e1ci\u00f3ra van sz\u00fcks\u00e9ge a sz\u00e1ml\u00e1z\u00e1ssal kapcsolatban, k\u00e9szs\u00e9ggel \u00e1llunk rendelkez\u00e9s\u00e9re a k\u00f6vetkez\u0151 e-mail c\u00edmen: <a href=\"mailto:gyermektombig.szla@semmelweis.hu\">gyermektombig.szla@semmelweis.hu<\/a><\/strong><\/p>\n<h2><a id=\"Letoltheto-nyomtatvanyok\"><\/a>Let\u00f6lthet\u0151 nyomtatv\u00e1nyok<\/h2>\n<p><a href=\"https:\/\/semmelweis.hu\/bokayklinika\/files\/2025\/09\/Koltsegvallalasi-nyilatkozat.docx\">K\u00f6lts\u00e9gv\u00e1llal\u00e1si nyilatkozat<\/a><\/p>\n<\/div><\/div>\n","protected":false},"excerpt":{"rendered":"<p>Szakk\u00e9pz\u00e9si \u00fcgyekben <a href=\"mailto:szakkepzes.bokay@semmelweis.hu\" target=\"_blank\" rel=\"noopener\">szakkepzes.bokay@semmelweis.hu<\/a> e-mail c\u00edmen a +36-20-663-2837 telefonsz\u00e1mon, vagy a III. emeleten a szakk\u00e9pz\u00e9si irod\u00e1ban (H, Sz, P: 10-12 \u00f3ra; K, Cs: 14-16 \u00f3ra) van lehet\u0151s\u00e9g egyeztet\u00e9sre. Teljes\u00edt\u00e9s igazol\u00e1sok, jelenl\u00e9ti \u00edvek SZak-\u00e9s TOv\u00e1bbl\u00e9pz\u00e9si K\u00f6zpontnak megk\u00fcld\u00f6tt (meg\u0151rizend\u0151 vagy saj\u00e1t k\u00e9pz\u0151helyre vihet\u0151) saj\u00e1t p\u00e9ld\u00e1nyait a bels\u0151s rezidensek a K\u00f6nyvt\u00e1rban, k\u00fcls\u0151s rezidensek a port\u00e1n \u00e9rik el a hiteles\u00edt\u00e9st k\u00f6vet\u0151 &hellip;<\/p>\n","protected":false},"author":101740,"featured_media":0,"parent":13,"menu_order":2,"comment_status":"closed","ping_status":"closed","template":"","meta":{"_acf_changed":false,"footnotes":""},"categories":[],"tags":[],"class_list":["post-122","page","type-page","status-publish","hentry"],"acf":[],"_links":{"self":[{"href":"https:\/\/semmelweis.hu\/bokayklinika\/wp-json\/wp\/v2\/pages\/122","targetHints":{"allow":["GET"]}}],"collection":[{"href":"https:\/\/semmelweis.hu\/bokayklinika\/wp-json\/wp\/v2\/pages"}],"about":[{"href":"https:\/\/semmelweis.hu\/bokayklinika\/wp-json\/wp\/v2\/types\/page"}],"author":[{"embeddable":true,"href":"https:\/\/semmelweis.hu\/bokayklinika\/wp-json\/wp\/v2\/users\/101740"}],"replies":[{"embeddable":true,"href":"https:\/\/semmelweis.hu\/bokayklinika\/wp-json\/wp\/v2\/comments?post=122"}],"version-history":[{"count":15,"href":"https:\/\/semmelweis.hu\/bokayklinika\/wp-json\/wp\/v2\/pages\/122\/revisions"}],"predecessor-version":[{"id":7064,"href":"https:\/\/semmelweis.hu\/bokayklinika\/wp-json\/wp\/v2\/pages\/122\/revisions\/7064"}],"up":[{"embeddable":true,"href":"https:\/\/semmelweis.hu\/bokayklinika\/wp-json\/wp\/v2\/pages\/13"}],"wp:attachment":[{"href":"https:\/\/semmelweis.hu\/bokayklinika\/wp-json\/wp\/v2\/media?parent=122"}],"wp:term":[{"taxonomy":"category","embeddable":true,"href":"https:\/\/semmelweis.hu\/bokayklinika\/wp-json\/wp\/v2\/categories?post=122"},{"taxonomy":"post_tag","embeddable":true,"href":"https:\/\/semmelweis.hu\/bokayklinika\/wp-json\/wp\/v2\/tags?post=122"}],"curies":[{"name":"wp","href":"https:\/\/api.w.org\/{rel}","templated":true}]}}