{"id":117,"date":"2020-06-03T12:29:08","date_gmt":"2020-06-03T10:29:08","guid":{"rendered":"https:\/\/semmelweis.hu\/gyermekklinika1\/?page_id=117"},"modified":"2025-06-12T14:46:41","modified_gmt":"2025-06-12T12:46:41","slug":"rektori-palyamunkak","status":"publish","type":"page","link":"https:\/\/semmelweis.hu\/bokayklinika\/oktatas\/aok-gradualis\/rektori-palyamunkak\/","title":{"rendered":"Rektori p\u00e1lyamunk\u00e1k"},"content":{"rendered":"<div class=\"keretes\">\n<p>Tisztelt Hallgat\u00f3k!<\/p>\n<p>T\u00e1j\u00e9koztatjuk \u00d6n\u00f6ket, hogy a tanulm\u00e1nyi \u00fcgyint\u00e9z\u00e9s a II. emeleti titk\u00e1rs\u00e1gon t\u00f6rt\u00e9nik.<\/p>\n<p><strong>\u00dcgyint\u00e9z\u0151:<\/strong> <br \/>\nStolm\u00e1r Enik\u0151 Kinga:\u00a0<br \/>\n<a href=\"mailto:tanulmanyi.bokay@semmelweis.hu\"><span style=\"color: #0000ff\">tanulmanyi.bokay@semmelweis.hu<\/span><\/a><\/p>\n<p><strong>F\u00e9lfogad\u00e1si id\u0151:<\/strong><\/p>\n<p>H\u00e9tf\u0151, szerda: 10:00-12:00<br \/>\nKedd, cs\u00fct\u00f6rt\u00f6k: 13:00-15:00<br \/>\nTel: (06 1) 3343-186\/52656<\/p>\n<\/div>\n<p><a href=\"https:\/\/semmelweis.hu\/bokayklinika\/files\/2025\/06\/Rektori-palyatetelek-2025-26-Bokay-Gyerekklinika.pdf\" target=\"_blank\" rel=\"noopener\"><strong>Rektori p\u00e1lyat\u00e9telek 2025-2026<\/strong><\/a><\/p>\n<p>A rektori p\u00e1lyamunk\u00e1k beny\u00fajt\u00e1si hat\u00e1rideje: 2025. okt\u00f3ber 15.<\/p>\n","protected":false},"excerpt":{"rendered":"<p>Tisztelt Hallgat\u00f3k!<br \/>\nT\u00e1j\u00e9koztatjuk \u00d6n\u00f6ket, hogy a tanulm\u00e1nyi \u00fcgyint\u00e9z\u00e9s a II. emeleti titk\u00e1rs\u00e1gon t\u00f6rt\u00e9nik.<br \/>\n\u00dcgyint\u00e9z\u0151:<br \/>\nStolm\u00e1r Enik\u0151 Kinga:\u00a0<br \/>\n<a href=\"mailto:tanulmanyi.bokay@semmelweis.hu\">tanulmanyi.bokay@semmelweis.hu<\/a><br \/>\nF\u00e9lfogad\u00e1si id\u0151:<br \/>\nH\u00e9tf\u0151, szerda: 10:00-12:00<br \/>\nKedd, cs\u00fct\u00f6rt\u00f6k: 13:00-15:00<br \/>\nTel: (06 1) 3343-186\/52656<\/p>\n<p><a href=\"https:\/\/semmelweis.hu\/bokayklinika\/files\/2025\/06\/Rektori-palyatetelek-2025-26-Bokay-Gyerekklinika.pdf\" target=\"_blank\" rel=\"noopener\">Rektori p\u00e1lyat\u00e9telek 2025-2026<\/a><br \/>\nA rektori p\u00e1lyamunk\u00e1k beny\u00fajt\u00e1si hat\u00e1rideje: 2025. okt\u00f3ber 15.<\/p>\n","protected":false},"author":101740,"featured_media":0,"parent":111,"menu_order":6,"comment_status":"closed","ping_status":"closed","template":"","meta":{"_acf_changed":false,"footnotes":""},"categories":[],"tags":[],"class_list":["post-117","page","type-page","status-publish","hentry"],"acf":[],"_links":{"self":[{"href":"https:\/\/semmelweis.hu\/bokayklinika\/wp-json\/wp\/v2\/pages\/117","targetHints":{"allow":["GET"]}}],"collection":[{"href":"https:\/\/semmelweis.hu\/bokayklinika\/wp-json\/wp\/v2\/pages"}],"about":[{"href":"https:\/\/semmelweis.hu\/bokayklinika\/wp-json\/wp\/v2\/types\/page"}],"author":[{"embeddable":true,"href":"https:\/\/semmelweis.hu\/bokayklinika\/wp-json\/wp\/v2\/users\/101740"}],"replies":[{"embeddable":true,"href":"https:\/\/semmelweis.hu\/bokayklinika\/wp-json\/wp\/v2\/comments?post=117"}],"version-history":[{"count":11,"href":"https:\/\/semmelweis.hu\/bokayklinika\/wp-json\/wp\/v2\/pages\/117\/revisions"}],"predecessor-version":[{"id":7175,"href":"https:\/\/semmelweis.hu\/bokayklinika\/wp-json\/wp\/v2\/pages\/117\/revisions\/7175"}],"up":[{"embeddable":true,"href":"https:\/\/semmelweis.hu\/bokayklinika\/wp-json\/wp\/v2\/pages\/111"}],"wp:attachment":[{"href":"https:\/\/semmelweis.hu\/bokayklinika\/wp-json\/wp\/v2\/media?parent=117"}],"wp:term":[{"taxonomy":"category","embeddable":true,"href":"https:\/\/semmelweis.hu\/bokayklinika\/wp-json\/wp\/v2\/categories?post=117"},{"taxonomy":"post_tag","embeddable":true,"href":"https:\/\/semmelweis.hu\/bokayklinika\/wp-json\/wp\/v2\/tags?post=117"}],"curies":[{"name":"wp","href":"https:\/\/api.w.org\/{rel}","templated":true}]}}