{"id":115,"date":"2020-06-03T12:29:08","date_gmt":"2020-06-03T10:29:08","guid":{"rendered":"https:\/\/semmelweis.hu\/gyermekklinika1\/?page_id=115"},"modified":"2026-02-02T13:23:33","modified_gmt":"2026-02-02T12:23:33","slug":"tdk","status":"publish","type":"page","link":"https:\/\/semmelweis.hu\/bokayklinika\/oktatas\/aok-gradualis\/tdk\/","title":{"rendered":"TDK"},"content":{"rendered":"<div class=\"keretes\">\n<p><strong>A t\u00e1rgyat \u00e9s a kurzust minden esetben fel kell venni a t\u00e1rgyfelv\u00e9teli id\u0151szakban a Neptun rendszerben. Ennek elmulaszt\u00e1sa eset\u00e9n a D\u00e9k\u00e1ni Hivatalhoz kell fordulni.<\/strong><\/p>\n<p><strong>TDK felel\u0151s:<br \/>\n<\/strong>Prof. Arat\u00f3 Andr\u00e1s<\/p>\n<p><strong>\u00dcgyint\u00e9z\u0151:<br \/>\n<\/strong>Stolm\u00e1r Enik\u0151 Kinga<br \/>\n<a href=\"mailto:tanulmanyi.bokay@semmelweis.hu\">tanulmanyi.bokay@semmelweis.hu<\/a><\/p>\n<p><strong>F\u00e9lfogad\u00e1si id\u0151<\/strong><br \/>\nH\u00e9tf\u0151, szerda: 10:00-12:00<br \/>\nKedd, cs\u00fct\u00f6rt\u00f6k: 13:00-15:00<br \/>\nTel: (06 1) 3343-186\/52656<\/p>\n<\/div>\n<p>A TDK-munka megkezd\u00e9sekor az al\u00e1bbi adatokat k\u00e9rj\u00fck lejelenteni: n\u00e9v, \u00e9vfolyam, Neptun k\u00f3d, e-mail c\u00edm, telefonsz\u00e1m, a TDK-munka kezdete (\u00e9v, h\u00f3nap), t\u00e9mavezet\u0151 neve, a t\u00e9ma c\u00edme.<\/p>\n<p>A f\u00e9l\u00e9v v\u00e9g\u00e9n le kell adni az igazgat\u00f3helyettesi titk\u00e1rs\u00e1gon (Gyermekklinika, II. emelet) egy igazol\u00e1st, amelyben igazolja a t\u00e9mavezet\u0151, hogy a hallgat\u00f3 az adott f\u00e9l\u00e9vben TDK- munk\u00e1t v\u00e9gzett. Ennek hi\u00e1ny\u00e1ban nem tudjuk a kurzusjegyet r\u00f6gz\u00edteni.<\/p>\n<p>A Semmelweis Egyetem Gyermekklinik\u00e1ja (B\u00f3kay utcai r\u00e9szleg) folyamatosan v\u00e1rja b\u00e1rmely \u00e9vfolyamb\u00f3l \u00e9rdekl\u0151d\u0151 hallgat\u00f3k jelentkez\u00e9s\u00e9t TDK helyekre a k\u00f6vetkez\u0151 t\u00e9m\u00e1kban: <a href=\"https:\/\/semmelweis.hu\/bokayklinika\/files\/2025\/11\/TDK-cimek-2025-26_Bokay-1.pdf\" target=\"_blank\" rel=\"noopener\">TDK-t\u00e9m\u00e1k 2025-2026<\/a><\/p>\n<p><strong>TDK d\u00edjazottaink<\/strong><\/p>\n<div class=\"exp-col-content-holder\"><a class=\"expand-cnt-link\" href=\"#\">2024-25<\/a><\/p>\n<div class=\"hidden-content\">\n<p><strong>Hegyi Barna P\u00e9ter, \u00c1OK V.<\/strong><br \/>\nT\u00e9mavezet\u0151: Dr. M\u00e9der \u00dcn\u0151ke<br \/>\nD\u00edjaz\u00e1s: I. OTDK, MGYT k\u00fcl\u00f6nd\u00edj<\/p>\n<p><strong>Szab\u00f3 Tam\u00e1s, \u00c1OK III.<\/strong><br \/>\nT\u00e9mavezet\u0151: Prof. dr. Tory K\u00e1lm\u00e1n, L\u00e9gr\u00e1di Regina<br \/>\nD\u00edjaz\u00e1s: I. OTDK<\/p>\n<p><strong>Horv\u00e1th Fanni Nikolett, \u00c1OK VI.<\/strong><br \/>\nT\u00e9mavezet\u0151: Dr. Cseh \u00c1ron, Dr. Luczay Andrea<br \/>\nD\u00edjaz\u00e1s: II.<\/p>\n<p><strong>K\u00e1llay Hanga, \u00c1OK IV.<\/strong><br \/>\nT\u00e9mavezet\u0151: Dr. Balogh D\u00f3ra Bianka<br \/>\nD\u00edjaz\u00e1s: II. Magyar Nephrologiai T\u00e1rsas\u00e1g k\u00fcl\u00f6nd\u00edja<\/p>\n<p><strong>Szab\u00f3 J\u00falia Borb\u00e1la, \u00c1OK IV.<\/strong><br \/>\nT\u00e9mavezet\u0151: Dr. Sz\u00e1sz Barbara<br \/>\nD\u00edjaz\u00e1s: II. OTDK javasolt<\/p>\n<p><strong>Kucsera Bogl\u00e1rka, \u00c1OK IV., L\u0151rincz Kopp\u00e1ny, \u00c1OK IV.<\/strong><br \/>\nT\u00e9mavezet\u0151: Dr. Kelemen Judit, Dr. Antics Dorottya<br \/>\nD\u00edjaz\u00e1s: II. OTDK javasolt<\/p>\n<p><strong>Zsolnai Hanna, \u00c1OK V.<\/strong><br \/>\nT\u00e9mavezet\u0151: Dr. Dobi Marianna, Dr. Kerekes Ram\u00f3na<br \/>\nD\u00edjaz\u00e1s: III.<\/p>\n<p><strong>L\u0151rincz Kopp\u00e1ny, \u00c1OK IV., Kucsera Bogl\u00e1rka, \u00c1OK IV.<\/strong><br \/>\nT\u00e9mavezet\u0151: Dr. Cz\u00f6vek Dorottya, Dr. H\u00e9r\u00e1k Benj\u00e1min<br \/>\nD\u00edjaz\u00e1s: III.<\/p>\n<p><strong>Mike Deb\u00f3ra, \u00c1OK VI.<\/strong><br \/>\nT\u00e9mavezet\u0151: Dr. T\u00f3th-Heyn P\u00e9ter<br \/>\nD\u00edjaz\u00e1s: III.<\/p>\n<p><strong>Illy Gy\u00f6ngyi Emese, \u00c1OK VI.<\/strong><br \/>\nT\u00e9mavezet\u0151: Prof. dr. Szab\u00f3 Mikl\u00f3s, Dr. Zs\u00e1ry Eszter<br \/>\nD\u00edjaz\u00e1s: III.<\/p>\n<p><strong>Forstreuter Vilmos, \u00c1OK VI., Pusztai Roz\u00e1lia, \u00c1OK V.<\/strong><br \/>\nT\u00e9mavezet\u0151: Dr. Muzslay Eszter, Dr. Luczay Andrea<br \/>\nD\u00edjaz\u00e1s: III.<\/p>\n<\/div>\n<\/div>\n<div class=\"exp-col-content-holder\"><a class=\"expand-cnt-link\" href=\"#\">2023-24<\/a><\/p>\n<div class=\"hidden-content\">\n<p><strong>Hegyi Barna P\u00e9ter, \u00c1OK IV.<\/strong><br \/>\nT\u00e9mavezet\u0151: Dr. M\u00e9der \u00dcn\u0151ke<br \/>\nD\u00edjaz\u00e1s: I., OTDK jel\u00f6lt<\/p>\n<p><strong>Csuk Borb\u00e1la, \u00c1OK V., D\u00e9t\u00e1r M\u00e1t\u00e9, \u00c1OK VI.<\/strong><br \/>\nT\u00e9mavezet\u0151: Dr. Szakm\u00e1r Enik\u0151<br \/>\nD\u00edjaz\u00e1s: I., OTDK jel\u00f6lt<\/p>\n<p><strong>Stark Bence, \u00c1OK VI.<\/strong><br \/>\nT\u00e9mavezet\u0151: Dr. T\u00f3th-Heyn P\u00e9ter<br \/>\nD\u00edjaz\u00e1s: I., OTDK jel\u00f6lt<\/p>\n<p><strong>Ali Alfarwi, \u00c1OK V.<\/strong><br \/>\nT\u00e9mavezet\u0151: Dr. Szigeti Krisztina, Prof. dr. Szab\u00f3 Mikl\u00f3s<br \/>\nD\u00edjaz\u00e1s: II., OTDK jel\u00f6lt<\/p>\n<p><strong>Lipcs\u00e1k \u00c1gnes M\u00e1ria, \u00c1OK IV.<\/strong><br \/>\nT\u00e9mavezet\u0151: Dr. Luczay Andrea<br \/>\nD\u00edjaz\u00e1s: II., OTDK jel\u00f6lt<\/p>\n<p><strong>K\u0151h\u00e1zy-Ko\u00f3s Anna, \u00c1OK V.<\/strong><br \/>\nT\u00e9mavezet\u0151: Dr. Dezs\u0151fi-Gottl Antal<br \/>\nD\u00edjaz\u00e1s: II., OTDK jel\u00f6lt<\/p>\n<p><strong>Kerekes Ram\u00f3na, \u00c1OK VI., V\u00e1mos Anna, \u00c1OK VI.<\/strong><br \/>\nT\u00e9mavezet\u0151: Dr. Kov\u00e1cs Kata, Dr. Dobi Marianna<br \/>\nD\u00edjaz\u00e1s: III.<\/p>\n<p><strong>Veszelka Dalma, \u00c1OK III.<\/strong><br \/>\nT\u00e9mavezet\u0151: Dr. Horv\u00e1th Orsolya<br \/>\nD\u00edjaz\u00e1s: III.<\/p>\n<\/div>\n<\/div>\n<div class=\"exp-col-content-holder\"><a class=\"expand-cnt-link\" href=\"#\">2022-23<\/a><\/p>\n<div class=\"hidden-content\">\n<p><strong>Bokrossy P\u00e9ter, \u00c1OK IV.<\/strong><br \/>\nT\u00e9mavezet\u0151: Dr. Szebeni Be\u00e1ta, Dr. Vannay \u00c1d\u00e1m<br \/>\nD\u00edjaz\u00e1s: I., OTDK javasolt<\/p>\n<p><strong>D\u00f3sa Anna, \u00c1OK VI.<\/strong><br \/>\nT\u00e9mavezet\u0151: Dr. Balog Vera, Dr. Jermendy \u00c1gnes<br \/>\nD\u00edjaz\u00e1s: I., OTDK javasolt<\/p>\n<p><strong>P\u00e1szthy-Szab\u00f3 Benedek, \u00c1OK VI.<\/strong><br \/>\nT\u00e9mavezet\u0151: Dr. Kov\u00e1cs Kata<br \/>\nD\u00edjaz\u00e1s: I., OTDK k\u00fcl\u00f6nd\u00edjas<\/p>\n<p><strong>Bogner Luca Laura, \u00c1OK IV.<\/strong><br \/>\nT\u00e9mavezet\u0151: Dr. Trinh Sarolta, Dr. Jermendy \u00c1gnes<br \/>\nD\u00edjaz\u00e1s: I., OTDK I.<\/p>\n<p><strong>Tam\u00e1s Marcell, \u00c1OK VI.<\/strong><br \/>\nT\u00e9mavezet\u0151: Dr. Dezs\u0151fi-Gottl Antal<br \/>\nD\u00edjaz\u00e1s: I., OTDK II.<\/p>\n<p><strong>Antics Dorottya, \u00c1OK VI.<\/strong><br \/>\nT\u00e9mavezet\u0151: Dr. Cz\u00f6vek Dorottya, Dr. H\u00e9r\u00e1k Benj\u00e1min<br \/>\nD\u00edjaz\u00e1s: II.<\/p>\n<p><strong>P\u00e9csi Anna, \u00c1OK VI.<\/strong><br \/>\nT\u00e9mavezet\u0151: Dr. T\u00f3th-Heyn P\u00e9ter, Dr. Herczeg Vivien<br \/>\nD\u00edjaz\u00e1s: II.<\/p>\n<p><strong>P\u00e1l Vanda, \u00c1OK VI.<\/strong><br \/>\nT\u00e9mavezet\u0151: Dr. T\u00f3th Fanni, Prof. dr. Szab\u00f3 Mikl\u00f3s<br \/>\nD\u00edjaz\u00e1s: II.<\/p>\n<p><strong>V\u00e1mos Anna, \u00c1OK V.<\/strong><br \/>\nT\u00e9mavezet\u0151: Dr. Kov\u00e1cs Kata, Dr. Dobi Marianna<br \/>\nD\u00edjaz\u00e1s: II.<\/p>\n<p><strong>D\u00e9t\u00e1r M\u00e1t\u00e9, \u00c1OK V., Csuk Borb\u00e1la, \u00c1OK IV.<\/strong><br \/>\nT\u00e9mavezet\u0151: Dr. Szakm\u00e1r Enik\u0151<br \/>\nD\u00edjaz\u00e1s: III.<\/p>\n<p><strong>N\u0151ger Kinga, K\u00e1roli G\u00e1sp\u00e1r Egyetem<\/strong><br \/>\nT\u00e9mavezet\u0151: Dr. P\u00e1szthy Bea, Bunford N\u00f3ra<br \/>\nD\u00edjaz\u00e1s: II.<\/p>\n<p><strong>Papp S\u00e1ra, \u00c1OK IV.<\/strong><br \/>\nT\u00e9mavezet\u0151: Dr. Herczeg Vivien, Dr. T\u00f3th-Heyn P\u00e9ter<br \/>\nD\u00edjaz\u00e1s: III.<\/p>\n<\/div>\n<\/div>\n<div class=\"exp-col-content-holder\"><a class=\"expand-cnt-link\" href=\"#\">2021-22<\/a><\/p>\n<div class=\"hidden-content\">\n<p><strong>P\u00e1lya D\u00f3ra, \u00c1OK VI.<\/strong><br \/>\nT\u00e9mavezet\u0151: Prof. dr. Tory K\u00e1lm\u00e1n, Dr. Keszthelyi T\u00e1lia Magdolna<br \/>\nD\u00edjaz\u00e1s: I., OTDK javasolt<\/p>\n<p><strong>Tam\u00e1s Marcell, \u00c1OK VI.<\/strong><br \/>\nT\u00e9mavezet\u0151: Dr. Szab\u00f3 Dol\u00f3resz, Dr. Dezs\u0151fi-Gottl Antal<br \/>\nD\u00edjaz\u00e1s: I., OTDK jel\u00f6lt<\/p>\n<p><strong>P\u00e1szthy-Szab\u00f3 Benedek, \u00c1OK VI.<\/strong><br \/>\nT\u00e9mavezet\u0151: Dr. Kov\u00e1cs Kata<br \/>\nD\u00edjaz\u00e1s: I., OTDK jel\u00f6lt<\/p>\n<p><strong>T\u00f3th Regina Aliz, \u00c1OK V.<\/strong><br \/>\nT\u00e9mavezet\u0151: Dr. Hossz\u00fa \u00c1d\u00e1m, Dr. T\u00f3th \u00c1kos<br \/>\nD\u00edjaz\u00e1s: I., OTDK jel\u00f6lt<\/p>\n<p><strong>D\u00e9t\u00e1r M\u00e1t\u00e9, \u00c1OK IV.<\/strong><br \/>\nT\u00e9mavezet\u0151: Dr. Szakm\u00e1r Enik\u0151, Dr. Jermendy \u00c1gnes<br \/>\nD\u00edjaz\u00e1s: II.<\/p>\n<p><strong>Horv\u00e1th \u00c9va, \u00c1OK VI.<\/strong><br \/>\nT\u00e9mavezet\u0151: Dr. M\u00e9der \u00dcn\u0151ke<br \/>\nD\u00edjaz\u00e1s: II.<\/p>\n<p><strong>Piri Zs\u00f3fia, \u00c1OK V.<\/strong><br \/>\nT\u00e9mavezet\u0151: Dr. Antal Zsuzsanna, Dr. K\u00e1lm\u00e1n Attila<br \/>\nD\u00edjaz\u00e1s: II., OTDK javasolt<\/p>\n<p><strong>Zainab Zulqarnain, \u00c1OK VI.<\/strong><br \/>\nT\u00e9mavezet\u0151: Dr. Kov\u00e1cs Kata, Dr. Jermendy \u00c1gnes<br \/>\nD\u00edjaz\u00e1s: II. a nemzetk\u00f6zi konferenci\u00e1n<\/p>\n<\/div>\n<\/div>\n<p><strong>Tov\u00e1bbi let\u00f6lthet\u0151 dokumentumok:<\/strong><strong><br \/>\n<\/strong><a href=\"https:\/\/semmelweis.hu\/bokayklinika\/files\/2025\/10\/Igazolas-tdk-munkarol.pdf\" target=\"_blank\" rel=\"noopener\">Igazol\u00e1s TDK-munk\u00e1r\u00f3l<\/a><br \/>\n<a href=\"https:\/\/semmelweis.hu\/bokayklinika\/files\/2025\/07\/MEDSOL-KODIGENYLO-LAP-hallgatoknak.pdf\" target=\"_blank\" rel=\"noopener\">MEDSOL k\u00f3dig\u00e9nyl\u0151 lap hallgat\u00f3knak<\/a><\/p>\n<p><!-- FRISS INFORM\u00c1CI\u00d3K BLOKK \u2013 helyezd a dokumentumok szekci\u00f3 AL\u00c1 --><\/p>\n<section id=\"friss-informaciok\" aria-labelledby=\"friss-informaciok-cim\">\n<h2 id=\"friss-informaciok-cim\">Friss inform\u00e1ci\u00f3k<\/h2>\n<h3 class=\"entry-title\">Bevezet\u0151 gyakorlati oktat\u00e1s TDK-hallgat\u00f3knak<\/h3>\n<p>A Gyermekgy\u00f3gy\u00e1szati Klinik\u00e1n TDK munk\u00e1t v\u00e9gz\u0151 hallgat\u00f3k sz\u00e1m\u00e1ra a 2025\/26-os \u00e9vt\u0151l <strong>minden tan\u00e9v \u0151szi f\u00e9l\u00e9v\u00e9ben bevezet\u0151 gyakorlati oktat\u00e1st szervez\u00fcnk<\/strong>, a TDK munka hat\u00e9konyabb indul\u00e1sa\/folytat\u00e1sa \u00e9rdek\u00e9ben. Az \u00fajonnan bel\u00e9p\u0151 hallgat\u00f3knak az egyik alkalmon val\u00f3 r\u00e9szv\u00e9tel k\u00f6telez\u0151, de \u00fagy gondoljuk, hogy a kor\u00e1bbi \u00e9vekben csatlakozott hallgat\u00f3knak is hasznos lehet. T\u00e9m\u00e1k k\u00f6z\u00f6tt szerepel a Medsol haszn\u00e1lata, klinikai vizsg\u00e1latok t\u00edpusai, nemzetk\u00f6zi tudom\u00e1nyos publik\u00e1ci\u00f3k keres\u00e9se adatb\u00e1zisokban (pl. Pubmed), basic m\u0171veletek Excel programban, hivatkoz\u00e1skezel\u0151 alkalmaz\u00e1s (pl. Endnote) haszn\u00e1lata.<\/p>\n<p><strong>A bevezet\u0151 gyakorlati oktat\u00e1s legk\u00f6zelebb 2026 \u0151sz\u00e9n ker\u00fcl megrendez\u00e9sre (pontos id\u0151pontok bejelent\u00e9se ny\u00e1r v\u00e9g\u00e9n v\u00e1rhat\u00f3).<\/strong><\/p>\n<p>Azon \u00e9rdekl\u0151d\u0151 hallgat\u00f3knak, akik ezen fel\u00fcl szeretn\u00e9nek a klinikai kutat\u00e1sok m\u00f3dszertan\u00e1r\u00f3l t\u00f6bbet tudni, dr. Jermendy \u00c1gnes <em>Bevezet\u00e9s a klinikai kutat\u00e1sba<\/em> c\u00edm\u0171 PhD kurzus\u00e1n val\u00f3 r\u00e9szv\u00e9telt aj\u00e1nljuk szeretettel.<\/p>\n<p>K\u00e9rd\u00e9s eset\u00e9n dr. Herczeg Vivient tudj\u00e1k keresni a <a href=\"mailto:herczeg.vivien@semmelweis.hu\">herczeg.vivien@semmelweis.hu<\/a> e-mail c\u00edmen.<\/p>\n<\/section>\n","protected":false},"excerpt":{"rendered":"<p>A t\u00e1rgyat \u00e9s a kurzust minden esetben fel kell venni a t\u00e1rgyfelv\u00e9teli id\u0151szakban a Neptun rendszerben. Ennek elmulaszt\u00e1sa eset\u00e9n a D\u00e9k\u00e1ni Hivatalhoz kell fordulni. TDK felel\u0151s: Prof. Arat\u00f3 Andr\u00e1s \u00dcgyint\u00e9z\u0151: Stolm\u00e1r Enik\u0151 Kinga <a href=\"mailto:tanulmanyi.bokay@semmelweis.hu\">tanulmanyi.bokay@semmelweis.hu<\/a> F\u00e9lfogad\u00e1si id\u0151 H\u00e9tf\u0151, szerda: 10:00-12:00 Kedd, cs\u00fct\u00f6rt\u00f6k: 13:00-15:00 Tel: (06 1) 3343-186\/52656 A TDK-munka megkezd\u00e9sekor az al\u00e1bbi adatokat k\u00e9rj\u00fck lejelenteni: n\u00e9v, \u00e9vfolyam, &hellip;<\/p>\n","protected":false},"author":101740,"featured_media":0,"parent":111,"menu_order":4,"comment_status":"closed","ping_status":"closed","template":"","meta":{"_acf_changed":false,"footnotes":""},"categories":[],"tags":[],"class_list":["post-115","page","type-page","status-publish","hentry"],"acf":[],"_links":{"self":[{"href":"https:\/\/semmelweis.hu\/bokayklinika\/wp-json\/wp\/v2\/pages\/115","targetHints":{"allow":["GET"]}}],"collection":[{"href":"https:\/\/semmelweis.hu\/bokayklinika\/wp-json\/wp\/v2\/pages"}],"about":[{"href":"https:\/\/semmelweis.hu\/bokayklinika\/wp-json\/wp\/v2\/types\/page"}],"author":[{"embeddable":true,"href":"https:\/\/semmelweis.hu\/bokayklinika\/wp-json\/wp\/v2\/users\/101740"}],"replies":[{"embeddable":true,"href":"https:\/\/semmelweis.hu\/bokayklinika\/wp-json\/wp\/v2\/comments?post=115"}],"version-history":[{"count":13,"href":"https:\/\/semmelweis.hu\/bokayklinika\/wp-json\/wp\/v2\/pages\/115\/revisions"}],"predecessor-version":[{"id":7943,"href":"https:\/\/semmelweis.hu\/bokayklinika\/wp-json\/wp\/v2\/pages\/115\/revisions\/7943"}],"up":[{"embeddable":true,"href":"https:\/\/semmelweis.hu\/bokayklinika\/wp-json\/wp\/v2\/pages\/111"}],"wp:attachment":[{"href":"https:\/\/semmelweis.hu\/bokayklinika\/wp-json\/wp\/v2\/media?parent=115"}],"wp:term":[{"taxonomy":"category","embeddable":true,"href":"https:\/\/semmelweis.hu\/bokayklinika\/wp-json\/wp\/v2\/categories?post=115"},{"taxonomy":"post_tag","embeddable":true,"href":"https:\/\/semmelweis.hu\/bokayklinika\/wp-json\/wp\/v2\/tags?post=115"}],"curies":[{"name":"wp","href":"https:\/\/api.w.org\/{rel}","templated":true}]}}