{"id":1149,"date":"2020-06-30T20:19:52","date_gmt":"2020-06-30T18:19:52","guid":{"rendered":"https:\/\/semmelweis.hu\/gyermekklinika1\/?page_id=1149"},"modified":"2025-03-14T14:51:54","modified_gmt":"2025-03-14T13:51:54","slug":"vese-es-muvese-osztaly","status":"publish","type":"page","link":"https:\/\/semmelweis.hu\/bokayklinika\/betegellatas\/fekvobeteg-ellatas\/vese-es-muvese-osztaly\/","title":{"rendered":"Veseoszt\u00e1ly"},"content":{"rendered":"<div style=\"text-align: left\">\n<div class=\"keretes\">\n<p><span style=\"font-size: 12pt\"><strong>Gyermekgy\u00f3gy\u00e1szati Klinika<\/strong> (B\u00f3kay utcai r\u00e9szleg) <strong>Veseoszt\u00e1ly<\/strong><\/span><br \/>\n<span style=\"font-size: 12pt\"><strong>Oszt\u00e1lyvezet\u0151:<\/strong> Dr. Mikes B\u00e1lint<\/span><br \/>\n<span style=\"font-size: 12pt\"><strong>Oszt\u00e1lyvezet\u0151 f\u0151n\u0151v\u00e9r:<\/strong> Barj\u00e1k Krisztina<\/span><br \/>\n<span style=\"font-size: 12pt\"><strong>Telefon:<\/strong> +36-1-3343-186\/52759 Vese oszt\u00e1ly<\/span><br \/>\n<span style=\"font-size: 12pt\">\/52687 M\u0171vese oszt\u00e1ly<\/span><br \/>\n<span style=\"font-size: 12pt\">\/52667 Vese ambulancia<\/span><br \/>\n<span style=\"font-size: 12pt\"><strong>Betegjogi k\u00e9pvisel\u0151:<\/strong> Erhardtn\u00e9 Dr. Gach\u00e1lyi Anik\u00f3 <a href=\"https:\/\/semmelweis.hu\/bokayklinika\/betegellatas\/betegjogi-kepviselo\/\">el\u00e9rhet\u0151s\u00e9g \u00e9s fogad\u00f3 \u00f3ra<\/a><\/span><\/p>\n<\/div>\n<\/div>\n<p style=\"text-align: justify\">Kedves Sz\u00fcl\u0151k!<\/p>\n<p style=\"text-align: justify\">K\u00f6sz\u00f6ntj\u00fck \u00d6n\u00f6ket a Gyermekklinika (B\u00f3kay utcai r\u00e9szleg) Vese Oszt\u00e1ly\u00e1n!<\/p>\n<p style=\"text-align: justify\">A B\u00f3kay Gyermekklinika Veseoszt\u00e1lya az orsz\u00e1g egyik vezet\u0151 nefrol\u00f3giai centruma, amelyhez a kr\u00f3nikus veseel\u00e9gtelen gyermekeket ell\u00e1t\u00f3 hemodial\u00edzis \u00e1llom\u00e1s is tartozik. Oszt\u00e1lyunkon a teljes gyermeknefrol\u00f3giai spektrumhoz tartoz\u00f3 betegs\u00e9gek ell\u00e1t\u00e1sa zajlik, emellett a gyermekseb\u00e9szeti r\u00e9szleggel szorosan egy\u00fcttm\u0171k\u00f6dve a gyermekurol\u00f3giai m\u0171t\u00e9ten \u00e1tesett betegek gondoz\u00e1s\u00e1t is v\u00e9gezz\u00fck.<\/p>\n<p style=\"text-align: justify\">A kr\u00f3nikus veseel\u00e9gtelen gyermekek transzplant\u00e1ci\u00f3ra val\u00f3 el\u0151k\u00e9sz\u00edt\u00e9se, majd a vesetranszplant\u00e1ci\u00f3t k\u00f6vet\u0151en, gondoz\u00e1suk, a Transzplant\u00e1ci\u00f3s \u00e9s Seb\u00e9szeti Klinik\u00e1val val\u00f3 egy\u00fcttm\u0171k\u00f6d\u00e9sben t\u00f6rt\u00e9nik.\u00a0<\/p>\n<p style=\"text-align: justify\">Az orsz\u00e1g eg\u00e9sz ter\u00fclet\u00e9r\u0151l fogadjuk betegeinket. Keddenk\u00e9nt a m\u00e1r vesetranszplant\u00e1ci\u00f3n \u00e1tesett gyermekek ambul\u00e1ns vizsg\u00e1latait bonyol\u00edtjuk,az erre a c\u00e9lra l\u00e9trehozott ambulanci\u00e1nkon.<\/p>\n<p style=\"text-align: justify\"><strong>T\u00e1j\u00e9koztat\u00e1s<\/strong><\/p>\n<p style=\"text-align: justify\">A t\u00f6rv\u00e9nyi el\u0151\u00edr\u00e1snak megfelel\u0151en csak az \u00e9desany\u00e1nak, \u00e9desap\u00e1nak, t\u00f6rv\u00e9nyes gondvisel\u0151nek, illetve a gyermek kezel\u00e9s\u00e9ben r\u00e9szt vev\u0151 orvos koll\u00e9g\u00e1knak adunk felvil\u00e1gos\u00edt\u00e1st.<\/p>\n<p style=\"text-align: justify\">\u00c1pol\u00e1si k\u00e9rd\u00e9sekr\u0151l az oszt\u00e1lyon dolgoz\u00f3 n\u0151v\u00e9r tud felvil\u00e1gos\u00edt\u00e1st adni.<\/p>\n<p style=\"text-align: justify\"><strong>Az oszt\u00e1ly rendje:<br \/>\n<\/strong>7.45 Reggeli megbesz\u00e9l\u00e9s<br \/>\n8.00 Reggeli<br \/>\n8.00-12.00 Oszt\u00e1lyos vizit<br \/>\n12.00 Eb\u00e9d<br \/>\n13.00-14.00 D\u00e9lut\u00e1ni megbesz\u00e9l\u00e9s<br \/>\n14.00 ut\u00e1n Z\u00e1r\u00f3jelent\u00e9sek kiad\u00e1sa<br \/>\n18.00 Vacsora<\/p>\n<p style=\"text-align: justify\">Oszt\u00e1lyunkon legt\u00f6bbsz\u00f6r a gyermekek mellett a sz\u00fcl\u0151k is jelen vannak. El\u0151fordul azonban, hogy egy gyermek egyed\u00fcl fekszik oszt\u00e1lyunkon. K\u00f6sz\u00f6nj\u00fck, ha odafigyelnek a sz\u00fcl\u0151 n\u00e9lk\u00fcl bent fekv\u0151 gyermekekre is, ugyanakkor felh\u00edvjuk a figyelmet, hogy \u00e9telt, italt adni a gyermekeknek &#8211; a n\u0151v\u00e9rekkel, oszt\u00e1lyos orvosokkal val\u00f3 egyeztet\u00e9s n\u00e9lk\u00fcl \u2013 szigor\u00faan tilos!<\/p>\n<p style=\"text-align: justify\">Az oszt\u00e1lyon gondozott gyermekek nagy r\u00e9sze, alapbetegs\u00e9ge miatt speci\u00e1lis di\u00e9t\u00e1t ig\u00e9nyel.<\/p>\n<p style=\"text-align: justify\">A gyermekek r\u00e9sz\u00e9re a sz\u00fcks\u00e9ges di\u00e9t\u00e1nak megfelel\u0151 ell\u00e1t\u00e1s biztos\u00edtott, a sz\u00fcl\u0151k sz\u00e1m\u00e1ra \u00e9tkez\u00e9st nem tudunk biztos\u00edtani. Egy mikrohull\u00e1m\u00fa s\u00fct\u0151 \u00e9s egy h\u0171t\u0151szekr\u00e9ny \u00e1ll a sz\u00fcl\u0151k rendelkez\u00e9s\u00e9re.<\/p>\n<p style=\"text-align: justify\"><strong>L\u00e1togat\u00e1s:<\/strong><\/p>\n<p style=\"text-align: justify\">A gyermekek mellett folyamatosan tart\u00f3zkodhat egy sz\u00fcl\u0151, emellett az oszt\u00e1lyon l\u00e1togat\u00e1si id\u0151ben, minden nap 15:00 \u00e9s 19:00 \u00f3ra k\u00f6z\u00f6tt m\u00e1sok is l\u00e1togathatj\u00e1k a betegeket.\u00a0 Az oszt\u00e1lyt 14 \u00e9v alatti gyermek nem l\u00e1togathatja.<\/p>\n<p style=\"text-align: justify\"><strong>Oktat\u00e1s:<\/strong><\/p>\n<p style=\"text-align: justify\">Klinik\u00e1nk a Semmelweis Egyetem r\u00e9szek\u00e9nt akt\u00edvan r\u00e9szt vesz az orvos- \u00e9s n\u0151v\u00e9rk\u00e9pz\u00e9sben. K\u00e9rj\u00fck, hogy egy\u00fcttm\u0171k\u00f6d\u00e9s\u00fckkel seg\u00edts\u00e9k a leend\u0151 orvos- \u00e9s n\u0151v\u00e9rgener\u00e1ci\u00f3 tanul\u00e1si folyamat\u00e1t.<\/p>\n<p style=\"text-align: justify\"><strong>Sz\u00fcl\u0151k tart\u00f3zkod\u00e1sa a klinik\u00e1n<\/strong><\/p>\n<p style=\"text-align: justify\">Fontosnak tartjuk, hogy \u00d6n a gyermeke k\u00f6zel\u00e9ben lehessen a gyermek ell\u00e1t\u00e1sa sor\u00e1n. Ennek \u00e9rdek\u00e9ben els\u0151sorban szoptat\u00f3s \u00e9desany\u00e1k, s\u00falyos \u00e1llapotban l\u00e9v\u0151 gyermekek sz\u00fclei, vagy m\u00e9g haza nem adhat\u00f3, de az oszt\u00e1lyon m\u00e1r 24 \u00f3r\u00e1ban nem sz\u00fcks\u00e9gszer\u0171en tart\u00f3zkod\u00f3, els\u0151sorban kr\u00f3nikus betegek \u00e9s sz\u00fcleik sz\u00e1m\u00e1ra korl\u00e1tozott sz\u00e1mban rendelkez\u00e9sre \u00e1llnak a klinika 2. emelet\u00e9n tal\u00e1lhat\u00f3 \u201ebaba-mama szob\u00e1k\u201d. \u00a0Ezek ig\u00e9nybev\u00e9tel\u00e9re a fentieket figyelembe v\u00e9ve, \u00e9s a szob\u00e1k foglalts\u00e1g\u00e1t\u00f3l f\u00fcgg\u0151en ker\u00fclhet sor. A nem budapesti \u00e9s v\u00e1rhat\u00f3an a klinik\u00e1n hosszabb ideig tart\u00f3zkod\u00f3 csal\u00e1dok\/sz\u00fcl\u0151k sz\u00e1m\u00e1ra a klinik\u00e1val szomsz\u00e9dos utc\u00e1ban tal\u00e1lhat\u00f3, a Ronald McDonald Alap\u00edtv\u00e1ny \u00e1ltal m\u0171k\u00f6dtetett h\u00e1zban ingyenes sz\u00e1ll\u00e1sra van lehet\u0151s\u00e9g. Mindk\u00e9t sz\u00e1ll\u00e1slehet\u0151s\u00e9g ig\u00e9nybev\u00e9tele el\u0151zetes egyeztet\u00e9st k\u00edv\u00e1n az adott oszt\u00e1ly f\u0151n\u0151v\u00e9r\u00e9vel illetve a kezel\u0151orvossal.<\/p>\n<p style=\"text-align: justify\">Klinik\u00e1nk oszt\u00e1lyainak t\u00f6bbs\u00e9g\u00e9n a fentiek mellett kinyithat\u00f3 \u00e1gyakon, fotel\u00e1gyakon tudunk \u00e9jszak\u00e1ra pihen\u00e9si lehet\u0151s\u00e9get biztos\u00edtani az egyik sz\u00fcl\u0151 sz\u00e1m\u00e1ra. A kisebb betegszob\u00e1kn\u00e1l, ahol a beteg\u00e1gyak mellett tov\u00e1bbi fekv\u0151hely elhelyez\u00e9s\u00e9re nincs lehet\u0151s\u00e9g, a klinika ter\u00fclet\u00e9n igyeksz\u00fcnk megoldani ig\u00e9ny eset\u00e9n az egyik sz\u00fcl\u0151 elhelyez\u00e9s\u00e9t.<\/p>\n<p style=\"text-align: justify\">Tisztelettel k\u00e9rj\u00fck \u00e9s felh\u00edvjuk figyelm\u00fcket, hogy klinik\u00e1nkon kezelt egyik gyermek sem szenvedhet h\u00e1tr\u00e1nyt, \u00edgy els\u0151dleges a gyermekek biztons\u00e1gos ell\u00e1t\u00e1sa. Ennek \u00e9rdek\u00e9ben \u00e9s ennek seg\u00edt\u00e9s\u00e9re k\u00e9rj\u00fck a \u201eSz\u00fcl\u0151i t\u00e1j\u00e9koztat\u00f3ban\u201d le\u00edrtak \u00e9s a klinika h\u00e1zirendj\u00e9nek, id\u0151beoszt\u00e1s\u00e1nak betart\u00e1s\u00e1t!<\/p>\n<p style=\"text-align: justify\">K\u00f6sz\u00f6nj\u00fck egy\u00fcttm\u0171k\u00f6d\u00e9s\u00fcket, amelynek c\u00e9lja gyermek\u00fck min\u00e9l biztons\u00e1gosabb \u00e9s gyorsabb ell\u00e1t\u00e1sa \u00e9s otthon\u00e1ba bocs\u00e1t\u00e1sa.<\/p>\n","protected":false},"excerpt":{"rendered":"<p>Gyermekgy\u00f3gy\u00e1szati Klinika (B\u00f3kay utcai r\u00e9szleg) Veseoszt\u00e1ly Oszt\u00e1lyvezet\u0151: Dr. Mikes B\u00e1lint Oszt\u00e1lyvezet\u0151 f\u0151n\u0151v\u00e9r: Barj\u00e1k Krisztina Telefon: +36-1-3343-186\/52759 Vese oszt\u00e1ly \/52687 M\u0171vese oszt\u00e1ly \/52667 Vese ambulancia Betegjogi k\u00e9pvisel\u0151: Erhardtn\u00e9 Dr. Gach\u00e1lyi Anik\u00f3 <a href=\"https:\/\/semmelweis.hu\/bokayklinika\/betegellatas\/betegjogi-kepviselo\/\">el\u00e9rhet\u0151s\u00e9g \u00e9s fogad\u00f3 \u00f3ra<\/a> Kedves Sz\u00fcl\u0151k! K\u00f6sz\u00f6ntj\u00fck \u00d6n\u00f6ket a Gyermekklinika (B\u00f3kay utcai r\u00e9szleg) Vese Oszt\u00e1ly\u00e1n! A B\u00f3kay Gyermekklinika Veseoszt\u00e1lya az orsz\u00e1g egyik vezet\u0151 nefrol\u00f3giai centruma, amelyhez a kr\u00f3nikus veseel\u00e9gtelen &hellip;<\/p>\n","protected":false},"author":101739,"featured_media":0,"parent":95,"menu_order":14,"comment_status":"closed","ping_status":"closed","template":"","meta":{"_acf_changed":false,"footnotes":""},"categories":[],"tags":[],"class_list":["post-1149","page","type-page","status-publish","hentry"],"acf":[],"_links":{"self":[{"href":"https:\/\/semmelweis.hu\/bokayklinika\/wp-json\/wp\/v2\/pages\/1149","targetHints":{"allow":["GET"]}}],"collection":[{"href":"https:\/\/semmelweis.hu\/bokayklinika\/wp-json\/wp\/v2\/pages"}],"about":[{"href":"https:\/\/semmelweis.hu\/bokayklinika\/wp-json\/wp\/v2\/types\/page"}],"author":[{"embeddable":true,"href":"https:\/\/semmelweis.hu\/bokayklinika\/wp-json\/wp\/v2\/users\/101739"}],"replies":[{"embeddable":true,"href":"https:\/\/semmelweis.hu\/bokayklinika\/wp-json\/wp\/v2\/comments?post=1149"}],"version-history":[{"count":10,"href":"https:\/\/semmelweis.hu\/bokayklinika\/wp-json\/wp\/v2\/pages\/1149\/revisions"}],"predecessor-version":[{"id":6969,"href":"https:\/\/semmelweis.hu\/bokayklinika\/wp-json\/wp\/v2\/pages\/1149\/revisions\/6969"}],"up":[{"embeddable":true,"href":"https:\/\/semmelweis.hu\/bokayklinika\/wp-json\/wp\/v2\/pages\/95"}],"wp:attachment":[{"href":"https:\/\/semmelweis.hu\/bokayklinika\/wp-json\/wp\/v2\/media?parent=1149"}],"wp:term":[{"taxonomy":"category","embeddable":true,"href":"https:\/\/semmelweis.hu\/bokayklinika\/wp-json\/wp\/v2\/categories?post=1149"},{"taxonomy":"post_tag","embeddable":true,"href":"https:\/\/semmelweis.hu\/bokayklinika\/wp-json\/wp\/v2\/tags?post=1149"}],"curies":[{"name":"wp","href":"https:\/\/api.w.org\/{rel}","templated":true}]}}