{"id":1146,"date":"2020-06-30T20:15:34","date_gmt":"2020-06-30T18:15:34","guid":{"rendered":"https:\/\/semmelweis.hu\/gyermekklinika1\/?page_id=1146"},"modified":"2025-03-14T14:47:14","modified_gmt":"2025-03-14T13:47:14","slug":"ujszulott-sebeszeti-osztaly","status":"publish","type":"page","link":"https:\/\/semmelweis.hu\/bokayklinika\/betegellatas\/fekvobeteg-ellatas\/ujszulott-sebeszeti-osztaly\/","title":{"rendered":"\u00dajsz\u00fcl\u00f6tt Seb\u00e9szeti Oszt\u00e1ly"},"content":{"rendered":"<div class=\"keretes\">\n<div><strong>Gyermekgy\u00f3gy\u00e1szati Klinika <\/strong>(B\u00f3kay utcai r\u00e9szleg)<strong> \u00dajsz\u00fcl\u00f6tt Seb\u00e9szeti Oszt\u00e1ly<\/strong><\/div>\n<div style=\"text-align: left\"><strong>Oszt\u00e1lyvezet\u0151:<\/strong> Dr. M\u00e1ttyus Istv\u00e1n<br \/>\n<strong>Oszt\u00e1lyvezet\u0151 f\u0151n\u0151v\u00e9r:<\/strong> Nagy Erika<br \/>\n<strong>Telefon:<\/strong> +36-1-3343-186\/ 52663<\/div>\n<div>\u00a0<\/div>\n<div><strong>Betegjogi k\u00e9pvisel\u0151:<\/strong>\u00a0 \u00a0 \u00a0 \u00a0 \u00a0 \u00a0 \u00a0 \u00a0 \u00a0 \u00a0 \u00a0 Erhadtn\u00e9 Dr. Gach\u00e1lyi Anik\u00f3 \u00a0\u00a0 <a href=\"https:\/\/semmelweis.hu\/bokayklinika\/betegellatas\/betegjogi-kepviselo\/\">el\u00e9rhet\u0151s\u00e9g \u00e9s fogad\u00f3 \u00f3ra<\/a><\/div>\n<\/div>\n<div style=\"text-align: left\">Kedves Sz\u00fcl\u0151k!<\/div>\n<div>\u00a0<\/div>\n<p style=\"text-align: justify\">K\u00f6sz\u00f6ntj\u00fck \u00d6n\u00f6ket a Gyermekklinika (B\u00f3kay utcai r\u00e9szleg) \u00dajsz\u00fcl\u00f6tt Seb\u00e9szeti Oszt\u00e1ly\u00e1n.<br \/>\n1992. novembere \u00f3ta ell\u00e1tja \u00e9s gondozza a Semmelweis Egyetem N\u0151gy\u00f3gy\u00e1szati Klinik\u00e1ir\u00f3l \u00e9s az orsz\u00e1g b\u00e1rmelyik \u00fajsz\u00fcl\u00f6tt- \u00e9s csecsem\u0151oszt\u00e1ly\u00e1r\u00f3l \u00e1thelyezett, fejl\u0151d\u00e9si rendelleness\u00e9ggel sz\u00fcletett, t\u00f6bbnyire seb\u00e9szeti beavatkoz\u00e1st ig\u00e9nyl\u0151 betegeket. Feladata e gyermekek kivizsg\u00e1l\u00e1sa, felk\u00e9sz\u00edt\u00e9se a sz\u00fcks\u00e9ges m\u0171t\u00e9tekre, majd a beavatkoz\u00e1s ut\u00e1ni kezel\u00e9s\u00fck \u00e9s gondoz\u00e1suk. \u00c9vente 400-450 fekv\u0151beteget l\u00e1tunk el. A betegeket k\u00e9t \u00e1gyas k\u00f3rtermekben helyezz\u00fck el, ahol az anya napk\u00f6zben gyermeke mellett tart\u00f3zkodhat, szoptathatja, r\u00e9szt vehet az ell\u00e1t\u00e1s\u00e1ban. A t\u00e1volabb lak\u00f3 \u00e9desany\u00e1k sz\u00e1m\u00e1ra korl\u00e1tozott sz\u00e1mban klinik\u00e1nk anyasz\u00e1ll\u00e1s\u00e1n biztos\u00edtunk helyet.<\/p>\n<p style=\"text-align: justify\">\nAz oszt\u00e1ly \u00e9s a hozz\u00e1tartoz\u00f3 ambulancia \u00e1ltal ell\u00e1tott szakfeladatok:<br \/>\n1. \u00dajsz\u00fcl\u00f6tt- \u00e9s csecsem\u0151kori h\u00fagy\u00fati malform\u00e1ci\u00f3k (fejl\u0151d\u00e9si zavarok) kivizsg\u00e1l\u00e1sa, gondoz\u00e1sa \u00e9s kezel\u00e9se, sz\u00fcks\u00e9g eset\u00e9n m\u0171t\u00e9ti korrekci\u00f3ja.<br \/>\n2. \u00dajsz\u00fcl\u00f6tt- \u00e9s csecsem\u0151kori h\u00fagy\u00fati gyullad\u00e1sok kivizsg\u00e1l\u00e1sa, kezel\u00e9se.<br \/>\n3. A b\u00e9ltraktus fejl\u0151d\u00e9si rendelleness\u00e9geinek, organikus, azaz m\u0171t\u00e9ti beavatkoz\u00e1st ig\u00e9nyl\u0151<br \/>\nm\u0171k\u00f6d\u00e9szavarainak kivizsg\u00e1l\u00e1sa, kezel\u00e9se, sz\u00fcks\u00e9g eset\u00e9n m\u0171t\u00e9ti korrekci\u00f3ja.<br \/>\n4. R\u00f6vid b\u00e9l szindr\u00f3m\u00e1s \u00fajsz\u00fcl\u00f6ttek \u00e9s csecsem\u0151k kezel\u00e9se, r\u00e9szleges \u00e9s teljes parenter\u00e1lis t\u00e1pl\u00e1l\u00e1s (inf\u00fazi\u00f3s kezel\u00e9s) kivitelez\u00e9se.<br \/>\n5. Otthoni inf\u00fazi\u00f3s kezel\u00e9sben r\u00e9szes\u00fcl\u0151 betegek sz\u00fcleinek felk\u00e9sz\u00edt\u00e9se, betan\u00edt\u00e1sa az otthoni parenter\u00e1lis t\u00e1pl\u00e1l\u00e1sra.<br \/>\nA betegeket tapasztalt csecsem\u0151- \u00e9s gyermekgy\u00f3gy\u00e1sz valamint seb\u00e9sz szakorvosok speci\u00e1lisan k\u00e9pzett \u00e1pol\u00f3 szem\u00e9lyzet seg\u00edts\u00e9g\u00e9vel l\u00e1tj\u00e1k el.<\/p>\n<p style=\"text-align: justify\"><strong>L\u00e1togat\u00e1s<\/strong><\/p>\n<p style=\"text-align: justify\">Hisz\u00fcnk abban, hogy a gyermekek gy\u00f3gyul\u00e1s\u00e1t a sz\u00fcl\u0151k jelenl\u00e9te el\u0151seg\u00edti, ez\u00e9rt igyeksz\u00fcnk biztos\u00edtani, hogy az \u00e9desanya vagy \u00e9desapa folyamatosan a gyermek mellett lehessen.Az oszt\u00e1ly adotts\u00e1gai miatt, egy gyermek mellett egyszerre csak egy sz\u00fcl\u0151 tart\u00f3zkodhat, a sz\u00fcl\u0151k b\u00e1rmikor felv\u00e1lthatj\u00e1k egym\u00e1st.<br \/>\nNagysz\u00fcl\u0151k \u00e9s testv\u00e9rek el\u0151zetes megbesz\u00e9l\u00e9st k\u00f6vet\u0151en l\u00e1togathatj\u00e1k betegeinket. A l\u00e1togat\u00e1si id\u0151 minden nap 15:00 \u00e9s 19:00 \u00f3ra k\u00f6z\u00f6tt van.<\/p>\n<p style=\"text-align: justify\"><strong>\u00c1pol\u00e1s<\/strong><\/p>\n<p style=\"text-align: justify\">T\u00e1mogatjuk a sz\u00fcl\u0151k r\u00e9szv\u00e9tel\u00e9t gyermek\u00fck \u00e1pol\u00e1s\u00e1ban. Az \u00e1pol\u00f3k sz\u00edvesen seg\u00edtenek egyszer\u0171bb \u00e1pol\u00e1si feladatok elsaj\u00e1t\u00edt\u00e1s\u00e1ban (pl. etet\u00e9s, pelenkacsere, f\u00fcrdet\u00e9s, \u00f6lt\u00f6ztet\u00e9s stb.). Szoptat\u00f3s kismam\u00e1knak seg\u00edt\u00fcnk a szoptat\u00e1s kivitelez\u00e9s\u00e9ben, ha a bab\u00e1juk m\u00e1r ehet. K\u00e9rj\u00fck, mindig tarts\u00e1k be az oszt\u00e1lyos \u00e1pol\u00f3k \u00fatmutat\u00e1sait!<br \/>\n\u00d6r\u00f6mmel fogadjuk, ha gyermek\u00fcknek megfelel\u0151 m\u00e9ret\u0171 egyszer haszn\u00e1latos pelenk\u00e1t, popsi t\u00f6rl\u0151t, f\u00fcrdet\u0151t, test\u00e1pol\u00f3t, sz\u00fcks\u00e9g eset\u00e9n cumis\u00fcveget hoznak.<br \/>\nAz otthon lefejt anyatejet k\u00e9rj\u00fck h\u0171t\u0151t\u00e1sk\u00e1ban, j\u00e9gakku mellett sz\u00e1ll\u00edts\u00e1k. A Klinik\u00e1n is van lehet\u0151s\u00e9g az anyatej fej\u00e9s\u00e9re, az erre kialak\u00edtott helyis\u00e9get az \u00e1pol\u00f3k, k\u00e9r\u00e9sre, sz\u00edvesen megmutatj\u00e1k.<\/p>\n<p style=\"text-align: justify\"><strong>\u00d6lt\u00f6zet<\/strong><\/p>\n<p style=\"text-align: justify\">Sz\u00fcl\u0151knek: c\u00e9lszer\u0171 k\u00f6nny\u0171 \u00f6lt\u00f6zetet viselni, mert az oszt\u00e1lyon meleg van. Kab\u00e1tot, zak\u00f3t az oszt\u00e1lyon az erre kijel\u00f6lt szekr\u00e9nyben kell elhelyezni. \u00c9rt\u00e9keiket tarts\u00e1k magukn\u00e1l, felel\u0151ss\u00e9get a kab\u00e1tokban hagyott \u00e9rt\u00e9kt\u00e1rgyak\u00e9rt nem tudunk v\u00e1llalni. K\u00fcl\u00f6n ruh\u00e1t, k\u00f6penyt az oszt\u00e1lyon nem kell felvenni\u00fck.<br \/>\nCsecsem\u0151knek: body, el\u0151lr\u0151l nyithat\u00f3 rugdal\u00f3z\u00f3 a legpraktikusabb viselet, melyet az oszt\u00e1ly biztos\u00edt. Saj\u00e1t ruha visel\u00e9s\u00e9re is van m\u00f3d, de azok\u00e9rt az oszt\u00e1ly dolgoz\u00f3i felel\u0151ss\u00e9get nem tudnak v\u00e1llalni.<\/p>\n<p style=\"text-align: justify\"><strong>Tisztas\u00e1gi szab\u00e1lyok<\/strong><\/p>\n<p style=\"text-align: justify\">A k\u00f3rh\u00e1zi fert\u0151z\u00e9sek kiv\u00e9d\u00e9se \u00e9rdek\u00e9ben k\u00e9rj\u00fck, tarts\u00e1k be a szab\u00e1lyokat!<\/p>\n<ul style=\"text-align: justify\">\n<li>K\u00f3rterembe l\u00e9p\u00e9skor k\u00f6telez\u0151 a szappanos k\u00e9zmos\u00e1s \u00e9s k\u00e9zfert\u0151tlen\u00edt\u00e9s.<\/li>\n<li>Az oszt\u00e1lyon csak saj\u00e1t gyermek\u00e9hez ny\u00faljon, \u00edgy megel\u0151zve az esetleges fert\u0151z\u00e9sek elterjed\u00e9s\u00e9t.<\/li>\n<li>Pelenk\u00e1t a k\u00f3rteremben elhelyezett vesz\u00e9lyes hullad\u00e9kos gy\u0171jt\u0151be helyezze.<\/li>\n<li>Es\u0151s, s\u00e1ros id\u0151 eset\u00e9n l\u00e1bzs\u00e1k haszn\u00e1lata az oszt\u00e1ly eg\u00e9sz ter\u00fclet\u00e9n k\u00f6telez\u0151, kiv\u00e9ve ha v\u00e1lt\u00f3 cip\u0151vel rendelkezik.<\/li>\n<li>Higi\u00e9niai okokb\u00f3l a k\u00f3rteremben \u00e9tkezni nem szabad, hely hi\u00e1ny\u00e1ban oszt\u00e1lyon k\u00edv\u00fcl bonyol\u00edts\u00e1k le \u00e9tkez\u00e9seiket.<\/li>\n<li>Minden sz\u00fcl\u0151 csak abban a k\u00f3rteremben tart\u00f3zkodhat, melyben gyermek\u00e9t elhelyezt\u00fck.<\/li>\n<\/ul>\n<p style=\"text-align: justify\"><strong>T\u00e1j\u00e9koztat\u00e1s<\/strong><\/p>\n<p style=\"text-align: justify\">A t\u00f6rv\u00e9nyi el\u0151\u00edr\u00e1soknak megfelel\u0151en csak sz\u00fcl\u0151knek, t\u00f6rv\u00e9nyes gondvisel\u0151nek, illetve a gyermek\u00fck kezel\u00e9s\u00e9ben r\u00e9szt vev\u0151 orvos koll\u00e9g\u00e1nak \u00e9s v\u00e9d\u0151n\u0151nek adunk t\u00e1j\u00e9koztat\u00e1st a vizsg\u00e1lati eredm\u00e9nyekr\u0151l \u00e9s a gyermek \u00e1llapot\u00e1r\u00f3l.<br \/>\nEz a telefonos t\u00e1j\u00e9koztat\u00e1sra is vonatkozik.<br \/>\nK\u00e9rj\u00fck, hogy a t\u00f6bbi csal\u00e1dtagot \u00d6n\u00f6k inform\u00e1lj\u00e1k a kapott t\u00e1j\u00e9koztat\u00e1s alapj\u00e1n.<br \/>\nA betegs\u00e9ggel, kezel\u00e9ssel, kil\u00e1t\u00e1sokkal kapcsolatos inform\u00e1ci\u00f3kat az oszt\u00e1lyon dolgoz\u00f3 orvosok adnak. Az \u00e1pol\u00e1ssal kapcsolatban az \u00e1pol\u00f3k adnak t\u00e1j\u00e9koztat\u00e1st.<\/p>\n<p style=\"text-align: justify\"><strong>Sz\u00fcl\u0151k tart\u00f3zkod\u00e1sa a klinik\u00e1n<\/strong><\/p>\n<p style=\"text-align: justify\">Fontosnak tartjuk, hogy \u00d6n a gyermeke k\u00f6zel\u00e9ben lehessen a gyermek ell\u00e1t\u00e1sa sor\u00e1n. Ennek \u00e9rdek\u00e9ben els\u0151sorban szoptat\u00f3s \u00e9desany\u00e1k, s\u00falyos \u00e1llapotban l\u00e9v\u0151 gyermekek sz\u00fclei vagy m\u00e9g haza nem adhat\u00f3, de az oszt\u00e1lyon m\u00e1r 24 \u00f3r\u00e1ban nem sz\u00fcks\u00e9gszer\u0171en tart\u00f3zkod\u00f3, els\u0151sorban kr\u00f3nikus betegek \u00e9s sz\u00fcleik sz\u00e1m\u00e1ra korl\u00e1tozott sz\u00e1mban rendelkez\u00e9sre \u00e1llnak a klinika 2. emelet\u00e9n tal\u00e1lhat\u00f3 \u201ebaba-mama szob\u00e1k\u201d. \u00a0Ezek ig\u00e9nybev\u00e9tel\u00e9re a fentieket figyelembe v\u00e9ve, \u00e9s a szob\u00e1k foglalts\u00e1g\u00e1t\u00f3l f\u00fcgg\u0151en ker\u00fclhet sor. A nem budapesti, \u00e9s v\u00e1rhat\u00f3an a klinik\u00e1n hosszabb ideig tart\u00f3zkod\u00f3 csal\u00e1dok\/sz\u00fcl\u0151k sz\u00e1m\u00e1ra a klinik\u00e1val szomsz\u00e9dos utc\u00e1ban tal\u00e1lhat\u00f3, a Ronald McDonald\u2019s Alap\u00edtv\u00e1ny \u00e1ltal m\u0171k\u00f6dtetett h\u00e1zban ingyenes sz\u00e1ll\u00e1sra van lehet\u0151s\u00e9g. Mindk\u00e9t sz\u00e1ll\u00e1slehet\u0151s\u00e9g ig\u00e9nybev\u00e9tele el\u0151zetes egyeztet\u00e9st k\u00edv\u00e1n az adott oszt\u00e1ly f\u0151n\u0151v\u00e9r\u00e9vel illetve a kezel\u0151orvossal.<br \/>\nKlinik\u00e1nk oszt\u00e1lyainak t\u00f6bbs\u00e9g\u00e9n a fentiek mellett kinyithat\u00f3 \u00e1gyakon, fotel\u00e1gyakon tudunk \u00e9jszak\u00e1ra pihen\u00e9si lehet\u0151s\u00e9get biztos\u00edtani az egyik sz\u00fcl\u0151 sz\u00e1m\u00e1ra. A kisebb betegszob\u00e1kn\u00e1l, ahol a beteg\u00e1gyak mellett tov\u00e1bbi fekv\u0151hely elhelyez\u00e9s\u00e9re nincs lehet\u0151s\u00e9g, a klinika ter\u00fclet\u00e9n igyeksz\u00fcnk megoldani ig\u00e9ny eset\u00e9n az egyik sz\u00fcl\u0151 elhelyez\u00e9s\u00e9t.<br \/>\nTisztelettel k\u00e9rj\u00fck \u00e9s felh\u00edvjuk figyelm\u00fcket, hogy klinik\u00e1nkon kezelt egyik gyermek sem szenvedhet h\u00e1tr\u00e1nyt, \u00edgy els\u0151dleges a gyermekek biztons\u00e1gos ell\u00e1t\u00e1sa. Ennek \u00e9rdek\u00e9ben \u00e9s ennek seg\u00edt\u00e9s\u00e9re k\u00e9rj\u00fck a \u201eSz\u00fcl\u0151i t\u00e1j\u00e9koztat\u00f3ban\u201d le\u00edrtak \u00e9s a klinika h\u00e1zirendj\u00e9nek, id\u0151beoszt\u00e1s\u00e1nak betart\u00e1s\u00e1t!<\/p>\n<p style=\"text-align: justify\">K\u00f6sz\u00f6nj\u00fck egy\u00fcttm\u0171k\u00f6d\u00e9s\u00fcket, amelynek c\u00e9lja gyermek\u00fck min\u00e9l biztons\u00e1gosabb \u00e9s gyorsabb ell\u00e1t\u00e1sa \u00e9s otthon\u00e1ba bocs\u00e1t\u00e1sa.<\/p>\n<p>&nbsp;<\/p>\n","protected":false},"excerpt":{"rendered":"<p>Gyermekgy\u00f3gy\u00e1szati Klinika (B\u00f3kay utcai r\u00e9szleg) \u00dajsz\u00fcl\u00f6tt Seb\u00e9szeti Oszt\u00e1ly Oszt\u00e1lyvezet\u0151: Dr. M\u00e1ttyus Istv\u00e1n Oszt\u00e1lyvezet\u0151 f\u0151n\u0151v\u00e9r: Nagy Erika Telefon: +36-1-3343-186\/ 52663 \u00a0 Betegjogi k\u00e9pvisel\u0151:\u00a0 \u00a0 \u00a0 \u00a0 \u00a0 \u00a0 \u00a0 \u00a0 \u00a0 \u00a0 \u00a0 Erhadtn\u00e9 Dr. Gach\u00e1lyi Anik\u00f3 \u00a0\u00a0 <a href=\"https:\/\/semmelweis.hu\/bokayklinika\/betegellatas\/betegjogi-kepviselo\/\">el\u00e9rhet\u0151s\u00e9g \u00e9s fogad\u00f3 \u00f3ra<\/a> Kedves Sz\u00fcl\u0151k! \u00a0 K\u00f6sz\u00f6ntj\u00fck \u00d6n\u00f6ket a Gyermekklinika (B\u00f3kay utcai r\u00e9szleg) \u00dajsz\u00fcl\u00f6tt Seb\u00e9szeti Oszt\u00e1ly\u00e1n. 1992. novembere \u00f3ta ell\u00e1tja \u00e9s &hellip;<\/p>\n","protected":false},"author":101739,"featured_media":0,"parent":95,"menu_order":13,"comment_status":"closed","ping_status":"closed","template":"","meta":{"_acf_changed":false,"footnotes":""},"categories":[],"tags":[],"class_list":["post-1146","page","type-page","status-publish","hentry"],"acf":[],"_links":{"self":[{"href":"https:\/\/semmelweis.hu\/bokayklinika\/wp-json\/wp\/v2\/pages\/1146","targetHints":{"allow":["GET"]}}],"collection":[{"href":"https:\/\/semmelweis.hu\/bokayklinika\/wp-json\/wp\/v2\/pages"}],"about":[{"href":"https:\/\/semmelweis.hu\/bokayklinika\/wp-json\/wp\/v2\/types\/page"}],"author":[{"embeddable":true,"href":"https:\/\/semmelweis.hu\/bokayklinika\/wp-json\/wp\/v2\/users\/101739"}],"replies":[{"embeddable":true,"href":"https:\/\/semmelweis.hu\/bokayklinika\/wp-json\/wp\/v2\/comments?post=1146"}],"version-history":[{"count":10,"href":"https:\/\/semmelweis.hu\/bokayklinika\/wp-json\/wp\/v2\/pages\/1146\/revisions"}],"predecessor-version":[{"id":6967,"href":"https:\/\/semmelweis.hu\/bokayklinika\/wp-json\/wp\/v2\/pages\/1146\/revisions\/6967"}],"up":[{"embeddable":true,"href":"https:\/\/semmelweis.hu\/bokayklinika\/wp-json\/wp\/v2\/pages\/95"}],"wp:attachment":[{"href":"https:\/\/semmelweis.hu\/bokayklinika\/wp-json\/wp\/v2\/media?parent=1146"}],"wp:term":[{"taxonomy":"category","embeddable":true,"href":"https:\/\/semmelweis.hu\/bokayklinika\/wp-json\/wp\/v2\/categories?post=1146"},{"taxonomy":"post_tag","embeddable":true,"href":"https:\/\/semmelweis.hu\/bokayklinika\/wp-json\/wp\/v2\/tags?post=1146"}],"curies":[{"name":"wp","href":"https:\/\/api.w.org\/{rel}","templated":true}]}}