{"id":114,"date":"2020-06-03T12:29:08","date_gmt":"2020-06-03T10:29:08","guid":{"rendered":"https:\/\/semmelweis.hu\/gyermekklinika1\/?page_id=114"},"modified":"2025-06-12T14:45:50","modified_gmt":"2025-06-12T12:45:50","slug":"szakdolgozat","status":"publish","type":"page","link":"https:\/\/semmelweis.hu\/bokayklinika\/oktatas\/aok-gradualis\/szakdolgozat\/","title":{"rendered":"Szakdolgozat"},"content":{"rendered":"<div class=\"keretes\">\n<p>Tisztelt Hallgat\u00f3k!<\/p>\n<p>T\u00e1j\u00e9koztatjuk \u00d6n\u00f6ket, hogy a tanulm\u00e1nyi \u00fcgyint\u00e9z\u00e9s a II. emeleti titk\u00e1rs\u00e1gon t\u00f6rt\u00e9nik.<\/p>\n<p><strong>\u00dcgyint\u00e9z\u0151:<\/strong> <br \/>\nStolm\u00e1r Enik\u0151 Kinga:<\/p>\n<p><a href=\"mailto:tanulmanyi.bokay@semmelweis.hu\">tanulmanyi.bokay@semmelweis.hu<\/a><\/p>\n<p><strong>F\u00e9lfogad\u00e1si id\u0151:<\/strong><br \/>\nH\u00e9tf\u0151, szerda: 10:00-12:00<br \/>\nKedd, cs\u00fct\u00f6rt\u00f6k: 13:00-15:00<br \/>\nTel: (06 1) 3343-186\/52656<\/p>\n<\/div>\n<div>\n<div id=\"info_second_table\">\n<div style=\"text-align: justify\">\n<div id=\"GroupWiseSection_1651038298000_olle.viktoria@med.semmelweis-univ.hu_D9F19981181100009E78000000000000_\" class=\"GroupWiseMessageBody active\">\n<div>A 2025\/2026-os tan\u00e9vben a <strong>szakdolgozatok lead\u00e1s\u00e1nak hat\u00e1rideje: 2026. janu\u00e1r 15-e<\/strong>, a forma-nyomtatv\u00e1nyon beny\u00fajtott k\u00e9relem alapj\u00e1n a szakdolgozatokat legk\u00e9s\u0151bb 2026. janu\u00e1r 31-ig lehet leadni.<\/div>\n<\/div>\n<p><a class=\"link\" href=\"http:\/\/www.gyermekklinika.hu\/docread.aspx?r_id=3731353737\" target=\"_blank\" rel=\"noopener noreferrer\">Szakdolgozat halaszt\u00e1si k\u00e9relem<\/a><\/p>\n<\/div>\n<\/div>\n<div>\n<div>A 2016-17-es tan\u00e9vt\u0151l kezd\u0151d\u0151en hallgat\u00f3inknak nyilatkozniuk kell arr\u00f3l, hogy a szakdolgozat k\u00e9sz\u00edt\u00e9se sor\u00e1n a\u00a0<strong>szerz\u0151i jogr\u00f3l<\/strong>\u00a0sz\u00f3l\u00f3 1999. \u00e9vi LXXXVI. tv. rendelkez\u00e9seit betartj\u00e1k.<br \/>\nAz \u00fagynevezett &#8222;pl\u00e1gium nyilatkozat&#8221; a kar honlapj\u00e1n\u00a0<\/div>\n<div><a href=\"https:\/\/semmelweis.hu\/aok\/oktatas-2\/szakdolgozat\/\" target=\"_blank\" rel=\"noopener noreferrer\">https:\/\/semmelweis.hu\/aok\/oktatas-2\/szakdolgozat\/<\/a>\u00a0<\/div>\n<div>let\u00f6lthet\u0151 form\u00e1ban megtal\u00e1lhat\u00f3.<\/div>\n<\/div>\n<\/div>\n<div>\u00a0<\/div>\n<div><span style=\"font-size: 1rem\">A nyilatkozatot a szakdolgozatba bek\u00f6tve, annak f\u00fcggel\u00e9kek\u00e9nt kell leadni. A 2016-17-es tan\u00e9vt\u0151l kezd\u0151d\u0151en csak azokat a szakdolgozatokat fogadjuk el, amelyek tartalmazz\u00e1k ezt a nyilatkozatot.<\/span><\/div>\n<div>\n<div>\n<div>A D\u00e9k\u00e1ni t\u00e1j\u00e9koztat\u00e1s szakdolgozattal kapcsolatos szerz\u0151i jogi rendelkez\u00e9sekr\u0151l let\u00f6lthet\u0151\u00a0<a href=\"https:\/\/semmelweis.hu\/bokayklinika\/files\/2020\/06\/se_aok_i_gyermekklinika_dekani_tajekoztatas_szakdolg_szerzoi_jogi_nyilatkozat_2016.pdf\" target=\"_blank\" rel=\"noopener noreferrer\">ide kattintva.<\/a><\/div>\n<\/div>\n<div>\u00a0<\/div>\n<div>\u00a0<\/div>\n<div><strong style=\"font-size: 1rem\">Let\u00f6lthet\u0151 dokumentumok:<\/strong><\/div>\n<div>\n<div><a href=\"https:\/\/semmelweis.hu\/bokayklinika\/files\/2025\/06\/Magyar-SZAKDOLGOZAT-TEMAK-2025-26.pdf\" target=\"_blank\" rel=\"noopener\">Szakdolgozat t\u00e9m\u00e1k 2025-2026<\/a><\/div>\n<div><a href=\"https:\/\/semmelweis.hu\/bokayklinika\/files\/2024\/10\/Szakdolgozati-cimbejelento-lap-1.doc\" target=\"_blank\" rel=\"noopener\">Szakdolgozati c\u00edmbejelent\u0151 nyomtatv\u00e1ny<\/a><br \/>\n<a href=\"https:\/\/semmelweis.hu\/bokayklinika\/files\/2020\/06\/szakdolgozat_halasztas_nyomtatvany_1_1-1.doc\" target=\"_blank\" rel=\"noopener noreferrer\">Szakdolgozat halaszt\u00e1si k\u00e9relem<\/a><br \/>\n<a href=\"https:\/\/semmelweis.hu\/bokayklinika\/files\/2020\/06\/se_aok_i_gyermekklinika_dekani_tajekoztatas_szakdolg_szerzoi_jogi_nyilatkozat_2016.pdf\" target=\"_blank\" rel=\"noopener noreferrer\">D\u00e9k\u00e1ni t\u00e1j\u00e9koztat\u00e1s szakdolgozattal kapcsolatos szerz\u0151i jogi rendelkez\u00e9sekr\u0151l<\/a><\/div>\n<div><a href=\"https:\/\/semmelweis.hu\/bokayklinika\/files\/2020\/06\/szakdolgozat_vedesi_jegyzokonyv_2011-2.doc\" target=\"_blank\" rel=\"noopener noreferrer\">Jelent\u00e9s \u00e9s jegyz\u0151k\u00f6nyv a szakdolgozat k\u00e9sz\u00edt\u00e9s\u00e9r\u0151l \u00e9s v\u00e9d\u00e9s\u00e9r\u0151l<\/a><br \/>\n<a href=\"https:\/\/semmelweis.hu\/bokayklinika\/files\/2020\/06\/szakdolgozat_vizsgaszabalyzat_2010.pdf\" target=\"_blank\" rel=\"noopener noreferrer\">Diplomamunka \u00e9s szakdolgozat vizsgaszab\u00e1lyzat<\/a><\/div>\n<\/div>\n<\/div>\n","protected":false},"excerpt":{"rendered":"<p>Tisztelt Hallgat\u00f3k! T\u00e1j\u00e9koztatjuk \u00d6n\u00f6ket, hogy a tanulm\u00e1nyi \u00fcgyint\u00e9z\u00e9s a II. emeleti titk\u00e1rs\u00e1gon t\u00f6rt\u00e9nik. \u00dcgyint\u00e9z\u0151: Stolm\u00e1r Enik\u0151 Kinga: <a href=\"mailto:tanulmanyi.bokay@semmelweis.hu\">tanulmanyi.bokay@semmelweis.hu<\/a> F\u00e9lfogad\u00e1si id\u0151: H\u00e9tf\u0151, szerda: 10:00-12:00 Kedd, cs\u00fct\u00f6rt\u00f6k: 13:00-15:00 Tel: (06 1) 3343-186\/52656 A 2025\/2026-os tan\u00e9vben a szakdolgozatok lead\u00e1s\u00e1nak hat\u00e1rideje: 2026. janu\u00e1r 15-e, a forma-nyomtatv\u00e1nyon beny\u00fajtott k\u00e9relem alapj\u00e1n a szakdolgozatokat legk\u00e9s\u0151bb 2026. janu\u00e1r 31-ig lehet leadni. <a class=\"link\" href=\"http:\/\/www.gyermekklinika.hu\/docread.aspx?r_id=3731353737\" target=\"_blank\" rel=\"noopener noreferrer\">Szakdolgozat halaszt\u00e1si k\u00e9relem<\/a> A 2016-17-es tan\u00e9vt\u0151l &hellip;<\/p>\n","protected":false},"author":101740,"featured_media":0,"parent":111,"menu_order":3,"comment_status":"closed","ping_status":"closed","template":"","meta":{"_acf_changed":false,"footnotes":""},"categories":[],"tags":[],"class_list":["post-114","page","type-page","status-publish","hentry"],"acf":[],"_links":{"self":[{"href":"https:\/\/semmelweis.hu\/bokayklinika\/wp-json\/wp\/v2\/pages\/114","targetHints":{"allow":["GET"]}}],"collection":[{"href":"https:\/\/semmelweis.hu\/bokayklinika\/wp-json\/wp\/v2\/pages"}],"about":[{"href":"https:\/\/semmelweis.hu\/bokayklinika\/wp-json\/wp\/v2\/types\/page"}],"author":[{"embeddable":true,"href":"https:\/\/semmelweis.hu\/bokayklinika\/wp-json\/wp\/v2\/users\/101740"}],"replies":[{"embeddable":true,"href":"https:\/\/semmelweis.hu\/bokayklinika\/wp-json\/wp\/v2\/comments?post=114"}],"version-history":[{"count":11,"href":"https:\/\/semmelweis.hu\/bokayklinika\/wp-json\/wp\/v2\/pages\/114\/revisions"}],"predecessor-version":[{"id":7174,"href":"https:\/\/semmelweis.hu\/bokayklinika\/wp-json\/wp\/v2\/pages\/114\/revisions\/7174"}],"up":[{"embeddable":true,"href":"https:\/\/semmelweis.hu\/bokayklinika\/wp-json\/wp\/v2\/pages\/111"}],"wp:attachment":[{"href":"https:\/\/semmelweis.hu\/bokayklinika\/wp-json\/wp\/v2\/media?parent=114"}],"wp:term":[{"taxonomy":"category","embeddable":true,"href":"https:\/\/semmelweis.hu\/bokayklinika\/wp-json\/wp\/v2\/categories?post=114"},{"taxonomy":"post_tag","embeddable":true,"href":"https:\/\/semmelweis.hu\/bokayklinika\/wp-json\/wp\/v2\/tags?post=114"}],"curies":[{"name":"wp","href":"https:\/\/api.w.org\/{rel}","templated":true}]}}