{"id":1136,"date":"2020-06-30T18:37:58","date_gmt":"2020-06-30T16:37:58","guid":{"rendered":"https:\/\/semmelweis.hu\/gyermekklinika1\/?page_id=1136"},"modified":"2025-03-14T14:45:26","modified_gmt":"2025-03-14T13:45:26","slug":"sebeszeti-osztaly","status":"publish","type":"page","link":"https:\/\/semmelweis.hu\/bokayklinika\/betegellatas\/fekvobeteg-ellatas\/sebeszeti-osztaly\/","title":{"rendered":"Seb\u00e9szeti Oszt\u00e1ly"},"content":{"rendered":"<div class=\"keretes\">\n<p><strong>Gyermekgy\u00f3gy\u00e1szati Klinika<\/strong> (B\u00f3kay utcai r\u00e9szleg) <strong>Seb\u00e9szeti Oszt\u00e1ly<\/strong><br \/>\n<strong>Oszt\u00e1lyveze<\/strong>t\u0151: Dr. K\u00e1lm\u00e1n Attila<br \/>\n<strong>Oszt\u00e1lyvezet\u0151 f\u0151n\u0151v\u00e9r:<\/strong> Filer-R\u00e1cz Gabriella\u00a0 \u00a0 \u00a0 \u00a0 \u00a0 \u00a0 \u00a0 \u00a0 \u00a0 \u00a0 \u00a0 \u00a0 \u00a0 \u00a0 \u00a0 \u00a0 \u00a0 \u00a0 \u00a0 \u00a0 <strong>Telefon: <\/strong>+36-1-3343-186\/52640\u00a0 Seb\u00e9szeti oszt\u00e1ly<br \/>\n\/52684 Seb\u00e9szeti titk\u00e1rs\u00e1g<br \/>\n<strong>Betegjogi k\u00e9pvisel\u0151:<\/strong>\u00a0 \u00a0 \u00a0 \u00a0 \u00a0 \u00a0 \u00a0 \u00a0 \u00a0 \u00a0 Erhardtn\u00e9 Dr. Gach\u00e1lyi Anik\u00f3 \u00a0\u00a0 <a href=\"https:\/\/semmelweis.hu\/bokayklinika\/betegellatas\/betegjogi-kepviselo\/\">el\u00e9rhet\u0151s\u00e9g \u00e9s fogad\u00f3 \u00f3ra<\/a><strong><br \/>\n<\/strong><\/p>\n<\/div>\n<p style=\"text-align: justify\">Az oszt\u00e1ly orvosai \u00e9vente t\u00f6bb mint 1600 m\u0171t\u00e9tet v\u00e9geznek \u00e9s k\u00f6zel 8500 ambul\u00e1ns beteget l\u00e1tnak el. A d\u00f6nt\u0151en \u201eegynapos seb\u00e9szet\u201d keret\u00e9ben ell\u00e1tott rutin gyermekseb\u00e9szeti beavatkoz\u00e1sokon k\u00edv\u00fcl a f\u0151 profilunk az \u00fajsz\u00fcl\u00f6tt-seb\u00e9szeti tev\u00e9kenys\u00e9g, amely mind az esetsz\u00e1mokat, mind az eredm\u00e9nyeket tekintve nemzetk\u00f6zi \u00f6sszehasonl\u00edt\u00e1sban is kiemelked\u0151. A Neonat\u00e1lis Intenz\u00edv Centrumokkal k\u00f6z\u00f6sen mindennapos k\u00e9szenl\u00e9tet biztos\u00edtunk a fejl\u0151d\u00e9si rendelleness\u00e9ggel sz\u00fcletett \u00fajsz\u00fcl\u00f6ttek seb\u00e9szeti ell\u00e1t\u00e1s\u00e1ra. Klinik\u00e1nk erre szakosodott oszt\u00e1ly\u00e1val egy\u00fcttm\u0171k\u00f6dve kezelj\u00fck a m\u00e1r m\u00e9hen bel\u00fcl felismert h\u00fagy\u00fati rendelleness\u00e9geket is, amelyek miatt \u00e9vente mintegy 250 urol\u00f3giai nagym\u0171t\u00e9tet v\u00e9gz\u00fcnk.<\/p>\n<p style=\"text-align: justify\">Mellkas-seb\u00e9szeti tev\u00e9kenys\u00e9g\u00fcnk (t\u00fcd\u0151fejl\u0151d\u00e9si rendelleness\u00e9gek \u00e9s mellkas-deformit\u00e1sok kezel\u00e9se) orsz\u00e1gos ig\u00e9nyeket el\u00e9g\u00edt ki. Klinik\u00e1nk gondozza az epe\u00fat-atresi\u00e1s \u00e9s m\u00e1j\u00e1t\u00fcltet\u00e9sre v\u00e1r\u00f3 gyermekek nagy r\u00e9sz\u00e9t, akikn\u00e9l a sz\u00fcks\u00e9gess\u00e9 v\u00e1l\u00f3 epe\u00fat \u00e9s m\u00e1jseb\u00e9szeti beavatkoz\u00e1sokat is oszt\u00e1lyunk orvosai v\u00e9gzik.<\/p>\n<p style=\"text-align: justify\">Oszt\u00e1lyunk \u00fatt\u00f6r\u0151 szerepet v\u00e1llal a k\u00fcl\u00f6nb\u00f6z\u0151 minim\u00e1lisan invaz\u00edv seb\u00e9szeti technik\u00e1k bevezet\u00e9s\u00e9ben, \u00e9s azokat orsz\u00e1gos szinten a legnagyobb sz\u00e1mban \u00e9s a legsz\u00e9lesebb sk\u00e1l\u00e1n v\u00e9gezz\u00fck. M\u0171t\u00e9teink sor\u00e1n a legkorszer\u0171bb technik\u00e1kat alkalmazzuk, mellyel egy nagy m\u0171t\u00e9t eset\u00e9n is a v\u00e9rvesztes\u00e9g minim\u00e1lisra cs\u00f6kkenthet\u0151.<\/p>\n<p style=\"text-align: justify\">A seb\u00e9szi beavatkoz\u00e1sokat h\u00e1rom modern, j\u00f3l felszerelt m\u0171t\u0151ben v\u00e9gezz\u00fck, ahol a seb\u00e9sz n\u00e9lk\u00fcl\u00f6zhetetlen seg\u00edt\u0151i a m\u0171t\u0151sn\u0151k. Hivatalos n\u00e9ven: a m\u0171t\u0151s szakasszisztensek. A m\u0171t\u0151ben biztos\u00edtj\u00e1k a beavatkoz\u00e1sok szem\u00e9lyi \u00e9s t\u00e1rgyi felt\u00e9teleit. Akt\u00edvan r\u00e9szt vesznek a m\u0171t\u00e9tek biztons\u00e1gos kivitelez\u00e9s\u00e9ben. A m\u0171szerel\u00e9s mellett fel\u00fcgyelik a sterilit\u00e1s betart\u00e1s\u00e1t, a speci\u00e1lis eszk\u00f6z\u00f6k \u00e9s g\u00e9pek m\u0171k\u00f6dtet\u00e9s\u00e9t, ir\u00e1ny\u00edtj\u00e1k a m\u0171t\u0151sseg\u00e9dek munk\u00e1j\u00e1t.<\/p>\n<p style=\"text-align: justify\">Az oszt\u00e1lyunk heti egy alkalommal, cs\u00fct\u00f6rt\u00f6k\u00f6n vesz r\u00e9szt a f\u0151v\u00e1rosi akut gyermekseb\u00e9szeti \u00fcgyeletben, melyben gyermektraumatol\u00f3giai ell\u00e1t\u00e1st nem biztos\u00edtunk. Az \u00fajsz\u00fcl\u00f6ttek seb\u00e9szeti ell\u00e1t\u00e1s\u00e1ra minden nap k\u00e9szenl\u00e9tben \u00e1llunk.<\/p>\n<p style=\"text-align: justify\">Az ambulancia munkanapokon 08:00-14:00 \u00f3ra k\u00f6z\u00f6tt m\u0171k\u00f6dik. S\u00fcrg\u0151s esetekben &#8211; el\u0151zetes telefon egyeztet\u00e9s ut\u00e1n b\u00e1rmikor ell\u00e1t\u00e1st ny\u00fajt.<\/p>\n<p style=\"text-align: justify\">Az ajak- \u00e9s sz\u00e1jpadhasad\u00e9kos gyermekek ell\u00e1t\u00e1s\u00e1t Dr. Nagy Kriszti\u00e1n v\u00e9gzi, ut\u00f3gondoz\u00e1sukat egy \u00e1ltala vezetett team l\u00e1tja el. Tev\u00e9kenys\u00e9g\u00e9r\u0151l r\u00e9szletesebben az al\u00e1bbi linken t\u00e1j\u00e9koz\u00f3dhatnak.<\/p>\n<p style=\"text-align: center\">Seb\u00e9szeink<\/p>\n<p><img loading=\"lazy\" decoding=\"async\" class=\"aligncenter wp-image-1941 \" src=\"https:\/\/semmelweis.hu\/bokayklinika\/files\/2020\/10\/IMG_20200610_085722_3-1024x768.jpg\" alt=\"\" width=\"598\" height=\"449\" srcset=\"https:\/\/semmelweis.hu\/bokayklinika\/files\/2020\/10\/IMG_20200610_085722_3-1024x768.jpg 1024w, https:\/\/semmelweis.hu\/bokayklinika\/files\/2020\/10\/IMG_20200610_085722_3-400x300.jpg 400w, https:\/\/semmelweis.hu\/bokayklinika\/files\/2020\/10\/IMG_20200610_085722_3-768x576.jpg 768w, https:\/\/semmelweis.hu\/bokayklinika\/files\/2020\/10\/IMG_20200610_085722_3-1536x1152.jpg 1536w, https:\/\/semmelweis.hu\/bokayklinika\/files\/2020\/10\/IMG_20200610_085722_3-2048x1536.jpg 2048w, https:\/\/semmelweis.hu\/bokayklinika\/files\/2020\/10\/IMG_20200610_085722_3-753x565.jpg 753w\" sizes=\"auto, (max-width: 598px) 100vw, 598px\" \/><\/p>\n<p style=\"text-align: center\">N\u0151v\u00e9reink<\/p>\n<p><img loading=\"lazy\" decoding=\"async\" class=\"aligncenter wp-image-1940 \" style=\"text-align: justify\" src=\"https:\/\/semmelweis.hu\/bokayklinika\/files\/2020\/10\/122885178_1261942847474402_5137132639552020130_n-1024x768.jpg\" alt=\"\" width=\"588\" height=\"441\" srcset=\"https:\/\/semmelweis.hu\/bokayklinika\/files\/2020\/10\/122885178_1261942847474402_5137132639552020130_n-1024x768.jpg 1024w, https:\/\/semmelweis.hu\/bokayklinika\/files\/2020\/10\/122885178_1261942847474402_5137132639552020130_n-400x300.jpg 400w, https:\/\/semmelweis.hu\/bokayklinika\/files\/2020\/10\/122885178_1261942847474402_5137132639552020130_n-768x576.jpg 768w, https:\/\/semmelweis.hu\/bokayklinika\/files\/2020\/10\/122885178_1261942847474402_5137132639552020130_n-1536x1152.jpg 1536w, https:\/\/semmelweis.hu\/bokayklinika\/files\/2020\/10\/122885178_1261942847474402_5137132639552020130_n-753x565.jpg 753w, https:\/\/semmelweis.hu\/bokayklinika\/files\/2020\/10\/122885178_1261942847474402_5137132639552020130_n.jpg 1600w\" sizes=\"auto, (max-width: 588px) 100vw, 588px\" \/><\/p>\n<p style=\"text-align: center\">\u00a0<\/p>\n<p style=\"text-align: justify\"><strong>Otthoni tennival\u00f3k<\/strong><\/p>\n<p style=\"text-align: justify\">A k\u00f3rh\u00e1zi tart\u00f3zkod\u00e1shoz az al\u00e1bbiakat k\u00e9sz\u00edts\u00e9k \u00f6ssze gyermek\u00fck r\u00e9sz\u00e9re:\u00a0\u00a0\u00a0\u00a0\u00a0<\/p>\n<ul style=\"text-align: justify\">\n<li>minimum 2 db tiszta pizsama, lehet\u0151s\u00e9g szerint r\u00f6vid ujj\u00fa \u00e9s sz\u00e1r\u00fa, f\u00e9m cipz\u00e1r nem lehet rajta!<\/li>\n<li>papucs \u00e9s napi 1 p\u00e1r tiszta zokni<\/li>\n<li>csecsem\u0151 eset\u00e9n napi 5-6 db pelenka, 2 db textil pelenka, kis csomag popsi t\u00f6rl\u0151<\/li>\n<li>poh\u00e1r, kiskan\u00e1l, cumis\u00fcveg, cumi<\/li>\n<li>amennyiben a gyermek t\u00e1pszert eszik, saj\u00e1tj\u00e1t hozz\u00e1k<\/li>\n<li>t\u00f6r\u00f6lk\u00f6z\u0151, f\u00fcrdet\u0151, pap\u00edrzsebkend\u0151, tiszt\u00e1lkod\u00e1si csomag<\/li>\n<li>j\u00e1t\u00e9k, k\u00f6nyv, alv\u00f3s rongy vagy kisp\u00e1rna.<\/li>\n<li>K\u00e9rj\u00fck, hogy a m\u0171t\u00e9t el\u0151tti napon a gyermek k\u00f6rm\u00e9t v\u00e1gj\u00e1k r\u00f6vidre, tiszt\u00edts\u00e1k ki, k\u00f6r\u00f6mlakkot moss\u00e1k le, hajlataira, k\u00f6ld\u00f6k\u00e9re, f\u00fcl\u00e9re fokozottan figyelve alaposan f\u00fcrdess\u00e9k meg, haj\u00e1t moss\u00e1k meg!<\/li>\n<\/ul>\n<p style=\"text-align: justify\"><strong>\u00c9rkez\u00e9s<\/strong><\/p>\n<p style=\"text-align: justify\">A m\u0171t\u00e9t napj\u00e1n \u00e9hgyomorral hozz\u00e1k a gyermeket a k\u00f6vetkez\u0151k betart\u00e1s\u00e1val (ha az orvos m\u00e1sk\u00e9pp nem rendelkezik):<\/p>\n<ul style=\"text-align: justify\">\n<li>\u00fajsz\u00fcl\u00f6tt\/csecsem\u0151 anyatejet hajnal 5-ig, t\u00e1pszert hajnal 3-ig kaphat. Reggel 8-ig ihat \u2013 \u00e9s lehet\u0151leg b\u0151ven igyon is \u2013 vizet, te\u00e1t!<\/li>\n<li>nagyobb gyermek este (\u00e9jf\u00e9lig) vacsor\u00e1zhat. Reggel 8-ig ihat &#8211; \u00e9s igyon is -vizet, te\u00e1t vagy sz\u0171rt gy\u00fcm\u00f6lcslevet.<\/li>\n<\/ul>\n<p style=\"text-align: justify\">A gyermek a reggeli \u00e1lland\u00f3an szedett gy\u00f3gyszereit, ha van ilyen, vegye be!<br \/>\nA gyermekkel k\u00e9rj\u00fck, reggel 8 \u00f3r\u00e1ra \u00e9rkezzenek meg, majd a Felv\u00e9teli Irod\u00e1ban jelentkezzenek be! Ehhez sz\u00fcks\u00e9ges a gyermek TAJ \u00e9s lakc\u00edm k\u00e1rty\u00e1ja (eredeti dokumentumok!)<em>,<\/em> \u00e9s a m\u0171t\u00e9ti el\u0151jegyz\u00e9s!<br \/>\nA Felv\u00e9teli Irod\u00e1ban kapott etikettel k\u00e9rj\u00fck, foglaljanak helyet, \u00e9s v\u00e1rj\u00e1k meg az asszisztenst, aki el fogja k\u00eds\u00e9rni \u00d6n\u00f6ket az oszt\u00e1lyra!<br \/>\nA m\u0171t\u00e9t napj\u00e1n a gyermeket kiz\u00e1r\u00f3lag a sz\u00fcl\u0151\/gondvisel\u0151 hozhatja, mert a sz\u00fcks\u00e9ges dokumentumokat nem \u00edrhatja al\u00e1 egy\u00e9b hozz\u00e1tartoz\u00f3 (pl. nagykor\u00fa testv\u00e9r vagy nagysz\u00fcl\u0151).<br \/>\nK\u00e9rj\u00fck, az oszt\u00e1lyra ne hozzanak be gyermekhordoz\u00f3t, babakocsit! Van lehet\u0151s\u00e9g a nagyobb t\u00e1sk\u00e1k, b\u0151r\u00f6nd\u00f6k z\u00e1rhat\u00f3 szekr\u00e9nybe val\u00f3 elhelyez\u00e9s\u00e9re, melynek kulcsa a n\u0151v\u00e9rpultn\u00e1l tal\u00e1lhat\u00f3 meg.<\/p>\n<p style=\"text-align: justify\"><strong>Az oszt\u00e1lyon<\/strong><\/p>\n<p style=\"text-align: justify\">A szigor\u00fanak t\u0171n\u0151 szab\u00e1lyok megalkot\u00e1sa, \u00e9s azok betartat\u00e1sa kiz\u00e1r\u00f3lag a gyermekek \u00e9rdekeiben t\u00f6rt\u00e9nik. A sz\u0171k helyis\u00e9gekben a n\u0151v\u00e9rek, orvosok, m\u0171t\u0151i szem\u00e9lyzet mozg\u00e1sa nehez\u00edtett lehet, a gyermekek megfigyel\u00e9se nem biztons\u00e1gos, ha a szab\u00e1lyokat nem tartj\u00e1k be. K\u00e9rj\u00fck, ezeket mindig tarts\u00e1k szem el\u0151tt! Mindenkit igyeksz\u00fcnk esetleges egy\u00e9ni ig\u00e9nyeiknek megfelel\u0151en kezelni.<br \/>\nMeg\u00e9rkez\u00e9s ut\u00e1n a szak\u00e1pol\u00f3k seg\u00edts\u00e9g\u00e9vel a gyermek elfoglalhatja az \u00e1gy\u00e1t, \u00e1t\u00f6lt\u00f6zik. Megm\u00e9rik, k\u00e9rd\u00e9seket tesznek fel a gyermekr\u0151l, majd betegazonos\u00edt\u00f3 karszalagot kap. A gyermek a k\u00f3rh\u00e1zi tart\u00f3zkod\u00e1sa alatt saj\u00e1t ruh\u00e1it viselheti.<br \/>\nAz oszt\u00e1lyos orvos megvizsg\u00e1lja, meg\u00edrja a k\u00f3rlapj\u00e1t, majd megn\u00e9zi az altat\u00f3orvos is.<br \/>\nA gyermekek az el\u0151zetesen, szakmai szempontok alapj\u00e1n \u00f6ssze\u00e1ll\u00edtott sorrendben ker\u00fclnek a m\u0171t\u0151be, majd m\u0171t\u00e9t ut\u00e1n az oszt\u00e1lyra vissza\u00e9rve \u00e9bredeznek. Amennyiben sz\u00fcks\u00e9ges, ebben az id\u0151szakban m\u00e9g inf\u00fazi\u00f3t, f\u00e1jdalomcsillap\u00edt\u00f3t kapnak, megfigyelj\u00fck \u0151ket.<br \/>\nA sz\u00fcl\u0151k a gyermek\u00fcket a m\u0171t\u0151 ajtaj\u00e1ig k\u00eds\u00e9rhetik, \u00e9s az oszt\u00e1lyon vagy a m\u0171t\u0151h\u00f6z vezet\u0151 folyos\u00f3n v\u00e1rhatj\u00e1k meg.<br \/>\nAz oszt\u00e1lyokon eldobhat\u00f3 l\u00e1bzs\u00e1k haszn\u00e1lata k\u00f6telez\u0151!<br \/>\nTelefonhoz sem a gyermek, sem a bent tart\u00f3zkod\u00f3 sz\u00fcl\u0151 nem h\u00edvhat\u00f3.<br \/>\nA TV-t csak a dolgoz\u00f3k kezelhetik!<br \/>\nA sz\u00fcl\u0151k a gyermek sz\u00e1m\u00e1ra fenntartott mell\u00e9khelyis\u00e9get nem haszn\u00e1lhatj\u00e1k! Sz\u00e1mukra a port\u00e1n\u00e1l van mell\u00e9khelyis\u00e9g.<br \/>\nSz\u00fcl\u0151 a beteg\u00e1gyra nem \u00fclhet!<br \/>\nMinden sz\u00fcl\u0151 k\u00f6teles a gyermekek nyugalm\u00e1ra, \u00e9ps\u00e9g\u00e9re, az Oszt\u00e1ly rendj\u00e9re \u00e9s tisztas\u00e1g\u00e1ra vigy\u00e1zni!<br \/>\nKlinik\u00e1nkon orvosok \u00e9s szakasszisztensek oktat\u00e1sa zajlik, emiatt alkalmank\u00e9nt az oszt\u00e1lyon zs\u00fafolts\u00e1g alakulhat ki, illetve a gyermeket a sz\u00fcl\u0151k beleegyez\u00e9s\u00e9vel ak\u00e1r t\u00f6bben is megvizsg\u00e1lj\u00e1k. Ehhez k\u00e9rj\u00fck t\u00fcrelm\u00fcket \u00e9s meg\u00e9rt\u00e9s\u00fcket!<\/p>\n<p style=\"text-align: justify\">\u00a0<\/p>\n<p style=\"text-align: justify\"><strong>T\u00e1j\u00e9koztat\u00e1s<\/strong><\/p>\n<p style=\"text-align: justify\">A t\u00f6rv\u00e9nyi el\u0151\u00edr\u00e1soknak megfelel\u0151en csak a sz\u00fcl\u0151nek, t\u00f6rv\u00e9nyes gondvisel\u0151nek, illetve a gyermek\u00fck kezel\u00e9s\u00e9ben r\u00e9szt vev\u0151 orvos koll\u00e9g\u00e1knak \u00e9s v\u00e9d\u0151n\u0151nek adunk t\u00e1j\u00e9koztat\u00e1st. Ez a telefonos t\u00e1j\u00e9koztat\u00e1sra is vonatkozik.<br \/>\nK\u00e9rj\u00fck, hogy a t\u00f6bbi csal\u00e1dtagot \u00d6n\u00f6k inform\u00e1lj\u00e1k a kapott t\u00e1j\u00e9koztat\u00e1s alapj\u00e1n.<br \/>\nA betegs\u00e9ggel, kezel\u00e9ssel, kil\u00e1t\u00e1sokkal kapcsolatos inform\u00e1ci\u00f3kr\u00f3l a kezel\u0151orvos t\u00e1j\u00e9koztatja a sz\u00fcl\u0151ket.<br \/>\nAz \u00e1pol\u00e1sra, a bentfekv\u00e9s menet\u00e9re, \u00e9tkez\u00e9sre vonatkoz\u00f3 k\u00e9rd\u00e9sekre az oszt\u00e1lyon dolgoz\u00f3 f\u0151n\u0151v\u00e9r vagy n\u0151v\u00e9rek k\u00e9szs\u00e9gesen v\u00e1laszolnak.<br \/>\nA sz\u00fcl\u0151k kiz\u00e1r\u00f3lag saj\u00e1t gyermek\u00fckr\u0151l, annak \u00e1llapot\u00e1r\u00f3l, kezel\u00e9s\u00e9r\u0151l, hazaad\u00e1s\u00e1r\u00f3l kaphatnak felvil\u00e1gos\u00edt\u00e1st a kezel\u0151orvost\u00f3l. M\u00e1s gyermek\u00e9r\u0151l tudom\u00e1sukra jutott inform\u00e1ci\u00f3t tov\u00e1bb nem adhatnak!<\/p>\n<p style=\"text-align: justify\"><strong>\u00c9tkez\u00e9s<\/strong><\/p>\n<p style=\"text-align: justify\">K\u00e9rj\u00fck, hogy a gyermeknek semmit ne adjanak enni vagy inni a n\u0151v\u00e9rek tudta n\u00e9lk\u00fcl!<br \/>\nA m\u0171t\u00e9t ut\u00e1ni napokban a gyermek nem fogyaszthat friss gy\u00fcm\u00f6lcs\u00f6t, rostos vagy sz\u00e9nsavas \u00fcd\u00edt\u0151t, puffaszt\u00f3 \u00e9teleket.<br \/>\nA gyermeknek behozott romland\u00f3 \u00e9lelmiszert a h\u0171t\u0151ben t\u00e1rolj\u00e1k, n\u00e9vvel, d\u00e1tummal ell\u00e1tva! B\u00e1rmilyen otthonr\u00f3l behozott ital, \u00e9lelmiszer, gy\u00f3gyszer csak a n\u0151v\u00e9r tudt\u00e1val \u00e9s enged\u00e9ly\u00e9vel adhat\u00f3 a gyermekeknek.<br \/>\nSz\u00fcl\u0151 \u00e9s hozz\u00e1tartoz\u00f3 a k\u00f3rteremben nem \u00e9tkezhet.<\/p>\n<p style=\"text-align: justify\"><strong>L\u00e1togat\u00e1s<\/strong><\/p>\n<p style=\"text-align: justify\">Minden sz\u00fcl\u0151nek joga van a gyermeke mellett tart\u00f3zkodni Oszt\u00e1lyunkon.<br \/>\nA gyermek mellett tart\u00f3zkod\u00e1s a k\u00f6vetkez\u0151 m\u00f3don val\u00f3sulhat meg:<br \/>\nEgy sz\u00fcl\u0151 \u00e9jjel-nappal gyermeke mellett maradhat.<br \/>\nEzen fel\u00fcl m\u00e1s hozz\u00e1tartoz\u00f3t a l\u00e1togat\u00e1si id\u0151ben fogadhat a gyermek.<br \/>\nA l\u00e1togat\u00e1si id\u0151 minden nap 15:00 \u00e9s 19:00 \u00f3ra k\u00f6z\u00f6tt van. Egy gyermek ilyenkor egyszerre legfeljebb 2 l\u00e1togat\u00f3t fogadhat.<br \/>\n14 \u00e9ven aluli gyermek beteget nem l\u00e1togathat!<\/p>\n<p>&nbsp;<\/p>\n<p style=\"text-align: justify\"><strong>Sz\u00fcl\u0151k tart\u00f3zkod\u00e1sa a klinik\u00e1n<\/strong><\/p>\n<p style=\"text-align: justify\">Fontosnak tartjuk, hogy \u00d6n a gyermeke k\u00f6zel\u00e9ben lehessen a gyermek ell\u00e1t\u00e1sa sor\u00e1n. Ennek \u00e9rdek\u00e9ben els\u0151sorban szoptat\u00f3s \u00e9desany\u00e1k, s\u00falyos \u00e1llapotban l\u00e9v\u0151 gyermekek sz\u00fclei vagy m\u00e9g haza nem adhat\u00f3, de az oszt\u00e1lyon m\u00e1r 24 \u00f3r\u00e1ban nem sz\u00fcks\u00e9gszer\u0171en tart\u00f3zkod\u00f3, els\u0151sorban kr\u00f3nikus betegek \u00e9s sz\u00fcleik sz\u00e1m\u00e1ra korl\u00e1tozott sz\u00e1mban rendelkez\u00e9sre \u00e1llnak a klinika 2. emelet\u00e9n tal\u00e1lhat\u00f3 \u201ebaba-mama szob\u00e1k\u201d. \u00a0Ezek ig\u00e9nybe v\u00e9tel\u00e9re a fentieket figyelembe v\u00e9ve \u00e9s a szob\u00e1k foglalts\u00e1g\u00e1t\u00f3l f\u00fcgg\u0151en ker\u00fclhet sor. A nem budapesti \u00e9s v\u00e1rhat\u00f3an a klinik\u00e1n hosszabb ideig tart\u00f3zkod\u00f3 csal\u00e1dok\/sz\u00fcl\u0151k sz\u00e1m\u00e1ra a klinik\u00e1val szomsz\u00e9dos utc\u00e1ban tal\u00e1lhat\u00f3, a Ronald McDonald\u2019s Alap\u00edtv\u00e1ny \u00e1ltal m\u0171k\u00f6dtetett h\u00e1zban ingyenes sz\u00e1ll\u00e1sra van lehet\u0151s\u00e9g. Mindk\u00e9t sz\u00e1ll\u00e1slehet\u0151s\u00e9g ig\u00e9nybev\u00e9tele el\u0151zetes egyeztet\u00e9st k\u00edv\u00e1n az adott oszt\u00e1ly f\u0151n\u0151v\u00e9r\u00e9vel illetve a kezel\u0151orvossal.<br \/>\nKlinik\u00e1nk oszt\u00e1lyainak t\u00f6bbs\u00e9g\u00e9n a fentiek mellett kinyithat\u00f3 \u00e1gyakon, fotel\u00e1gyakon tudunk \u00e9jszak\u00e1ra pihen\u00e9si lehet\u0151s\u00e9get biztos\u00edtani az egyik sz\u00fcl\u0151 sz\u00e1m\u00e1ra. A kisebb betegszob\u00e1kn\u00e1l, ahol a beteg\u00e1gyak mellett tov\u00e1bbi fekv\u0151hely elhelyez\u00e9s\u00e9re nincs lehet\u0151s\u00e9g, a klinika ter\u00fclet\u00e9n igyeksz\u00fcnk megoldani ig\u00e9ny eset\u00e9n az egyik sz\u00fcl\u0151 elhelyez\u00e9s\u00e9t.<br \/>\nTisztelettel k\u00e9rj\u00fck \u00e9s felh\u00edvjuk figyelm\u00fcket, hogy klinik\u00e1nkon kezelt egyik gyermek sem szenvedhet h\u00e1tr\u00e1nyt, \u00edgy els\u0151dleges a gyermekek biztons\u00e1gos ell\u00e1t\u00e1sa. Ennek \u00e9rdek\u00e9ben \u00e9s ennek seg\u00edt\u00e9s\u00e9re k\u00e9rj\u00fck a \u201eSz\u00fcl\u0151i t\u00e1j\u00e9koztat\u00f3ban\u201d le\u00edrtak \u00e9s a klinika h\u00e1zirendj\u00e9nek, id\u0151beoszt\u00e1s\u00e1nak betart\u00e1s\u00e1t!<\/p>\n<p style=\"text-align: justify\">K\u00f6sz\u00f6nj\u00fck egy\u00fcttm\u0171k\u00f6d\u00e9s\u00fcket, amelynek c\u00e9lja gyermek\u00fck min\u00e9l biztons\u00e1gosabb \u00e9s gyorsabb ell\u00e1t\u00e1sa \u00e9s otthon\u00e1ba bocs\u00e1t\u00e1sa.<\/p>\n<p>&nbsp;<\/p>\n<p style=\"text-align: justify\"><strong>T\u00e1voz\u00e1s<\/strong><\/p>\n<p style=\"text-align: justify\">A gyermeket csak szem\u00e9lyg\u00e9pkocsival lehet hazavinni!<br \/>\nA kontroll vizsg\u00e1lat id\u0151pontj\u00e1t a kezel\u0151orvos adja meg.<\/p>\n<p style=\"text-align: justify\">Otthonra a k\u00f6vetkez\u0151ket javasoljuk:<br \/>\nK\u00edm\u00e9l\u0151 \u00e9letm\u00f3d javasolt, az el\u0151\u00edrt ideig ker\u00fclj\u00e9k a fokozott fizikai megterhel\u00e9st, sportol\u00e1st, er\u0151lk\u00f6d\u00e9st, ugr\u00e1l\u00e1st! Leveg\u0151z\u00e9s, s\u00e9ta megengedett, lehet\u0151leg tiszta leveg\u0151n. Ker\u00fclend\u0151k a poros, sok ember \u00e1ltal l\u00e1togatott helyek, pl. bev\u00e1s\u00e1rl\u00f3 k\u00f6zpont, j\u00e1tsz\u00f3t\u00e9r, nagyobb \u00f6sszej\u00f6vetelek.<br \/>\nA k\u00f6t\u00e9st \u00e9s a sebet fokozottan \u00f3vj\u00e1k, v\u00edz ne \u00e9rje, k\u00e9zzel ne \u00e9rints\u00e9k! A k\u00f6t\u00e9st \u00e1ltal\u00e1ban nem kell cser\u00e9lni. Amennyiben a gyermek k\u00f6t\u00e9se elpiszkol\u00f3dik vagy lev\u00e1lik, Betadine oldattal le kell fert\u0151tlen\u00edteni \u00e9s gy\u00f3gyszert\u00e1rban kaphat\u00f3 steril szigetk\u00f6tszerrel kell ell\u00e1tni.\u00a0 Ha a seb v\u00e9rzik, v\u00e1lad\u00e9kozik, keress\u00e9k fel a kezel\u0151orvost!<br \/>\nOtthon sz\u00fcks\u00e9g lehet f\u00e1jdalomcsillap\u00edt\u00e1sra. Amennyiben a kezel\u0151orvos nem \u00edr fel m\u00e1st, j\u00f3l haszn\u00e1lhat\u00f3ak a recept n\u00e9lk\u00fcl kaphat\u00f3 Nurofen, Panadol stb. szirupok, vagy tablett\u00e1k.<br \/>\nHa a gyermeknek l\u00e1za jelentkezne, kezdj\u00e9k meg a l\u00e1zcsillap\u00edt\u00e1st, majd konzult\u00e1ljanak a gyermek kezel\u0151orvos\u00e1val!<\/p>\n","protected":false},"excerpt":{"rendered":"<p>Gyermekgy\u00f3gy\u00e1szati Klinika (B\u00f3kay utcai r\u00e9szleg) Seb\u00e9szeti Oszt\u00e1ly Oszt\u00e1lyvezet\u0151: Dr. K\u00e1lm\u00e1n Attila Oszt\u00e1lyvezet\u0151 f\u0151n\u0151v\u00e9r: Filer-R\u00e1cz Gabriella\u00a0 \u00a0 \u00a0 \u00a0 \u00a0 \u00a0 \u00a0 \u00a0 \u00a0 \u00a0 \u00a0 \u00a0 \u00a0 \u00a0 \u00a0 \u00a0 \u00a0 \u00a0 \u00a0 \u00a0 Telefon: +36-1-3343-186\/52640\u00a0 Seb\u00e9szeti oszt\u00e1ly \/52684 Seb\u00e9szeti titk\u00e1rs\u00e1g Betegjogi k\u00e9pvisel\u0151:\u00a0 \u00a0 \u00a0 \u00a0 \u00a0 \u00a0 \u00a0 \u00a0 \u00a0 \u00a0 Erhardtn\u00e9 Dr. Gach\u00e1lyi &hellip;<\/p>\n","protected":false},"author":101739,"featured_media":0,"parent":95,"menu_order":11,"comment_status":"closed","ping_status":"closed","template":"","meta":{"_acf_changed":false,"footnotes":""},"categories":[],"tags":[],"class_list":["post-1136","page","type-page","status-publish","hentry"],"acf":[],"_links":{"self":[{"href":"https:\/\/semmelweis.hu\/bokayklinika\/wp-json\/wp\/v2\/pages\/1136","targetHints":{"allow":["GET"]}}],"collection":[{"href":"https:\/\/semmelweis.hu\/bokayklinika\/wp-json\/wp\/v2\/pages"}],"about":[{"href":"https:\/\/semmelweis.hu\/bokayklinika\/wp-json\/wp\/v2\/types\/page"}],"author":[{"embeddable":true,"href":"https:\/\/semmelweis.hu\/bokayklinika\/wp-json\/wp\/v2\/users\/101739"}],"replies":[{"embeddable":true,"href":"https:\/\/semmelweis.hu\/bokayklinika\/wp-json\/wp\/v2\/comments?post=1136"}],"version-history":[{"count":12,"href":"https:\/\/semmelweis.hu\/bokayklinika\/wp-json\/wp\/v2\/pages\/1136\/revisions"}],"predecessor-version":[{"id":6966,"href":"https:\/\/semmelweis.hu\/bokayklinika\/wp-json\/wp\/v2\/pages\/1136\/revisions\/6966"}],"up":[{"embeddable":true,"href":"https:\/\/semmelweis.hu\/bokayklinika\/wp-json\/wp\/v2\/pages\/95"}],"wp:attachment":[{"href":"https:\/\/semmelweis.hu\/bokayklinika\/wp-json\/wp\/v2\/media?parent=1136"}],"wp:term":[{"taxonomy":"category","embeddable":true,"href":"https:\/\/semmelweis.hu\/bokayklinika\/wp-json\/wp\/v2\/categories?post=1136"},{"taxonomy":"post_tag","embeddable":true,"href":"https:\/\/semmelweis.hu\/bokayklinika\/wp-json\/wp\/v2\/tags?post=1136"}],"curies":[{"name":"wp","href":"https:\/\/api.w.org\/{rel}","templated":true}]}}