{"id":1133,"date":"2020-06-30T16:48:19","date_gmt":"2020-06-30T14:48:19","guid":{"rendered":"https:\/\/semmelweis.hu\/gyermekklinika1\/?page_id=1133"},"modified":"2025-02-13T15:11:36","modified_gmt":"2025-02-13T14:11:36","slug":"radiologiai-osztaly","status":"publish","type":"page","link":"https:\/\/semmelweis.hu\/bokayklinika\/betegellatas\/fekvobeteg-ellatas\/radiologiai-osztaly\/","title":{"rendered":"Radiol\u00f3giai Oszt\u00e1ly"},"content":{"rendered":"<div class=\"keretes\">\n<p><strong>Gyermekgy\u00f3gy\u00e1szati Klinika<\/strong> (B\u00f3kay utcai r\u00e9szleg) <strong>Radiol\u00f3giai Oszt\u00e1ly<\/strong><br \/>\n<strong>Oszt\u00e1lyvezet\u0151:<\/strong> Dr. V\u00e1rkonyi Ildik\u00f3<br \/>\n<strong>Oszt\u00e1lyvezet\u0151 asszisztens:<\/strong> Balogh Ferencn\u00e9<br \/>\n<strong>Telefon: <\/strong>+36-1-334-3186\/ 52729<br \/>\n\/52685<\/p>\n<p><strong>Betegjogi k\u00e9pvisel\u0151:<\/strong>\u00a0 \u00a0 \u00a0 \u00a0 \u00a0 \u00a0 \u00a0 \u00a0 \u00a0 \u00a0 Erhardtn\u00e9 Dr. Gach\u00e1lyi Anik\u00f3 \u00a0\u00a0 \u00a0\u00a0 \u00a0\u00a0 <a href=\"https:\/\/semmelweis.hu\/bokayklinika\/betegellatas\/betegjogi-kepviselo\/\">el\u00e9rhet\u0151s\u00e9g \u00e9s fogad\u00f3 \u00f3ra<\/a><strong><br \/>\n<\/strong><\/p>\n<\/div>\n<p style=\"text-align: justify\">Kedves Sz\u00fcl\u0151k!<\/p>\n<p style=\"text-align: justify\">K\u00f6sz\u00f6ntj\u00fck \u00d6n\u00f6ket a B\u00f3kay Gyermekklinika Radiol\u00f3giai Oszt\u00e1ly\u00e1n! Gyermek\u00fck betegs\u00e9g\u00e9nek meg\u00e1llap\u00edt\u00e1sa, k\u00f6vet\u00e9se, vagy pontos\u00edt\u00e1sa \u00e9rdek\u00e9ben kezel\u0151orvosa r\u00f6ntgen- vagy ultrahang vizsg\u00e1latot k\u00e9rhet, amelyek oszt\u00e1lyunkon Klinik\u00e1nk ambul\u00e1ns \u00e9s bennfekv\u0151 betegei sz\u00e1m\u00e1ra rendelkez\u00e9sre \u00e1llnak. Radiol\u00f3giai oszt\u00e1lyunk a f\u0151\u00e9p\u00fclet I. emelet\u00e9n tal\u00e1lhat\u00f3.<\/p>\n<p style=\"text-align: justify\">\u00a0<\/p>\n<p style=\"text-align: justify\"><strong>R\u00f6ntgenvizsg\u00e1latok (RTG)<\/strong><\/p>\n<p style=\"text-align: justify\">Klinik\u00e1nkon a legmodernebb digit\u00e1lis r\u00f6ntgenfelv\u00e9teli \u00e9s \u00e1tvil\u00e1g\u00edt\u00f3 berendez\u00e9ssel vizsg\u00e1ljuk a gyermekeket. A r\u00f6ntgenvizsg\u00e1latok minden esetben sug\u00e1rterhel\u00e9ssel j\u00e1rnak, de k\u00fcl\u00f6n hangs\u00falyt helyez\u00fcnk arra, hogy ezt min\u00e9l alacsonyabb szinten tartsuk. Ennek \u00e9rdek\u00e9ben igyeksz\u00fcnk lehet\u0151s\u00e9g szerint sug\u00e1rterhel\u00e9ssel nem j\u00e1r\u00f3 m\u00f3dszerekkel diagn\u00f3zishoz jutni, illetve minden esetben megfelel\u0151 sug\u00e1rv\u00e9delmet (p\u00e9ld\u00e1ul \u00f3lomtakar\u00e1st) alkalmazunk. Vannak olyan megbeteged\u00e9sek, amelyekben a r\u00f6ntgenvizsg\u00e1lat nem v\u00e1lthat\u00f3 ki m\u00e1ssal: ilyen a t\u00fcd\u0151 vagy a csontok vizsg\u00e1lata. Gyermeke \u00e9rdeke, hogy a radiol\u00f3gus orvos, gyermek\u00e9re szabottan, a megfelel\u0151 m\u00f3dszert alkalmazza. A r\u00f6ntgenvizsg\u00e1lat sor\u00e1n a beteget \u00e9r\u0151 sug\u00e1rz\u00e1s minim\u00e1lis, a gyermeknek sokkal nagyobb kock\u00e1zatot jelent a vizsg\u00e1lat elhagy\u00e1sa, mint a kis sug\u00e1rterhel\u00e9s.<\/p>\n<p>R\u00f6ntgenvizsg\u00e1latokhoz k\u00e9rj\u00fck a Sz\u00fcl\u0151t, hogy tartson gyermek\u00e9vel egy\u00fctt a vizsg\u00e1l\u00f3 helyis\u00e9gbe, seg\u00edtsen megnyugtatni, \u00e9s a kezel\u0151orvos k\u00e9r\u00e9s\u00e9nek megfelel\u0151en, r\u00f6gz\u00edteni \u0151t. Kiskor\u00fa hozz\u00e1tartoz\u00f3, v\u00e1rand\u00f3s \u00e9desanya a r\u00f6ntgenben nem tart\u00f3zkodhat! A kontrasztanyagos, \u00e1tvil\u00e1g\u00edt\u00f3 berendez\u00e9sen v\u00e9gzett vizsg\u00e1latokn\u00e1l is javasolt a sz\u00fcl\u0151 jelenl\u00e9te (pl. vastagb\u00e9lvizsg\u00e1lat, nyel\u00e9svizsg\u00e1lat). Vizsg\u00e1latok el\u0151tt a r\u00f6ntgenasszisztens vagy a radiol\u00f3gus orvos kik\u00e9rdezi \u00d6n\u00f6ket, elmondja r\u00f6viden a vizsg\u00e1lat menet\u00e9t. Amennyiben k\u00e9rd\u00e9s\u00fck van, k\u00e9rj\u00fck, b\u00e1tran tegy\u00e9k fel! A vizsg\u00e1latokhoz sz\u00fcks\u00e9ges el\u0151k\u00e9sz\u00fcletekr\u0151l kezel\u0151orvosuk ad felvil\u00e1gos\u00edt\u00e1st. Nyel\u00e9svizsg\u00e1latra mindig \u00e9hgyomorra kell j\u00f6nni! A haszn\u00e1lt kontrasztanyagok, melyeket a gyomor-b\u00e9ltraktus vizsg\u00e1lat\u00e1hoz alkalmazunk, mell\u00e9khat\u00e1ssal \u00e1ltal\u00e1ban nem j\u00e1rnak. A sz\u00fcl\u0151k v\u00e9delm\u00e9t szolg\u00e1lja az \u00f3lomgumi k\u00f6t\u00e9ny.<br \/>\nR\u00f6ntgenfelv\u00e9telhez a gyermek \u00e1llv\u00e1ny el\u0151tt \u00e1ll, vagy asztalon fekszik. Kisbab\u00e1k eset\u00e9ben hasi r\u00f6ntgenfelv\u00e9telt f\u00fcgg\u0151leges helyzetben is v\u00e9gezhet\u00fcnk, ekkor meg kell tartani a bab\u00e1t.T\u00f6bb felv\u00e9telhez sz\u00fcks\u00e9g lehet a gyermek r\u00f6gz\u00edt\u00e9s\u00e9re (pl. koponya rtg), amihez sem s\u00e9r\u00fcl\u00e9st, sem f\u00e1jdalmat nem okoz\u00f3 eszk\u00f6z\u00f6ket, mint pl. szivacsp\u00e1rn\u00e1kat vesz\u00fcnk ig\u00e9nybe. Maga a felv\u00e9tel mind\u00f6ssze m\u00e1sodpercekig, az el\u0151k\u00e9sz\u00edt\u00e9s, be\u00e1ll\u00edt\u00e1s n\u00e9h\u00e1ny percig tart. Asszisztens\u00fcnk a felv\u00e9telt a kezel\u0151 pultr\u00f3l, t\u00e1volr\u00f3l vez\u00e9rli.<br \/>\nK\u00e9rj\u00fck, nagyobb gyermek\u00e9nek mondja el, hogy a r\u00f6ntgenvizsg\u00e1lat nem f\u00e1j, a vizsg\u00e1lat alatt mozdulatlanul kell maradni, esetleg m\u00e9ly l\u00e9legzet benntart\u00e1s\u00e1t fogjuk t\u0151le k\u00e9rni, vagy p\u00e9ld\u00e1ul azt, hogy forduljon oldalra. A vizsg\u00e1l\u00f3ban l\u00e9v\u0151 berendez\u00e9sek nagy m\u00e9ret\u0171ek, kisgyermekeknek ijeszt\u0151ek lehetnek, ez\u00e9rt is fontos az \u00d6n\u00f6k jelenl\u00e9te. Ambul\u00e1ns betegeink k\u00f6zvetlen\u00fcl a vizsg\u00e1lat ut\u00e1n leletet kapnak, oszt\u00e1lyunkon fekv\u0151 betegeink lelet\u00e9t m\u00e9g aznap elk\u00e9sz\u00edtj\u00fck, \u00e9s minden esetben a gyermek kezel\u0151orvos\u00e1nak k\u00fcldj\u00fck el sz\u00e1m\u00edt\u00f3g\u00e9pen. Valamennyi vizsg\u00e1lat k\u00e9panyag\u00e1t digit\u00e1lisan t\u00e1roljuk, mely k\u00e9s\u0151bb is b\u00e1rmikor el\u00e9rhet\u0151.<\/p>\n<p style=\"text-align: justify\">\u00a0<\/p>\n<p style=\"text-align: justify\"><strong>Ultrahangvizsg\u00e1lat (UH)<\/p>\n<p><\/strong>Radiol\u00f3giai oszt\u00e1lyunkon k\u00e9t modern ultrahangberendez\u00e9ssel vizsg\u00e1lunk, ezen k\u00edv\u00fcl rendelkez\u00e9sre \u00e1ll egy k\u00fcl\u00f6n UH-berendez\u00e9s az intenz\u00edv oszt\u00e1lyos betegek helysz\u00edni vizsg\u00e1lat\u00e1ra. Az ultrahangvizsg\u00e1lat f\u00e1jdalmatlan, \u00e1rtalmatlan.\u00a0 A gyermekkorban sz\u00fcks\u00e9ges valamennyi ultrahangvizsg\u00e1latot el tudjuk v\u00e9gezni, az agyi (koponya) UH-t\u00f3l a nyaki szervek, hasi szervek, kismedencei szervek, apr\u00f3 r\u00e9szek (pl. here) vizsg\u00e1lat\u00e1ig. Doppler-vizsg\u00e1lattal az ereket tudjuk meg\u00edt\u00e9lni, de vizsg\u00e1lunk \u00fajsz\u00fcl\u00f6tt cs\u00edp\u0151t, gerincet is. Gyermek\u00e9nek az UH-vizsg\u00e1lathoz legt\u00f6bbsz\u00f6r semmilyen el\u0151k\u00e9sz\u00fcletet nem kell tennie. S\u00e1rgas\u00e1g miatt, vagy epe megbeteged\u00e9s miatt v\u00e9gzett hasi UH-hoz k\u00e9rj\u00fck, hogy a gyermek \u00e9hgyomorra j\u00f6jj\u00f6n. Kismedence (m\u00e9h, petef\u00e9szkek) vizsg\u00e1lat\u00e1hoz k\u00e9rj\u00fck, hogy gyermeke igyon sok (nem sz\u00e9nsavas) folyad\u00e9kot, \u00e9s ne menjen WC-re, a telt h\u00f3lyag a vizsg\u00e1lathoz technikailag sz\u00fcks\u00e9ges. A vizsg\u00e1latok nem el\u0151jegyz\u00e9sre, \u00e9s nem \u00e9rkez\u00e9si sorrendben t\u00f6rt\u00e9nnek, k\u00e9rj\u00fck ennek figyelembe v\u00e9tel\u00e9t. Kontrollvizsg\u00e1latra \u00e9rkez\u0151 betegeinket is k\u00e9rj\u00fck, el\u0151sz\u00f6r mindig kezel\u0151orvosukn\u00e1l jelentkezzenek, aki megk\u00e9ri a vizsg\u00e1latot a sz\u00e1m\u00edt\u00f3g\u00e9pes rendszerben. Igyeksz\u00fcnk a s\u00falyosabb betegeket, s\u00fcrg\u0151s eseteket, kisbab\u00e1kat el\u0151nyben r\u00e9szes\u00edteni. Valamennyi UH-vizsg\u00e1lat lelet\u00e9t azonnal ledikt\u00e1ljuk, kezel\u0151 orvosa sz\u00e1m\u00e1ra a sz\u00e1m\u00edt\u00f3g\u00e9pben azonnal rendelkez\u00e9sre \u00e1ll.<br \/>\nSpeci\u00e1lis vizsg\u00e1latok eset\u00e9n \u2013 amilyen pl. a szonocisztogr\u00e1fia \u2013 k\u00fcl\u00f6n t\u00e1j\u00e9koztat\u00f3t adunk a vizsg\u00e1lat el\u0151tt.<\/p>\n<p>&nbsp;<\/p>\n<p><strong>CBCT (Cone Beam Computer Tomography)<\/strong><\/p>\n<p style=\"text-align: justify\">Oszt\u00e1lyunk leg\u00fajabb k\u00e9palkot\u00f3 vizsg\u00e1l\u00f3berendez\u00e9se a CBCT k\u00e9sz\u00fcl\u00e9k, mellyel lehet\u0151s\u00e9g van a fogak \u00e9s az arckoponya r\u00e9szletgazdag megjelen\u00edt\u00e9s\u00e9re, emellett az arc\u00fcregek, a k\u00f6z\u00e9p- \u00e9s bels\u0151f\u00fcl is vizsg\u00e1lhat\u00f3. Ezek a felv\u00e9telek f\u00fcl-orr-g\u00e9g\u00e9szeti, illetve fog\u00e1szati g\u00f3csz\u0171r\u00e9sre is alkalmasak, valamint\u00a0 m\u0171t\u00e9tek 3D- tervez\u00e9s\u00e9re is. A hagyom\u00e1nyos CT k\u00e9sz\u00fcl\u00e9kekn\u00e9l korszer\u0171bb, ez\u00e9rt a gyermekek alacsony sug\u00e1rterhel\u00e9ssel vizsg\u00e1lhat\u00f3k. A vizsg\u00e1lat semmilyen f\u00e1jdalmat vagy kellemetlens\u00e9get nem okoz gyermek\u00e9nek, csak mozdulatlanul kell maradnia a felv\u00e9tel k\u00e9sz\u00edt\u00e9s\u00e9nek idej\u00e9re, mely kevesebb mint f\u00e9l perc. Igyekezt\u00fcnk ennek megk\u00f6nny\u00edt\u00e9s\u00e9hez a k\u00f6rnyezetet min\u00e9l bar\u00e1ts\u00e1gosabb\u00e1 tenni. A CBCT-vel k\u00e9sz\u00fcl\u0151 felv\u00e9telek jelent\u0151sen hozz\u00e1j\u00e1rulnak gyermeke gy\u00f3gyul\u00e1s\u00e1hoz.<\/p>\n<p style=\"text-align: justify\">Radiol\u00f3giai vizsg\u00e1lataink sor\u00e1n b\u00e1rmilyen k\u00e9rd\u00e9s\u00fck van, forduljanak bizalommal r\u00f6ntgenasszisztenseinkhez, vagy gyermekradiol\u00f3gus orvosainkhoz.<br \/>\nK\u00e9rj\u00fck, vegy\u00e9k figyelembe, hogy Klinik\u00e1nk oktat\u00f3 int\u00e9zm\u00e9ny, ez\u00e9rt a vizsg\u00e1latokon orvostanhallgat\u00f3k, k\u00e9pz\u00e9s alatt \u00e1ll\u00f3 orvoskoll\u00e9g\u00e1k is jelen lehetnek, illetve a vizsg\u00e1latok egy r\u00e9sz\u00e9t fel\u00fcgyelet mellett gyakorl\u00f3 orvosok v\u00e9gzik.<\/p>\n<p style=\"text-align: justify\">Rem\u00e9lj\u00fck, t\u00e1j\u00e9koztat\u00f3nk seg\u00edt \u00d6n\u00f6knek \u00e9s gyermek\u00fcknek az esetleges f\u00e9lelmek, k\u00e9ts\u00e9gek lek\u00fczd\u00e9s\u00e9ben!<\/p>\n","protected":false},"excerpt":{"rendered":"<p>Gyermekgy\u00f3gy\u00e1szati Klinika (B\u00f3kay utcai r\u00e9szleg) Radiol\u00f3giai Oszt\u00e1ly Oszt\u00e1lyvezet\u0151: Dr. V\u00e1rkonyi Ildik\u00f3 Oszt\u00e1lyvezet\u0151 asszisztens: Balogh Ferencn\u00e9 Telefon: +36-1-334-3186\/ 52729 \/52685 Betegjogi k\u00e9pvisel\u0151:\u00a0 \u00a0 \u00a0 \u00a0 \u00a0 \u00a0 \u00a0 \u00a0 \u00a0 \u00a0 Erhardtn\u00e9 Dr. Gach\u00e1lyi Anik\u00f3 \u00a0\u00a0 \u00a0\u00a0 \u00a0\u00a0 <a href=\"https:\/\/semmelweis.hu\/bokayklinika\/betegellatas\/betegjogi-kepviselo\/\">el\u00e9rhet\u0151s\u00e9g \u00e9s fogad\u00f3 \u00f3ra<\/a> Kedves Sz\u00fcl\u0151k! K\u00f6sz\u00f6ntj\u00fck \u00d6n\u00f6ket a B\u00f3kay Gyermekklinika Radiol\u00f3giai Oszt\u00e1ly\u00e1n! Gyermek\u00fck betegs\u00e9g\u00e9nek meg\u00e1llap\u00edt\u00e1sa, k\u00f6vet\u00e9se, vagy pontos\u00edt\u00e1sa \u00e9rdek\u00e9ben kezel\u0151orvosa r\u00f6ntgen- &hellip;<\/p>\n","protected":false},"author":101739,"featured_media":0,"parent":95,"menu_order":10,"comment_status":"closed","ping_status":"closed","template":"","meta":{"_acf_changed":false,"footnotes":""},"categories":[],"tags":[],"class_list":["post-1133","page","type-page","status-publish","hentry"],"acf":[],"_links":{"self":[{"href":"https:\/\/semmelweis.hu\/bokayklinika\/wp-json\/wp\/v2\/pages\/1133","targetHints":{"allow":["GET"]}}],"collection":[{"href":"https:\/\/semmelweis.hu\/bokayklinika\/wp-json\/wp\/v2\/pages"}],"about":[{"href":"https:\/\/semmelweis.hu\/bokayklinika\/wp-json\/wp\/v2\/types\/page"}],"author":[{"embeddable":true,"href":"https:\/\/semmelweis.hu\/bokayklinika\/wp-json\/wp\/v2\/users\/101739"}],"replies":[{"embeddable":true,"href":"https:\/\/semmelweis.hu\/bokayklinika\/wp-json\/wp\/v2\/comments?post=1133"}],"version-history":[{"count":10,"href":"https:\/\/semmelweis.hu\/bokayklinika\/wp-json\/wp\/v2\/pages\/1133\/revisions"}],"predecessor-version":[{"id":6850,"href":"https:\/\/semmelweis.hu\/bokayklinika\/wp-json\/wp\/v2\/pages\/1133\/revisions\/6850"}],"up":[{"embeddable":true,"href":"https:\/\/semmelweis.hu\/bokayklinika\/wp-json\/wp\/v2\/pages\/95"}],"wp:attachment":[{"href":"https:\/\/semmelweis.hu\/bokayklinika\/wp-json\/wp\/v2\/media?parent=1133"}],"wp:term":[{"taxonomy":"category","embeddable":true,"href":"https:\/\/semmelweis.hu\/bokayklinika\/wp-json\/wp\/v2\/categories?post=1133"},{"taxonomy":"post_tag","embeddable":true,"href":"https:\/\/semmelweis.hu\/bokayklinika\/wp-json\/wp\/v2\/tags?post=1133"}],"curies":[{"name":"wp","href":"https:\/\/api.w.org\/{rel}","templated":true}]}}