{"id":113,"date":"2020-06-03T12:29:08","date_gmt":"2020-06-03T10:29:08","guid":{"rendered":"https:\/\/semmelweis.hu\/gyermekklinika1\/?page_id=113"},"modified":"2025-07-17T08:31:52","modified_gmt":"2025-07-17T06:31:52","slug":"6-evfolyam","status":"publish","type":"page","link":"https:\/\/semmelweis.hu\/bokayklinika\/oktatas\/aok-gradualis\/6-evfolyam\/","title":{"rendered":"6. \u00e9vfolyam"},"content":{"rendered":"<div class=\"keretes\">\n<p><strong>Tisztelt Hallgat\u00f3k!<\/strong><\/p>\n<p style=\"text-align: justify\">T\u00e1j\u00e9koztatjuk \u00d6n\u00f6ket, hogy a tanulm\u00e1nyi \u00fcgyint\u00e9z\u00e9s a II. emeleti titk\u00e1rs\u00e1gon t\u00f6rt\u00e9nik.<\/p>\n<p><strong>\u00dcgyint\u00e9z\u0151: <\/strong>Stolm\u00e1r Enik\u0151 Kinga<br \/>\n<span style=\"font-size: 14pt\"><strong><a href=\"mailto:tanulmanyi.bokay@semmelweis.hu\">tanulmanyi.bokay@semmelweis.hu<\/a><\/strong><\/span><\/p>\n<p>&nbsp;<\/p>\n<\/div>\n<div style=\"text-align: justify\"><span style=\"color: #3366ff\"><strong>A vizsg\u00e1ra minden vizsg\u00e1z\u00f3 k\u00f6teles f\u00e9nyk\u00e9pes, szem\u00e9lyazonos\u00edt\u00e1s\u00e1ra alkalmas igazolv\u00e1nyt mag\u00e1val hozni \u00e9s azt a vizsga el\u0151tt bemutatni.<\/strong><\/span><\/div>\n<div style=\"text-align: justify\">\u00a0<\/div>\n<div style=\"text-align: justify\"><span style=\"color: #3366ff\"><strong>Tudnival\u00f3k azoknak, akik a gyakorlatot nem a Klinik\u00e1n t\u00f6ltik<\/strong><\/span><\/div>\n<div>\n<p style=\"text-align: justify\">Aki nem a klinik\u00e1n t\u00f6lti a gyakorlatot, azoknak a szigorlat el\u0151tti h\u00e9ten (cs\u00fct\u00f6rt\u00f6k\u00f6n vagy p\u00e9nteken) gyakorlati vizsg\u00e1t kell tenni!<\/p>\n<p style=\"text-align: justify\">A vizsga pontos hely\u00e9r\u0151l, idej\u00e9r\u0151l \u00e9s a vizsg\u00e1ztat\u00f3 szem\u00e9ly\u00e9r\u0151l Neptun \u00fczenetet k\u00fcld\u00fcnk.<\/p>\n<p style=\"text-align: justify\">A gyakorlati vizsg\u00e1ra k\u00f6penyt \u00e9s fonendoszk\u00f3pot kell hozni, valamint a k\u00fcls\u0151 helysz\u00ednen t\u00f6lt\u00f6tt gyakorlat teljes\u00edt\u00e9s\u00e9r\u0151l sz\u00f3l\u00f3 <u><a href=\"https:\/\/semmelweis.hu\/aok\/oktatas\/vi-evfolyam\/\" target=\"_blank\" rel=\"noopener\">igazol\u00e1st<\/a><\/u>\u00a0\u00e9s <u><a href=\"https:\/\/semmelweis.hu\/bokayklinika\/files\/2024\/11\/Szigorloi-leckekonyv_Ertekelolap_KULSOS-gyakorlat-2024.pdf\" target=\"_blank\" rel=\"noopener\">leckek\u00f6nyvet<\/a><\/u>.<\/p>\n<p>&nbsp;<\/p>\n<p><strong>F\u00e9lfogad\u00e1si id\u0151<\/strong><\/p>\n<table style=\"border-collapse: collapse;width: 82.6182%\">\n<tbody>\n<tr>\n<td style=\"width: 21.1878%\"><strong>H\u00c9TF\u0150<\/strong><\/td>\n<td style=\"width: 28.6061%;text-align: center\"><strong>10:00 &#8211; 12:00<\/strong><\/td>\n<td style=\"width: 32.8242%\" rowspan=\"4\"><strong>Telefon: (06 1) 3343-186\/52656<\/strong><\/td>\n<\/tr>\n<tr>\n<td style=\"width: 21.1878%\"><strong>KEDD<\/strong><\/td>\n<td style=\"width: 28.6061%;text-align: center\"><strong>13:00 &#8211; 15:00<\/strong><\/td>\n<\/tr>\n<tr>\n<td style=\"width: 21.1878%\"><strong>SZERDA<\/strong><\/td>\n<td style=\"width: 28.6061%;text-align: center\"><strong>10:00 &#8211; 12:00<\/strong><\/td>\n<\/tr>\n<tr>\n<td style=\"width: 21.1878%\"><strong>CS\u00dcT\u00d6RT\u00d6K<\/strong><\/td>\n<td style=\"width: 28.6061%;text-align: center\"><strong>13:00 &#8211; 15:00<\/strong><\/td>\n<\/tr>\n<\/tbody>\n<\/table>\n<p>&nbsp;<\/p>\n<p>&nbsp;<\/p>\n<p style=\"text-align: justify\">A gyakorlati vizsga az al\u00e1bbiakb\u00f3l \u00e1ll:<\/p>\n<table style=\"border-collapse: collapse;width: 63.1273%\">\n<tbody>\n<tr>\n<td style=\"width: 100%\">\n<ul>\n<li>\n<p>fizik\u00e1lis vizsg\u00e1lat, jelen panasz felv\u00e9tel<\/p>\n<\/li>\n<\/ul>\n<\/td>\n<\/tr>\n<tr>\n<td style=\"width: 100%\">\n<ul>\n<li>\n<p>1-2 gyakorlati k\u00e9rd\u00e9s<\/p>\n<\/li>\n<\/ul>\n<\/td>\n<\/tr>\n<tr>\n<td style=\"width: 100%\">\n<ul>\n<li>\n<p>esetbemutat\u00e1s p\u00e1r mondatos \u00f6sszefoglal\u00e1sa<\/p>\n<\/li>\n<\/ul>\n<\/td>\n<\/tr>\n<\/tbody>\n<\/table>\n<\/div>\n<div>\u00a0<\/div>\n<div style=\"text-align: justify\">\u00a0<\/div>\n<div style=\"text-align: justify\">Tisztelt Hallgat\u00f3!<\/div>\n<div style=\"text-align: justify\">\n<strong>K\u00e9rj\u00fck, hogy a dokumentumok k\u00f6z\u00fcl let\u00f6lthet\u0151 &#8222;<span style=\"color: #3366ff\">Hallgat\u00f3i meg\u00e1llapod\u00e1s<\/span>&#8221;\u00a0\u0171rlapot kinyomtatva, szem\u00e9lyi adatokkal kit\u00f6ltve, al\u00e1\u00edrva hozza mag\u00e1val az els\u0151 szigorl\u00f3i napon.<\/strong><br \/>\nEzut\u00e1n t\u00f6rt\u00e9nik az int\u00e9zm\u00e9ny r\u00e9sz\u00e9r\u0151l az \u00e9rv\u00e9nyes\u00edt\u00e9s.<br \/>\n<em>Dr. B\u00e9res N\u00f3ra magyar tanulm\u00e1nyi felel\u0151s<\/em><\/div>\n<div>\u00a0<\/div>\n<div><strong>Let\u00f6lthet\u0151 \u00e1ltal\u00e1nos oktat\u00e1si dokumentumok:<\/strong><\/div>\n<div><a href=\"https:\/\/semmelweis.hu\/bokayklinika\/files\/2025\/07\/MEDSOL-KODIGENYLO-LAP-hallgatoknak.pdf\" target=\"_blank\" rel=\"noopener\">MEDSOL k\u00f3dig\u00e9nyl\u0151 lap hallgat\u00f3knak<\/a><\/div>\n<div><a href=\"https:\/\/semmelweis.hu\/bokayklinika\/files\/2023\/07\/Szigorlati-tetelsor_magyar-6-od-ev_2023_04.pdf\" target=\"_blank\" rel=\"noopener noreferrer\">Szigorlati t\u00e9telsor VI. \u00e9veseknek<\/a><\/div>\n<div><a href=\"https:\/\/semmelweis.hu\/bokayklinika\/files\/2023\/07\/Gyermekgyogyaszat-beugro-tetelek-2023-24.pdf\">Szigorlati beugr\u00f3 t\u00e9telsor<\/a><\/div>\n<div><a href=\"https:\/\/semmelweis.hu\/bokayklinika\/files\/2024\/10\/Szigorloi-leckekonyv_2024-25.pdf\" target=\"_blank\" rel=\"noopener\">Szigorl\u00f3i leckek\u00f6nyv<\/a><\/div>\n<div><a href=\"https:\/\/semmelweis.hu\/bokayklinika\/files\/2024\/11\/Szigorloi-leckekonyv_Ertekelolap_KULSOS-gyakorlat-2024.pdf\" target=\"_blank\" rel=\"noopener\">Szigorl\u00f3i leckek\u00f6nyv k\u00fcls\u0151s gyakorlathoz\u00a0<\/a><br \/>\n<a href=\"https:\/\/semmelweis.hu\/bokayklinika\/files\/2024\/08\/Hallgatoi-megallapodas-2024-1.pdf\" target=\"_blank\" rel=\"noopener noreferrer\">Hallgat\u00f3i meg\u00e1llapod\u00e1s szakmai gyakorlatra, minta nyomtatv\u00e1ny<\/a><\/div>\n<div><a href=\"https:\/\/semmelweis.hu\/bokayklinika\/files\/2023\/07\/Gyermekgyogyaszat_6_ev_magyar_kotelezo_AKOKGY1848_SM.pdf\">Gyermekgy\u00f3gy\u00e1szat (VI. \u00e9vfolyam) K\u00f6vetelm\u00e9nyrendszer (\u00faj kurrikulum)<\/a><br \/>\n<a href=\"https:\/\/semmelweis.hu\/bokayklinika\/files\/2024\/03\/6_hetes-leckekonyv_2024.pdf\">6 hetes v\u00e1laszthat\u00f3 klinikai gyakorlat leckek\u00f6nyve<\/a><\/div>\n<div>\n<div><a href=\"https:\/\/semmelweis.hu\/bokayklinika\/files\/2023\/07\/Gyermekgyogyaszat_6_ev_magyar_valaszthato_AOKADH661_SM.pdf\">6 hetes v\u00e1laszthat\u00f3 klinikai gyakorlat kurrikuluma<\/a><\/div>\n<\/div>\n<p>&nbsp;<\/p>\n","protected":false},"excerpt":{"rendered":"<p>Tisztelt Hallgat\u00f3k! T\u00e1j\u00e9koztatjuk \u00d6n\u00f6ket, hogy a tanulm\u00e1nyi \u00fcgyint\u00e9z\u00e9s a II. emeleti titk\u00e1rs\u00e1gon t\u00f6rt\u00e9nik. \u00dcgyint\u00e9z\u0151: Stolm\u00e1r Enik\u0151 Kinga <a href=\"mailto:tanulmanyi.bokay@semmelweis.hu\">tanulmanyi.bokay@semmelweis.hu<\/a> &nbsp; A vizsg\u00e1ra minden vizsg\u00e1z\u00f3 k\u00f6teles f\u00e9nyk\u00e9pes, szem\u00e9lyazonos\u00edt\u00e1s\u00e1ra alkalmas igazolv\u00e1nyt mag\u00e1val hozni \u00e9s azt a vizsga el\u0151tt bemutatni. \u00a0 Tudnival\u00f3k azoknak, akik a gyakorlatot nem a Klinik\u00e1n t\u00f6ltik Aki nem a klinik\u00e1n t\u00f6lti a gyakorlatot, azoknak a szigorlat &hellip;<\/p>\n","protected":false},"author":101740,"featured_media":0,"parent":111,"menu_order":2,"comment_status":"closed","ping_status":"closed","template":"","meta":{"_acf_changed":false,"footnotes":""},"categories":[],"tags":[],"class_list":["post-113","page","type-page","status-publish","hentry"],"acf":[],"_links":{"self":[{"href":"https:\/\/semmelweis.hu\/bokayklinika\/wp-json\/wp\/v2\/pages\/113","targetHints":{"allow":["GET"]}}],"collection":[{"href":"https:\/\/semmelweis.hu\/bokayklinika\/wp-json\/wp\/v2\/pages"}],"about":[{"href":"https:\/\/semmelweis.hu\/bokayklinika\/wp-json\/wp\/v2\/types\/page"}],"author":[{"embeddable":true,"href":"https:\/\/semmelweis.hu\/bokayklinika\/wp-json\/wp\/v2\/users\/101740"}],"replies":[{"embeddable":true,"href":"https:\/\/semmelweis.hu\/bokayklinika\/wp-json\/wp\/v2\/comments?post=113"}],"version-history":[{"count":11,"href":"https:\/\/semmelweis.hu\/bokayklinika\/wp-json\/wp\/v2\/pages\/113\/revisions"}],"predecessor-version":[{"id":7310,"href":"https:\/\/semmelweis.hu\/bokayklinika\/wp-json\/wp\/v2\/pages\/113\/revisions\/7310"}],"up":[{"embeddable":true,"href":"https:\/\/semmelweis.hu\/bokayklinika\/wp-json\/wp\/v2\/pages\/111"}],"wp:attachment":[{"href":"https:\/\/semmelweis.hu\/bokayklinika\/wp-json\/wp\/v2\/media?parent=113"}],"wp:term":[{"taxonomy":"category","embeddable":true,"href":"https:\/\/semmelweis.hu\/bokayklinika\/wp-json\/wp\/v2\/categories?post=113"},{"taxonomy":"post_tag","embeddable":true,"href":"https:\/\/semmelweis.hu\/bokayklinika\/wp-json\/wp\/v2\/tags?post=113"}],"curies":[{"name":"wp","href":"https:\/\/api.w.org\/{rel}","templated":true}]}}