{"id":1126,"date":"2020-06-30T16:40:28","date_gmt":"2020-06-30T14:40:28","guid":{"rendered":"https:\/\/semmelweis.hu\/gyermekklinika1\/?page_id=1126"},"modified":"2025-03-14T14:42:57","modified_gmt":"2025-03-14T13:42:57","slug":"pulmonologiai-osztaly","status":"publish","type":"page","link":"https:\/\/semmelweis.hu\/bokayklinika\/betegellatas\/fekvobeteg-ellatas\/pulmonologiai-osztaly\/","title":{"rendered":"Pulmonol\u00f3giai Oszt\u00e1ly"},"content":{"rendered":"<div class=\"keretes\">\n<p><strong>Gyermekgy\u00f3gy\u00e1szati Klinika<\/strong> (B\u00f3kay utcai r\u00e9szleg) <strong>Pulmonol\u00f3giai Oszt\u00e1ly<\/strong><br \/>\n<strong>Oszt\u00e1lyvezet\u0151: <\/strong>Dr. Kov\u00e1cs Lajos<br \/>\n<strong>Oszt\u00e1lyvezet\u0151 f\u0151n\u0151v\u00e9r:<\/strong> L\u00e9n\u00e1rd T\u00edmea\u00a0 \u00a0 \u00a0 \u00a0 \u00a0 \u00a0 \u00a0 \u00a0 \u00a0 \u00a0 \u00a0 \u00a0 \u00a0 \u00a0 \u00a0 \u00a0 \u00a0 \u00a0 \u00a0 \u00a0 \u00a0 \u00a0 \u00a0 \u00a0 <strong>Telefon: <\/strong><span style=\"font-size: 1rem\">+36-1-334-3186 \/52643<\/span><\/p>\n<p><strong>Betegjogi k\u00e9pvisel\u0151:\u00a0 \u00a0 \u00a0 \u00a0 \u00a0 \u00a0 \u00a0 \u00a0 \u00a0 \u00a0 <\/strong>Erhardtn\u00e9 Dr. Gach\u00e1lyi Anik\u00f3 \u00a0\u00a0 <a href=\"https:\/\/semmelweis.hu\/bokayklinika\/betegellatas\/betegjogi-kepviselo\/\">el\u00e9rhet\u0151s\u00e9g \u00e9s fogad\u00f3 \u00f3ra<\/a><\/p>\n<\/div>\n<p>Kedves Sz\u00fcl\u0151k!<\/p>\n<p style=\"text-align: justify\">K\u00f6sz\u00f6ntj\u00fck a Gyermekklinika (B\u00f3kay utcai r\u00e9szleg) Pulmonol\u00f3giai Oszt\u00e1ly\u00e1n!<\/p>\n<p style=\"text-align: justify\"><strong><br \/>\nHogyan k\u00e9sz\u00fclj\u00fcnk fel otthon a k\u00f3rh\u00e1zi tart\u00f3zkod\u00e1sra?<\/strong><\/p>\n<p style=\"text-align: justify\">Oszt\u00e1lyunkra els\u0151sorban akut betegs\u00e9g miatt ker\u00fclnek felv\u00e9telre a gyermekek, m\u00e9gis \u00e9rdemes ilyen esetben is otthon \u00f6sszepakolni pizsam\u00e1t, papucsot, tiszt\u00e1lkod\u00f3 szereket, a gyermek szeretett t\u00e1rgy\u00e1t, amivel alszik, amit\u0151l megnyugszik, illetve az otthon szedett \u00e1lland\u00f3 gy\u00f3gyszereit, esetleg t\u00e1pszer\u00e9t.<br \/>\nEl\u0151fordul, hogy tervezett bronchoscopos vizsg\u00e1latra j\u00f6n a gyermek, ilyenkor \u00e1ltal\u00e1ban a beavatkoz\u00e1s el\u0151tti napon ker\u00fcl felv\u00e9telre, amikor megvizsg\u00e1ljuk a gyermeket, megbesz\u00e9lj\u00fck a m\u00e1snapi, altat\u00e1shoz sz\u00fcks\u00e9ges teend\u0151ket. Amennyiben a gyermek felv\u00e9telre ker\u00fcl az oszt\u00e1lyra, felv\u00e9telkor a sz\u00fcl\u0151t mind az orvos, mind a n\u0151v\u00e9r r\u00e9szletesen kik\u00e9rdezi, majd a sz\u00fcl\u0151 az erre vonatkoz\u00f3 beleegyez\u0151 nyilatkozatot al\u00e1\u00edrja.<br \/>\nK\u00e9rj\u00fck, ne hozzanak az oszt\u00e1lyra mogyor\u00f3t, pattogatott kukoric\u00e1t, r\u00e1g\u00f3gumit, szotyit, vagy cukork\u00e1t.<br \/>\nAmennyiben oszt\u00e1lyunkra \u2013 el\u0151zetes, telefonon egyeztetett id\u0151pontban \u2013 ambul\u00e1ns vizsg\u00e1latra \u00e9rkeznek, a f\u00f6ldszinten kell bejelentkezni az adott orvoshoz. K\u00e9rj\u00fck ilyen esetben a kor\u00e1bbi z\u00e1r\u00f3jelent\u00e9seket, orvosi dokument\u00e1ci\u00f3kat hozz\u00e1k magukkal.<\/p>\n<p style=\"text-align: justify\"><strong>Bronchoscopia, mellkasi m\u0171t\u00e9t el\u0151tti tudnival\u00f3k<\/strong><\/p>\n<p style=\"text-align: justify\">Oszt\u00e1lyunkon bronchoscopia, vagy mellkascs\u00f6vez\u00e9s, mint m\u0171t\u00e9ti beavatkoz\u00e1s fordulhat el\u0151. Mindk\u00e9t esetben az altat\u00e1st megel\u0151z\u0151en a sz\u00fcl\u0151k a beavatkoz\u00e1st v\u00e9gz\u0151 orvost\u00f3l r\u00e9szletes t\u00e1j\u00e9koztat\u00e1st kapnak. A m\u0171t\u00e9t napj\u00e1n, vagy az azt megel\u0151z\u0151 napon, az altat\u00f3orvos megvizsg\u00e1lja gyermek\u00fcket \u00e9s kik\u00e9rdezi a sz\u00fcl\u0151ket a kor\u00e1bbi, tart\u00f3san fenn\u00e1ll\u00f3 betegs\u00e9gekkel, gy\u00f3gyszer\u00e9rz\u00e9kenys\u00e9ggel kapcsolatban.<\/p>\n<p style=\"text-align: justify\"><strong><br \/>\nAltat\u00e1s el\u0151tti \u00e9hgyomi szab\u00e1lyok<\/strong><\/p>\n<table style=\"border-collapse: collapse;width: 100%\">\n<tbody>\n<tr>\n<td style=\"width: 50%\">Altat\u00e1s el\u0151tt 6 \u00f3r\u00e1val<\/td>\n<td style=\"width: 50%\">lehet utolj\u00e1ra enni \u00e9s tejet, gy\u00fcm\u00f6lcsl\u00e9t, t\u00e1pszert, sz\u00e9nsavas italt fogyasztani<\/td>\n<\/tr>\n<tr>\n<td style=\"width: 50%\">Altat\u00e1s el\u0151tt 4 \u00f3r\u00e1val<\/td>\n<td style=\"width: 50%\">lehet utolj\u00e1ra gyermek\u00fcknek anyatejet adni<\/td>\n<\/tr>\n<tr>\n<td style=\"width: 50%\">Altat\u00e1s el\u0151tt 1 \u00f3r\u00e1val<\/td>\n<td style=\"width: 50%\">lehet utolj\u00e1ra vizet \u00e9s te\u00e1t inni<\/td>\n<\/tr>\n<\/tbody>\n<\/table>\n<p style=\"text-align: justify\">\u00a0<\/p>\n<p style=\"text-align: justify\"><strong>T\u00e1j\u00e9koztat\u00e1s<\/strong><\/p>\n<p style=\"text-align: justify\">A t\u00f6rv\u00e9nyi el\u0151\u00edr\u00e1snak megfelel\u0151en csak az \u00e9desany\u00e1nak, \u00e9desap\u00e1nak, t\u00f6rv\u00e9nyes gondvisel\u0151nek, illetve a gyermek kezel\u00e9s\u00e9ben r\u00e9szt vev\u0151 orvos koll\u00e9g\u00e1knak adunk felvil\u00e1gos\u00edt\u00e1st! <span style=\"font-size: 1rem\">Az oszt\u00e1lyon t\u00f6bb orvos dolgozik, a beteg kezel\u00e9s\u00e9t a f\u0151orvos ir\u00e1ny\u00edtja. Az \u00fcgyeletes orvos, \u00fcgyeleti id\u0151ben csak akut v\u00e1ltoz\u00e1sr\u00f3l tud t\u00e1j\u00e9koztat\u00e1st adni.<br \/>\n<\/span>\u00c1pol\u00e1si k\u00e9rd\u00e9sekkel kapcsolatban keress\u00e9k bizalommal az oszt\u00e1lyon dolgoz\u00f3 n\u0151v\u00e9reket.<\/p>\n<p style=\"text-align: justify\"><strong>L\u00e1togat\u00e1s<\/strong><\/p>\n<p style=\"text-align: justify\">A gyermek mellett egy sz\u00fcl\u0151 folyamatosan jelen lehet a k\u00f3rh\u00e1zi tart\u00f3zkod\u00e1s ideje alatt. L\u00e1togat\u00e1si id\u0151 alatt a gyermeket maximum kett\u0151 (14 \u00e9ven fel\u00fcli) szem\u00e9ly l\u00e1togathatja.<\/p>\n<p style=\"text-align: justify\">L\u00e1togat\u00e1si id\u0151:\u00a0<\/p>\n<table style=\"border-collapse: collapse;width: 87.0534%\">\n<tbody>\n<tr>\n<td style=\"width: 43.6727%;text-align: center\"><strong>MINDEN NAP<\/strong><\/td>\n<td style=\"width: 43.3818%;text-align: center\"><strong>15:00 &#8211; 19:00<\/strong><\/td>\n<\/tr>\n<\/tbody>\n<\/table>\n<p>&nbsp;<\/p>\n<p style=\"text-align: justify\"><strong>Sz\u00fcl\u0151k tart\u00f3zkod\u00e1sa a klinik\u00e1n<\/strong><\/p>\n<p style=\"text-align: justify\">Fontosnak tartjuk, hogy a gyermek ell\u00e1t\u00e1sa sor\u00e1n \u00d6n a gyermeke k\u00f6zel\u00e9ben lehessen. Ennek \u00e9rdek\u00e9ben els\u0151sorban szoptat\u00f3s \u00e9desany\u00e1k, s\u00falyos \u00e1llapotban l\u00e9v\u0151 gyermekek sz\u00fclei vagy m\u00e9g haza nem adhat\u00f3, de az oszt\u00e1lyon m\u00e1r 24 \u00f3r\u00e1ban nem sz\u00fcks\u00e9gszer\u0171en tart\u00f3zkod\u00f3, els\u0151sorban kr\u00f3nikus betegek \u00e9s sz\u00fcleik sz\u00e1m\u00e1ra korl\u00e1tozott sz\u00e1mban rendelkez\u00e9sre \u00e1llnak a klinika 2. emelet\u00e9n tal\u00e1lhat\u00f3 \u201ebaba-mama szob\u00e1k\u201d. \u00a0Ezek ig\u00e9nybev\u00e9tel\u00e9re a fentieket figyelembe v\u00e9ve, \u00e9s a szob\u00e1k foglalts\u00e1g\u00e1t\u00f3l f\u00fcgg\u0151en ker\u00fclhet sor. A nem budapesti, \u00e9s v\u00e1rhat\u00f3an a klinik\u00e1n hosszabb ideig tart\u00f3zkod\u00f3 csal\u00e1dok\/sz\u00fcl\u0151k sz\u00e1m\u00e1ra Gyermekgy\u00f3gy\u00e1szati Klinik\u00e1nkkal szemben tal\u00e1lhat\u00f3, Ronald McDonald\u2019s Alap\u00edtv\u00e1ny \u00e1ltal m\u0171k\u00f6dtetett h\u00e1zban ingyenes sz\u00e1ll\u00e1sra van lehet\u0151s\u00e9g. Mindk\u00e9t sz\u00e1ll\u00e1slehet\u0151s\u00e9g ig\u00e9nybev\u00e9tele el\u0151zetes egyeztet\u00e9st k\u00edv\u00e1n az adott oszt\u00e1ly f\u0151n\u0151v\u00e9r\u00e9vel illetve a kezel\u0151orvossal.<br \/>\nKlinik\u00e1nk oszt\u00e1lyainak t\u00f6bbs\u00e9g\u00e9n a fentiek mellett kinyithat\u00f3 \u00e1gyakon, fotel\u00e1gyakon tudunk \u00e9jszak\u00e1ra pihen\u00e9si lehet\u0151s\u00e9get biztos\u00edtani az egyik sz\u00fcl\u0151 sz\u00e1m\u00e1ra. A kisebb betegszob\u00e1kn\u00e1l, ahol a beteg\u00e1gyak mellett tov\u00e1bbi fekv\u0151hely elhelyez\u00e9s\u00e9re nincs lehet\u0151s\u00e9g, a klinika ter\u00fclet\u00e9n igyeksz\u00fcnk megoldani ig\u00e9ny eset\u00e9n az egyik sz\u00fcl\u0151 elhelyez\u00e9s\u00e9t.<\/p>\n<p style=\"text-align: justify\">\nFelh\u00edvjuk sz\u00edves figyelm\u00fcket, hogy a klinik\u00e1nkon kezelt egyik gyermek sem szenvedhet h\u00e1tr\u00e1nyt, \u00edgy els\u0151dleges a gyermekek biztons\u00e1gos ell\u00e1t\u00e1sa! Ennek \u00e9rdek\u00e9ben \u00e9s ennek seg\u00edt\u00e9s\u00e9re k\u00e9rj\u00fck a \u201eSz\u00fcl\u0151i t\u00e1j\u00e9koztat\u00f3ban\u201d le\u00edrtak, valamint a klinika h\u00e1zirendj\u00e9nek \u00e9s id\u0151beoszt\u00e1s\u00e1nak betart\u00e1s\u00e1t!<\/p>\n<p style=\"text-align: justify\">\nK\u00f6sz\u00f6nj\u00fck egy\u00fcttm\u0171k\u00f6d\u00e9s\u00fcket, amelynek c\u00e9lja gyermek\u00fck min\u00e9l biztons\u00e1gosabb \u00e9s gyorsabb ell\u00e1t\u00e1sa, \u00e9s otthon\u00e1ba bocs\u00e1t\u00e1sa.<\/p>\n","protected":false},"excerpt":{"rendered":"<p>Gyermekgy\u00f3gy\u00e1szati Klinika (B\u00f3kay utcai r\u00e9szleg) Pulmonol\u00f3giai Oszt\u00e1ly Oszt\u00e1lyvezet\u0151: Dr. Kov\u00e1cs Lajos Oszt\u00e1lyvezet\u0151 f\u0151n\u0151v\u00e9r: L\u00e9n\u00e1rd T\u00edmea\u00a0 \u00a0 \u00a0 \u00a0 \u00a0 \u00a0 \u00a0 \u00a0 \u00a0 \u00a0 \u00a0 \u00a0 \u00a0 \u00a0 \u00a0 \u00a0 \u00a0 \u00a0 \u00a0 \u00a0 \u00a0 \u00a0 \u00a0 \u00a0 Telefon: +36-1-334-3186 \/52643 Betegjogi k\u00e9pvisel\u0151:\u00a0 \u00a0 \u00a0 \u00a0 \u00a0 \u00a0 \u00a0 \u00a0 \u00a0 \u00a0 Erhardtn\u00e9 Dr. Gach\u00e1lyi &hellip;<\/p>\n","protected":false},"author":101739,"featured_media":0,"parent":95,"menu_order":0,"comment_status":"closed","ping_status":"closed","template":"","meta":{"_acf_changed":false,"footnotes":""},"categories":[],"tags":[],"class_list":["post-1126","page","type-page","status-publish","hentry"],"acf":[],"_links":{"self":[{"href":"https:\/\/semmelweis.hu\/bokayklinika\/wp-json\/wp\/v2\/pages\/1126","targetHints":{"allow":["GET"]}}],"collection":[{"href":"https:\/\/semmelweis.hu\/bokayklinika\/wp-json\/wp\/v2\/pages"}],"about":[{"href":"https:\/\/semmelweis.hu\/bokayklinika\/wp-json\/wp\/v2\/types\/page"}],"author":[{"embeddable":true,"href":"https:\/\/semmelweis.hu\/bokayklinika\/wp-json\/wp\/v2\/users\/101739"}],"replies":[{"embeddable":true,"href":"https:\/\/semmelweis.hu\/bokayklinika\/wp-json\/wp\/v2\/comments?post=1126"}],"version-history":[{"count":11,"href":"https:\/\/semmelweis.hu\/bokayklinika\/wp-json\/wp\/v2\/pages\/1126\/revisions"}],"predecessor-version":[{"id":6964,"href":"https:\/\/semmelweis.hu\/bokayklinika\/wp-json\/wp\/v2\/pages\/1126\/revisions\/6964"}],"up":[{"embeddable":true,"href":"https:\/\/semmelweis.hu\/bokayklinika\/wp-json\/wp\/v2\/pages\/95"}],"wp:attachment":[{"href":"https:\/\/semmelweis.hu\/bokayklinika\/wp-json\/wp\/v2\/media?parent=1126"}],"wp:term":[{"taxonomy":"category","embeddable":true,"href":"https:\/\/semmelweis.hu\/bokayklinika\/wp-json\/wp\/v2\/categories?post=1126"},{"taxonomy":"post_tag","embeddable":true,"href":"https:\/\/semmelweis.hu\/bokayklinika\/wp-json\/wp\/v2\/tags?post=1126"}],"curies":[{"name":"wp","href":"https:\/\/api.w.org\/{rel}","templated":true}]}}