{"id":112,"date":"2020-06-03T12:29:08","date_gmt":"2020-06-03T10:29:08","guid":{"rendered":"https:\/\/semmelweis.hu\/gyermekklinika1\/?page_id=112"},"modified":"2024-11-26T15:27:09","modified_gmt":"2024-11-26T14:27:09","slug":"5-evfolyam","status":"publish","type":"page","link":"https:\/\/semmelweis.hu\/bokayklinika\/oktatas\/aok-gradualis\/5-evfolyam\/","title":{"rendered":"5. \u00e9vfolyam"},"content":{"rendered":"<div class=\"keretes\">\n<p><strong>Tisztelt Hallgat\u00f3k!<\/strong><\/p>\n<p style=\"text-align: left\">T\u00e1j\u00e9koztatjuk \u00d6n\u00f6ket, hogy a tanulm\u00e1nyi \u00fcgyint\u00e9z\u00e9s a II. emeleti titk\u00e1rs\u00e1gon t\u00f6rt\u00e9nik.<br \/>\n<strong><br \/>\n\u00dcgyint\u00e9z\u0151: <\/strong>Stolm\u00e1r Enik\u0151:\u00a0<br \/>\n<strong><a href=\"mailto:tanulmanyi.bokay@semmelweis.hu\"><span style=\"font-size: 14pt\">tanulmanyi.bokay@semmelweis.hu<\/span><\/a><\/strong><\/p>\n<\/div>\n<div style=\"text-align: justify\"><span style=\"color: #ff9900\"><strong>A vizsg\u00e1ra minden vizsg\u00e1z\u00f3 k\u00f6teles f\u00e9nyk\u00e9pes, szem\u00e9lyazonos\u00edt\u00e1s\u00e1ra alkalmas igazolv\u00e1nyt mag\u00e1val hozni \u00e9s azt a vizsga el\u0151tt bemutatni.<\/strong><\/span><\/div>\n<div>\u00a0<\/div>\n<div style=\"text-align: left\"><strong>Let\u00f6lthet\u0151 \u00e1ltal\u00e1nos oktat\u00e1si dokumentumok:<\/strong><\/div>\n<div style=\"text-align: left\"><a href=\"https:\/\/semmelweis.hu\/bokayklinika\/files\/2022\/09\/OKTATASI-UTMUTATO-22_aug_30.pdf\">Oktat\u00e1si \u00fatmutat\u00f3<\/a><br \/>\n<a href=\"https:\/\/semmelweis.hu\/bokayklinika\/files\/2022\/09\/Uj_tetelsor_magyar_otodev_2022-23.pdf\" target=\"_blank\" rel=\"noopener noreferrer\">V. \u00e9ves kollokviumi t\u00e9telsor\u00a0<\/a><br \/>\n<a href=\"https:\/\/semmelweis.hu\/bokayklinika\/files\/2022\/09\/AOKGY1960_1M_Kovetelmenyrendszer_20220711_uj-tetelsorral_modositott_v3.pdf\" target=\"_blank\" rel=\"noopener noreferrer\">Gyermekgy\u00f3gy\u00e1szat (V. \u00e9vfolyam) K\u00f6vetelm\u00e9nyrendszer<\/a><br \/>\n<a href=\"https:\/\/semmelweis.hu\/bokayklinika\/files\/2022\/09\/Gyermekgyogyaszat_blokk_orarend_magyar_honlapra.pdf\" target=\"_blank\" rel=\"noopener noreferrer\">\u00d6t\u00f6d\u00e9ves blokkoktat\u00e1s \u00f3rarend<\/a><\/div>\n<div><a href=\"https:\/\/semmelweis.hu\/bokayklinika\/files\/2024\/10\/Magyar-nyelvu-oktatassal-kapcsolatos-intezkedesi-terv_2023-24-2.pdf\" target=\"_blank\" rel=\"noopener\">Magyar nyelv\u0171 oktat\u00e1ssal kapcsolatos int\u00e9zked\u00e9si terv<\/a><\/div>\n<div>\u00a0<\/div>\n<div>\u00a0<\/div>\n<div>\u00a0<\/div>\n<div><strong>F\u00e9lfogad\u00e1si id\u0151:<\/strong><\/div>\n<div>\u00a0<\/div>\n<div>\n<table style=\"border-collapse: collapse;width: 89.6728%;height: 133px\">\n<tbody>\n<tr style=\"height: 33px\">\n<td style=\"width: 11.5151%;height: 33px\"><strong>H\u00c9TF\u0150<\/strong><\/td>\n<td style=\"width: 42.4581%;height: 33px;text-align: center\"><strong>10:00 &#8211; 12:00<\/strong><\/td>\n<td style=\"width: 57.0608%;height: 133px;text-align: center\" rowspan=\"4\"><strong>Telefon: (06 1) 3343-186\/52656<\/strong><\/td>\n<\/tr>\n<tr style=\"height: 34px\">\n<td style=\"width: 11.5151%;height: 34px\"><strong>KEDD<\/strong><\/td>\n<td style=\"width: 42.4581%;height: 34px;text-align: center\"><strong>13:00 &#8211; 15:00<\/strong><\/td>\n<\/tr>\n<tr style=\"height: 33px\">\n<td style=\"width: 11.5151%;height: 33px\"><strong>SZERDA<\/strong><\/td>\n<td style=\"width: 42.4581%;height: 33px;text-align: center\"><strong>10:00 &#8211; 12:00<\/strong><\/td>\n<\/tr>\n<tr style=\"height: 33px\">\n<td style=\"width: 11.5151%;height: 33px\"><strong>CS\u00dcT\u00d6RT\u00d6K<\/strong><\/td>\n<td style=\"width: 42.4581%;height: 33px;text-align: center\"><strong>13:00 &#8211; 15:00<\/strong><\/td>\n<\/tr>\n<\/tbody>\n<\/table>\n<\/div>\n","protected":false},"excerpt":{"rendered":"<p>Tisztelt Hallgat\u00f3k! T\u00e1j\u00e9koztatjuk \u00d6n\u00f6ket, hogy a tanulm\u00e1nyi \u00fcgyint\u00e9z\u00e9s a II. emeleti titk\u00e1rs\u00e1gon t\u00f6rt\u00e9nik. \u00dcgyint\u00e9z\u0151: Stolm\u00e1r Enik\u0151:\u00a0 <a href=\"mailto:tanulmanyi.bokay@semmelweis.hu\">tanulmanyi.bokay@semmelweis.hu<\/a> A vizsg\u00e1ra minden vizsg\u00e1z\u00f3 k\u00f6teles f\u00e9nyk\u00e9pes, szem\u00e9lyazonos\u00edt\u00e1s\u00e1ra alkalmas igazolv\u00e1nyt mag\u00e1val hozni \u00e9s azt a vizsga el\u0151tt bemutatni. \u00a0 Let\u00f6lthet\u0151 \u00e1ltal\u00e1nos oktat\u00e1si dokumentumok: <a href=\"https:\/\/semmelweis.hu\/bokayklinika\/files\/2022\/09\/OKTATASI-UTMUTATO-22_aug_30.pdf\">Oktat\u00e1si \u00fatmutat\u00f3<\/a> <a href=\"https:\/\/semmelweis.hu\/bokayklinika\/files\/2022\/09\/Uj_tetelsor_magyar_otodev_2022-23.pdf\" target=\"_blank\" rel=\"noopener noreferrer\">V. \u00e9ves kollokviumi t\u00e9telsor\u00a0<\/a> <a href=\"https:\/\/semmelweis.hu\/bokayklinika\/files\/2022\/09\/AOKGY1960_1M_Kovetelmenyrendszer_20220711_uj-tetelsorral_modositott_v3.pdf\" target=\"_blank\" rel=\"noopener noreferrer\">Gyermekgy\u00f3gy\u00e1szat (V. \u00e9vfolyam) K\u00f6vetelm\u00e9nyrendszer<\/a> <a href=\"https:\/\/semmelweis.hu\/bokayklinika\/files\/2022\/09\/Gyermekgyogyaszat_blokk_orarend_magyar_honlapra.pdf\" target=\"_blank\" rel=\"noopener noreferrer\">\u00d6t\u00f6d\u00e9ves blokkoktat\u00e1s \u00f3rarend<\/a> <a href=\"https:\/\/semmelweis.hu\/bokayklinika\/files\/2024\/10\/Magyar-nyelvu-oktatassal-kapcsolatos-intezkedesi-terv_2023-24-2.pdf\" target=\"_blank\" rel=\"noopener\">Magyar nyelv\u0171 oktat\u00e1ssal kapcsolatos int\u00e9zked\u00e9si terv<\/a> \u00a0 \u00a0 \u00a0 F\u00e9lfogad\u00e1si id\u0151: \u00a0 H\u00c9TF\u0150 10:00 &#8211; 12:00 Telefon: (06 1) 3343-186\/52656 KEDD 13:00 &#8211; &hellip;<\/p>\n","protected":false},"author":101740,"featured_media":0,"parent":111,"menu_order":1,"comment_status":"closed","ping_status":"closed","template":"","meta":{"_acf_changed":false,"footnotes":""},"categories":[],"tags":[],"class_list":["post-112","page","type-page","status-publish","hentry"],"acf":[],"_links":{"self":[{"href":"https:\/\/semmelweis.hu\/bokayklinika\/wp-json\/wp\/v2\/pages\/112","targetHints":{"allow":["GET"]}}],"collection":[{"href":"https:\/\/semmelweis.hu\/bokayklinika\/wp-json\/wp\/v2\/pages"}],"about":[{"href":"https:\/\/semmelweis.hu\/bokayklinika\/wp-json\/wp\/v2\/types\/page"}],"author":[{"embeddable":true,"href":"https:\/\/semmelweis.hu\/bokayklinika\/wp-json\/wp\/v2\/users\/101740"}],"replies":[{"embeddable":true,"href":"https:\/\/semmelweis.hu\/bokayklinika\/wp-json\/wp\/v2\/comments?post=112"}],"version-history":[{"count":13,"href":"https:\/\/semmelweis.hu\/bokayklinika\/wp-json\/wp\/v2\/pages\/112\/revisions"}],"predecessor-version":[{"id":6320,"href":"https:\/\/semmelweis.hu\/bokayklinika\/wp-json\/wp\/v2\/pages\/112\/revisions\/6320"}],"up":[{"embeddable":true,"href":"https:\/\/semmelweis.hu\/bokayklinika\/wp-json\/wp\/v2\/pages\/111"}],"wp:attachment":[{"href":"https:\/\/semmelweis.hu\/bokayklinika\/wp-json\/wp\/v2\/media?parent=112"}],"wp:term":[{"taxonomy":"category","embeddable":true,"href":"https:\/\/semmelweis.hu\/bokayklinika\/wp-json\/wp\/v2\/categories?post=112"},{"taxonomy":"post_tag","embeddable":true,"href":"https:\/\/semmelweis.hu\/bokayklinika\/wp-json\/wp\/v2\/tags?post=112"}],"curies":[{"name":"wp","href":"https:\/\/api.w.org\/{rel}","templated":true}]}}