{"id":111,"date":"2020-06-03T12:29:08","date_gmt":"2020-06-03T10:29:08","guid":{"rendered":"https:\/\/semmelweis.hu\/gyermekklinika1\/?page_id=111"},"modified":"2025-09-16T14:13:15","modified_gmt":"2025-09-16T12:13:15","slug":"aok-gradualis","status":"publish","type":"page","link":"https:\/\/semmelweis.hu\/bokayklinika\/oktatas\/aok-gradualis\/","title":{"rendered":"\u00c1OK gradu\u00e1lis"},"content":{"rendered":"<div class=\"keretes\">Felh\u00edvjuk a hallgat\u00f3k figyelm\u00e9t, hogy a Gyermekgy\u00f3gy\u00e1szati Klinik\u00e1n v\u00e9gzett b\u00e1rmilyen gyakorlat (ny\u00e1ri gyakorlat, klinikai munka, V. vagy VI. \u00e9ves gyakorlat) megkezd\u00e9s\u00e9hez \u00e9rv\u00e9nyes eg\u00e9szs\u00e9g\u00fcgyi alkalmass\u00e1gi, valamint negat\u00edv sz\u00e9klet bakteriol\u00f3giai eredm\u00e9ny sz\u00fcks\u00e9ges.<\/div>\n<p><strong>Tisztelt L\u00e1togat\u00f3!<\/strong><\/p>\n<p>K\u00f6sz\u00f6ntj\u00fck a\u00a0<a href=\"https:\/\/semmelweis.hu\/bokayklinika\/a-gyermekgyogyaszati-klinika-bokay-utcai-reszleg-bemutatasa\/\" target=\"_blank\" rel=\"noopener\">Semmelweis Egyetem Gyermekgy\u00f3gy\u00e1szati Klinika B\u00f3kay utcai r\u00e9szleg<\/a> honlapj\u00e1n. Int\u00e9zm\u00e9ny\u00fcnkben zajlik a gyermekgy\u00f3gy\u00e1szat tant\u00e1rgy elm\u00e9leti \u00e9s gyakorlati oktat\u00e1sa az \u00c1ltal\u00e1nos Orvostudom\u00e1nyi (V., VI. \u00e9vfolyam) Kar hallgat\u00f3i sz\u00e1m\u00e1ra.<\/p>\n<p>Klinik\u00e1nkon lehet\u0151s\u00e9g van k\u00f6telez\u0151en v\u00e1laszthat\u00f3 t\u00e1rgyak felv\u00e9tel\u00e9re:<\/p>\n<ul>\n<li>A sz\u00e1m\u00edt\u00f3g\u00e9p assziszt\u00e1lt seb\u00e9szet alkalmaz\u00e1si ter\u00fcletei<\/li>\n<li><span style=\"text-align: justify;font-size: 1rem\">Gyermek- \u00e9s ifj\u00fas\u00e1gpszichi\u00e1tria alapvonalai<\/span><\/li>\n<li><span style=\"text-align: justify;font-size: 1rem\">Neonatol\u00f3gia<\/span><\/li>\n<li><span style=\"text-align: justify;font-size: 1rem\">Szoptat\u00e1s \u00e9s hum\u00e1n lakt\u00e1ci\u00f3 elm\u00e9lete, egy\u00e9ni \u00e9s k\u00f6z\u00f6ss\u00e9gi t\u00e1mogat\u00e1sa<\/span><\/li>\n<\/ul>\n<p>valamint TDK, szakdolgozat \u00e9s rektori p\u00e1lyamunka keret\u00e9ben biztos\u00edtjuk hallgat\u00f3ink sz\u00e1m\u00e1ra tud\u00e1suk b\u0151v\u00edt\u00e9s\u00e9t.<\/p>\n<p>Min\u0151s\u00edtett oktat\u00f3ink speci\u00e1lis ter\u00fcleteken dolgoz\u00f3 orvosok, akik k\u00f6z\u00fcl sokaknak tudom\u00e1nyos min\u0151s\u00edt\u00e9se van, a hazai tudom\u00e1nyos \u00e9letben elismertek \u00e9s t\u00f6bben hazai \u00e9s nemzetk\u00f6zi t\u00e1rsas\u00e1gok tiszts\u00e9gvisel\u0151i. A visszajelz\u00e9sek alapj\u00e1n b\u00fcszk\u00e9n \u00e1ll\u00edthatjuk, hogy orvosaink a medikusok oktat\u00e1sa \u00fcgy\u00e9ben kiemelked\u0151en elk\u00f6telezettek. Fontosnak tartjuk azt is kiemelni, hogy idegennyelv\u0171 (angol, n\u00e9met) \u00e9s posztgradu\u00e1lis oktat\u00e1si tev\u00e9kenys\u00e9g\u00fcnk is jelent\u0151s, valamint eg\u00e9szs\u00e9g\u00fcgyi szakdolgoz\u00f3k k\u00e9pz\u00e9s\u00e9ben is r\u00e9szt vesz\u00fcnk.<\/p>\n","protected":false},"excerpt":{"rendered":"<p>Felh\u00edvjuk a hallgat\u00f3k figyelm\u00e9t, hogy a Gyermekgy\u00f3gy\u00e1szati Klinik\u00e1n v\u00e9gzett b\u00e1rmilyen gyakorlat (ny\u00e1ri gyakorlat, klinikai munka, V. vagy VI. \u00e9ves gyakorlat) megkezd\u00e9s\u00e9hez \u00e9rv\u00e9nyes eg\u00e9szs\u00e9g\u00fcgyi alkalmass\u00e1gi, valamint negat\u00edv sz\u00e9klet bakteriol\u00f3giai eredm\u00e9ny sz\u00fcks\u00e9ges. Tisztelt L\u00e1togat\u00f3! K\u00f6sz\u00f6ntj\u00fck a\u00a0 <a href=\"https:\/\/semmelweis.hu\/bokayklinika\/a-gyermekgyogyaszati-klinika-bokay-utcai-reszleg-bemutatasa\/\" target=\"_blank\" rel=\"noopener\">Semmelweis Egyetem Gyermekgy\u00f3gy\u00e1szati Klinika B\u00f3kay utcai r\u00e9szleg<\/a> honlapj\u00e1n. Int\u00e9zm\u00e9ny\u00fcnkben zajlik a gyermekgy\u00f3gy\u00e1szat tant\u00e1rgy elm\u00e9leti \u00e9s gyakorlati oktat\u00e1sa az \u00c1ltal\u00e1nos Orvostudom\u00e1nyi (V., VI. \u00e9vfolyam) Kar hallgat\u00f3i sz\u00e1m\u00e1ra. Klinik\u00e1nkon lehet\u0151s\u00e9g &hellip;<\/p>\n","protected":false},"author":101740,"featured_media":0,"parent":13,"menu_order":1,"comment_status":"closed","ping_status":"closed","template":"","meta":{"_acf_changed":false,"footnotes":""},"categories":[],"tags":[],"class_list":["post-111","page","type-page","status-publish","hentry"],"acf":[],"_links":{"self":[{"href":"https:\/\/semmelweis.hu\/bokayklinika\/wp-json\/wp\/v2\/pages\/111","targetHints":{"allow":["GET"]}}],"collection":[{"href":"https:\/\/semmelweis.hu\/bokayklinika\/wp-json\/wp\/v2\/pages"}],"about":[{"href":"https:\/\/semmelweis.hu\/bokayklinika\/wp-json\/wp\/v2\/types\/page"}],"author":[{"embeddable":true,"href":"https:\/\/semmelweis.hu\/bokayklinika\/wp-json\/wp\/v2\/users\/101740"}],"replies":[{"embeddable":true,"href":"https:\/\/semmelweis.hu\/bokayklinika\/wp-json\/wp\/v2\/comments?post=111"}],"version-history":[{"count":9,"href":"https:\/\/semmelweis.hu\/bokayklinika\/wp-json\/wp\/v2\/pages\/111\/revisions"}],"predecessor-version":[{"id":7473,"href":"https:\/\/semmelweis.hu\/bokayklinika\/wp-json\/wp\/v2\/pages\/111\/revisions\/7473"}],"up":[{"embeddable":true,"href":"https:\/\/semmelweis.hu\/bokayklinika\/wp-json\/wp\/v2\/pages\/13"}],"wp:attachment":[{"href":"https:\/\/semmelweis.hu\/bokayklinika\/wp-json\/wp\/v2\/media?parent=111"}],"wp:term":[{"taxonomy":"category","embeddable":true,"href":"https:\/\/semmelweis.hu\/bokayklinika\/wp-json\/wp\/v2\/categories?post=111"},{"taxonomy":"post_tag","embeddable":true,"href":"https:\/\/semmelweis.hu\/bokayklinika\/wp-json\/wp\/v2\/tags?post=111"}],"curies":[{"name":"wp","href":"https:\/\/api.w.org\/{rel}","templated":true}]}}