{"id":1100,"date":"2020-06-30T16:13:53","date_gmt":"2020-06-30T14:13:53","guid":{"rendered":"https:\/\/semmelweis.hu\/gyermekklinika1\/?page_id=1100"},"modified":"2025-02-13T14:20:05","modified_gmt":"2025-02-13T13:20:05","slug":"pic-osztaly","status":"publish","type":"page","link":"https:\/\/semmelweis.hu\/bokayklinika\/betegellatas\/fekvobeteg-ellatas\/pic-osztaly\/","title":{"rendered":"Korasz\u00fcl\u00f6tt Intenz\u00edv Oszt\u00e1ly"},"content":{"rendered":"<div class=\"keretes\" style=\"text-align: justify\">\n<p style=\"text-align: justify\"><strong>Gyermekgy\u00f3gy\u00e1szati Klinika<\/strong> (B\u00f3kay utcai r\u00e9szleg) <strong>Korasz\u00fcl\u00f6tt Intenz\u00edv Oszt\u00e1ly<\/strong><br \/>\n<strong>Oszt\u00e1lyvezet\u0151:<\/strong> <br \/>\nDr. Szab\u00f3 Mikl\u00f3s\u00a0 \u00a0 \u00a0 \u00a0 \u00a0 \u00a0 \u00a0 \u00a0 \u00a0 <strong>Oszt\u00e1lyvezet\u0151 f\u0151n\u0151v\u00e9r:<\/strong> <br \/>\nSzabadin\u00e9 Sz\u00e9kelyi Andrea\u00a0 \u00a0 \u00a0 \u00a0 \u00a0 \u00a0 <strong>Telefon: <\/strong>+36-1-3343-186 \/ 52794 \u00e9s 52795<\/p>\n<p><strong>Betegjogi k\u00e9pvisel\u0151:<\/strong> <br \/>\nErhardtn\u00e9 Dr. Gach\u00e1lyi Anik\u00f3 \u00a0\u00a0 <a href=\"https:\/\/semmelweis.hu\/bokayklinika\/betegellatas\/betegjogi-kepviselo\/\">el\u00e9rhet\u0151s\u00e9g \u00e9s fogad\u00f3 \u00f3ra<\/a><\/p>\n<\/div>\n<p style=\"text-align: justify\">Kedves Sz\u00fcl\u0151k!<\/p>\n<p style=\"text-align: justify\">K\u00f6sz\u00f6ntj\u00fck \u00d6n\u00f6ket a B\u00f3kay Gyermekklinika \u00dajsz\u00fcl\u00f6tt Intenz\u00edv Oszt\u00e1ly\u00e1n. B\u00edzunk benne, hogy az el\u0151tt\u00fcnk \u00e1ll\u00f3 k\u00f6z\u00f6s er\u0151fesz\u00edt\u00e9sek nyom\u00e1n gyermek\u00fck \u00e9s csal\u00e1djuk, pillanatnyilag neh\u00e9z, aggodalommal teli helyzete hamarosan jobbra fordul.<\/p>\n<p style=\"text-align: justify\">K\u00e9rj\u00fck \u00d6n\u00f6ket, hogy olvass\u00e1k el az al\u00e1bbi t\u00e1j\u00e9koztat\u00f3t, amelyben a h\u00e1zirend, \u00e1ltalunk legfontosabbnak tartott r\u00e9szleteit emelt\u00fck ki.\u00a0 K\u00e9rj\u00fck, hogy tarts\u00e1k be a felsorolt szab\u00e1lyokat annak \u00e9rdek\u00e9ben, hogy min\u00e9l z\u00f6kken\u0151mentesebb lehessen az egy\u00fcttm\u0171k\u00f6d\u00e9s\u00fcnk az elk\u00f6vetkez\u0151 napokban.\u00a0<\/p>\n<p>&nbsp;<\/p>\n<h4 style=\"text-align: justify\"><strong><span style=\"font-size: 12pt\"><em>Hisz\u00fcnk abban, hogy az egym\u00e1s ir\u00e1nti nyitotts\u00e1g, bizalom \u00e9s elfogad\u00e1s seg\u00edt lek\u00fczdeni a f\u00e9lelmeket, \u00e9s ez megsokszorozza azokat az energi\u00e1kat, amelyek a bab\u00e1k k\u00f6z\u00f6s gy\u00f3gy\u00edt\u00e1s\u00e1t szolg\u00e1lj\u00e1k!<\/em><\/span><\/strong><\/h4>\n<h4>\u00a0<\/h4>\n<h4 style=\"text-align: justify\"><strong>L\u00e1togat\u00e1s<\/strong><\/h4>\n<p style=\"text-align: justify\">Hisz\u00fcnk abban, hogy az \u00e9desany\u00e1k \u00e9s \u00e9desap\u00e1k jelenl\u00e9te gyermek\u00fck mellett, n\u00f6veli a gy\u00f3gyul\u00e1s es\u00e9lyeit. Ez\u00e9rt t\u00f6reksz\u00fcnk arra, hogy gyermek\u00fck betegs\u00e9g\u00e9nek s\u00falyoss\u00e1g\u00e1t\u00f3l f\u00fcggetlen\u00fcl is min\u00e9l t\u00f6bb id\u0151t t\u00f6lthessenek egy\u00fctt gyermek\u00fckkel. Az oszt\u00e1lyon t\u00f6rt\u00e9n\u0151 egyes beavatkoz\u00e1sok, a munkaszervez\u00e9s \u00e9s a rendelkez\u00e9sre \u00e1ll\u00f3 sz\u0171k\u00f6s helyek azonban bizonyos korl\u00e1tokat jelentenek.<\/p>\n<ul style=\"list-style-type: square\">\n<li style=\"text-align: justify\"><strong>K\u00e9rj\u00fck, hogy a gyermeket csak \u00d6n\u00f6k, a sz\u00fcl\u0151k l\u00e1togass\u00e1k.<\/strong> Az oszt\u00e1ly zs\u00fafolts\u00e1ga miatt nagysz\u00fcl\u0151k sz\u00e1m\u00e1ra egy alkalommal biztos\u00edtunk l\u00e1togat\u00e1si lehet\u0151s\u00e9get, ennek maxim\u00e1lis id\u0151tartama 5 perc.\u00a0El\u0151fordulhat, hogy az oszt\u00e1ly zs\u00fafolts\u00e1ga miatt megk\u00e9rj\u00fck \u00d6n\u00f6ket, hogy egyszerre csak egyik\u00fck tart\u00f3zkodjon a gyermek mellett.<\/li>\n<li style=\"text-align: justify\">Az oszt\u00e1ly munkarendje \u00e9s a m\u0171szakv\u00e1lt\u00e1sok miatt <strong>k\u00e9rj\u00fck, hogy a l\u00e1togat\u00e1st 11:00-18.00, valamint 20:00-06:00 \u00f3ra k\u00f6z\u00f6tti id\u0151szakra id\u0151z\u00edts\u00e9k<\/strong>.<\/li>\n<li style=\"text-align: justify\"><strong>A 11:00-18.00 \u00f3ra k\u00f6z\u00f6tti id\u0151szakban k\u00e9rj\u00fck ne csengessenek<\/strong>, 11:00 \u00f3rakor, majd azut\u00e1n minden \u00f3ra 30. perc\u00e9ben nyitjuk az ajt\u00f3t \u00e9s engedj\u00fck be \u00d6n\u00f6ket.<\/li>\n<li style=\"text-align: justify\">A bej\u00e1r\u00f3 szoptat\u00f3, \u00e9s az anyaszob\u00e1n elhelyezett anyuk\u00e1k l\u00e1togat\u00e1sa a fentiekt\u0151l elt\u00e9r\u0151 (gyakoribb), az oszt\u00e1lyra val\u00f3 bel\u00e9p\u00e9st egy\u00e9nileg szem\u00e9lyesen sz\u00fcks\u00e9ges egyeztetni.<\/li>\n<li style=\"text-align: justify\">N\u00e9ha rendk\u00edv\u00fcli, s\u00fcrg\u0151ss\u00e9gi helyzet ad\u00f3dhat, amikor az \u00e9ppen bajban lev\u0151 baba \u00e9rdek\u00e9ben a l\u00e1togat\u00e1st fel kell f\u00fcggeszteni, illetve hosszabban kell v\u00e1rakozni a bel\u00e9ptet\u00e9sig. K\u00e9rj\u00fck, ezt fogadj\u00e1k meg\u00e9rt\u00e9ssel!<\/li>\n<li style=\"text-align: justify\">Az oszt\u00e1lyunkon zajl\u00f3 egyetemi \u00e9s tov\u00e1bbk\u00e9pz\u0151 gyakorlati orvosk\u00e9pz\u00e9s miatt alkalmank\u00e9nt zs\u00fafolts\u00e1g alakulhat ki. Ilyenkor is t\u00f6reksz\u00fcnk arra, hogy a bab\u00e1k nyugalm\u00e1t ne zavarjuk. K\u00e9rj\u00fck az \u00d6n\u00f6k t\u00fcrelm\u00e9t, amikor egyszerre sokan vannak a k\u00f3rteremben.\u00a0<\/li>\n<li style=\"text-align: justify\">A gyermekeket nagyobb testv\u00e9rek, keresztsz\u00fcl\u0151k, nagyn\u00e9nik, nagyb\u00e1csik \u00e9s egy\u00e9b hozz\u00e1tartoz\u00f3k nem l\u00e1togathatj\u00e1k!<\/li>\n<\/ul>\n<h4 style=\"text-align: justify\"><strong>Anyatej, \u00e1pol\u00e1s<\/strong><\/h4>\n<p style=\"text-align: justify\"><strong>A bab\u00e1k gy\u00f3gy\u00edt\u00e1s\u00e1ban n\u00e9lk\u00fcl\u00f6zhetetlen \u00e9s felbecs\u00fclhetetlen \u00e9rt\u00e9k az anyatej! <\/strong>\u00d6n\u00f6knek komoly feladata van abban, hogy gyermek\u00fck r\u00e9szes\u00fclhessen az anyatej k\u00edn\u00e1lta el\u0151ny\u00f6kben.\u00a0 A beteg bab\u00e1k t\u00f6bbs\u00e9ge kezdetben szopni m\u00e9g nem tud, de anyatejre sz\u00fcks\u00e9g\u00fck van. A bab\u00e1val kapcsolatos sok aggodalom k\u00f6zepette nem ritka, hogy a tejelv\u00e1laszt\u00e1s elindul\u00e1sa k\u00e9sik, a fej\u00e9s neh\u00e9zs\u00e9gekbe \u00fctk\u00f6zik.<strong> Forduljon bizalommal munkat\u00e1rsainkhoz, k\u00e9szs\u00e9gesen ny\u00fajtunk seg\u00edts\u00e9get!<\/strong><\/p>\n<p style=\"text-align: justify\">Az otthon lefejt anyatej sz\u00e1ll\u00edt\u00e1s\u00e1hoz steril ed\u00e9nyt, n\u0151v\u00e9reink adnak. K\u00e9rj\u00fck az anyatejet h\u0171t\u0151t\u00e1sk\u00e1ban, j\u00e9gakku mellett sz\u00e1ll\u00edts\u00e1k. <strong>A Klinik\u00e1n is van lehet\u0151s\u00e9g az anyatej fej\u00e9s\u00e9re,<\/strong> azonban az oszt\u00e1lyon higi\u00e9niai okok miatt fejni nem lehet.<\/p>\n<p style=\"text-align: justify\">\u00d6r\u00f6mmel fogadjuk, ha gyermek\u00fcknek megfelel\u0151 m\u00e9ret\u0171 egyszer haszn\u00e1latos pelenk\u00e1t, popsit\u00f6rl\u0151t \u00e9s f\u00fcrdet\u0151t, test\u00e1pol\u00f3t hoznak. Ezek kiv\u00e1laszt\u00e1s\u00e1ban sz\u00edvesen adunk tan\u00e1csot, forduljanak bizalommal koll\u00e9g\u00e1inkhoz!<\/p>\n<p style=\"text-align: justify\">Amint gyermek\u00fck \u00e1llapota javul, sz\u00e1m\u00edtunk arra, hogy \u00d6n\u00f6k, sz\u00fcl\u0151k is egyre akt\u00edvabban bekapcsol\u00f3dnak az \u00e1pol\u00e1sba. <strong>Az \u00e1pol\u00e1s \u00e9s gy\u00f3gy\u00edt\u00e1s r\u00e9szek\u00e9nt a &#8222;<a href=\"https:\/\/www.atehangodatismerem.hu\/tortenetunk\" target=\"_blank\" rel=\"noopener\">A Te hangodat ismerem Program<\/a>&#8222;<\/strong> program \u00f6nk\u00e9ntesei seg\u00edtik a munk\u00e1nkat \u00e9s seg\u00edtik \u00d6n\u00f6ket. Arra b\u00e1tor\u00edtjuk \u00d6n\u00f6ket, hogy forduljanak hozz\u00e1juk bizalommal, keress\u00e9k vel\u00fck a kapcsolatot!<\/p>\n<h4 style=\"text-align: justify\"><strong>\u00d6lt\u00f6zet<\/strong><\/h4>\n<p style=\"text-align: justify\">Az oszt\u00e1lyunk steril l\u00e9gbef\u00fav\u00e1sos, l\u00e9gkondicion\u00e1lt oszt\u00e1ly. Viszonylag meleg van, ez\u00e9rt \u00e9rdemes k\u00f6nny\u0171 \u00f6lt\u00f6zetben bel\u00e9pni az oszt\u00e1lyra. A kab\u00e1tot, zak\u00f3t, pul\u00f3vert a v\u00e1r\u00f3ban lev\u0151 ruh\u00e1sszekr\u00e9nyben kell elhelyezni. Az \u00e9rt\u00e9kt\u00e1rgyakat, az el\u0151t\u00e9rben elhelyezett szekr\u00e9nyekbe tudj\u00e1k berakni, k\u00e9rj\u00fck ezeket haszn\u00e1lj\u00e1k. \u00c9desany\u00e1knak \u00e9rdemes el\u0151l kigombolhat\u00f3 \u00f6lt\u00f6z\u00e9kben j\u00f6nni, hogy amennyiben kenguruz\u00e1sra lehet\u0151s\u00e9g ny\u00edlik, akkor az \u00f6lt\u00f6zet ne legyen akad\u00e1ly.\u00a0<\/p>\n<h4 style=\"text-align: justify\"><strong>Fert\u0151z\u00e9sek elleni v\u00e9dekez\u00e9s<\/strong><\/h4>\n<p>A k\u00f3rh\u00e1zi fert\u0151z\u00e9sek nagy vesz\u00e9lyt jelentenek a bab\u00e1kra. A fert\u0151z\u00e9sek elleni v\u00e9dekez\u00e9sben kiv\u00e9tel n\u00e9lk\u00fcl mindenkinek szerepe \u00e9s felel\u0151ss\u00e9ge van.<\/p>\n<p><strong>Legfontosabb tisztas\u00e1gi szab\u00e1lyok:<\/strong><\/p>\n<ul style=\"list-style-type: square\">\n<li style=\"text-align: justify\">K\u00f6telez\u0151 a szappanos k\u00e9zmos\u00e1s \u00e9s a k\u00e9zfert\u0151tlen\u00edt\u00e9s az oszt\u00e1lyra val\u00f3 bel\u00e9p\u00e9skor. A szab\u00e1lyos k\u00e9zfert\u0151tlen\u00edt\u00e9s l\u00e9p\u00e9seit munkat\u00e1rsaink az els\u0151 l\u00e1togat\u00e1s alkalm\u00e1val meg fogj\u00e1k mutatni.<\/li>\n<li style=\"text-align: justify\">K\u00f6telez\u0151 a k\u00e9zfert\u0151tlen\u00edt\u00e9s a baba \u00e9rint\u00e9se el\u0151tt.\u00a0 A fert\u0151tlen\u00edt\u0151szeres adagol\u00f3, minden gyermek \u00e1gya \/ inkub\u00e1tora k\u00f6zel\u00e9ben tal\u00e1lhat\u00f3. Ha \u00e9ppen nem tal\u00e1lja, k\u00e9rje seg\u00edts\u00e9g\u00fcnket.<\/li>\n<li style=\"text-align: justify\">A hat\u00e1sos k\u00e9zfert\u0151tlen\u00edt\u00e9s felt\u00e9tele a r\u00f6vidre v\u00e1gott k\u00f6r\u00f6m, a m\u0171k\u00f6rm\u00f6k \u00e9s k\u00f6r\u00f6mfest\u00e9k elt\u00e1vol\u00edt\u00e1sa.<\/li>\n<li style=\"text-align: justify\">Es\u0151s, s\u00e1ros id\u0151 eset\u00e9n l\u00e1bzs\u00e1k haszn\u00e1lata az oszt\u00e1ly eg\u00e9sz ter\u00fclet\u00e9n k\u00f6telez\u0151. K\u00e9rj\u00fck, kenguruz\u00e1shoz v\u00e1lt\u00f3ruh\u00e1t \u00e9s papucsot hozzanak.<\/li>\n<li style=\"text-align: justify\">A k\u00f3rteremben tilos a mobiltelefon haszn\u00e1lata. Telefon\u00e1lni a sz\u00fcl\u0151v\u00e1r\u00f3ban lehet. Fot\u00f3k, vide\u00f3k k\u00e9sz\u00edt\u00e9s\u00e9nek lehet\u0151s\u00e9g\u00e9t meg kell besz\u00e9lni az \u00e1pol\u00f3kkal.<\/li>\n<li style=\"text-align: justify\">K\u00e9rj\u00fck, ne \u00e9rints\u00e9k meg az orvosi m\u0171szereket (monitorok, l\u00e9legeztet\u0151k, pump\u00e1k), ezekhez csak az \u00e1pol\u00f3k, orvosok ny\u00falnak.<\/li>\n<\/ul>\n<h4 style=\"text-align: justify\"><strong>T\u00e1j\u00e9koztat\u00e1s<\/strong><\/h4>\n<p style=\"text-align: justify\">Elk\u00f6telezettek vagyunk abban, hogy gyermek\u00fckr\u0151l a legteljesebb t\u00e1j\u00e9koztat\u00e1st ny\u00fajtsuk. A t\u00f6rv\u00e9nyi el\u0151\u00edr\u00e1soknak megfelel\u0151en csak az \u00e9desany\u00e1nak, \u00e9desap\u00e1nak, t\u00f6rv\u00e9nyes gondvisel\u0151nek, illetve a gyermek\u00fck kezel\u00e9s\u00e9ben r\u00e9szt vev\u0151 orvos koll\u00e9g\u00e1knak \u00e9s v\u00e9d\u0151n\u0151nek adunk t\u00e1j\u00e9koztat\u00e1st. Ez a telefonos t\u00e1j\u00e9koztat\u00e1sra is vonatkozik. Nagysz\u00fcl\u0151knek nem adunk felvil\u00e1gos\u00edt\u00e1st!\u00a0K\u00e9rj\u00fck, hogy a t\u00f6bbi csal\u00e1dtagot \u00d6n\u00f6k inform\u00e1lj\u00e1k a kapott t\u00e1j\u00e9koztat\u00e1s alapj\u00e1n.<\/p>\n<p style=\"text-align: justify\">A betegs\u00e9ggel, gy\u00f3gy\u00edt\u00e1ssal, kil\u00e1t\u00e1sokkal kapcsolatos inform\u00e1ci\u00f3kat az oszt\u00e1lyon dolgoz\u00f3 orvosok adnak. Az \u00e1pol\u00e1ssal kapcsolatban a n\u0151v\u00e9rekhez lehet fordulni, keress\u00e9k \u0151ket bizalommal, mindenben sz\u00e1m\u00edthatnak r\u00e1juk!<\/p>\n<p style=\"text-align: justify\">Az \u00e9jjel-nappali orvosi munkarend miatt, napk\u00f6zben nem mindig ugyanaz az orvos gondoskodik gyermek\u00fckr\u0151l, akivel az el\u0151z\u0151 napokban tal\u00e1lkoztak. A k\u00f3rh\u00e1zi kezel\u00e9s alatt nem egy \u201ekezel\u0151orvos\u201d, hanem oszt\u00e1lyunk orvos-csapata gy\u00f3gy\u00edtja gyermek\u00fcket. R\u00e9szletes orvosi t\u00e1j\u00e9koztat\u00e1sra ak\u00e1r telefonon, ak\u00e1r szem\u00e9lyesen 12:00-16:00 \u00f3ra k\u00f6z\u00f6tt id\u0151szakban van m\u00f3d. Ezen t\u00fal, \u00e9s \u00fcgyeleti id\u0151szakban csak r\u00f6vid t\u00e1j\u00e9koztat\u00e1sra van lehet\u0151s\u00e9g.<\/p>\n<p style=\"text-align: justify\">A munkarend\u00fcnk szerint a n\u0151v\u00e9rek m\u0171szakonk\u00e9nt 12 \u00f3r\u00e1n \u00e1t egyfolyt\u00e1ban vigy\u00e1zz\u00e1k \u00e9s \u00e1polj\u00e1k gyermek\u00fcket. Reggel 08:00 \u00f3ra, illetve este 20:00 \u00f3ra ut\u00e1n kaphatnak inform\u00e1ci\u00f3t arr\u00f3l, hogy ki \u00e1polja az adott m\u0171szakban gyermek\u00fcket. K\u00e9rj\u00fck, \u0151t keress\u00e9k, vele tarts\u00e1k a kapcsolatot az adott id\u0151szakban.<\/p>\n<h4 style=\"text-align: justify\"><strong>\u00a0\u201e A csal\u00e1d mint gy\u00f3gyszer\u201d-elv<\/strong><\/h4>\n<p style=\"text-align: justify\">Nemzetk\u00f6zi tapasztalatok szerint a sz\u00fcl\u0151k partnerk\u00e9nt val\u00f3 bevon\u00e1sa az intenz\u00edv oszt\u00e1lyos ell\u00e1t\u00e1st ig\u00e9nyl\u0151 \u00fajsz\u00fcl\u00f6ttek \u00e1pol\u00e1s\u00e1ba, kedvez\u0151 a gy\u00f3gyul\u00e1si folyamat szempontj\u00e1b\u00f3l, el\u0151seg\u00edti a r\u00f6videbb \u00e1pol\u00e1si id\u0151t \u00e9s eg\u00e9szs\u00e9gesebb gyermekkor kialakul\u00e1s\u00e1t. A korai sz\u00fcl\u0151-gyermek kapcsolat meger\u0151s\u00edt\u00e9s\u00e9ben rendk\u00edv\u00fcl fontos az \u00e9rint\u00e9s, az anyatejes t\u00e1pl\u00e1l\u00e1s \u00e9s az \u00fagynevezett kenguru m\u00f3dszer elsaj\u00e1t\u00edt\u00e1sa. Mindezek el\u0151seg\u00edt\u00e9s\u00e9re a k\u00f6vetkez\u0151 lehet\u0151s\u00e9gek adottak:<\/p>\n<p style=\"text-align: justify\">\n<strong>ANYATEJ:<\/strong> minden gyermek sz\u00e1m\u00e1ra els\u0151dleges fontoss\u00e1g\u00fa, ez\u00e9rt kezdetben lefejt, majd k\u00e9s\u0151bb mellb\u0151l szopva kapj\u00e1k a bab\u00e1k. A szoptat\u00e1st minden m\u00f3don t\u00e1mogatjuk, forduljon \u00e1pol\u00f3inkhoz bizalommal, mindenben sz\u00edvesen seg\u00edtenek!<\/p>\n<p style=\"text-align: justify\"><strong>KENGURUZ\u00c1S:<\/strong> A m\u00f3dszer l\u00e9nyege, hogy a kisbab\u00e1k a sz\u00fcl\u0151 mellkas\u00e1n pihennek betakarva. A b\u0151r-b\u0151r kontaktus sz\u00e1mos kedvez\u0151 \u00e9lettani hat\u00e1ssal b\u00edr a kisbaba sz\u00e1m\u00e1ra, \u00e9s el\u0151seg\u00edti a tejtermel\u00e9st az \u00e9desany\u00e1knak.<br \/>\nKenguruz\u00e1si id\u0151 a d\u00e9li etet\u00e9ssel egybek\u00f6tve, illetve 14:30 \u00f3r\u00e1t\u00f3l. A kenguruz\u00e1s id\u0151tartama minimum 2 \u00f3ra. Speci\u00e1lis kenguruz\u00e1sra alkalmas ruh\u00e1t k\u00e9rjen koll\u00e9gan\u0151inkt\u0151l. Az ezekt\u0151l elt\u00e9r\u0151 id\u0151pontot az \u00e1pol\u00f3 szem\u00e9lyzettel mindig egyeztetni kell.<\/p>\n<p style=\"text-align: justify\"><strong>ZENETER\u00c1PIA:<\/strong> A \u201e<a href=\"https:\/\/www.atehangodatismerem.hu\/\" target=\"_blank\" rel=\"noopener\">Te hangodat ismerem<\/a>\u201d program keret\u00e9ben, heti n\u00e9h\u00e1ny alkalommal zeneterapeut\u00e1ink \u00e9nekelnek egy\u00fctt a sz\u00fcl\u0151kkel git\u00e1r k\u00eds\u00e9ret\u00e9ben. Az egy\u00fcttes \u00e9nekl\u00e9s el\u0151seg\u00edti a korai sz\u00fcl\u0151-gyermek k\u00f6t\u0151d\u00e9s kialakul\u00e1s\u00e1t, \u00e9s j\u00f3t\u00e9kony hat\u00e1s\u00fa a gyermekek idegrendszeri fejl\u0151d\u00e9s\u00e9re.<br \/>\nA k\u00f3rtermekbe sz\u00fcl\u0151k sz\u00e1m\u00e1ra \u00e9tel \u00e9s ital behoz\u00e1sa tilos! \u00c9tkezni az el\u0151t\u00e9rben illetve a k\u00fcls\u0151 folyos\u00f3n lehet.<\/p>\n<h4 style=\"text-align: justify\"><strong>Sz\u00fcl\u0151k tart\u00f3zkod\u00e1sa a klinik\u00e1n<\/strong><\/h4>\n<p style=\"text-align: justify\">Fontosnak tartjuk, hogy \u00d6n a gyermeke k\u00f6zel\u00e9ben lehessen a gyermek ell\u00e1t\u00e1sa sor\u00e1n. Ennek \u00e9rdek\u00e9ben els\u0151sorban szoptat\u00f3s \u00e9desany\u00e1k, s\u00falyos \u00e1llapotban l\u00e9v\u0151 gyermekek sz\u00fclei vagy m\u00e9g haza nem adhat\u00f3, de az oszt\u00e1lyon m\u00e1r 24 \u00f3r\u00e1ban nem sz\u00fcks\u00e9gszer\u0171en tart\u00f3zkod\u00f3, els\u0151sorban kr\u00f3nikus betegek \u00e9s sz\u00fcleik sz\u00e1m\u00e1ra korl\u00e1tozott sz\u00e1mban rendelkez\u00e9sre \u00e1llnak a klinika 2. emelet\u00e9n tal\u00e1lhat\u00f3 \u201ebaba-mama szob\u00e1k\u201d. Ezek ig\u00e9nybev\u00e9tel\u00e9re a fentieket figyelembe v\u00e9ve \u00e9s a szob\u00e1k foglalts\u00e1g\u00e1t\u00f3l f\u00fcgg\u0151en ker\u00fclhet sor.<\/p>\n<p style=\"text-align: justify\">A nem budapesti, \u00e9s v\u00e1rhat\u00f3an a klinik\u00e1n hosszabb ideig tart\u00f3zkod\u00f3 csal\u00e1dok\/sz\u00fcl\u0151k sz\u00e1m\u00e1ra a klinik\u00e1val szomsz\u00e9dos utc\u00e1ban tal\u00e1lhat\u00f3, Ronald McDonald\u2019s Alap\u00edtv\u00e1ny \u00e1ltal m\u0171k\u00f6dtetett h\u00e1zban ingyenes sz\u00e1ll\u00e1sra van lehet\u0151s\u00e9g. Mindk\u00e9t sz\u00e1ll\u00e1slehet\u0151s\u00e9g ig\u00e9nybev\u00e9tele el\u0151zetes egyeztet\u00e9st k\u00edv\u00e1n az adott oszt\u00e1ly f\u0151n\u0151v\u00e9r\u00e9vel illetve a kezel\u0151orvossal.<\/p>\n<p style=\"text-align: justify\">Klinik\u00e1nk oszt\u00e1lyainak t\u00f6bbs\u00e9g\u00e9n a fentiek mellett kinyithat\u00f3 \u00e1gyakon, fotel\u00e1gyakon tudunk \u00e9jszak\u00e1ra pihen\u00e9si lehet\u0151s\u00e9get biztos\u00edtani az egyik sz\u00fcl\u0151 sz\u00e1m\u00e1ra. A kisebb betegszob\u00e1kn\u00e1l, ahol a beteg\u00e1gyak mellett tov\u00e1bbi fekv\u0151hely elhelyez\u00e9s\u00e9re nincs lehet\u0151s\u00e9g, a klinika ter\u00fclet\u00e9n igyeksz\u00fcnk megoldani ig\u00e9ny eset\u00e9n az egyik sz\u00fcl\u0151 elhelyez\u00e9s\u00e9t.<\/p>\n<p style=\"text-align: justify\">Felh\u00edvjuk sz\u00edves figyelm\u00fcket, hogy klinik\u00e1nkon kezelt egyik gyermek sem szenvedhet h\u00e1tr\u00e1nyt, \u00edgy els\u0151dleges a gyermekek biztons\u00e1gos ell\u00e1t\u00e1sa. Ennek \u00e9rdek\u00e9ben \u00e9s el\u0151seg\u00edt\u00e9s\u00e9re k\u00e9rj\u00fck a \u201eSz\u00fcl\u0151i t\u00e1j\u00e9koztat\u00f3ban\u201d le\u00edrtak \u00e9s a klinika h\u00e1zirendj\u00e9nek, id\u0151beoszt\u00e1s\u00e1nak betart\u00e1s\u00e1t!<\/p>\n<p style=\"text-align: justify\">K\u00f6sz\u00f6nj\u00fck egy\u00fcttm\u0171k\u00f6d\u00e9s\u00fcket, amelynek c\u00e9lja gyermek\u00fck min\u00e9l biztons\u00e1gosabb \u00e9s gyorsabb ell\u00e1t\u00e1sa \u00e9s otthon\u00e1ba bocs\u00e1t\u00e1sa.<\/p>\n<p style=\"text-align: justify\">\u00a0<\/p>\n\r\n        [slb_exclude]\r\n        <div class=\"row galeria-wrapper mx-0 h-auto\">\r\n            <div class=\"col-9 pl-0 pr-2\">\r\n            <span class=\"gallery-item frame\">\r\n\t\t\t\t<div class=\"galeria-left-img\"><a href=\"https:\/\/semmelweis.hu\/bokayklinika\/files\/2020\/06\/PIC1.jpg\"><img src=https:\/\/semmelweis.hu\/bokayklinika\/files\/2020\/06\/PIC1.jpg  \r\n                            alt=\"\" \r\n                            class=\"attachment-sote-gallery-big size-sote-gallery-big\" \r\n                            srcset=\"https:\/\/semmelweis.hu\/bokayklinika\/files\/2020\/06\/PIC1-400x243.jpg 400w, https:\/\/semmelweis.hu\/bokayklinika\/files\/2020\/06\/PIC1-768x466.jpg 768w, https:\/\/semmelweis.hu\/bokayklinika\/files\/2020\/06\/PIC1-753x457.jpg 753w, https:\/\/semmelweis.hu\/bokayklinika\/files\/2020\/06\/PIC1.jpg 827w\" ><\/a><\/div>\r\n            <\/span>\r\n\r\n            <\/div>\r\n\r\n\t\t\t<div class=\"col-3 pl-0 pr-0\">\r\n\t\t\t\t<div class=\"galeria-right-img d-flex justify-content-between flex-column h-100 w-100 px-0 mx-0 \">\r\n                <div class=\"galeria-box\">\r\n\t\t\t\t\t<h3 class=\"galeria-title\">Gal\u00e9ria<\/h3>\r\n\t\t\t\t\t<div class=\"galeria-subtitle\">\r\n\r\n\t\t\t\t\t\t<div class=\"galeria-page-counter\"><span>6<\/span>k\u00e9p<\/div>\r\n                    <\/div> <\/div>\r\n                    <span class=\"gallery-item frame d-none d-md-flex\">\r\n\t\t\t\t\t<div class=\"galeria-small-img mt-0\"><a href=\"https:\/\/semmelweis.hu\/bokayklinika\/files\/2020\/06\/PIC2.jpg\"><img src=https:\/\/semmelweis.hu\/bokayklinika\/files\/2020\/06\/PIC2.jpg \r\n                                alt=\"\"  \r\n                                class=\"attachment-sote-gallery-small size-sote-gallery-small\" \r\n                                srcset=\"https:\/\/semmelweis.hu\/bokayklinika\/files\/2020\/06\/PIC2-400x267.jpg 400w, https:\/\/semmelweis.hu\/bokayklinika\/files\/2020\/06\/PIC2-203x135.jpg 203w, https:\/\/semmelweis.hu\/bokayklinika\/files\/2020\/06\/PIC2.jpg 495w\" ><\/a><\/div>\r\n                    <\/span>\r\n                    <span class=\"gallery-item frame d-none d-md-flex\">\r\n\t\t\t\t\t<div class=\"galeria-small-img mt-0\"><a href=\"https:\/\/semmelweis.hu\/bokayklinika\/files\/2020\/06\/PIC3.jpg\"><img src=https:\/\/semmelweis.hu\/bokayklinika\/files\/2020\/06\/PIC3.jpg \r\n                                alt=\"\" \r\n                                class=\"attachment-sote-gallery-small size-sote-gallery-small\" \r\n                                srcset=\"https:\/\/semmelweis.hu\/bokayklinika\/files\/2020\/06\/PIC3-400x266.jpg 400w, https:\/\/semmelweis.hu\/bokayklinika\/files\/2020\/06\/PIC3-203x135.jpg 203w, https:\/\/semmelweis.hu\/bokayklinika\/files\/2020\/06\/PIC3.jpg 523w\" ><\/a><\/div>\r\n                    <\/span>\r\n\r\n                <\/div>\r\n\r\n            <\/div>\r\n\r\n            <span class=\"gallery-item\"><div class=\"hidden\"><a href=\"https:\/\/semmelweis.hu\/bokayklinika\/files\/2020\/06\/PIC4-scaled.jpg\">\r\n        <img src=https:\/\/semmelweis.hu\/bokayklinika\/files\/2020\/06\/PIC4-scaled.jpg alt=\"\" class=\"attachment-sote-gallery-big size-sote-gallery-big\" srcset=\"https:\/\/semmelweis.hu\/bokayklinika\/files\/2020\/06\/PIC4-267x400.jpg 267w, https:\/\/semmelweis.hu\/bokayklinika\/files\/2020\/06\/PIC4-683x1024.jpg 683w, https:\/\/semmelweis.hu\/bokayklinika\/files\/2020\/06\/PIC4-768x1152.jpg 768w, https:\/\/semmelweis.hu\/bokayklinika\/files\/2020\/06\/PIC4-1024x1536.jpg 1024w, https:\/\/semmelweis.hu\/bokayklinika\/files\/2020\/06\/PIC4-1365x2048.jpg 1365w, https:\/\/semmelweis.hu\/bokayklinika\/files\/2020\/06\/PIC4-753x1130.jpg 753w, https:\/\/semmelweis.hu\/bokayklinika\/files\/2020\/06\/PIC4-scaled.jpg 1707w\" >\r\n        <\/a><\/div><\/span><span class=\"gallery-item\"><div class=\"hidden\"><a href=\"https:\/\/semmelweis.hu\/bokayklinika\/files\/2020\/06\/PIC5.jpg\">\r\n        <img src=https:\/\/semmelweis.hu\/bokayklinika\/files\/2020\/06\/PIC5.jpg alt=\"\" class=\"attachment-sote-gallery-big size-sote-gallery-big\" srcset=\"https:\/\/semmelweis.hu\/bokayklinika\/files\/2020\/06\/PIC5-400x300.jpg 400w, https:\/\/semmelweis.hu\/bokayklinika\/files\/2020\/06\/PIC5.jpg 442w\" >\r\n        <\/a><\/div><\/span><span class=\"gallery-item\"><div class=\"hidden\"><a href=\"https:\/\/semmelweis.hu\/bokayklinika\/files\/2020\/06\/PIC6.jpg\">\r\n        <img src=https:\/\/semmelweis.hu\/bokayklinika\/files\/2020\/06\/PIC6.jpg alt=\"\" class=\"attachment-sote-gallery-big size-sote-gallery-big\" srcset=\"https:\/\/semmelweis.hu\/bokayklinika\/files\/2020\/06\/PIC6-400x296.jpg 400w, https:\/\/semmelweis.hu\/bokayklinika\/files\/2020\/06\/PIC6.jpg 433w\" >\r\n        <\/a><\/div><\/span>\r\n            <\/div>\r\n\r\n            [\/slb_exclude]\r\n\t\n<p style=\"text-align: justify\"><em>Fot\u00f3: Kov\u00e1cs Attila- Semmelweis Egyetem<\/em><\/p>\n","protected":false},"excerpt":{"rendered":"<p>Gyermekgy\u00f3gy\u00e1szati Klinika (B\u00f3kay utcai r\u00e9szleg) Korasz\u00fcl\u00f6tt Intenz\u00edv Oszt\u00e1ly Oszt\u00e1lyvezet\u0151: Dr. Szab\u00f3 Mikl\u00f3s\u00a0 \u00a0 \u00a0 \u00a0 \u00a0 \u00a0 \u00a0 \u00a0 \u00a0 Oszt\u00e1lyvezet\u0151 f\u0151n\u0151v\u00e9r: Szabadin\u00e9 Sz\u00e9kelyi Andrea\u00a0 \u00a0 \u00a0 \u00a0 \u00a0 \u00a0 Telefon: +36-1-3343-186 \/ 52794 \u00e9s 52795 Betegjogi k\u00e9pvisel\u0151: Erhardtn\u00e9 Dr. Gach\u00e1lyi Anik\u00f3 \u00a0\u00a0 <a href=\"https:\/\/semmelweis.hu\/bokayklinika\/betegellatas\/betegjogi-kepviselo\/\">el\u00e9rhet\u0151s\u00e9g \u00e9s fogad\u00f3 \u00f3ra<\/a> Kedves Sz\u00fcl\u0151k! K\u00f6sz\u00f6ntj\u00fck \u00d6n\u00f6ket a B\u00f3kay Gyermekklinika \u00dajsz\u00fcl\u00f6tt Intenz\u00edv Oszt\u00e1ly\u00e1n. B\u00edzunk benne, &hellip;<\/p>\n","protected":false},"author":101739,"featured_media":0,"parent":95,"menu_order":0,"comment_status":"closed","ping_status":"closed","template":"","meta":{"_acf_changed":false,"footnotes":""},"categories":[],"tags":[],"class_list":["post-1100","page","type-page","status-publish","hentry"],"acf":[],"_links":{"self":[{"href":"https:\/\/semmelweis.hu\/bokayklinika\/wp-json\/wp\/v2\/pages\/1100","targetHints":{"allow":["GET"]}}],"collection":[{"href":"https:\/\/semmelweis.hu\/bokayklinika\/wp-json\/wp\/v2\/pages"}],"about":[{"href":"https:\/\/semmelweis.hu\/bokayklinika\/wp-json\/wp\/v2\/types\/page"}],"author":[{"embeddable":true,"href":"https:\/\/semmelweis.hu\/bokayklinika\/wp-json\/wp\/v2\/users\/101739"}],"replies":[{"embeddable":true,"href":"https:\/\/semmelweis.hu\/bokayklinika\/wp-json\/wp\/v2\/comments?post=1100"}],"version-history":[{"count":12,"href":"https:\/\/semmelweis.hu\/bokayklinika\/wp-json\/wp\/v2\/pages\/1100\/revisions"}],"predecessor-version":[{"id":6836,"href":"https:\/\/semmelweis.hu\/bokayklinika\/wp-json\/wp\/v2\/pages\/1100\/revisions\/6836"}],"up":[{"embeddable":true,"href":"https:\/\/semmelweis.hu\/bokayklinika\/wp-json\/wp\/v2\/pages\/95"}],"wp:attachment":[{"href":"https:\/\/semmelweis.hu\/bokayklinika\/wp-json\/wp\/v2\/media?parent=1100"}],"wp:term":[{"taxonomy":"category","embeddable":true,"href":"https:\/\/semmelweis.hu\/bokayklinika\/wp-json\/wp\/v2\/categories?post=1100"},{"taxonomy":"post_tag","embeddable":true,"href":"https:\/\/semmelweis.hu\/bokayklinika\/wp-json\/wp\/v2\/tags?post=1100"}],"curies":[{"name":"wp","href":"https:\/\/api.w.org\/{rel}","templated":true}]}}