{"id":1095,"date":"2020-06-30T14:17:52","date_gmt":"2020-06-30T12:17:52","guid":{"rendered":"https:\/\/semmelweis.hu\/gyermekklinika1\/?page_id=1095"},"modified":"2025-02-13T14:01:30","modified_gmt":"2025-02-13T13:01:30","slug":"1095-2","status":"publish","type":"page","link":"https:\/\/semmelweis.hu\/bokayklinika\/betegellatas\/fekvobeteg-ellatas\/1095-2\/","title":{"rendered":"Intenz\u00edv ter\u00e1pi\u00e1s Oszt\u00e1ly"},"content":{"rendered":"<div class=\"keretes\">\n<div style=\"text-align: justify\"><strong>Gyermekgy\u00f3gy\u00e1szati Klinika<\/strong> (B\u00f3kay utcai r\u00e9szleg) <strong>Intenz\u00edv Ter\u00e1pi\u00e1s Oszt\u00e1ly<\/strong><\/div>\n<div style=\"text-align: left\"><strong>Oszt\u00e1lyvezet\u0151:<\/strong> Dr. L\u00f3di Csaba<br \/>\n<strong>Oszt\u00e1lyvezet\u0151 f\u0151n\u0151v\u00e9r:<\/strong> Kov\u00e1cs Katalin<\/div>\n<div><strong>Telefon:<\/strong> +36-1-334-3186 \/52693<\/div>\n<div>\u00a0<\/div>\n<div style=\"text-align: left\"><strong>Betegjogi k\u00e9pvisel\u0151:<\/strong><\/div>\n<div style=\"text-align: left\">Erhardtn\u00e9 Dr. Gach\u00e1lyi Anik\u00f3<br \/>\n<a href=\"https:\/\/semmelweis.hu\/bokayklinika\/betegellatas\/betegjogi-kepviselo\/\">el\u00e9rhet\u0151s\u00e9g \u00e9s fogad\u00f3 \u00f3ra<\/a><\/div>\n<\/div>\n<p style=\"text-align: center\"><strong><em>\u201cEl\u0151bb csin\u00e1ld meg ami sz\u00fcks\u00e9ges, ut\u00e1na azt, ami lehets\u00e9ges, \u00e9s m\u00e1ris azt fogod csin\u00e1lni ami lehetetlen.\u201d<\/em><\/strong><br \/>\n<strong>(<span style=\"font-size: 12pt\">Assisi Szent Ferenc<\/span>)<\/strong><\/p>\n<p>&nbsp;<\/p>\n<p style=\"text-align: justify\">Kedves Sz\u00fcl\u0151k!<\/p>\n<p style=\"text-align: justify\">K\u00f6sz\u00f6ntj\u00fck \u00d6n\u00f6ket a Gyermekklinika (B\u00f3kay utcai r\u00e9szleg) Intenz\u00edv Ter\u00e1pi\u00e1s Oszt\u00e1ly\u00e1n! Tudjuk, hogy gyermeke k\u00f3rh\u00e1zi kezel\u00e9se sok aggodalommal \u00e9s f\u00e9lelemmel t\u00f6lti el a csal\u00e1dot, ez\u00e9rt biztos\u00edtani k\u00edv\u00e1njuk, hogy gyermeke eredm\u00e9nyes gy\u00f3gy\u00edt\u00e1sa \u00e9s eg\u00e9szs\u00e9g\u00e9nek meg\u00f3v\u00e1sa \u00e9rdek\u00e9ben az oszt\u00e1ly valamennyi dolgoz\u00f3ja mind emberi, mind szakmai szempontb\u00f3l mindent elk\u00f6vet. K\u00e9rj\u00fck, hogy bizalm\u00e1val, t\u00fcrelm\u00e9vel \u00e9s egy\u00fcttm\u0171k\u00f6d\u00e9s\u00e9vel j\u00e1ruljon hozz\u00e1 munk\u00e1nk siker\u00e9hez.<br \/>\nEzen t\u00e1j\u00e9koztat\u00f3 c\u00e9lja, hogy ismertesse az oszt\u00e1ly m\u0171k\u00f6d\u00e9si rendj\u00e9t \u00e9s v\u00e1laszt adjon az ezzel kapcsolatban felmer\u00fcl\u0151 k\u00e9rd\u00e9seire. Gyermek\u00e9vel kapcsolatos k\u00e9rd\u00e9seire k\u00e9szs\u00e9ggel v\u00e1laszolunk.<br \/>\nGyermek\u00e9nek miel\u0151bbi gy\u00f3gyul\u00e1st, \u00d6nnek sok er\u0151t \u00e9s kitart\u00e1st k\u00edv\u00e1nunk a kezel\u00e9si id\u0151 alatt.<\/p>\n<p style=\"text-align: justify\">Gyermeke \u00e9rkez\u00e9s\u00e9t k\u00f6vet\u0151en megkezdj\u00fck ell\u00e1t\u00e1s\u00e1t, megvizsg\u00e1ljuk, felhelyezz\u00fck az \u00e9letfunkci\u00f3i monitoriz\u00e1l\u00e1s\u00e1hoz sz\u00fcks\u00e9ges \u00e9rz\u00e9kel\u0151ket, megt\u00f6rt\u00e9nnek a sz\u00fcks\u00e9ges v\u00e9r- \u00e9s k\u00e9palkot\u00f3 vizsg\u00e1latok. Ez id\u0151 alatt k\u00e9rj\u00fck a bej\u00e1rat melletti padon v\u00e1rakozzon. Amint az els\u0151dleges ell\u00e1t\u00e1sa megt\u00f6rt\u00e9nt, r\u00e9szletes felvil\u00e1gos\u00edt\u00e1st ny\u00fajtunk gyermeke \u00e1llapot\u00e1r\u00f3l \u00e9s ism\u00e9t gyermeke mellett lehet.<\/p>\n<p style=\"text-align: justify\">FONTOS SZ\u00c1MUNKRA, HOGY NAPK\u00d6ZBEN MIN\u00c9L T\u00d6BB ID\u0150T T\u00d6LTHESSEN GYERMEKE MELLETT, MELYET AZ OSZT\u00c1LYON T\u00d6RT\u00c9N\u0150 BEAVATKOZ\u00c1SOK KORL\u00c1TOZHATNAK, ILYEN ESETEKBEN K\u00c9RJ\u00dcK T\u00dcRELM\u00c9T \u00c9S MEG\u00c9RT\u00c9S\u00c9T!<\/p>\n<p style=\"text-align: justify\">\u00a0<\/p>\n<p style=\"text-align: justify\"><strong>Oszt\u00e1lyunkr\u00f3l<\/strong><\/p>\n<p style=\"text-align: justify\">Az intenz\u00edv ter\u00e1pia c\u00e9lja a beteg vit\u00e1lis param\u00e9tereinek stabiliz\u00e1l\u00e1sa, \u00e9letfontos szervek eset\u00e9n azok g\u00e9pekkel t\u00f6rt\u00e9n\u0151 p\u00f3tl\u00e1sa \u00e9s gy\u00f3gyszeres kezel\u00e9se. Intenz\u00edv oszt\u00e1lyunkon \u00e9vi 250-300 gyermeket l\u00e1tunk el, akik t\u00f6bbnyire a K\u00f6z\u00e9p-Magyarorsz\u00e1gi r\u00e9gi\u00f3b\u00f3l ker\u00fclnek hozz\u00e1nk. A gyermekek nagy r\u00e9sze s\u00falyos fert\u0151z\u00e9sek, l\u00e9gz\u00e9si- vagy kering\u00e9si el\u00e9gtelens\u00e9g miatt, illetve m\u0171t\u00e9ti beavatkoz\u00e1s ut\u00e1n ker\u00fcl oszt\u00e1lyunkra. Oszt\u00e1lyunk \u00e1llom\u00e1ny\u00e1t 2 f\u0151 szakorvos \u00e9s 6 f\u0151 szak\u00e1pol\u00f3, szakorvosjel\u00f6ltek \u00e9s seg\u00e9d\u00e1pol\u00f3k k\u00e9pezik, a t\u00e1rsszakm\u00e1k k\u00e9pvisel\u0151ivel egy\u00fctt, team munk\u00e1ban dolgozunk gyermeke gy\u00f3gyul\u00e1s\u00e1\u00e9rt.<\/p>\n<p style=\"text-align: justify\">Gyermeke sz\u00e1m\u00e1ra k\u00f3rh\u00e1zi kezel\u00e9se alatt is \u00d6n a legfontosabb, ez\u00e9rt nagy hangs\u00falyt fektet\u00fcnk arra, hogy a lehet\u0151 legt\u00f6bb id\u0151t t\u00f6lthesse mellette. Tekintettel az oszt\u00e1lyon fekv\u0151 s\u00falyos \u00e1llapot\u00fa gyermekekre, napi szinten, kiz\u00e1r\u00f3lag sz\u00fcl\u0151k l\u00e1togat\u00e1s\u00e1t enged\u00e9lyezz\u00fck. Amennyiben az oszt\u00e1lyon fekv\u0151 gyermekek l\u00e9tsz\u00e1ma nem akad\u00e1lyozza, egy id\u0151ben mindk\u00e9t sz\u00fcl\u0151 benn tart\u00f3zkodhat. Nagysz\u00fcl\u0151ket el\u0151zetes egyeztet\u00e9s alapj\u00e1n tudunk fogadni. Testv\u00e9rek l\u00e1togat\u00e1s\u00e1t nem javasoljuk. A l\u00e1togat\u00e1si id\u0151t \u00faj betegfelv\u00e9telek, valamint intenz\u00edv ter\u00e1pi\u00e1s beavatkoz\u00e1sok idej\u00e9n korl\u00e1tozhatjuk.<\/p>\n<p style=\"text-align: justify\">\u00a0<\/p>\n<p style=\"text-align: justify\"><strong>Fert\u0151z\u00e9sv\u00e9delem<\/strong><\/p>\n<p style=\"text-align: justify\">Nagy hangs\u00falyt fektet\u00fcnk gyermekeink fert\u0151z\u00e9sv\u00e9delm\u00e9re. L\u00e1togat\u00e1s sor\u00e1n k\u00e9zmos\u00e1s, majd k\u00e9zfert\u0151tlen\u00edt\u0151 haszn\u00e1lata k\u00f6telez\u0151. Amennyiben valamilyen betegs\u00e9ge van, k\u00e9rj\u00fck jelezze fel\u00e9nk. L\u00e9g\u00fati betegs\u00e9ge eset\u00e9n sz\u00e1jmaszkot biztos\u00edtunk. Haszn\u00e1lati dolgait, t\u00e1sk\u00e1j\u00e1t k\u00e9rj\u00fck tegye a sz\u00e9k\u00e9re, a szekr\u00e9nyekre a f\u00f6ldre nem ker\u00fclhetnek.<\/p>\n<p style=\"text-align: justify\">\u00a0<\/p>\n<p style=\"text-align: justify\"><strong>Anyatejes t\u00e1pl\u00e1l\u00e1s<\/strong><\/p>\n<p style=\"text-align: justify\">Az anyatej a legeg\u00e9szs\u00e9gesebb t\u00e1pl\u00e1l\u00e9k, amit egy csecsem\u0151 kaphat. Ezt szem el\u0151tt tartva gyermekeink t\u00e1pl\u00e1l\u00e1sakor el\u0151nyben r\u00e9szes\u00edtj\u00fck az anyatejes t\u00e1pl\u00e1l\u00e1st. Amennyiben gyermeke \u00e1llapota megengedi lehet\u0151s\u00e9g van szoptat\u00e1sra. Szond\u00e1n \u00e1t t\u00e1pl\u00e1lt gyermekek lefejt anyatejet kaphatnak. Az oszt\u00e1ly dolgoz\u00f3i sz\u00edvesen v\u00e1laszolnak az ezzel kapcsolatos k\u00e9rd\u00e9seire.<\/p>\n<p style=\"text-align: justify\">\u00a0<\/p>\n<p style=\"text-align: justify\"><strong>Lelki seg\u00edts\u00e9g<\/strong><\/p>\n<p style=\"text-align: justify\">Sz\u00fcl\u0151nek t\u00e1vol lenni gyermek\u00e9t\u0151l igen neh\u00e9z, a gyermeke betegs\u00e9ge miatt itt t\u00f6lt\u00f6tt id\u0151szak pedig k\u00fcl\u00f6n\u00f6sen megterhel\u0151. Kiemelt fontoss\u00e1g\u00fanak tartjuk a sz\u00fcl\u0151kkel val\u00f3 kommunik\u00e1ci\u00f3t mind szakmai mind lelki t\u00e9ren. Klinik\u00e1nkon lehet\u0151s\u00e9g van pszichol\u00f3gussal val\u00f3 konzult\u00e1ci\u00f3ra, k\u00e9rj\u00fck jelezze fel\u00e9nk, ha ennek sz\u00fcks\u00e9g\u00e9t \u00e9rzi.<\/p>\n<p style=\"text-align: justify\">\u00a0<\/p>\n<p style=\"text-align: justify\"><strong>Sz\u00fcl\u0151k tart\u00f3zkod\u00e1sa a klinik\u00e1n<\/strong><\/p>\n<p style=\"text-align: justify\">Fontosnak tartjuk, hogy \u00d6n a gyermeke k\u00f6zel\u00e9ben lehessen a gyermek ell\u00e1t\u00e1sa sor\u00e1n. Ennek \u00e9rdek\u00e9ben els\u0151sorban szoptat\u00f3s \u00e9desany\u00e1k, s\u00falyos \u00e1llapotban l\u00e9v\u0151 gyermekek sz\u00fclei vagy m\u00e9g haza nem adhat\u00f3, de az oszt\u00e1lyon m\u00e1r 24 \u00f3r\u00e1ban nem sz\u00fcks\u00e9gszer\u0171en tart\u00f3zkod\u00f3, els\u0151sorban kr\u00f3nikus betegek \u00e9s sz\u00fcleik sz\u00e1m\u00e1ra korl\u00e1tozott sz\u00e1mban rendelkez\u00e9sre \u00e1llnak a klinika 2. emelet\u00e9n tal\u00e1lhat\u00f3 \u201ebaba-mama szob\u00e1k\u201d. \u00a0Ezek ig\u00e9nybev\u00e9tel\u00e9re a fentieket figyelembe v\u00e9ve, \u00e9s a szob\u00e1k foglalts\u00e1g\u00e1t\u00f3l f\u00fcgg\u0151en ker\u00fclhet sor. A nem budapesti, \u00e9s v\u00e1rhat\u00f3an a klinik\u00e1n hosszabb ideig tart\u00f3zkod\u00f3 csal\u00e1dok\/sz\u00fcl\u0151k sz\u00e1m\u00e1ra a klinik\u00e1val szomsz\u00e9dos utc\u00e1ban tal\u00e1lhat\u00f3, Ronald McDonald\u2019s Alap\u00edtv\u00e1ny \u00e1ltal m\u0171k\u00f6dtetett h\u00e1zban ingyenes sz\u00e1ll\u00e1sra van lehet\u0151s\u00e9g. Mindk\u00e9t sz\u00e1ll\u00e1slehet\u0151s\u00e9g ig\u00e9nybev\u00e9tele el\u0151zetes egyeztet\u00e9st k\u00edv\u00e1n az adott oszt\u00e1ly f\u0151n\u0151v\u00e9r\u00e9vel illetve a kezel\u0151orvossal.<br \/>\nKlinik\u00e1nk oszt\u00e1lyainak t\u00f6bbs\u00e9g\u00e9n a fentiek mellett kinyithat\u00f3 \u00e1gyakon, fotel\u00e1gyakon tudunk \u00e9jszak\u00e1ra pihen\u00e9si lehet\u0151s\u00e9get biztos\u00edtani az egyik sz\u00fcl\u0151 sz\u00e1m\u00e1ra. A kisebb betegszob\u00e1kn\u00e1l, ahol a beteg\u00e1gyak mellett tov\u00e1bbi fekv\u0151hely elhelyez\u00e9s\u00e9re nincs lehet\u0151s\u00e9g, a klinika ter\u00fclet\u00e9n igyeksz\u00fcnk megoldani ig\u00e9ny eset\u00e9n az egyik sz\u00fcl\u0151 elhelyez\u00e9s\u00e9t.<br \/>\nTisztelettel k\u00e9rj\u00fck \u00e9s felh\u00edvjuk figyelm\u00fcket, hogy klinik\u00e1nkon kezelt egyik gyermek sem szenvedhet h\u00e1tr\u00e1nyt, \u00edgy els\u0151dleges a gyermekek biztons\u00e1gos ell\u00e1t\u00e1sa. Ennek \u00e9rdek\u00e9ben \u00e9s ennek seg\u00edt\u00e9s\u00e9re k\u00e9rj\u00fck a \u201eSz\u00fcl\u0151i t\u00e1j\u00e9koztat\u00f3ban\u201d le\u00edrtak \u00e9s a klinika h\u00e1zirendj\u00e9nek, id\u0151beoszt\u00e1s\u00e1nak betart\u00e1s\u00e1t!<\/p>\n<p style=\"text-align: justify\">K\u00f6sz\u00f6nj\u00fck egy\u00fcttm\u0171k\u00f6d\u00e9s\u00fcket, amelynek c\u00e9lja gyermek\u00fck min\u00e9l biztons\u00e1gosabb \u00e9s gyorsabb ell\u00e1t\u00e1sa \u00e9s otthon\u00e1ba bocs\u00e1t\u00e1sa.<\/p>\n<p style=\"text-align: justify\">\u00a0<\/p>\n<p style=\"text-align: justify\"><strong>Telefonos inform\u00e1l\u00e1s<\/strong><\/p>\n<table style=\"border-collapse: collapse;width: 100%;height: 144px\">\n<tbody>\n<tr style=\"height: 35px\">\n<td style=\"width: 42.2909%;height: 144px\" rowspan=\"4\">\n<p style=\"text-align: center\">Gyermeke \u00e1llapot\u00e1r\u00f3l telefonon is \u00e9rdekl\u0151dhet: <strong>06 1 33-43-186\/52693<\/strong><br \/>\nK\u00e9rj\u00fck az oszt\u00e1ly zavartalan ell\u00e1t\u00e1s\u00e1nak biztos\u00edt\u00e1sa \u00e9rdek\u00e9ben a k\u00f6vetkez\u0151 id\u0151pontokban \u00e9rdekl\u0151dj\u00f6n:<\/p>\n<\/td>\n<td style=\"width: 57.7091%;height: 35px;text-align: center\">06:00-06:30<\/td>\n<\/tr>\n<tr style=\"height: 35px\">\n<td style=\"width: 57.7091%;height: 35px;text-align: center\">11:00-12:00<\/td>\n<\/tr>\n<tr style=\"height: 39px\">\n<td style=\"width: 57.7091%;height: 39px;text-align: center\">16:00-17:00<\/td>\n<\/tr>\n<tr style=\"height: 35px\">\n<td style=\"width: 57.7091%;height: 35px;text-align: center\">21:00-22:00<\/td>\n<\/tr>\n<\/tbody>\n<\/table>\n<p style=\"text-align: justify\">\u00a0<\/p>\n<p style=\"text-align: justify\"><strong>Az oszt\u00e1ly m\u0171k\u00f6d\u00e9si rendje:<\/strong><\/p>\n<p style=\"text-align: justify\">Az oszt\u00e1ly val\u00f3s m\u0171k\u00f6d\u00e9si rendj\u00e9t a gyermekek \u00e1llapota hat\u00e1rozza meg. Lehet\u0151s\u00e9g szerint igyeksz\u00fcnk &#8222;csendes id\u0151&#8221;-t biztos\u00edtani sz\u00e1mukra, amikor az intenz\u00edv ter\u00e1pia folytat\u00e1sa mellett a f\u00e9ny \u00e9s hanghat\u00e1sokat a lehet\u0151 legkisebbre cs\u00f6kkentj\u00fck, a beavatkoz\u00e1sokat minimaliz\u00e1ljuk, \u00e9lettani ritmusuknak megfelel\u0151en.<\/p>\n<table style=\"border-collapse: collapse;width: 100%\">\n<tbody>\n<tr>\n<td style=\"width: 50%;text-align: right\">Reggeli \u00e1pol\u00e1si \u00e1tad\u00e1s<\/td>\n<td style=\"width: 50%;text-align: center\">06:45-07:30\u00a0<\/td>\n<\/tr>\n<tr>\n<td style=\"width: 50%;text-align: right\">Reggeli orvosi \u00e1tad\u00e1s<\/td>\n<td style=\"width: 50%;text-align: center\">07:30-08:00\u00a0<\/td>\n<\/tr>\n<tr>\n<td style=\"width: 50%;text-align: right\">Reggeli oszt\u00e1lyos megbesz\u00e9l\u00e9s<\/td>\n<td style=\"width: 50%;text-align: center\">08:00-08:15<\/td>\n<\/tr>\n<tr>\n<td style=\"width: 50%;text-align: right\">Oszt\u00e1lyos vizit<\/td>\n<td style=\"width: 50%;text-align: center\">09:00-10:00\u00a0<\/td>\n<\/tr>\n<tr>\n<td style=\"width: 50%;text-align: right\">Ter\u00e1pi\u00e1s vizsg\u00e1latok, beavatkoz\u00e1sok<\/td>\n<td style=\"width: 50%;text-align: center\">10:00-<\/td>\n<\/tr>\n<tr>\n<td style=\"width: 50%;text-align: right\">&#8222;Csendes id\u0151&#8221;<\/td>\n<td style=\"width: 50%;text-align: center\">14:00-15:00\u00a0<\/td>\n<\/tr>\n<tr>\n<td style=\"width: 50%;text-align: right\">D\u00e9lut\u00e1ni orvosi \u00e1tad\u00e1s<\/td>\n<td style=\"width: 50%;text-align: center\">15:00-16:00\u00a0<\/td>\n<\/tr>\n<tr>\n<td style=\"width: 50%;text-align: right\">Esti \u00e1pol\u00e1si \u00e1tad\u00e1s<\/td>\n<td style=\"width: 50%;text-align: center\">18:45-19:30\u00a0<\/td>\n<\/tr>\n<tr>\n<td style=\"width: 50%;text-align: right\">&#8222;Csendes id\u0151&#8221;<\/td>\n<td style=\"width: 50%;text-align: center\">22:00-06:00<\/td>\n<\/tr>\n<\/tbody>\n<\/table>\n<p style=\"text-align: justify\">\n<p>\u00a0<\/p>\n<p>\n\u00a0<\/p>\n","protected":false},"excerpt":{"rendered":"<p>Gyermekgy\u00f3gy\u00e1szati Klinika (B\u00f3kay utcai r\u00e9szleg) Intenz\u00edv Ter\u00e1pi\u00e1s Oszt\u00e1ly Oszt\u00e1lyvezet\u0151: Dr. L\u00f3di Csaba Oszt\u00e1lyvezet\u0151 f\u0151n\u0151v\u00e9r: Kov\u00e1cs Katalin Telefon: +36-1-334-3186 \/52693 \u00a0 Betegjogi k\u00e9pvisel\u0151: Erhardtn\u00e9 Dr. Gach\u00e1lyi Anik\u00f3 <a href=\"https:\/\/semmelweis.hu\/bokayklinika\/betegellatas\/betegjogi-kepviselo\/\">el\u00e9rhet\u0151s\u00e9g \u00e9s fogad\u00f3 \u00f3ra<\/a> \u201cEl\u0151bb csin\u00e1ld meg ami sz\u00fcks\u00e9ges, ut\u00e1na azt, ami lehets\u00e9ges, \u00e9s m\u00e1ris azt fogod csin\u00e1lni ami lehetetlen.\u201d (Assisi Szent Ferenc) &nbsp; Kedves Sz\u00fcl\u0151k! K\u00f6sz\u00f6ntj\u00fck \u00d6n\u00f6ket a Gyermekklinika (B\u00f3kay utcai r\u00e9szleg) &hellip;<\/p>\n","protected":false},"author":101739,"featured_media":0,"parent":95,"menu_order":0,"comment_status":"closed","ping_status":"closed","template":"","meta":{"_acf_changed":false,"footnotes":""},"categories":[],"tags":[],"class_list":["post-1095","page","type-page","status-publish","hentry"],"acf":[],"_links":{"self":[{"href":"https:\/\/semmelweis.hu\/bokayklinika\/wp-json\/wp\/v2\/pages\/1095","targetHints":{"allow":["GET"]}}],"collection":[{"href":"https:\/\/semmelweis.hu\/bokayklinika\/wp-json\/wp\/v2\/pages"}],"about":[{"href":"https:\/\/semmelweis.hu\/bokayklinika\/wp-json\/wp\/v2\/types\/page"}],"author":[{"embeddable":true,"href":"https:\/\/semmelweis.hu\/bokayklinika\/wp-json\/wp\/v2\/users\/101739"}],"replies":[{"embeddable":true,"href":"https:\/\/semmelweis.hu\/bokayklinika\/wp-json\/wp\/v2\/comments?post=1095"}],"version-history":[{"count":11,"href":"https:\/\/semmelweis.hu\/bokayklinika\/wp-json\/wp\/v2\/pages\/1095\/revisions"}],"predecessor-version":[{"id":6834,"href":"https:\/\/semmelweis.hu\/bokayklinika\/wp-json\/wp\/v2\/pages\/1095\/revisions\/6834"}],"up":[{"embeddable":true,"href":"https:\/\/semmelweis.hu\/bokayklinika\/wp-json\/wp\/v2\/pages\/95"}],"wp:attachment":[{"href":"https:\/\/semmelweis.hu\/bokayklinika\/wp-json\/wp\/v2\/media?parent=1095"}],"wp:term":[{"taxonomy":"category","embeddable":true,"href":"https:\/\/semmelweis.hu\/bokayklinika\/wp-json\/wp\/v2\/categories?post=1095"},{"taxonomy":"post_tag","embeddable":true,"href":"https:\/\/semmelweis.hu\/bokayklinika\/wp-json\/wp\/v2\/tags?post=1095"}],"curies":[{"name":"wp","href":"https:\/\/api.w.org\/{rel}","templated":true}]}}