{"id":1090,"date":"2020-06-30T14:12:01","date_gmt":"2020-06-30T12:12:01","guid":{"rendered":"https:\/\/semmelweis.hu\/gyermekklinika1\/?page_id=1090"},"modified":"2025-11-12T12:22:12","modified_gmt":"2025-11-12T11:22:12","slug":"gasztroenterologiai-es-hepatologiai-osztaly","status":"publish","type":"page","link":"https:\/\/semmelweis.hu\/bokayklinika\/betegellatas\/fekvobeteg-ellatas\/gasztroenterologiai-es-hepatologiai-osztaly\/","title":{"rendered":"Gasztroenterol\u00f3giai \u00e9s Hepatol\u00f3giai Oszt\u00e1ly"},"content":{"rendered":"<div class=\"keretes\">\n<p><strong>Gyermekgy\u00f3gy\u00e1szati Klinika<\/strong> (B\u00f3kay utcai r\u00e9szleg) <strong>Gasztroenterol\u00f3giai \u00e9s Hepatol\u00f3giai Oszt\u00e1ly<\/strong><br \/>\n<strong>Oszt\u00e1lyvezet\u0151:<\/strong> Dr. Dezs\u0151fi-Gottl Antal<br \/>\n<strong>Oszt\u00e1lyvezet\u0151 f\u0151n\u0151v\u00e9r:<\/strong> Zseb\u0151k Andrea<br \/>\n<strong>Telefon: <\/strong>+36-1-3343-186\/ 52650 orvosi szoba\/ 52680 n\u0151v\u00e9rpult<\/p>\n<p><strong>Betegjogi k\u00e9pvisel\u0151: <\/strong>Erhardtn\u00e9 Dr. Gach\u00e1lyi Anik\u00f3<br \/>\n<a href=\"https:\/\/semmelweis.hu\/bokayklinika\/betegellatas\/betegjogi-kepviselo\/\">el\u00e9rhet\u0151s\u00e9g \u00e9s fogad\u00f3 \u00f3ra<\/a><\/p>\n<p>Oszt\u00e1lyunkon fekv\u0151beteg-ell\u00e1t\u00e1st v\u00e9gz\u00fcnk, amennyiben ambul\u00e1ns vizsg\u00e1latot szeretne gyermek\u00e9nek, akkor az 52703-as mell\u00e9ken keddt\u0151l-p\u00e9ntekig 13:00-15:00 \u00f3ra k\u00f6z\u00f6tt tud id\u0151pontot k\u00e9rni, vagy Klinik\u00e1nk honlapj\u00e1n (<strong><a href=\"https:\/\/elojegyzes.meditime.hu\/14\">https:\/\/elojegyzes.meditime.hu\/14<\/a><\/strong>),<br \/>\naz online id\u0151pontfoglal\u00e1si rendszer\u00fcnk\u00f6n kereszt\u00fcl.<\/p>\n<\/div>\n<p>Kedves Sz\u00fcl\u0151k!<\/p>\n<p>K\u00f6sz\u00f6ntj\u00fck \u00d6n\u00f6ket a B\u00f3kay Gyermekklinika Gasztroenterol\u00f3giai \u00e9s Hepatol\u00f3giai Oszt\u00e1ly\u00e1n. K\u00e9rj\u00fck \u00d6n\u00f6ket, hogy olvass\u00e1k el az al\u00e1bbi t\u00e1j\u00e9koztat\u00f3t, amelyben a h\u00e1zirend \u00e1ltalunk legfontosabbnak tartott r\u00e9szleteit emelt\u00fck ki. A h\u00e1zirend betart\u00e1sa seg\u00edti az oszt\u00e1ly zavartalan m\u0171k\u00f6d\u00e9s\u00e9t. A betegek \u00e9rdek\u00e9ben sz\u00e1m\u00edtunk a meg\u00e9rt\u00e9s\u00fckre \u00e9s az egy\u00fcttm\u0171k\u00f6d\u00e9s\u00fckre.<\/p>\n<p><strong>Oszt\u00e1lyunkr\u00f3l<\/strong><\/p>\n<p>A Gasztroenterol\u00f3giai \u00e9s Hepatol\u00f3giai Oszt\u00e1ly jelenleg 12 \u00e1ggyal m\u0171k\u00f6dik. A Gasztroenterol\u00f3giai \u00e9s Hepatol\u00f3giai Oszt\u00e1ly \u00e9vente 900-1000 gyermekbeteget l\u00e1t el. Ehhez t\u00e1rsul m\u00e9g a Gasztroenterol\u00f3gia \u00e9s Hepatol\u00f3giai Ambulancia m\u0171k\u00f6d\u00e9se.<\/p>\n<p>A Gasztroenterol\u00f3giai r\u00e9szleg a gyermekkorban el\u0151fordul\u00f3 \u00f6sszes gyomor, b\u00e9lrendszeri probl\u00e9ma kivizsg\u00e1l\u00e1s\u00e1t \u00e9s kezel\u00e9s\u00e9t v\u00e9gzi. Ezen bel\u00fcl is kiemelt jelent\u0151s\u00e9g\u0171 a gyullad\u00e1sos b\u00e9lbetegs\u00e9gben (IBD) szenved\u0151 gyermekek gondoz\u00e1sa \u00e9s kezel\u00e9se. A r\u00e9szleghez tartozik a Biol\u00f3giai Ter\u00e1pi\u00e1s Ambulancia, ahol a gyermekek az eur\u00f3pai aj\u00e1nl\u00e1sokat k\u00f6vetve a legmodernebb szint\u0171 biol\u00f3giai kezel\u00e9sben r\u00e9szes\u00fclhetnek. Lehet\u0151s\u00e9g van egyed\u00fcl\u00e1ll\u00f3 m\u00f3don ak\u00e1r \u00fajsz\u00fcl\u00f6ttkort\u00f3l kezd\u0151d\u0151en endoszk\u00f3pos vizsg\u00e1latok v\u00e9gz\u00e9s\u00e9re, mind diagnosztikus, mind ak\u00e1r ter\u00e1pi\u00e1s c\u00e9llal is. Seb\u00e9szeti oszt\u00e1lyunkkal egy\u00fcttm\u0171k\u00f6d\u00e9sben a gyullad\u00e1sos b\u00e9lbetegek legmodernebb endoszk\u00f3pos m\u0171t\u00e9ti ell\u00e1t\u00e1sa mellett t\u00e1pl\u00e1l\u00f3 szond\u00e1k behelyez\u00e9s\u00e9t is v\u00e9gezz\u00fck b\u00e1rmelyik \u00e9letkorban.<\/p>\n<p>A Hepatol\u00f3giai r\u00e9szleg az orsz\u00e1gban az egyetlen hely, ahol a s\u00falyos m\u00e1jbeteg gyermekeket \u00e9s csecsem\u0151ket ell\u00e1tj\u00e1k. Az orsz\u00e1g eg\u00e9sz ter\u00fclet\u00e9r\u0151l fogadunk k\u00f3ros m\u00e1jfunkci\u00f3s \u00e9rt\u00e9kekkel rendelkez\u0151, ismeretlen eredet\u0171 m\u00e1jbetegs\u00e9gben szenved\u0151, illetve m\u00e1jgyullad\u00e1sban szenved\u0151 gyermekeket. Amennyiben sz\u00fcks\u00e9ges, a m\u00e1j\u00e1t\u00fcltet\u00e9s indik\u00e1ci\u00f3j\u00e1nak fel\u00e1ll\u00edt\u00e1sa, az \u00e1t\u00fcltet\u00e9shez sz\u00fcks\u00e9ges vizsg\u00e1latok elv\u00e9gz\u00e9se, az arra val\u00f3 felk\u00e9sz\u00edt\u00e9s \u00e9s gondoz\u00e1s is feladatunk.<br \/>\nM\u00e1jtranszplant\u00e1ci\u00f3t k\u00f6vet\u0151en a Hepatol\u00f3giai Oszt\u00e1ly v\u00e9gzi a gyermekek k\u00f6vet\u00e9s\u00e9t \u00e9s ellen\u0151rz\u00e9s\u00e9t. Jelenleg kb. kilencven 18 \u00e9v alatti m\u00e1jtranszplant\u00e1lt gyermek \u00e1ll\u00a0 oszt\u00e1lyunk gondoz\u00e1sa alatt.<\/p>\n<p><strong>Fontos tudnival\u00f3k<\/strong><\/p>\n<p>Napk\u00f6zben egy sz\u00fcl\u0151 a gyermeke mellett tart\u00f3zkodhat. A sz\u00fcl\u0151 a n\u0151v\u00e9rek ir\u00e1ny\u00edt\u00e1sa \u00e9s fel\u00fcgyelete mellett seg\u00edthet a beteg ell\u00e1t\u00e1s\u00e1ban, az alapvet\u0151 gondoz\u00e1si m\u0171veletek elv\u00e9gz\u00e9s\u00e9ben. Egy sz\u00fcl\u0151 a gyermeke mellett maradhat \u00e9jszak\u00e1ra, de k\u00e9rj\u00fck a sz\u00fcl\u0151ket, hogy a gyermek \u00e1gy\u00e1ba ne fek\u00fcdjenek bele, ne \u00fcljenek r\u00e1. A gyermek hozz\u00e1tartoz\u00f3inak, bar\u00e1tainak a l\u00e1togat\u00e1si id\u0151ben van lehet\u0151s\u00e9g\u00fck, a beteg megl\u00e1togat\u00e1s\u00e1ra. Az oszt\u00e1lyunkon zajl\u00f3 egyetemi \u00e9s tov\u00e1bbk\u00e9pz\u0151 gyakorlati orvosk\u00e9pz\u00e9s miatt, alkalmank\u00e9nt zs\u00fafolts\u00e1g alakulhat ki, emiatt k\u00e9rj\u00fck sz\u00edves meg\u00e9rt\u00e9s\u00fcket, egy\u00fcttm\u0171k\u00f6d\u00e9s\u00fcket.<\/p>\n<p><strong>L\u00e1togat\u00e1si id\u0151<\/strong><\/p>\n<table style=\"border-collapse: collapse;width: 72.8727%\">\n<tbody>\n<tr>\n<td style=\"width: 50%;text-align: center\"><strong>MINDEN NAP<\/strong><\/td>\n<td style=\"width: 22.8727%\"><strong>15:00 &#8211; 19:00<\/strong><\/td>\n<\/tr>\n<\/tbody>\n<\/table>\n<p>K\u00e9rj\u00fck, hogy 14 \u00e9ven alatti gyermek a kezel\u00e9s alatt \u00e1ll\u00f3 beteg gyermeket ne l\u00e1togassa!<\/p>\n<p>K\u00e9rj\u00fck, hozzanak magukkal tiszt\u00e1lkod\u00e1si szereket (tusf\u00fcrd\u0151, papucs, t\u00f6r\u00f6lk\u00f6z\u0151, fogkefe, fogkr\u00e9m), kisebb gyermeknek egyszer haszn\u00e1latos pelenk\u00e1t, popsit\u00f6rl\u0151t, popsikr\u00e9met \u00e9s f\u00fcrdet\u0151t. A gyermek az \u00e1gyban k\u00e9nyelmes ruh\u00e1ban (szabadid\u0151 nadr\u00e1g, pol\u00f3 ill. pizsama) fek\u00fcdj\u00f6n.<\/p>\n<p><strong>\u00c9tkez\u00e9sek rendje<\/strong><\/p>\n<table style=\"border-collapse: collapse;width: 100%\">\n<tbody>\n<tr>\n<td style=\"width: 50%;text-align: right\">08:00 &#8211; 09:00<\/td>\n<td style=\"width: 50%\">reggeli<\/td>\n<\/tr>\n<tr>\n<td style=\"width: 50%;text-align: right\">12:00 &#8211; 13:00\u00a0<\/td>\n<td style=\"width: 50%\">eb\u00e9d<\/td>\n<\/tr>\n<tr>\n<td style=\"width: 50%;text-align: right\">17:00 &#8211; 18:00\u00a0<\/td>\n<td style=\"width: 50%\">vacsora<\/td>\n<\/tr>\n<\/tbody>\n<\/table>\n<table style=\"border-collapse: collapse;width: 100%\">\n<tbody>\n<tr>\n<td style=\"width: 100%;text-align: justify\">Oszt\u00e1lyunkon lehet\u0151s\u00e9g van h\u0171t\u0151szekr\u00e9ny \u00e9s mikrohull\u00e1m\u00fa s\u00fct\u0151 haszn\u00e1lat\u00e1ra. K\u00e9rj\u00fck, hogy a h\u0171t\u0151be csak n\u00e9vvel ell\u00e1tott \u00e9lelmiszereket tegyenek be. A gyermeknek benntart\u00f3zkod\u00e1sa alatt napi h\u00e1romszori \u00e9tkez\u00e9st biztos\u00edtunk.<\/td>\n<\/tr>\n<\/tbody>\n<\/table>\n<p><strong>T\u00e1j\u00e9koztat\u00e1s<\/strong><\/p>\n<p>Elk\u00f6telezettek vagyunk abban, hogy gyermek\u00fck \u00e1llapot\u00e1r\u00f3l, a vizsg\u00e1lati eredm\u00e9nyekr\u0151l a legteljesebb t\u00e1j\u00e9koztat\u00e1st ny\u00fajtsunk. A betegs\u00e9ggel, gy\u00f3gy\u00edt\u00e1ssal kapcsolatos inform\u00e1ci\u00f3kat az oszt\u00e1lyon dolgoz\u00f3 orvosok adhatnak. Az \u00e1pol\u00e1ssal kapcsolatban a n\u0151v\u00e9rek adnak t\u00e1j\u00e9koztat\u00e1st. A munkarend miatt napk\u00f6zben nem mindig ugyanaz az orvos \u00e9s n\u0151v\u00e9r gondoskodik gyermek\u00fckr\u0151l, akivel az el\u0151z\u0151 napokban tal\u00e1lkoztak, ez\u00e9rt mindig az aznapi oszt\u00e1lyon dolgoz\u00f3 \u00e9s gyermek\u00fcket gondoz\u00f3 koll\u00e9g\u00e1t\u00f3l 14.00-15.30 k\u00f6z\u00f6tt inform\u00e1l\u00f3djanak. A t\u00f6rv\u00e9nyi el\u0151\u00edr\u00e1soknak megfelel\u0151en csak az \u00e9desany\u00e1nak, \u00e9desap\u00e1nak, t\u00f6rv\u00e9nyes gondvisel\u0151nek, illetve a gyermek\u00fck kezel\u00e9s\u00e9ben r\u00e9szt vev\u0151 orvos koll\u00e9g\u00e1knak \u00e9s v\u00e9d\u0151n\u0151nek adunk t\u00e1j\u00e9koztat\u00e1st, ez a telefonos t\u00e1j\u00e9koztat\u00e1sra is vonatkozik. K\u00e9rj\u00fck, hogy a t\u00f6bbi csal\u00e1dtagot \u00d6n\u00f6k inform\u00e1lj\u00e1k a kapott t\u00e1j\u00e9koztat\u00e1s alapj\u00e1n.<\/p>\n<p><strong>Sz\u00fcl\u0151k tart\u00f3zkod\u00e1sa a klinik\u00e1n<\/strong><\/p>\n<p>Fontosnak tartjuk, hogy \u00d6n a gyermeke k\u00f6zel\u00e9ben lehessen a gyermek ell\u00e1t\u00e1sa sor\u00e1n. Ennek \u00e9rdek\u00e9ben els\u0151sorban szoptat\u00f3s \u00e9desany\u00e1k, s\u00falyos \u00e1llapotban l\u00e9v\u0151 gyermekek sz\u00fclei vagy m\u00e9g haza nem adhat\u00f3, de az oszt\u00e1lyon m\u00e1r 24 \u00f3r\u00e1ban nem sz\u00fcks\u00e9gszer\u0171en tart\u00f3zkod\u00f3, els\u0151sorban kr\u00f3nikus betegek \u00e9s sz\u00fcleik sz\u00e1m\u00e1ra korl\u00e1tozott sz\u00e1mban rendelkez\u00e9sre \u00e1llnak a klinika 2. emelet\u00e9n tal\u00e1lhat\u00f3 \u201ebaba-mama szob\u00e1k\u201d.\u00a0 Ezek ig\u00e9nybe v\u00e9tel\u00e9re a fentieket figyelembe v\u00e9ve \u00e9s a szob\u00e1k foglalts\u00e1g\u00e1t\u00f3l f\u00fcgg\u0151en ker\u00fclhet sor. A nem budapesti, \u00e9s v\u00e1rhat\u00f3an a klinik\u00e1n hosszabb ideig tart\u00f3zkod\u00f3 csal\u00e1dok\/sz\u00fcl\u0151k sz\u00e1m\u00e1ra a klinik\u00e1val szomsz\u00e9dos utc\u00e1ban tal\u00e1lhat\u00f3, Ronald McDonald\u2019s Alap\u00edtv\u00e1ny \u00e1ltal m\u0171k\u00f6dtetett h\u00e1zban ingyenes sz\u00e1ll\u00e1sra van lehet\u0151s\u00e9g. Mindk\u00e9t sz\u00e1ll\u00e1slehet\u0151s\u00e9g ig\u00e9nybev\u00e9tele el\u0151zetes egyeztet\u00e9st k\u00edv\u00e1n az adott oszt\u00e1ly f\u0151n\u0151v\u00e9r\u00e9vel illetve a kezel\u0151orvossal.<br \/>\nKlinik\u00e1nk oszt\u00e1lyainak t\u00f6bbs\u00e9g\u00e9n a fentiek mellett kinyithat\u00f3 \u00e1gyakon, fotel\u00e1gyakon tudunk \u00e9jszak\u00e1ra pihen\u00e9si lehet\u0151s\u00e9get biztos\u00edtani az egyik sz\u00fcl\u0151 sz\u00e1m\u00e1ra. A kisebb betegszob\u00e1kn\u00e1l, ahol a beteg\u00e1gyak mellett tov\u00e1bbi fekv\u0151hely elhelyez\u00e9s\u00e9re nincs lehet\u0151s\u00e9g, a klinika ter\u00fclet\u00e9n igyeksz\u00fcnk megoldani ig\u00e9ny eset\u00e9n az egyik sz\u00fcl\u0151 elhelyez\u00e9s\u00e9t.<br \/>\nFelh\u00edvjuk sz\u00edves figyelm\u00fcket, hogy klinik\u00e1nkon kezelt egyik gyermek sem szenvedhet h\u00e1tr\u00e1nyt, \u00edgy els\u0151dleges a gyermekek biztons\u00e1gos ell\u00e1t\u00e1sa. Ennek \u00e9rdek\u00e9ben \u00e9s ennek seg\u00edt\u00e9s\u00e9re k\u00e9rj\u00fck a \u201eSz\u00fcl\u0151i t\u00e1j\u00e9koztat\u00f3ban\u201d le\u00edrtak \u00e9s a klinika h\u00e1zirendj\u00e9nek, id\u0151beoszt\u00e1s\u00e1nak betart\u00e1s\u00e1t!<\/p>\n<p>K\u00f6sz\u00f6nj\u00fck egy\u00fcttm\u0171k\u00f6d\u00e9s\u00fcket, amelynek c\u00e9lja gyermek\u00fck min\u00e9l biztons\u00e1gosabb \u00e9s gyorsabb ell\u00e1t\u00e1sa \u00e9s otthon\u00e1ba bocs\u00e1t\u00e1sa.<\/p>\n<p><strong>Oszt\u00e1lyunkon v\u00e9gzett eszk\u00f6z\u00f6s vizsg\u00e1latok, beavatkoz\u00e1sok<\/strong><\/p>\n<p><em>Gyomort\u00fckr\u00f6z\u00e9s (gastroscopia, fels\u0151 endoszk\u00f3pia)<\/em><\/p>\n<p>Ennek sor\u00e1n a t\u00e1pcsatorna fels\u0151 szakasz\u00e1t vizsg\u00e1ljuk (nyel\u0151cs\u0151, gyomor, v\u00e9konyb\u00e9l kezdeti szakasza). Ez a vizsg\u00e1lat a legalkalmasabb a gyomor-b\u00e9ltraktus kezdeti szakasz\u00e1nak gyullad\u00e1sos, fek\u00e9lyes elv\u00e1ltoz\u00e1sainak meg\u00edt\u00e9l\u00e9s\u00e9re, vagy esetleg a liszt\u00e9rz\u00e9kenys\u00e9g meg\u00e1llap\u00edt\u00e1s\u00e1ra. A beavatkoz\u00e1s sor\u00e1n sz\u00f6vettani mintav\u00e9telre is lehet\u0151s\u00e9g\u00fcnk van. \u00a0Bizonyos esetekben a fels\u0151 endoszk\u00f3pia sor\u00e1n elv\u00e9gezhetj\u00fck lenyelt idegentestek (gombelem, egy\u00e9b elakadt idegentest) elt\u00e1vol\u00edt\u00e1s\u00e1t, sz\u0171k\u00fclt nyel\u0151cs\u0151 t\u00e1g\u00edt\u00e1s\u00e1t, kr\u00f3nikus m\u00e1jbetegekn\u00e9l a t\u00e1gult nyel\u0151cs\u0151 v\u00e9n\u00e1k (visszerek) kezel\u00e9s\u00e9t, illetve sz\u00e1jon \u00e1t nehezen t\u00e1pl\u00e1lhat\u00f3 betegekn\u00e9l t\u00e1pl\u00e1l\u00f3 szonda behelyez\u00e9s\u00e9t is.<\/p>\n<p><em>Vastagb\u00e9lt\u00fckr\u00f6z\u00e9s (colonoscopia, als\u00f3 endoszk\u00f3pia)<\/em><\/p>\n<p>Ennek sor\u00e1n a t\u00e1pcsatorna als\u00f3 szakasz\u00e1t vizsg\u00e1ljuk (v\u00e9gb\u00e9l, vastagb\u00e9l, v\u00e9konyb\u00e9l utols\u00f3 szakasza). Az al\u00e1bbi panaszok eset\u00e9n ny\u00fajthat seg\u00edts\u00e9get a vizsg\u00e1lat a diagn\u00f3zis fel\u00e1ll\u00edt\u00e1s\u00e1ban: v\u00e9res sz\u00e9klet, kr\u00f3nikus hasmen\u00e9s, fogy\u00e1s, kr\u00f3nikus hasf\u00e1j\u00e1s, polip vagy gyullad\u00e1sos b\u00e9lbetegs\u00e9g gyan\u00faja. Ez a vizsg\u00e1lat a legalkalmasabb a b\u00e9ltraktus gyullad\u00e1sos, fek\u00e9lyes, vagy v\u00e9rz\u00e9ses elv\u00e1ltoz\u00e1sainak meg\u00edt\u00e9l\u00e9s\u00e9re. A vizsg\u00e1lat sor\u00e1n lehet\u0151s\u00e9g van sz\u00f6vettani minta v\u00e9tel\u00e9re. Bizonyos esetekben az als\u00f3 endoszk\u00f3pia sor\u00e1n a tal\u00e1lt probl\u00e9ma kezel\u00e9s\u00e9t is elv\u00e9gezhetj\u00fck: polip elt\u00e1vol\u00edt\u00e1s, idegentest elt\u00e1vol\u00edt\u00e1s.<\/p>\n<p><em>Gyakorlati tudnival\u00f3k a t\u00fckr\u00f6z\u00e9sek kapcs\u00e1n<\/em><\/p>\n<p>Gyermekekn\u00e9l nark\u00f3zisban\/altat\u00e1sban v\u00e9gezz\u00fck az endoszk\u00f3pi\u00e1t a gyermek \u00e9letkor\u00e1t\u00f3l, \u00e1llapot\u00e1t\u00f3l \u00e9s a beavatkoz\u00e1s jelleg\u00e9t\u0151l f\u00fcgg\u0151en. Als\u00f3 t\u00fckr\u00f6z\u00e9s eset\u00e9n k\u00e9t nappal a beavatkoz\u00e1s el\u0151tt m\u00e1r csak p\u00e9pes \u00e9telt, el\u0151tte val\u00f3 napon m\u00e1r csak folyad\u00e9kot fogyaszthat a gyermek, \u00e9s az \u00e1ltalunk adott hashajt\u00f3kat kell bevennie a b\u00e9ltraktus lehet\u0151 legjobb vizsg\u00e1lhat\u00f3s\u00e1g\u00e1nak \u00e9rdek\u00e9ben. Fels\u0151 t\u00fckr\u00f6z\u00e9s sor\u00e1n csak a vizsg\u00e1lat napj\u00e1n nem szabad enni. Az altat\u00e1s miatt t\u00fckr\u00f6z\u00e9sek eset\u00e9n reggel m\u00e1r csak vizet (esetleg te\u00e1t, sz\u0171rt gy\u00fcm\u00f6lcslevet) fogyaszthat a beavatkoz\u00e1s el\u0151tti 1 \u00f3r\u00e1val bez\u00e1r\u00f3lag a gyermek, de err\u0151l r\u00e9szletes t\u00e1j\u00e9koztat\u00e1st adunk. B\u00e1r rendszerint a beavatkoz\u00e1st k\u00f6vet\u0151en aznap otthon\u00e1ba t\u00e1vozhat a gyermek javasoljuk, hogy a bentfekv\u00e9s alatt a gyermek pizsam\u00e1t viseljen. Aznapi hazamenetelnek t\u00f6rv\u00e9ny \u00e1ltal megszabott felt\u00e9telei a k\u00f6vetkez\u0151k: a gyermek nem szenved olyan t\u00e1rsbetegs\u00e9gben, ami miatt hosszabb megfigyel\u00e9st ig\u00e9nyelne, a vizsg\u00e1lat \u00e9s azt k\u00f6vet\u0151 6 \u00f3r\u00e1s megfigyel\u00e9si id\u0151 teljesen sz\u00f6v\u0151dm\u00e9nymentes volt, a gyermek k\u00e9pes j\u00e1rni, inni, lakhely\u00fckr\u0151l a kezel\u0151 int\u00e9zm\u00e9ny f\u00e9l \u00f3r\u00e1n bel\u00fcl g\u00e9pj\u00e1rm\u0171vel megk\u00f6zel\u00edthet\u0151. T\u00f6megk\u00f6zleked\u00e9si eszk\u00f6zzel altatott gyermeket nem lehet hazavinni. Amennyiben valamilyen kezel\u00e9s (pl. polipelt\u00e1vol\u00edt\u00e1s, m\u00e1jbiopszia) t\u00f6rt\u00e9nik, rendszerint egy \u00e9jszak\u00e1t k\u00f3rh\u00e1zban kell t\u00f6lteni. Vide\u00f3 az endoszk\u00f3pos vizsg\u00e1latokr\u00f3l gyermekeknek: <a href=\"http:\/\/www.gyermekgasztro.hu\/info.aspx?sp=40\">http:\/\/www.gyermekgasztro.hu\/info.aspx?sp=40<\/a><\/p>\n<p><em>24\u00f3r\u00e1s pH m\u00e9r\u00e9s \u2013 impedancia m\u00e9r\u00e9s<\/em><\/p>\n<p>Az elm\u00falt \u00e9vtizedekben a gastroesophagealis reflux betegs\u00e9g (GERB) diagnosztik\u00e1j\u00e1ban a gold standard a 24 \u00f3r\u00e1s pH m\u00e9r\u00e9s volt. A vizsg\u00e1lat sor\u00e1n egy kat\u00e9ter seg\u00edts\u00e9g\u00e9vel 24 \u00f3r\u00e1n \u00e1t m\u00e9rj\u00fck a nyel\u0151cs\u0151 pH \u00e9s elektromos ellen\u00e1ll\u00e1s v\u00e1ltoz\u00e1sait. Ez a vizsg\u00e1lat k\u00fcl\u00f6n\u00f6sen hasznos, ha a gyomort\u00fckr\u00f6z\u00e9s nem igazol gyomorfek\u00e9lyt, reflux betegs\u00e9get, seg\u00edts\u00e9g\u00e9vel mutathat\u00f3 ki az \u00fan. nem-eroz\u00edv refluxbetegs\u00e9g (NERD).\u00a0 A vizsg\u00e1lat sor\u00e1n az orrny\u00edl\u00e1son kereszt\u00fcl egy v\u00e9kony kat\u00e9tert helyez\u00fcnk a nyel\u0151cs\u0151be. A 24 \u00f3r\u00e1s pH m\u00e9r\u00e9snek szerepe van a t\u00fcnetek \u00e9s a refluxbetegs\u00e9g kapcsolat\u00e1nak igazol\u00e1s\u00e1ban, a refluxbetegs\u00e9g s\u00falyoss\u00e1g\u00e1nak, ter\u00e1pi\u00e1s v\u00e1lasz\u00e1nak meghat\u00e1roz\u00e1s\u00e1ban.<\/p>\n<p><em>Kapszula endoszk\u00f3pia (v\u00e9konyb\u00e9l kapszul\u00e1s vizsg\u00e1lat)<\/em><\/p>\n<p>Ennek sor\u00e1n el\u0151sz\u00f6r egy leboml\u00f3 tesztkapszula, majd egy kamer\u00e1val rendelkez\u0151, v\u00e9konyb\u00e9l kapszula ker\u00fcl lenyel\u00e9sre, vagy kisebb gyermek eset\u00e9n lehelyez\u00e9sre. A vizsg\u00e1lat sor\u00e1n egy k\u00fcls\u0151 adatr\u00f6gz\u00edt\u0151 folyamatosan menti a kapszula \u00e1ltal k\u00fcld\u00f6tt k\u00e9peket, \u00e9s ezek ker\u00fclnek azt\u00e1n ki\u00e9rt\u00e9kel\u00e9sre k\u00e9t f\u00fcggetlen gasztroenterol\u00f3gus szakorvos \u00e1ltal. A vizsg\u00e1lat c\u00e9lja az endoszk\u00f3pia vagy egy\u00e9b k\u00e9palkot\u00f3 vizsg\u00e1latokkal nem igazolhat\u00f3 v\u00e9rz\u00e9sforr\u00e1sok felder\u00edt\u00e9sre, valamint az esetleges v\u00e9konyb\u00e9l gyullad\u00e1ssal j\u00e1r\u00f3 Crohn betegs\u00e9g vizsg\u00e1lata.<\/p>\n<p><em>M\u00e1jbiopszia<\/em><\/p>\n<p>M\u00e1jbetegs\u00e9gek kivizsg\u00e1l\u00e1sa sor\u00e1n sz\u00fcks\u00e9g lehet arra, hogy mint\u00e1t vegy\u00fcnk a m\u00e1jb\u00f3l \u00e9s ezt k\u00fcl\u00f6nb\u00f6z\u0151 elj\u00e1r\u00e1sokkal tov\u00e1bbelemezz\u00fck mikroszk\u00f3ppal (sz\u00f6vettani vizsg\u00e1lat, immunhisztok\u00e9mia, elektronmikroszk\u00f3pos elemz\u00e9s stb). A beavatkoz\u00e1st m\u0171t\u00e9ti k\u00f6r\u00fclm\u00e9nyek k\u00f6z\u00f6tt, \u00e1ltal\u00e1nos aneszt\u00e9zi\u00e1ban v\u00e9gezz\u00fck, ez\u00e9rt a beavatkoz\u00e1s napj\u00e1n \u00e9hgyomorra kell \u00e9rkezni, reggel m\u00e1r csak vizet (esetleg te\u00e1t, sz\u0171rt gy\u00fcm\u00f6lcslevet) fogyaszthat a beavatkoz\u00e1s el\u0151tti 1 \u00f3r\u00e1val bez\u00e1r\u00f3lag a gyermek. A beavatkoz\u00e1s sor\u00e1n ultrahang seg\u00edts\u00e9g\u00e9vel kijel\u00f6lt helyen a bord\u00e1k k\u00f6z\u00f6tt egy speci\u00e1lis t\u0171t a m\u00e1jba jutattunk, \u00e9s egy pici sz\u00f6vetmint\u00e1t vesz\u00fcnk. A beavatkoz\u00e1st k\u00f6vet\u0151en 24 \u00f3r\u00e1s megfigyel\u00e9s, k\u00f3rh\u00e1zi fel\u00fcgyelet sz\u00fcks\u00e9ges. A pontos el\u0151k\u00e9sz\u00fcletekr\u0151l a beteget r\u00e9szletesen t\u00e1j\u00e9koztatjuk.<\/p>\n","protected":false},"excerpt":{"rendered":"<p>Gyermekgy\u00f3gy\u00e1szati Klinika (B\u00f3kay utcai r\u00e9szleg) Gasztroenterol\u00f3giai \u00e9s Hepatol\u00f3giai Oszt\u00e1ly Oszt\u00e1lyvezet\u0151: Dr. Dezs\u0151fi-Gottl Antal Oszt\u00e1lyvezet\u0151 f\u0151n\u0151v\u00e9r: Zseb\u0151k Andrea Telefon: +36-1-3343-186\/ 52650 orvosi szoba\/ 52680 n\u0151v\u00e9rpult Betegjogi k\u00e9pvisel\u0151: Erhardtn\u00e9 Dr. Gach\u00e1lyi Anik\u00f3 <a href=\"https:\/\/semmelweis.hu\/bokayklinika\/betegellatas\/betegjogi-kepviselo\/\">el\u00e9rhet\u0151s\u00e9g \u00e9s fogad\u00f3 \u00f3ra<\/a> Oszt\u00e1lyunkon fekv\u0151beteg-ell\u00e1t\u00e1st v\u00e9gz\u00fcnk, amennyiben ambul\u00e1ns vizsg\u00e1latot szeretne gyermek\u00e9nek, akkor az 52703-as mell\u00e9ken keddt\u0151l-p\u00e9ntekig 13:00-15:00 \u00f3ra k\u00f6z\u00f6tt tud id\u0151pontot k\u00e9rni, vagy Klinik\u00e1nk honlapj\u00e1n ( <a href=\"https:\/\/elojegyzes.meditime.hu\/14\">https:\/\/elojegyzes.meditime.hu\/14<\/a> ), az &hellip;<\/p>\n","protected":false},"author":101739,"featured_media":0,"parent":95,"menu_order":0,"comment_status":"closed","ping_status":"closed","template":"","meta":{"_acf_changed":false,"footnotes":""},"categories":[],"tags":[],"class_list":["post-1090","page","type-page","status-publish","hentry"],"acf":[],"_links":{"self":[{"href":"https:\/\/semmelweis.hu\/bokayklinika\/wp-json\/wp\/v2\/pages\/1090","targetHints":{"allow":["GET"]}}],"collection":[{"href":"https:\/\/semmelweis.hu\/bokayklinika\/wp-json\/wp\/v2\/pages"}],"about":[{"href":"https:\/\/semmelweis.hu\/bokayklinika\/wp-json\/wp\/v2\/types\/page"}],"author":[{"embeddable":true,"href":"https:\/\/semmelweis.hu\/bokayklinika\/wp-json\/wp\/v2\/users\/101739"}],"replies":[{"embeddable":true,"href":"https:\/\/semmelweis.hu\/bokayklinika\/wp-json\/wp\/v2\/comments?post=1090"}],"version-history":[{"count":11,"href":"https:\/\/semmelweis.hu\/bokayklinika\/wp-json\/wp\/v2\/pages\/1090\/revisions"}],"predecessor-version":[{"id":7607,"href":"https:\/\/semmelweis.hu\/bokayklinika\/wp-json\/wp\/v2\/pages\/1090\/revisions\/7607"}],"up":[{"embeddable":true,"href":"https:\/\/semmelweis.hu\/bokayklinika\/wp-json\/wp\/v2\/pages\/95"}],"wp:attachment":[{"href":"https:\/\/semmelweis.hu\/bokayklinika\/wp-json\/wp\/v2\/media?parent=1090"}],"wp:term":[{"taxonomy":"category","embeddable":true,"href":"https:\/\/semmelweis.hu\/bokayklinika\/wp-json\/wp\/v2\/categories?post=1090"},{"taxonomy":"post_tag","embeddable":true,"href":"https:\/\/semmelweis.hu\/bokayklinika\/wp-json\/wp\/v2\/tags?post=1090"}],"curies":[{"name":"wp","href":"https:\/\/api.w.org\/{rel}","templated":true}]}}